{"id":832,"date":"2020-10-14T19:10:42","date_gmt":"2020-10-14T17:10:42","guid":{"rendered":"http:\/\/fs.kswe.ch\/wur\/?page_id=832"},"modified":"2020-10-15T09:00:26","modified_gmt":"2020-10-15T07:00:26","slug":"simone-michel","status":"publish","type":"page","link":"https:\/\/fs.kswe.ch\/wur\/simone-michel\/","title":{"rendered":"Reto Tschumper"},"content":{"rendered":"<h2><b><span data-contrast=\"auto\"><img fetchpriority=\"high\" decoding=\"async\" class=\"aligncenter wp-image-833 size-medium\" src=\"http:\/\/fs.kswe.ch\/wur\/wp-content\/uploads\/sites\/14\/2020\/10\/Foto_Mis-225x300.jpg\" alt=\"\" width=\"225\" height=\"300\" srcset=\"https:\/\/fs.kswe.ch\/wur\/wp-content\/uploads\/sites\/14\/2020\/10\/Foto_Mis-225x300.jpg 225w, https:\/\/fs.kswe.ch\/wur\/wp-content\/uploads\/sites\/14\/2020\/10\/Foto_Mis-768x1024.jpg 768w, https:\/\/fs.kswe.ch\/wur\/wp-content\/uploads\/sites\/14\/2020\/10\/Foto_Mis-700x934.jpg 700w, https:\/\/fs.kswe.ch\/wur\/wp-content\/uploads\/sites\/14\/2020\/10\/Foto_Mis-600x800.jpg 600w, https:\/\/fs.kswe.ch\/wur\/wp-content\/uploads\/sites\/14\/2020\/10\/Foto_Mis.jpg 905w\" sizes=\"(max-width: 225px) 100vw, 225px\" \/><\/span><\/b><\/h2>\n<h2><b><span data-contrast=\"auto\">Simone Michel<\/span><\/b><\/h2>\n<p>Bereits w\u00e4hrend meinen eigenen Ausbildungsjahren an der Alten Kantonsschule in Aarau habe ich eine Leidenschaft f\u00fcr das wirtschaftliche Denken entwickelt. Aus diesem Grund entschied ich mich f\u00fcr ein Studium an der Wirtschaftswissenschaftlichen Fakult\u00e4t der Universit\u00e4t Basel. Um mein Studium zu finanzieren unterrichtete ich in einem kleinen Teilzeitpensum das Fach Wirtschaft und Recht. Nach meinem Universit\u00e4tsabschluss war ich w\u00e4hrend mehreren Jahren bei zwei grossen Versicherungen als Projektleiterin t\u00e4tig. T\u00e4glich konnte ich mein erlerntes Wissen in der Praxis umsetzen. Die Freude an der Arbeit mit jungen Erwachsenen hat mich aber zur\u00fcck ins Schulhaus gezogen. Zus\u00e4tzlich absolvierte ich an der FHNW das Lehrdiplom f\u00fcr Maturit\u00e4tsschulen. Mit Begeisterung unterrichte ich nun seit der Geburt meines ersten Sohnes das Fach Wirtschaft und Recht. Ich engagiere mich seit mehreren Jahren f\u00fcr die Lernenden an der Kaufm\u00e4nnischen Berufsschule. Da ich die Zeit am Gymnasium selber in bester Erinnerung habe ist es mir eine besondere Freude nun auch an der Kantonsschule in Wettingen zu unterrichten. Besonders Spass macht es mir wenn ich den jungen Erwachsenen w\u00e4hrend dem Fach Wirtschaft und Recht Alltagswissen mitgeben kann.<\/p>\n<p>Meine Freizeit verbringe ich gr\u00f6sstenteils mit meinen zwei kleinen Kindern. Neben meiner Begeisterung f\u00fcr wirtschaftliche und rechtliche Themen geh\u00f6rt zu meiner grossen Leidenschaft auch das Reisen. Im Winter fahren ich und meine Familie Ski und Snowboard und im Sommer verbringe ich die Freizeit gerne beim Kitesurfen.<\/p>\n<p>&nbsp;<\/p>\n","protected":false},"excerpt":{"rendered":"<p>Simone Michel Bereits w\u00e4hrend meinen eigenen Ausbildungsjahren an der Alten Kantonsschule in Aarau habe ich eine Leidenschaft f\u00fcr das wirtschaftliche Denken entwickelt. Aus diesem Grund entschied ich mich f\u00fcr ein Studium an der Wirtschaftswissenschaftlichen Fakult\u00e4t der Universit\u00e4t Basel. Um mein Studium zu finanzieren unterrichtete ich&#8230;<\/p>\n","protected":false},"author":20,"featured_media":0,"parent":0,"menu_order":0,"comment_status":"closed","ping_status":"closed","template":"","meta":{"footnotes":""},"class_list":["post-832","page","type-page","status-publish","hentry"],"_links":{"self":[{"href":"https:\/\/fs.kswe.ch\/wur\/wp-json\/wp\/v2\/pages\/832","targetHints":{"allow":["GET"]}}],"collection":[{"href":"https:\/\/fs.kswe.ch\/wur\/wp-json\/wp\/v2\/pages"}],"about":[{"href":"https:\/\/fs.kswe.ch\/wur\/wp-json\/wp\/v2\/types\/page"}],"author":[{"embeddable":true,"href":"https:\/\/fs.kswe.ch\/wur\/wp-json\/wp\/v2\/users\/20"}],"replies":[{"embeddable":true,"href":"https:\/\/fs.kswe.ch\/wur\/wp-json\/wp\/v2\/comments?post=832"}],"version-history":[{"count":2,"href":"https:\/\/fs.kswe.ch\/wur\/wp-json\/wp\/v2\/pages\/832\/revisions"}],"predecessor-version":[{"id":839,"href":"https:\/\/fs.kswe.ch\/wur\/wp-json\/wp\/v2\/pages\/832\/revisions\/839"}],"wp:attachment":[{"href":"https:\/\/fs.kswe.ch\/wur\/wp-json\/wp\/v2\/media?parent=832"}],"curies":[{"name":"wp","href":"https:\/\/api.w.org\/{rel}","templated":true}]}}