{"id":540,"date":"2019-09-26T14:15:17","date_gmt":"2019-09-26T12:15:17","guid":{"rendered":"http:\/\/fs.kswe.ch\/wur\/?p=540"},"modified":"2020-10-15T09:02:26","modified_gmt":"2020-10-15T07:02:26","slug":"reto-robertson","status":"publish","type":"page","link":"https:\/\/fs.kswe.ch\/wur\/lehrpersonen\/reto-robertson\/","title":{"rendered":"Reto Robertson"},"content":{"rendered":"<h2><b><span data-contrast=\"auto\"><img fetchpriority=\"high\" decoding=\"async\" class=\"aligncenter wp-image-557 size-medium\" src=\"http:\/\/fs.kswe.ch\/wur\/wp-content\/uploads\/sites\/14\/2019\/09\/Foto-Herr-Robertson1-260x300.jpg\" alt=\"\" width=\"260\" height=\"300\" srcset=\"https:\/\/fs.kswe.ch\/wur\/wp-content\/uploads\/sites\/14\/2019\/09\/Foto-Herr-Robertson1-260x300.jpg 260w, https:\/\/fs.kswe.ch\/wur\/wp-content\/uploads\/sites\/14\/2019\/09\/Foto-Herr-Robertson1-768x886.jpg 768w, https:\/\/fs.kswe.ch\/wur\/wp-content\/uploads\/sites\/14\/2019\/09\/Foto-Herr-Robertson1-700x808.jpg 700w, https:\/\/fs.kswe.ch\/wur\/wp-content\/uploads\/sites\/14\/2019\/09\/Foto-Herr-Robertson1-1800x2077.jpg 1800w, https:\/\/fs.kswe.ch\/wur\/wp-content\/uploads\/sites\/14\/2019\/09\/Foto-Herr-Robertson1-1100x1269.jpg 1100w\" sizes=\"(max-width: 260px) 100vw, 260px\" \/><\/span><\/b><\/h2>\n<h2><b><span data-contrast=\"auto\">Reto Robertson<\/span><\/b><\/h2>\n<p><span data-contrast=\"auto\">Nachdem ich eine kaufm\u00e4nnische Banklehre absolvierte, folgte ein 2-j\u00e4hriger Aufenthalt in Spanien. Zur\u00fcck in der <\/span><span data-contrast=\"auto\">Sc<\/span><span data-contrast=\"auto\">h<\/span><span data-contrast=\"auto\">weiz<\/span><span data-contrast=\"auto\"> arbeitete ich in einem Handels- und sp\u00e4ter in einem Industriebetrieb.\u00a0<\/span><span data-ccp-props=\"{&quot;201341983&quot;:0,&quot;335559739&quot;:160,&quot;335559740&quot;:259}\">\u00a0<\/span><\/p>\n<p><span data-contrast=\"auto\">Die Begeisterung f\u00fcr wirtschaftliche und rechtliche Themen und der Umgang mit Jugendlichen f\u00fchrten dazu, dass ich die Matura nachholte und anschliessend an der Universit\u00e4t St. Gallen Wirtschaftsp\u00e4dagogik studierte.<\/span><span data-ccp-props=\"{&quot;201341983&quot;:0,&quot;335559739&quot;:160,&quot;335559740&quot;:259}\">\u00a0<\/span><\/p>\n<p><span data-contrast=\"auto\">Wieso unterrichte ich Wirtschaft und Recht?<\/span><span data-ccp-props=\"{&quot;201341983&quot;:0,&quot;335559739&quot;:160,&quot;335559740&quot;:259}\">\u00a0<\/span><\/p>\n<p><span data-contrast=\"auto\">Die \u00d6konomie unterscheidet sich von anderen Wissenschaften nicht durch den Gegenstand der Betrachtung, sondern die Betrachtungsweise des Gegenstandes. Durch die \u00f6konomische Brille l\u00e4sst sich <\/span><span data-contrast=\"auto\">fast das <\/span><span data-contrast=\"auto\">ganze Leben betrachten, auch wenn dies nicht immer sinnvoll ist.<\/span><span data-ccp-props=\"{&quot;201341983&quot;:0,&quot;335559739&quot;:160,&quot;335559740&quot;:259}\">\u00a0<\/span><\/p>\n<p><span data-contrast=\"auto\">Die Rechtswissenschaft besch\u00e4ftigt sich mit einer F\u00fclle von Gegenst\u00e4nden und durchdringt unser ganzes Leben. Es gibt praktisch keinen Tag, an dem <\/span><span data-contrast=\"auto\">wir nicht mit dem Recht in Ber\u00fchrung kommen<\/span><span data-contrast=\"auto\">. Interessant!<\/span><span data-ccp-props=\"{&quot;201341983&quot;:0,&quot;335559739&quot;:160,&quot;335559740&quot;:259}\">\u00a0<\/span><\/p>\n<p><span data-contrast=\"auto\">Meine Interessen sind vielf\u00e4ltig<\/span><span data-contrast=\"auto\">, insbesondere <\/span><span data-contrast=\"auto\">auch<\/span><span data-contrast=\"auto\"> f\u00fcr<\/span><span data-contrast=\"auto\"> Geschichte und Politik.\u00a0<\/span><span data-ccp-props=\"{&quot;201341983&quot;:0,&quot;335559739&quot;:160,&quot;335559740&quot;:259}\">\u00a0<\/span><\/p>\n<p><span data-contrast=\"auto\">Klingt langweilig, ist aber spannend!<\/span><\/p>\n","protected":false},"excerpt":{"rendered":"<p>Reto Robertson Nachdem ich eine kaufm\u00e4nnische Banklehre absolvierte, folgte ein 2-j\u00e4hriger Aufenthalt in Spanien. Zur\u00fcck in der Schweiz arbeitete ich in einem Handels- und sp\u00e4ter in einem Industriebetrieb.\u00a0\u00a0 Die Begeisterung f\u00fcr wirtschaftliche und rechtliche Themen und der Umgang mit Jugendlichen f\u00fchrten dazu, dass ich die&#8230;<\/p>\n","protected":false},"author":22,"featured_media":0,"parent":270,"menu_order":0,"comment_status":"closed","ping_status":"closed","template":"","meta":{"footnotes":""},"class_list":["post-540","page","type-page","status-publish","hentry"],"_links":{"self":[{"href":"https:\/\/fs.kswe.ch\/wur\/wp-json\/wp\/v2\/pages\/540","targetHints":{"allow":["GET"]}}],"collection":[{"href":"https:\/\/fs.kswe.ch\/wur\/wp-json\/wp\/v2\/pages"}],"about":[{"href":"https:\/\/fs.kswe.ch\/wur\/wp-json\/wp\/v2\/types\/page"}],"author":[{"embeddable":true,"href":"https:\/\/fs.kswe.ch\/wur\/wp-json\/wp\/v2\/users\/22"}],"replies":[{"embeddable":true,"href":"https:\/\/fs.kswe.ch\/wur\/wp-json\/wp\/v2\/comments?post=540"}],"version-history":[{"count":12,"href":"https:\/\/fs.kswe.ch\/wur\/wp-json\/wp\/v2\/pages\/540\/revisions"}],"predecessor-version":[{"id":842,"href":"https:\/\/fs.kswe.ch\/wur\/wp-json\/wp\/v2\/pages\/540\/revisions\/842"}],"up":[{"embeddable":true,"href":"https:\/\/fs.kswe.ch\/wur\/wp-json\/wp\/v2\/pages\/270"}],"wp:attachment":[{"href":"https:\/\/fs.kswe.ch\/wur\/wp-json\/wp\/v2\/media?parent=540"}],"curies":[{"name":"wp","href":"https:\/\/api.w.org\/{rel}","templated":true}]}}