{"id":286,"date":"2018-11-29T10:25:12","date_gmt":"2018-11-29T09:25:12","guid":{"rendered":"http:\/\/wur.fs.kswe.ch\/?page_id=286"},"modified":"2020-08-21T11:59:17","modified_gmt":"2020-08-21T09:59:17","slug":"maturaarbeiten","status":"publish","type":"page","link":"https:\/\/fs.kswe.ch\/wur\/maturaarbeiten\/","title":{"rendered":"Maturaarbeiten"},"content":{"rendered":"<h1>Maturaarbeiten<\/h1>\n<p><span data-contrast=\"auto\">Die m\u00f6glichen Maturaarbeits-Themen im Bereich Wirtschaft und Recht sind enorm vielseitig.<\/span>\u00a0<span data-contrast=\"auto\">Unten finden Sie eine Auswahl der gew\u00e4hlten Themen der letzten Jahre<\/span><span data-contrast=\"auto\">. Gerne sprechen wir mit Ihnen \u00fcber m\u00f6gliche Fragestellungen in Ihrer MA.<\/span><\/p>\n<ul>\n<li><span data-contrast=\"auto\">Welchen Einfluss k\u00f6nnte eine Kryptow\u00e4hrung (Beispiel\u00a0<\/span><span data-contrast=\"auto\">Libra<\/span><span data-contrast=\"auto\">) auf die Geldpolitik der SNB haben?<\/span><span data-ccp-props=\"{&quot;201341983&quot;:0,&quot;335559739&quot;:160,&quot;335559740&quot;:259}\">\u00a0<\/span><\/li>\n<li><span data-contrast=\"auto\">F\u00fcr den F<\/span><span data-contrast=\"auto\">a<\/span><span data-contrast=\"auto\">ll der F\u00e4lle &#8211; Lehrmittel \u201cHaftpflichtrecht f\u00fcr Kantonsch\u00fcler\u201d<\/span><span data-ccp-props=\"{&quot;201341983&quot;:0,&quot;335559739&quot;:160,&quot;335559740&quot;:259}\">\u00a0<\/span><\/li>\n<li><span data-contrast=\"auto\">Social<\/span><span data-contrast=\"auto\">\u00a0Media Marketing am Beispiel eines Designer-Juwelier-Gesch\u00e4ftes in China<\/span><span data-ccp-props=\"{&quot;201341983&quot;:0,&quot;335559739&quot;:160,&quot;335559740&quot;:259}\">\u00a0<\/span><\/li>\n<li><span data-contrast=\"auto\">Ja zur Selbstbestimmungsinitiative. Nein zur Verfassungsgerichtsbarkeit?<\/span><span data-ccp-props=\"{&quot;201341983&quot;:0,&quot;335559739&quot;:160,&quot;335559740&quot;:259}\">\u00a0<\/span><\/li>\n<li><span data-contrast=\"auto\">File with Style \u2013\u00a0<\/span><span data-contrast=\"auto\">Mini<\/span><span data-contrast=\"auto\">unternehmen<\/span><span data-contrast=\"auto\">\u00a0FYLO<\/span><\/li>\n<li>The Economic Impact of Robots on the Manufacturing Sector in High- Wage Countries<\/li>\n<li>Airbnb \u2013 Ein disruptiver Angriff auf die Reiseindustrie?<\/li>\n<\/ul>\n<p>&nbsp;<\/p>\n<p>&nbsp;<\/p>\n","protected":false},"excerpt":{"rendered":"<p>Maturaarbeiten Die m\u00f6glichen Maturaarbeits-Themen im Bereich Wirtschaft und Recht sind enorm vielseitig.\u00a0Unten finden Sie eine Auswahl der gew\u00e4hlten Themen der letzten Jahre. Gerne sprechen wir mit Ihnen \u00fcber m\u00f6gliche Fragestellungen in Ihrer MA. Welchen Einfluss k\u00f6nnte eine Kryptow\u00e4hrung (Beispiel\u00a0Libra) auf die Geldpolitik der SNB haben?\u00a0&#8230;<\/p>\n","protected":false},"author":2,"featured_media":0,"parent":0,"menu_order":0,"comment_status":"closed","ping_status":"closed","template":"","meta":{"footnotes":""},"class_list":["post-286","page","type-page","status-publish","hentry"],"_links":{"self":[{"href":"https:\/\/fs.kswe.ch\/wur\/wp-json\/wp\/v2\/pages\/286","targetHints":{"allow":["GET"]}}],"collection":[{"href":"https:\/\/fs.kswe.ch\/wur\/wp-json\/wp\/v2\/pages"}],"about":[{"href":"https:\/\/fs.kswe.ch\/wur\/wp-json\/wp\/v2\/types\/page"}],"author":[{"embeddable":true,"href":"https:\/\/fs.kswe.ch\/wur\/wp-json\/wp\/v2\/users\/2"}],"replies":[{"embeddable":true,"href":"https:\/\/fs.kswe.ch\/wur\/wp-json\/wp\/v2\/comments?post=286"}],"version-history":[{"count":17,"href":"https:\/\/fs.kswe.ch\/wur\/wp-json\/wp\/v2\/pages\/286\/revisions"}],"predecessor-version":[{"id":797,"href":"https:\/\/fs.kswe.ch\/wur\/wp-json\/wp\/v2\/pages\/286\/revisions\/797"}],"wp:attachment":[{"href":"https:\/\/fs.kswe.ch\/wur\/wp-json\/wp\/v2\/media?parent=286"}],"curies":[{"name":"wp","href":"https:\/\/api.w.org\/{rel}","templated":true}]}}