{"id":9878,"date":"2019-09-10T13:56:58","date_gmt":"2019-09-10T11:56:58","guid":{"rendered":"https:\/\/fs.kswe.ch\/spo\/?page_id=9878"},"modified":"2019-09-10T22:32:45","modified_gmt":"2019-09-10T20:32:45","slug":"msmbeach19","status":"publish","type":"page","link":"https:\/\/fs.kswe.ch\/spo\/msmbeach19\/","title":{"rendered":"MSMBeach19"},"content":{"rendered":"<div class=\"wpb-content-wrapper\"><p>[vc_row row_type=&#8220;row&#8220; use_row_as_full_screen_section=&#8220;no&#8220; type=&#8220;full_width&#8220; text_align=&#8220;left&#8220; background_animation=&#8220;none&#8220; css_animation=&#8220;&#8220;][vc_column width=&#8220;2\/3&#8243;][vc_empty_space height=&#8220;24px&#8220;][\/vc_column][vc_column width=&#8220;1\/3&#8243;][\/vc_column][\/vc_row][vc_row row_type=&#8220;row&#8220; use_row_as_full_screen_section=&#8220;no&#8220; type=&#8220;full_width&#8220; text_align=&#8220;left&#8220; background_animation=&#8220;none&#8220; css_animation=&#8220;&#8220;][vc_column][vc_column_text]<\/p>\n<div class=\"articletext\"><\/div>\n<div class=\"articleinfos\">\n<p class=\"article-title ng-binding\"><strong>Gold, Silber und Bronze f\u00fcr Wettinger Beachvolleyballteams<\/strong><\/p>\n<p>&nbsp;<\/p>\n<\/div>\n<p><strong>Fiona M\u00f6sching (G3B) und Lea H\u00fcbel (G4E) gewinnen das Aargauer Mittelschulturnier im Beachvolleyball!<\/strong><\/p>\n<p>&nbsp;<\/p>\n<div class=\"articleinfos\">\n<p>Am 6. September 2019 fand an der KS Wettingen das Frauen-Turnier im Beachvolleyball statt. Das Team von Fiona M\u00f6sching und Lea H\u00fcbel gewann alle f\u00fcnf Partien souver\u00e4n und stand am Ende zuoberst auf dem Podest. Das zweitplatzierte Team der KS Wohlen von Gina Koller und Laura Rudin hatte ihnen nichts entgegen zu setzen. Das zweite Wettinger Team von Milena Hitz (G3B) und Aileen Eugster (G3D) erreichte ebenfalls den Halbfinal. Nach zwei guten Spielen mussten sie sich mit dem 4. Rang begn\u00fcgen. Dritte wurde das Badener Team von Rahel Koller und Alma Zimmermann.<\/p>\n<p>&nbsp;<\/p>\n<p>Bereits am 3. September 2019 fand bei herrlichem Sp\u00e4tsommerwetter das M\u00e4nner-Turnier statt. Auch an diesem Turnier erk\u00e4mpften sich beide Wettinger Teams mit beherzten Spielen einen Platz in den Halbfinals. Jonas Opderbecke (G4E) und Johannes Lakner (G4B) setzten sich im Halbfinal gegen die Vertreter der KS Baden Manuel Meier und Nicola Keller klar mit 2:0 durch. Das zweite Wettinger Team von Felix Meierhofer (G4C) und Erik Arteaga (G3A) musste sich im Halbfinalspiel den sp\u00e4teren Turniersiegern der Alten Kantonsschule Aarau knapp geschlagen geben. Im kleinen Finale um den dritten Platz besiegten Meierhofer und Arteaga die Badener Vertreter knapp mit 21:19 und 21:19. Das Finalspiel, in welchem sich Opderbecke und Lakner mit hervorragender Verteidigungsleistung und einem sensationellen 2. Satz in die Verl\u00e4ngerung retteten, ging am Ende doch zu klar (21:14, 17:21, 15:11) an die Aarauer Alessandro Caputo und Luc Charpilloz.<\/p>\n<p>&nbsp;<\/p>\n<p>Wir gratulieren den Siegern und bedanken uns bei allen Teams und den Betreuern f\u00fcr das tolle Turnier!<\/p>\n<p>&nbsp;<\/p>\n<p>Text und Fotos: Adi Probst<\/p>\n<\/div>\n<div class=\"articleend\"><\/div>\n<p>[\/vc_column_text][\/vc_column][\/vc_row][vc_row row_type=&#8220;row&#8220; use_row_as_full_screen_section=&#8220;no&#8220; type=&#8220;full_width&#8220; text_align=&#8220;left&#8220; background_animation=&#8220;none&#8220; css_animation=&#8220;&#8220;][vc_column][vc_empty_space][\/vc_column][\/vc_row][vc_row row_type=&#8220;row&#8220; use_row_as_full_screen_section=&#8220;no&#8220; type=&#8220;full_width&#8220; text_align=&#8220;left&#8220; background_animation=&#8220;none&#8220; css_animation=&#8220;&#8220;][vc_column][vc_separator type=&#8220;normal&#8220; border_style=&#8220;&#8220;][\/vc_column][\/vc_row][vc_row row_type=&#8220;row&#8220; use_row_as_full_screen_section=&#8220;no&#8220; type=&#8220;full_width&#8220; text_align=&#8220;left&#8220; background_animation=&#8220;none&#8220; css_animation=&#8220;&#8220;][vc_column][vc_column_text]<\/p>\n<ul>\n<li style=\"text-align: left\"><a href=\"https:\/\/fs.kswe.ch\/spo\/mittelschulmeisterschaften\/\"><span style=\"color: #800000\">zur\u00fcck<\/span><\/a><\/li>\n<\/ul>\n<p>[\/vc_column_text][\/vc_column][\/vc_row][vc_row row_type=&#8220;row&#8220; use_row_as_full_screen_section=&#8220;no&#8220; type=&#8220;full_width&#8220; text_align=&#8220;left&#8220; background_animation=&#8220;none&#8220; css_animation=&#8220;&#8220;][vc_column][vc_empty_space height=&#8220;12px&#8220;][vc_separator type=&#8220;normal&#8220; border_style=&#8220;&#8220;][vc_empty_space height=&#8220;24px&#8220;][\/vc_column][\/vc_row][vc_row row_type=&#8220;row&#8220; use_row_as_full_screen_section=&#8220;no&#8220; type=&#8220;full_width&#8220; text_align=&#8220;left&#8220; background_animation=&#8220;none&#8220; css_animation=&#8220;&#8220;][vc_column][vc_empty_space height=&#8220;12px&#8220;][\/vc_column][\/vc_row][vc_row row_type=&#8220;row&#8220; use_row_as_full_screen_section=&#8220;no&#8220; type=&#8220;full_width&#8220; text_align=&#8220;left&#8220; background_animation=&#8220;none&#8220; css_animation=&#8220;&#8220;][vc_column][vc_gallery type=&#8220;image_grid&#8220; images=&#8220;9885,9894,9892,9895&#8243; img_size=&#8220;full&#8220; onclick=&#8220;&#8220; column_number=&#8220;0&#8243; grayscale=&#8220;no&#8220; space_between_images=&#8220;no&#8220;][\/vc_column][\/vc_row][vc_row row_type=&#8220;row&#8220; use_row_as_full_screen_section=&#8220;no&#8220; type=&#8220;full_width&#8220; text_align=&#8220;left&#8220; background_animation=&#8220;none&#8220; css_animation=&#8220;&#8220;][vc_column][vc_empty_space height=&#8220;60px&#8220;][\/vc_column][\/vc_row]<\/p>\n<\/div>","protected":false},"excerpt":{"rendered":"<p>[vc_row row_type=&#8220;row&#8220; use_row_as_full_screen_section=&#8220;no&#8220; type=&#8220;full_width&#8220; text_align=&#8220;left&#8220; background_animation=&#8220;none&#8220; css_animation=&#8220;&#8220;][vc_column width=&#8220;2\/3&#8243;][vc_empty_space height=&#8220;24px&#8220;][\/vc_column][vc_column width=&#8220;1\/3&#8243;][\/vc_column][\/vc_row][vc_row row_type=&#8220;row&#8220; use_row_as_full_screen_section=&#8220;no&#8220; type=&#8220;full_width&#8220; text_align=&#8220;left&#8220; background_animation=&#8220;none&#8220; css_animation=&#8220;&#8220;][vc_column][vc_column_text] Gold, Silber und Bronze f\u00fcr Wettinger Beachvolleyballteams &nbsp; Fiona M\u00f6sching (G3B) und Lea H\u00fcbel (G4E) gewinnen das Aargauer Mittelschulturnier im Beachvolleyball! &nbsp; Am 6. September 2019 fand an der&#8230;<\/p>\n","protected":false},"author":10,"featured_media":0,"parent":0,"menu_order":0,"comment_status":"closed","ping_status":"closed","template":"","meta":{"footnotes":""},"class_list":["post-9878","page","type-page","status-publish","hentry"],"_links":{"self":[{"href":"https:\/\/fs.kswe.ch\/spo\/wp-json\/wp\/v2\/pages\/9878","targetHints":{"allow":["GET"]}}],"collection":[{"href":"https:\/\/fs.kswe.ch\/spo\/wp-json\/wp\/v2\/pages"}],"about":[{"href":"https:\/\/fs.kswe.ch\/spo\/wp-json\/wp\/v2\/types\/page"}],"author":[{"embeddable":true,"href":"https:\/\/fs.kswe.ch\/spo\/wp-json\/wp\/v2\/users\/10"}],"replies":[{"embeddable":true,"href":"https:\/\/fs.kswe.ch\/spo\/wp-json\/wp\/v2\/comments?post=9878"}],"version-history":[{"count":7,"href":"https:\/\/fs.kswe.ch\/spo\/wp-json\/wp\/v2\/pages\/9878\/revisions"}],"predecessor-version":[{"id":9896,"href":"https:\/\/fs.kswe.ch\/spo\/wp-json\/wp\/v2\/pages\/9878\/revisions\/9896"}],"wp:attachment":[{"href":"https:\/\/fs.kswe.ch\/spo\/wp-json\/wp\/v2\/media?parent=9878"}],"curies":[{"name":"wp","href":"https:\/\/api.w.org\/{rel}","templated":true}]}}