{"id":9648,"date":"2019-07-06T01:09:32","date_gmt":"2019-07-05T23:09:32","guid":{"rendered":"https:\/\/fs.kswe.ch\/spo\/?page_id=9648"},"modified":"2020-01-03T00:10:33","modified_gmt":"2020-01-02T23:10:33","slug":"ergaenzungsfach","status":"publish","type":"page","link":"https:\/\/fs.kswe.ch\/spo\/ergaenzungsfach\/","title":{"rendered":"Erg\u00e4nzungsfach"},"content":{"rendered":"<div class=\"wpb-content-wrapper\"><p>[vc_row row_type=&#8220;row&#8220; use_row_as_full_screen_section=&#8220;no&#8220; type=&#8220;full_width&#8220; text_align=&#8220;left&#8220; background_animation=&#8220;none&#8220; css_animation=&#8220;&#8220;][vc_column][vc_empty_space height=&#8220;24px&#8220;][\/vc_column][\/vc_row][vc_row row_type=&#8220;row&#8220; use_row_as_full_screen_section=&#8220;no&#8220; type=&#8220;full_width&#8220; text_align=&#8220;left&#8220; background_animation=&#8220;none&#8220; css_animation=&#8220;&#8220;][vc_column][vc_column_text]<em><strong>Erg\u00e4nzungsfach Sport<br \/>\n<\/strong><\/em>[\/vc_column_text][\/vc_column][\/vc_row][vc_row row_type=&#8220;row&#8220; use_row_as_full_screen_section=&#8220;no&#8220; type=&#8220;full_width&#8220; text_align=&#8220;left&#8220; background_animation=&#8220;none&#8220; css_animation=&#8220;&#8220;][vc_column][vc_empty_space height=&#8220;24px&#8220;][vc_column_text]<\/p>\n<ul>\n<li style=\"text-align: left\"><a href=\"https:\/\/fs.kswe.ch\/spo\/sportunterricht\/\"><span style=\"color: #800000\">zur\u00fcck<\/span><\/a><\/li>\n<\/ul>\n<p>[\/vc_column_text][\/vc_column][\/vc_row][vc_row row_type=&#8220;row&#8220; use_row_as_full_screen_section=&#8220;no&#8220; type=&#8220;full_width&#8220; text_align=&#8220;left&#8220; background_animation=&#8220;none&#8220; css_animation=&#8220;&#8220;][vc_column][vc_empty_space height=&#8220;24px&#8220;][vc_separator type=&#8220;normal&#8220; border_style=&#8220;&#8220;][\/vc_column][\/vc_row][vc_row row_type=&#8220;row&#8220; use_row_as_full_screen_section=&#8220;no&#8220; type=&#8220;full_width&#8220; text_align=&#8220;left&#8220; background_animation=&#8220;none&#8220; css_animation=&#8220;&#8220;][vc_column][vc_empty_space height=&#8220;24px&#8220;][\/vc_column][\/vc_row][vc_row row_type=&#8220;row&#8220; use_row_as_full_screen_section=&#8220;no&#8220; type=&#8220;full_width&#8220; text_align=&#8220;left&#8220; background_animation=&#8220;none&#8220; css_animation=&#8220;&#8220;][vc_column][vc_column_text]Im 4. Jahr Gymnasium kann Sport als Erg\u00e4nzungsfach (4 Wochenlektionen) gew\u00e4hlt werden. Es wird mit einer m\u00fcndlichen Maturpr\u00fcfung abgeschlossen und ist somit f\u00fcr das Maturzeugnis z\u00e4hlend.<\/p>\n<p>&nbsp;<\/p>\n<ul>\n<li><a href=\"https:\/\/fs.kswe.ch\/spo\/wp-content\/uploads\/sites\/9\/2019\/07\/GYM_LehrplanSportEF.pdf\" target=\"_blank\" rel=\"noopener noreferrer\"><span style=\"color: #800000\">Lehrplan EF<\/span><\/a><\/li>\n<\/ul>\n<p>[\/vc_column_text][vc_empty_space height=&#8220;24px&#8220;][vc_column_text]Das Erg\u00e4nzungsfach Sport vermittelt einen vertieften Einblick in die komplexen Zusammenh\u00e4nge der sportlichen Bewegung. Anhand von praktischen Beispielen werden verschiedene Aspekte der Sporttheorie kennen gelernt und am eigenen K\u00f6rper erlebt. Ein erweitertes Bewusstsein vom K\u00f6rper und dessen Interaktionen mit der Umwelt wird angestrebt.<\/p>\n<p>&nbsp;<\/p>\n<ul>\n<li>Wie viel Bewegung braucht der Mensch?<\/li>\n<li>Was motiviert Menschen dazu, Sport zu treiben? Wie wird Bewegung gelernt und gesteuert?<\/li>\n<li>Welcher Zusammenhang besteht zwischen K\u00f6rper und Psyche?<\/li>\n<li>Wie muss ich trainieren, um meine Leistung zu optimieren?<\/li>\n<li>Was verhilft einem Team zum Sieg?<\/li>\n<\/ul>\n<p>&nbsp;<\/p>\n<h3>Inhalt<\/h3>\n<ul>\n<li>Konditionsfaktoren: Energiebereitstellung bei Ausdauerleistungen; neuromuskul\u00e4res Funktionssystem; Kraft; Beweglichkeit<\/li>\n<li>Trainingslehre: sportliches Training planen, durchf\u00fchren und auswerten<\/li>\n<li>Leistungsdiagnostik<\/li>\n<li>Kognitive F\u00e4higkeiten: Mentale Trainingsformen<\/li>\n<li>Bewegungslernen: Bewegungsanalyse und Bewegungsgestaltung.<\/li>\n<li>Erarbeiten einer Choreographie<\/li>\n<li>Sportspiele: Taktik und Spielanalyse<\/li>\n<li>Sport, Gesundheit und Gesellschaft: Ern\u00e4hrung im Sport; soziologische Aspekte des Sports<\/li>\n<li>Der Unterrichtsstoff wird in praxisorientierter Theorie und in theorie- begleiteter Praxis vermittelt.<\/li>\n<\/ul>\n<p>&nbsp;<\/p>\n<p>Der Unterrichtsstoff wird in praxisorientierter Theorie und in theoriebegleiteter Praxis vermittelt.<\/p>\n<p>&nbsp;<\/p>\n<h3>Voraussetzungen<\/h3>\n<ul>\n<li>Interesse an der Auseinandersetzung mit den Grundlagen der menschlichen Bewegung<\/li>\n<li>Freude an sportlicher Bet\u00e4tigung<\/li>\n<li>Bereitschaft, den eigenen K\u00f6rper zu fordern und Grenzerfahrungen zu\u00a0machen<\/li>\n<li>F\u00e4higkeit zur selbst\u00e4ndigen und kritischen Auseinandersetzung mit sportspezifischen Themen<\/li>\n<\/ul>\n<p>[\/vc_column_text][\/vc_column][\/vc_row][vc_row row_type=&#8220;row&#8220; use_row_as_full_screen_section=&#8220;no&#8220; type=&#8220;full_width&#8220; text_align=&#8220;left&#8220; background_animation=&#8220;none&#8220; css_animation=&#8220;&#8220;][vc_column][vc_empty_space][\/vc_column][\/vc_row]<\/p>\n<\/div>","protected":false},"excerpt":{"rendered":"<p>[vc_row row_type=&#8220;row&#8220; use_row_as_full_screen_section=&#8220;no&#8220; type=&#8220;full_width&#8220; text_align=&#8220;left&#8220; background_animation=&#8220;none&#8220; css_animation=&#8220;&#8220;][vc_column][vc_empty_space height=&#8220;24px&#8220;][\/vc_column][\/vc_row][vc_row row_type=&#8220;row&#8220; use_row_as_full_screen_section=&#8220;no&#8220; type=&#8220;full_width&#8220; text_align=&#8220;left&#8220; background_animation=&#8220;none&#8220; css_animation=&#8220;&#8220;][vc_column][vc_column_text]Erg\u00e4nzungsfach Sport [\/vc_column_text][\/vc_column][\/vc_row][vc_row row_type=&#8220;row&#8220; use_row_as_full_screen_section=&#8220;no&#8220; type=&#8220;full_width&#8220; text_align=&#8220;left&#8220; background_animation=&#8220;none&#8220; css_animation=&#8220;&#8220;][vc_column][vc_empty_space height=&#8220;24px&#8220;][vc_column_text] zur\u00fcck [\/vc_column_text][\/vc_column][\/vc_row][vc_row row_type=&#8220;row&#8220; use_row_as_full_screen_section=&#8220;no&#8220; type=&#8220;full_width&#8220; text_align=&#8220;left&#8220; background_animation=&#8220;none&#8220; css_animation=&#8220;&#8220;][vc_column][vc_empty_space height=&#8220;24px&#8220;][vc_separator type=&#8220;normal&#8220; border_style=&#8220;&#8220;][\/vc_column][\/vc_row][vc_row row_type=&#8220;row&#8220; use_row_as_full_screen_section=&#8220;no&#8220; type=&#8220;full_width&#8220; text_align=&#8220;left&#8220; background_animation=&#8220;none&#8220; css_animation=&#8220;&#8220;][vc_column][vc_empty_space height=&#8220;24px&#8220;][\/vc_column][\/vc_row][vc_row row_type=&#8220;row&#8220; use_row_as_full_screen_section=&#8220;no&#8220; type=&#8220;full_width&#8220; text_align=&#8220;left&#8220;&#8230;<\/p>\n","protected":false},"author":10,"featured_media":0,"parent":0,"menu_order":0,"comment_status":"closed","ping_status":"closed","template":"","meta":{"footnotes":""},"class_list":["post-9648","page","type-page","status-publish","hentry"],"_links":{"self":[{"href":"https:\/\/fs.kswe.ch\/spo\/wp-json\/wp\/v2\/pages\/9648","targetHints":{"allow":["GET"]}}],"collection":[{"href":"https:\/\/fs.kswe.ch\/spo\/wp-json\/wp\/v2\/pages"}],"about":[{"href":"https:\/\/fs.kswe.ch\/spo\/wp-json\/wp\/v2\/types\/page"}],"author":[{"embeddable":true,"href":"https:\/\/fs.kswe.ch\/spo\/wp-json\/wp\/v2\/users\/10"}],"replies":[{"embeddable":true,"href":"https:\/\/fs.kswe.ch\/spo\/wp-json\/wp\/v2\/comments?post=9648"}],"version-history":[{"count":11,"href":"https:\/\/fs.kswe.ch\/spo\/wp-json\/wp\/v2\/pages\/9648\/revisions"}],"predecessor-version":[{"id":10147,"href":"https:\/\/fs.kswe.ch\/spo\/wp-json\/wp\/v2\/pages\/9648\/revisions\/10147"}],"wp:attachment":[{"href":"https:\/\/fs.kswe.ch\/spo\/wp-json\/wp\/v2\/media?parent=9648"}],"curies":[{"name":"wp","href":"https:\/\/api.w.org\/{rel}","templated":true}]}}