{"id":9623,"date":"2019-07-05T23:45:46","date_gmt":"2019-07-05T21:45:46","guid":{"rendered":"https:\/\/fs.kswe.ch\/spo\/?page_id=9623"},"modified":"2020-01-03T00:14:43","modified_gmt":"2020-01-02T23:14:43","slug":"sporttag19","status":"publish","type":"page","link":"https:\/\/fs.kswe.ch\/spo\/sporttag19\/","title":{"rendered":"Sporttag19"},"content":{"rendered":"<div class=\"wpb-content-wrapper\"><p>[vc_row row_type=&#8220;row&#8220; use_row_as_full_screen_section=&#8220;no&#8220; type=&#8220;full_width&#8220; text_align=&#8220;left&#8220; background_animation=&#8220;none&#8220; css_animation=&#8220;&#8220;][vc_column width=&#8220;2\/3&#8243;][vc_column_text]<strong><em>Sporttag 2019 &#8211; <b><span data-contrast=\"auto\">The Highland Games<\/span><\/b><span data-ccp-props=\"{&quot;134233117&quot;:true,&quot;134233118&quot;:true}\">\u00a0<\/span><br \/>\n<\/em><\/strong><\/p>\n<p>[\/vc_column_text][\/vc_column][vc_column width=&#8220;1\/3&#8243;][\/vc_column][\/vc_row][vc_row row_type=&#8220;row&#8220; use_row_as_full_screen_section=&#8220;no&#8220; type=&#8220;full_width&#8220; text_align=&#8220;left&#8220; background_animation=&#8220;none&#8220; css_animation=&#8220;&#8220;][vc_column][vc_empty_space][\/vc_column][\/vc_row][vc_row row_type=&#8220;row&#8220; use_row_as_full_screen_section=&#8220;no&#8220; type=&#8220;full_width&#8220; text_align=&#8220;left&#8220; background_animation=&#8220;none&#8220; css_animation=&#8220;&#8220;][vc_column][vc_column_text]<span data-contrast=\"auto\">D<\/span><span data-contrast=\"auto\">e<\/span><span data-contrast=\"auto\">n<\/span> <span data-contrast=\"auto\">diesj\u00e4hrigen KSWE-<\/span><span data-contrast=\"auto\">Sporttag<\/span><span data-contrast=\"auto\"> unter dem Thema \u00ab<\/span><span data-contrast=\"auto\">Highland Games<\/span><span data-contrast=\"auto\">\u00bb<\/span> <span data-contrast=\"auto\">konnten wir<\/span><span data-contrast=\"auto\"> am 4.<\/span><span data-contrast=\"auto\"> Juli<\/span> <span data-contrast=\"auto\">b<\/span><span data-contrast=\"auto\">ei pr\u00e4chtigem Sommerwetter<\/span><span data-contrast=\"auto\"> durchf\u00fchren. Die verschiedenen <\/span><span data-contrast=\"auto\">Abteilungen wetteiferten in neun alten schottischen Sportarten<\/span><span data-contrast=\"auto\"> gegeneinander<\/span><span data-contrast=\"auto\">. Im Klosterpark und auf der Sportanlage massen sich die Sch\u00fcler und Sch\u00fclerinnen in Disziplinen wie \u00ab<\/span><span data-contrast=\"auto\">Caber<\/span> <span data-contrast=\"auto\">Toss<\/span><span data-contrast=\"auto\">\u00bb (Baumstammwerfen) oder \u201e<\/span><span data-contrast=\"auto\">Digging<\/span><span data-contrast=\"auto\"> in <\/span><span data-contrast=\"auto\">the<\/span><span data-contrast=\"auto\"> Rips\u201c, wo es darum ging, den Gegner oder die Gegnerin mit einem Strohsack von einem Balken zu schlagen.\u00a0<\/span><span data-ccp-props=\"{&quot;134233117&quot;:true,&quot;134233118&quot;:true}\">\u00a0<\/span><\/p>\n<p><span data-ccp-props=\"{&quot;134233117&quot;:true,&quot;134233118&quot;:true}\">\u00a0<\/span><\/p>\n<p><span data-contrast=\"auto\">In den <\/span><span data-contrast=\"auto\">Sporth<\/span><span data-contrast=\"auto\">allen und auf den Aussenpl\u00e4tzen fanden gleichzeitig vier verschiedene Spielturniere statt. Mit grossem Eifer wurden Fussball, Volleyball, <\/span><span data-contrast=\"auto\">Smolball<\/span><span data-contrast=\"auto\"> und Unihockey<\/span> <span data-contrast=\"auto\">gespielt.<\/span><span data-ccp-props=\"{&quot;134233117&quot;:true,&quot;134233118&quot;:true}\">\u00a0<\/span><\/p>\n<p><span data-ccp-props=\"{&quot;134233117&quot;:true,&quot;134233118&quot;:true}\">\u00a0<\/span><\/p>\n<p><span data-contrast=\"auto\">Die diesj\u00e4hrigen Sporttagsieger bei den Highland Games ist die Abteilung <\/span><b><span data-contrast=\"auto\">G3F<\/span><\/b><span data-contrast=\"auto\"> und bei den Frauenklassen die <\/span><b><span data-contrast=\"auto\">F1D<\/span><\/b><span data-contrast=\"auto\">. <\/span><span data-contrast=\"auto\">Die Gesamtr<\/span><span data-contrast=\"auto\">angliste<\/span><span data-contrast=\"auto\"> der Highland Games und die Ranglisten der Spielturniere<\/span> <span data-contrast=\"auto\">sind im Dokument <\/span><b><span data-contrast=\"auto\">\u00abResultateSporttag2019\u00bb<\/span><\/b> <span data-contrast=\"auto\">ersichtlich.<\/span><span data-ccp-props=\"{&quot;134233117&quot;:true,&quot;134233118&quot;:true}\">\u00a0<\/span><\/p>\n<p><span data-ccp-props=\"{&quot;134233117&quot;:true,&quot;134233118&quot;:true}\">\u00a0<\/span><\/p>\n<p><span data-contrast=\"auto\">Herzliche Gratulation allen Sieger und Siegerinnen!\u00a0<\/span><span data-ccp-props=\"{&quot;134233117&quot;:true,&quot;134233118&quot;:true}\">\u00a0<\/span><\/p>\n<p><span data-ccp-props=\"{&quot;134233117&quot;:true,&quot;134233118&quot;:true}\">\u00a0<\/span><\/p>\n<p><span data-contrast=\"auto\">Die Fachschaft Sport bedankt sich herzlich bei allen Helfern und Helferinnen f\u00fcr ihren Einsatz <\/span><span data-contrast=\"auto\">sowie <\/span><span data-contrast=\"auto\">dem Hausdienst<\/span><span data-contrast=\"auto\">, dem Sekretariat<\/span> <span data-contrast=\"auto\">und der G\u00e4rtnerei f\u00fcr ihre Unterst\u00fctzung.<\/span><span data-ccp-props=\"{&quot;134233117&quot;:true,&quot;134233118&quot;:true}\">\u00a0<\/span><\/p>\n<p><span data-ccp-props=\"{&quot;134233117&quot;:true,&quot;134233118&quot;:true}\">\u00a0<\/span><\/p>\n<p><span data-contrast=\"auto\">F\u00fcr die Fachschaft Sport<\/span><span data-ccp-props=\"{&quot;134233117&quot;:true,&quot;134233118&quot;:true}\">\u00a0<\/span><\/p>\n<p><span data-contrast=\"auto\">Nadja Wernli und Simone Zuberb\u00fchler<\/span><span data-ccp-props=\"{&quot;134233117&quot;:true,&quot;134233118&quot;:true}\">\u00a0<\/span>[\/vc_column_text][\/vc_column][\/vc_row][vc_row row_type=&#8220;row&#8220; use_row_as_full_screen_section=&#8220;no&#8220; type=&#8220;full_width&#8220; text_align=&#8220;left&#8220; background_animation=&#8220;none&#8220; css_animation=&#8220;&#8220;][vc_column][vc_empty_space][vc_separator type=&#8220;normal&#8220; border_style=&#8220;&#8220;][\/vc_column][\/vc_row][vc_row row_type=&#8220;row&#8220; use_row_as_full_screen_section=&#8220;no&#8220; type=&#8220;full_width&#8220; text_align=&#8220;left&#8220; background_animation=&#8220;none&#8220; css_animation=&#8220;&#8220;][vc_column width=&#8220;5\/6&#8243;][vc_column_text]<\/p>\n<ul>\n<li><a href=\"https:\/\/fs.kswe.ch\/spo\/wp-content\/uploads\/sites\/9\/2019\/07\/ResultateSporttag2019.pdf\" target=\"_blank\" rel=\"noopener noreferrer\"><span style=\"color: #800000\">Ranglisten<\/span><\/a><\/li>\n<\/ul>\n<p>[\/vc_column_text][\/vc_column][vc_column width=&#8220;1\/6&#8243;][vc_column_text]<\/p>\n<ul>\n<li style=\"text-align: right\"><a href=\"https:\/\/fs.kswe.ch\/spo\/sporttag\/\"><span style=\"color: #800000\">zur\u00fcck<\/span><\/a><\/li>\n<\/ul>\n<p>[\/vc_column_text][\/vc_column][\/vc_row][vc_row row_type=&#8220;row&#8220; use_row_as_full_screen_section=&#8220;no&#8220; type=&#8220;full_width&#8220; text_align=&#8220;left&#8220; background_animation=&#8220;none&#8220; css_animation=&#8220;&#8220;][vc_column][vc_empty_space height=&#8220;12px&#8220;][vc_separator type=&#8220;normal&#8220; border_style=&#8220;&#8220;][vc_empty_space height=&#8220;24px&#8220;][\/vc_column][\/vc_row][vc_row row_type=&#8220;row&#8220; use_row_as_full_screen_section=&#8220;no&#8220; type=&#8220;full_width&#8220; text_align=&#8220;left&#8220; background_animation=&#8220;none&#8220; css_animation=&#8220;&#8220;][vc_column][vc_column_text]<\/p>\n<ul>\n<li style=\"text-align: left\">Bildergalerie<\/li>\n<\/ul>\n<p>[\/vc_column_text][\/vc_column][\/vc_row][vc_row row_type=&#8220;row&#8220; use_row_as_full_screen_section=&#8220;no&#8220; type=&#8220;full_width&#8220; text_align=&#8220;left&#8220; background_animation=&#8220;none&#8220; css_animation=&#8220;&#8220;][vc_column][vc_empty_space][\/vc_column][\/vc_row][vc_row row_type=&#8220;row&#8220; use_row_as_full_screen_section=&#8220;no&#8220; type=&#8220;full_width&#8220; text_align=&#8220;left&#8220; background_animation=&#8220;none&#8220; css_animation=&#8220;&#8220;][vc_column][vc_gallery type=&#8220;image_grid&#8220; images=&#8220;9796,9794,9807,9790,9834,9793,9806,9803,9802,9801,9823,9800,9799,9798,9777,9814,9839,9775,9770,9817,9772,9824,9815,9816,9838,9818,9827,9797,9791,9789,9833,9792,9821,9822,9783,9788,9831,9785,9784,9781,9780,9826,9786,9787,9782,9779,9778,9828,9774,9832,9829,9825,9830,9776,9773,9613&#8243; img_size=&#8220;full&#8220; onclick=&#8220;&#8220; column_number=&#8220;0&#8243; grayscale=&#8220;no&#8220; space_between_images=&#8220;no&#8220;][\/vc_column][\/vc_row][vc_row row_type=&#8220;row&#8220; use_row_as_full_screen_section=&#8220;no&#8220; type=&#8220;full_width&#8220; text_align=&#8220;left&#8220; background_animation=&#8220;none&#8220; css_animation=&#8220;&#8220;][vc_column][\/vc_column][\/vc_row]<\/p>\n<\/div>","protected":false},"excerpt":{"rendered":"<p>[vc_row row_type=&#8220;row&#8220; use_row_as_full_screen_section=&#8220;no&#8220; type=&#8220;full_width&#8220; text_align=&#8220;left&#8220; background_animation=&#8220;none&#8220; css_animation=&#8220;&#8220;][vc_column width=&#8220;2\/3&#8243;][vc_column_text]Sporttag 2019 &#8211; The Highland Games\u00a0 [\/vc_column_text][\/vc_column][vc_column width=&#8220;1\/3&#8243;][\/vc_column][\/vc_row][vc_row row_type=&#8220;row&#8220; use_row_as_full_screen_section=&#8220;no&#8220; type=&#8220;full_width&#8220; text_align=&#8220;left&#8220; background_animation=&#8220;none&#8220; css_animation=&#8220;&#8220;][vc_column][vc_empty_space][\/vc_column][\/vc_row][vc_row row_type=&#8220;row&#8220; use_row_as_full_screen_section=&#8220;no&#8220; type=&#8220;full_width&#8220; text_align=&#8220;left&#8220; background_animation=&#8220;none&#8220; css_animation=&#8220;&#8220;][vc_column][vc_column_text]Den diesj\u00e4hrigen KSWE-Sporttag unter dem Thema \u00abHighland Games\u00bb konnten wir am 4. Juli bei pr\u00e4chtigem Sommerwetter durchf\u00fchren. Die verschiedenen&#8230;<\/p>\n","protected":false},"author":10,"featured_media":0,"parent":0,"menu_order":0,"comment_status":"closed","ping_status":"closed","template":"","meta":{"footnotes":""},"class_list":["post-9623","page","type-page","status-publish","hentry"],"_links":{"self":[{"href":"https:\/\/fs.kswe.ch\/spo\/wp-json\/wp\/v2\/pages\/9623","targetHints":{"allow":["GET"]}}],"collection":[{"href":"https:\/\/fs.kswe.ch\/spo\/wp-json\/wp\/v2\/pages"}],"about":[{"href":"https:\/\/fs.kswe.ch\/spo\/wp-json\/wp\/v2\/types\/page"}],"author":[{"embeddable":true,"href":"https:\/\/fs.kswe.ch\/spo\/wp-json\/wp\/v2\/users\/10"}],"replies":[{"embeddable":true,"href":"https:\/\/fs.kswe.ch\/spo\/wp-json\/wp\/v2\/comments?post=9623"}],"version-history":[{"count":13,"href":"https:\/\/fs.kswe.ch\/spo\/wp-json\/wp\/v2\/pages\/9623\/revisions"}],"predecessor-version":[{"id":10149,"href":"https:\/\/fs.kswe.ch\/spo\/wp-json\/wp\/v2\/pages\/9623\/revisions\/10149"}],"wp:attachment":[{"href":"https:\/\/fs.kswe.ch\/spo\/wp-json\/wp\/v2\/media?parent=9623"}],"curies":[{"name":"wp","href":"https:\/\/api.w.org\/{rel}","templated":true}]}}