{"id":9385,"date":"2019-06-27T17:21:20","date_gmt":"2019-06-27T15:21:20","guid":{"rendered":"https:\/\/fs.kswe.ch\/spo\/?page_id=9385"},"modified":"2019-06-27T17:31:08","modified_gmt":"2019-06-27T15:31:08","slug":"msmrudern10","status":"publish","type":"page","link":"https:\/\/fs.kswe.ch\/spo\/msmrudern10\/","title":{"rendered":"MSMRudern2010"},"content":{"rendered":"<div class=\"wpb-content-wrapper\"><p>[vc_row row_type=&#8220;row&#8220; use_row_as_full_screen_section=&#8220;no&#8220; type=&#8220;full_width&#8220; text_align=&#8220;left&#8220; background_animation=&#8220;none&#8220; css_animation=&#8220;&#8220;][vc_column width=&#8220;2\/3&#8243;][vc_empty_space height=&#8220;24px&#8220;][vc_column_text]<em><strong>Schweizerische Mittelschulmeisterschaft 2010<\/strong><\/em>[\/vc_column_text][\/vc_column][vc_column width=&#8220;1\/3&#8243;][\/vc_column][\/vc_row][vc_row row_type=&#8220;row&#8220; use_row_as_full_screen_section=&#8220;no&#8220; type=&#8220;full_width&#8220; text_align=&#8220;left&#8220; background_animation=&#8220;none&#8220; css_animation=&#8220;&#8220;][vc_column][vc_empty_space][\/vc_column][\/vc_row][vc_row row_type=&#8220;row&#8220; use_row_as_full_screen_section=&#8220;no&#8220; type=&#8220;full_width&#8220; text_align=&#8220;left&#8220; background_animation=&#8220;none&#8220; css_animation=&#8220;&#8220;][vc_column][vc_column_text]Bei sch\u00f6nstem Sommerwetter fanden am Samstag, dem 5. Juni 2010, die Schweizer Mittelschulmeisterschaften im Rudern statt. Sarnen als Gastgeberort zeigte sich von seiner besten Seite, sodass unsere beiden Sch\u00fclerteams sowie die beiden Sportlehrerteams optimale Rennbedingungen vorfanden.<\/p>\n<p>&nbsp;<\/p>\n<p>Nach einer intensiven Tainingszeit unter fachkundiger Leitung von Tobias Wullschleger, Stefan Dietiker und Chirstoph Forster freuten sich alle Wettinger Ruderteams auf den Wettkampf und waren heiss auf den Sieg.<\/p>\n<p>&nbsp;<\/p>\n<p>Wie schon letztes Jahr konnte der Herren Vierer (Timo Rey G4A, Theo Erdmann G4E, Pascal Weber G4E, Claude Stucki G4G und Steuermann Serguei Ovvinikow G3F) vom Start an das Rennen dominieren und wurde sensationeller Schweizermeister. Der Mixed Vierer (Laura Gosztonyi G4A, Martina Kalt G4G, Yannik Suter G4F, Melanie Perito F1C und Steuerfrau Andrea Suter G4G ) fuhr ebenfalls ein starkes Rennen und erreichte den 3. Rang. Die beiden Sportlehrer Mixed Vierer der Kantonsschule Wettingen traten zum ersten Mal an den Schweizermeisterschaften an und konnten gleich den 1. und 2. Rang in ihrer Kategorie belegen (Leider waren sie auch die beiden einzigen Lehrerteams, die teilgenommen hatten &#8230;): Christoph Baldinger, Sabine Fl\u00fcck, Urs von Roll, Barbara Humbel und Steuerfrau Nadja Wernli gewannen knapp vor Julia Jeckel, Manuela Jehle, Rico Hirschb\u00fchl, Adi Probst und Steuermann Lukas Binggeli.<\/p>\n<p>&nbsp;<\/p>\n<p>Vielen Dank dem Ruderclub Baden, der mit professioneller personeller wie auch materieller Unterst\u00fctzung dies alles \u00fcberhaupt erm\u00f6glichte. Die Fr\u00fcchte der langj\u00e4hrigen Zusammenarbeit im Wahlsport Rudern konnten in Sarnen geerntet werden.[\/vc_column_text][\/vc_column][\/vc_row][vc_row row_type=&#8220;row&#8220; use_row_as_full_screen_section=&#8220;no&#8220; type=&#8220;full_width&#8220; text_align=&#8220;left&#8220; background_animation=&#8220;none&#8220; css_animation=&#8220;&#8220;][vc_column][vc_empty_space][\/vc_column][\/vc_row][vc_row row_type=&#8220;row&#8220; use_row_as_full_screen_section=&#8220;no&#8220; type=&#8220;full_width&#8220; text_align=&#8220;left&#8220; background_animation=&#8220;none&#8220; css_animation=&#8220;&#8220;][vc_column][vc_separator type=&#8220;normal&#8220; border_style=&#8220;&#8220;][\/vc_column][\/vc_row][vc_row row_type=&#8220;row&#8220; use_row_as_full_screen_section=&#8220;no&#8220; type=&#8220;full_width&#8220; text_align=&#8220;left&#8220; background_animation=&#8220;none&#8220; css_animation=&#8220;&#8220;][vc_column][vc_column_text]<\/p>\n<ul>\n<li style=\"text-align: left\"><a href=\"https:\/\/fs.kswe.ch\/spo\/mittelschulmeisterschaften\/\"><span style=\"color: #800000\">zur\u00fcck<\/span><\/a><\/li>\n<\/ul>\n<p>[\/vc_column_text][\/vc_column][\/vc_row][vc_row row_type=&#8220;row&#8220; use_row_as_full_screen_section=&#8220;no&#8220; type=&#8220;full_width&#8220; text_align=&#8220;left&#8220; background_animation=&#8220;none&#8220; css_animation=&#8220;&#8220;][vc_column][vc_empty_space height=&#8220;12px&#8220;][vc_separator type=&#8220;normal&#8220; border_style=&#8220;&#8220;][vc_empty_space height=&#8220;24px&#8220;][\/vc_column][\/vc_row][vc_row row_type=&#8220;row&#8220; use_row_as_full_screen_section=&#8220;no&#8220; type=&#8220;full_width&#8220; text_align=&#8220;left&#8220; background_animation=&#8220;none&#8220; css_animation=&#8220;&#8220;][vc_column][vc_empty_space height=&#8220;12px&#8220;][\/vc_column][\/vc_row][vc_row row_type=&#8220;row&#8220; use_row_as_full_screen_section=&#8220;no&#8220; type=&#8220;full_width&#8220; text_align=&#8220;left&#8220; background_animation=&#8220;none&#8220; css_animation=&#8220;&#8220;][vc_column][vc_gallery type=&#8220;image_grid&#8220; images=&#8220;9405,9404,9403,9402,9401,9400,9399,9398,9397,9396,9395,9394,9393,9391,9390,9389,9388&#8243; img_size=&#8220;full&#8220; onclick=&#8220;&#8220; column_number=&#8220;0&#8243; grayscale=&#8220;no&#8220; space_between_images=&#8220;no&#8220;][\/vc_column][\/vc_row][vc_row row_type=&#8220;row&#8220; use_row_as_full_screen_section=&#8220;no&#8220; type=&#8220;full_width&#8220; text_align=&#8220;left&#8220; background_animation=&#8220;none&#8220; css_animation=&#8220;&#8220;][vc_column][vc_empty_space height=&#8220;60px&#8220;][\/vc_column][\/vc_row]<\/p>\n<\/div>","protected":false},"excerpt":{"rendered":"<p>[vc_row row_type=&#8220;row&#8220; use_row_as_full_screen_section=&#8220;no&#8220; type=&#8220;full_width&#8220; text_align=&#8220;left&#8220; background_animation=&#8220;none&#8220; css_animation=&#8220;&#8220;][vc_column width=&#8220;2\/3&#8243;][vc_empty_space height=&#8220;24px&#8220;][vc_column_text]Schweizerische Mittelschulmeisterschaft 2010[\/vc_column_text][\/vc_column][vc_column width=&#8220;1\/3&#8243;][\/vc_column][\/vc_row][vc_row row_type=&#8220;row&#8220; use_row_as_full_screen_section=&#8220;no&#8220; type=&#8220;full_width&#8220; text_align=&#8220;left&#8220; background_animation=&#8220;none&#8220; css_animation=&#8220;&#8220;][vc_column][vc_empty_space][\/vc_column][\/vc_row][vc_row row_type=&#8220;row&#8220; use_row_as_full_screen_section=&#8220;no&#8220; type=&#8220;full_width&#8220; text_align=&#8220;left&#8220; background_animation=&#8220;none&#8220; css_animation=&#8220;&#8220;][vc_column][vc_column_text]Bei sch\u00f6nstem Sommerwetter fanden am Samstag, dem 5. Juni 2010, die Schweizer Mittelschulmeisterschaften im Rudern statt. Sarnen als Gastgeberort zeigte sich von&#8230;<\/p>\n","protected":false},"author":10,"featured_media":0,"parent":0,"menu_order":0,"comment_status":"closed","ping_status":"closed","template":"","meta":{"footnotes":""},"class_list":["post-9385","page","type-page","status-publish","hentry"],"_links":{"self":[{"href":"https:\/\/fs.kswe.ch\/spo\/wp-json\/wp\/v2\/pages\/9385","targetHints":{"allow":["GET"]}}],"collection":[{"href":"https:\/\/fs.kswe.ch\/spo\/wp-json\/wp\/v2\/pages"}],"about":[{"href":"https:\/\/fs.kswe.ch\/spo\/wp-json\/wp\/v2\/types\/page"}],"author":[{"embeddable":true,"href":"https:\/\/fs.kswe.ch\/spo\/wp-json\/wp\/v2\/users\/10"}],"replies":[{"embeddable":true,"href":"https:\/\/fs.kswe.ch\/spo\/wp-json\/wp\/v2\/comments?post=9385"}],"version-history":[{"count":3,"href":"https:\/\/fs.kswe.ch\/spo\/wp-json\/wp\/v2\/pages\/9385\/revisions"}],"predecessor-version":[{"id":9407,"href":"https:\/\/fs.kswe.ch\/spo\/wp-json\/wp\/v2\/pages\/9385\/revisions\/9407"}],"wp:attachment":[{"href":"https:\/\/fs.kswe.ch\/spo\/wp-json\/wp\/v2\/media?parent=9385"}],"curies":[{"name":"wp","href":"https:\/\/api.w.org\/{rel}","templated":true}]}}