{"id":9382,"date":"2019-06-27T17:17:11","date_gmt":"2019-06-27T15:17:11","guid":{"rendered":"https:\/\/fs.kswe.ch\/spo\/?page_id=9382"},"modified":"2019-06-27T17:45:36","modified_gmt":"2019-06-27T15:45:36","slug":"msmrudern11","status":"publish","type":"page","link":"https:\/\/fs.kswe.ch\/spo\/msmrudern11\/","title":{"rendered":"MSMRudern2011"},"content":{"rendered":"<div class=\"wpb-content-wrapper\"><p>[vc_row row_type=&#8220;row&#8220; use_row_as_full_screen_section=&#8220;no&#8220; type=&#8220;full_width&#8220; text_align=&#8220;left&#8220; background_animation=&#8220;none&#8220; css_animation=&#8220;&#8220;][vc_column width=&#8220;2\/3&#8243;][vc_empty_space height=&#8220;24px&#8220;][vc_column_text]<em><strong>Schweizerische Mittelschulmeisterschaft 2011<\/strong><\/em>[\/vc_column_text][\/vc_column][vc_column width=&#8220;1\/3&#8243;][\/vc_column][\/vc_row][vc_row row_type=&#8220;row&#8220; use_row_as_full_screen_section=&#8220;no&#8220; type=&#8220;full_width&#8220; text_align=&#8220;left&#8220; background_animation=&#8220;none&#8220; css_animation=&#8220;&#8220;][vc_column][vc_empty_space][\/vc_column][\/vc_row][vc_row row_type=&#8220;row&#8220; use_row_as_full_screen_section=&#8220;no&#8220; type=&#8220;full_width&#8220; text_align=&#8220;left&#8220; background_animation=&#8220;none&#8220; css_animation=&#8220;&#8220;][vc_column][vc_column_text]Nach einer intensiven Vorbereitung unter der fachm\u00e4nnischen Leitung von Tobias Wullschleger und Stefan Dietiker mit beinahe 400 Trainingskilometern auf der heimischen Limmat, galt es am 4. Juni 2011 f\u00fcr vier Boote der Kantonsschule Wettingen ernst: Die 11. Schweizer Mittelschulmeisterschaften im Rudern in Sarnen standen vor der T\u00fcr. Der Ehrgeiz und die Motivation, eine gute Leistung zu erzielen, waren enorm hoch. Nachdem der Morgen mit dem Abladen und Bereitstellen der Boote, sowie einem kurzen Abschlusstraining auf dem See wie im Flug vorbei ging, war es nach dem Mittag soweit: Das Startsignal &#8222;Attention&#8230;GO!&#8220; ert\u00f6nte, und die Rennen waren er\u00f6ffnet.<\/p>\n<p>&nbsp;<\/p>\n<p>Der Frauen Vierer (Eva Salzmann, Jenny Boese, Matia-Iva Vrankovic, Michelle Frei und Steuerfrau Martina Frei) lieferte sich in einem Feld von f\u00fcnf Booten auf der 1000 Meter Strecke ein Kopf an Kopf Rennen mit dem Boot der Stiftschule Engelberg. Im Ziel war beiden Teams lange nicht klar, wer den Sieg davon getragen hatte. Doch dank einem Vorsprung von 46 hundertstel Sekunden holte sich das Frauenteam von Wettingen schlussendlich den ersten Platz! Der Jubel war trotz Ersch\u00f6pfung riesengro\u00df!<\/p>\n<p>&nbsp;<\/p>\n<p>Danach starteten auch die M\u00e4nner mit ihren drei Booten mit viel Schub in ihr Rennen. Und auch hier gelang es der Kantonsschule Wettingen, in einem starken und schnellen Konkurrenzfeld von acht Booten einen Podestplatz zu ergattern: Rico Meier, David Steinmann, Serguei Ovinnikov, Nick Bauer und Simone Brunner (Stf.) holten sich den dritten Rang. Den beiden anderen M\u00e4nnerteams erzielten ebenfalls gute Ergebnisse: Manuele Zanini, Nicola Liebi, Jonathan Lamprecht, Matthias Walder und Myriam Weber (Stf.) fuhren auf den f\u00fcnften Rang, gefolgt von Pascal Egli, Peter Simon, Tenzing Memmishofer, Tuong Khai Huynh und Tamas Simon (Stm.) auf dem sechsten Rang.<\/p>\n<p>&nbsp;<\/p>\n<p>Mit diesen Resultaten waren alle schon \u00e4u\u00dferst zufrieden. Doch um dem ganzen noch die Krone aufzusetzen, wurde an der Siegerehrung die Kantonsschule Wettingen mit dem Gesamtsieg der Mittelschulmeisterschaft ausgezeichnet! Endlich findet der langersehnte Wanderpokal also auch einmal den Weg nach Wettingen! Die Stimmung, die sowieso schon den ganzen Tag ausgezeichnet war, erreichte ihren H\u00f6hepunkt und der Sieg wurde bei sch\u00f6nstem Wetter frenetisch gefeiert.<\/p>\n<p>&nbsp;<\/p>\n<p>Ein riesiges Dankesch\u00f6n geht an den Ruderclub Baden, welcher auch dieses Jahr die notwendigen Boote, Materialen und Trainingsm\u00f6glichkeiten zur Verf\u00fcgung stellte, sowie an Tobias Wullschleger f\u00fcr seinen engagierten Einsatz und seine Begeisterung in den unz\u00e4hligen Trainings!<\/p>\n<p>&nbsp;<\/p>\n<p>Text: Eva Salzmann (KSWE)[\/vc_column_text][\/vc_column][\/vc_row][vc_row row_type=&#8220;row&#8220; use_row_as_full_screen_section=&#8220;no&#8220; type=&#8220;full_width&#8220; text_align=&#8220;left&#8220; background_animation=&#8220;none&#8220; css_animation=&#8220;&#8220;][vc_column][vc_empty_space][\/vc_column][\/vc_row][vc_row row_type=&#8220;row&#8220; use_row_as_full_screen_section=&#8220;no&#8220; type=&#8220;full_width&#8220; text_align=&#8220;left&#8220; background_animation=&#8220;none&#8220; css_animation=&#8220;&#8220;][vc_column][vc_separator type=&#8220;normal&#8220; border_style=&#8220;&#8220;][\/vc_column][\/vc_row][vc_row row_type=&#8220;row&#8220; use_row_as_full_screen_section=&#8220;no&#8220; type=&#8220;full_width&#8220; text_align=&#8220;left&#8220; background_animation=&#8220;none&#8220; css_animation=&#8220;&#8220;][vc_column][vc_column_text]<\/p>\n<ul>\n<li style=\"text-align: left\"><a href=\"https:\/\/fs.kswe.ch\/spo\/mittelschulmeisterschaften\/\"><span style=\"color: #800000\">zur\u00fcck<\/span><\/a><\/li>\n<\/ul>\n<p>[\/vc_column_text][\/vc_column][\/vc_row][vc_row row_type=&#8220;row&#8220; use_row_as_full_screen_section=&#8220;no&#8220; type=&#8220;full_width&#8220; text_align=&#8220;left&#8220; background_animation=&#8220;none&#8220; css_animation=&#8220;&#8220;][vc_column][vc_empty_space height=&#8220;12px&#8220;][vc_separator type=&#8220;normal&#8220; border_style=&#8220;&#8220;][vc_empty_space height=&#8220;24px&#8220;][\/vc_column][\/vc_row][vc_row row_type=&#8220;row&#8220; use_row_as_full_screen_section=&#8220;no&#8220; type=&#8220;full_width&#8220; text_align=&#8220;left&#8220; background_animation=&#8220;none&#8220; css_animation=&#8220;&#8220;][vc_column][vc_empty_space height=&#8220;12px&#8220;][\/vc_column][\/vc_row][vc_row row_type=&#8220;row&#8220; use_row_as_full_screen_section=&#8220;no&#8220; type=&#8220;full_width&#8220; text_align=&#8220;left&#8220; background_animation=&#8220;none&#8220; css_animation=&#8220;&#8220;][vc_column][vc_gallery type=&#8220;image_grid&#8220; images=&#8220;9436,9435,9434,9433,9431,9429,9423,9422,9421,9420,9418,9417,9416,9415,9414,9413,9412,9410,9409,9430&#8243; img_size=&#8220;full&#8220; onclick=&#8220;&#8220; column_number=&#8220;0&#8243; grayscale=&#8220;no&#8220; space_between_images=&#8220;no&#8220;][\/vc_column][\/vc_row][vc_row row_type=&#8220;row&#8220; use_row_as_full_screen_section=&#8220;no&#8220; type=&#8220;full_width&#8220; text_align=&#8220;left&#8220; background_animation=&#8220;none&#8220; css_animation=&#8220;&#8220;][vc_column][vc_empty_space height=&#8220;60px&#8220;][\/vc_column][\/vc_row]<\/p>\n<\/div>","protected":false},"excerpt":{"rendered":"<p>[vc_row row_type=&#8220;row&#8220; use_row_as_full_screen_section=&#8220;no&#8220; type=&#8220;full_width&#8220; text_align=&#8220;left&#8220; background_animation=&#8220;none&#8220; css_animation=&#8220;&#8220;][vc_column width=&#8220;2\/3&#8243;][vc_empty_space height=&#8220;24px&#8220;][vc_column_text]Schweizerische Mittelschulmeisterschaft 2011[\/vc_column_text][\/vc_column][vc_column width=&#8220;1\/3&#8243;][\/vc_column][\/vc_row][vc_row row_type=&#8220;row&#8220; use_row_as_full_screen_section=&#8220;no&#8220; type=&#8220;full_width&#8220; text_align=&#8220;left&#8220; background_animation=&#8220;none&#8220; css_animation=&#8220;&#8220;][vc_column][vc_empty_space][\/vc_column][\/vc_row][vc_row row_type=&#8220;row&#8220; use_row_as_full_screen_section=&#8220;no&#8220; type=&#8220;full_width&#8220; text_align=&#8220;left&#8220; background_animation=&#8220;none&#8220; css_animation=&#8220;&#8220;][vc_column][vc_column_text]Nach einer intensiven Vorbereitung unter der fachm\u00e4nnischen Leitung von Tobias Wullschleger und Stefan Dietiker mit beinahe 400 Trainingskilometern auf der heimischen Limmat,&#8230;<\/p>\n","protected":false},"author":10,"featured_media":0,"parent":0,"menu_order":0,"comment_status":"closed","ping_status":"closed","template":"","meta":{"footnotes":""},"class_list":["post-9382","page","type-page","status-publish","hentry"],"_links":{"self":[{"href":"https:\/\/fs.kswe.ch\/spo\/wp-json\/wp\/v2\/pages\/9382","targetHints":{"allow":["GET"]}}],"collection":[{"href":"https:\/\/fs.kswe.ch\/spo\/wp-json\/wp\/v2\/pages"}],"about":[{"href":"https:\/\/fs.kswe.ch\/spo\/wp-json\/wp\/v2\/types\/page"}],"author":[{"embeddable":true,"href":"https:\/\/fs.kswe.ch\/spo\/wp-json\/wp\/v2\/users\/10"}],"replies":[{"embeddable":true,"href":"https:\/\/fs.kswe.ch\/spo\/wp-json\/wp\/v2\/comments?post=9382"}],"version-history":[{"count":3,"href":"https:\/\/fs.kswe.ch\/spo\/wp-json\/wp\/v2\/pages\/9382\/revisions"}],"predecessor-version":[{"id":9438,"href":"https:\/\/fs.kswe.ch\/spo\/wp-json\/wp\/v2\/pages\/9382\/revisions\/9438"}],"wp:attachment":[{"href":"https:\/\/fs.kswe.ch\/spo\/wp-json\/wp\/v2\/media?parent=9382"}],"curies":[{"name":"wp","href":"https:\/\/api.w.org\/{rel}","templated":true}]}}