{"id":9375,"date":"2019-06-27T17:06:31","date_gmt":"2019-06-27T15:06:31","guid":{"rendered":"https:\/\/fs.kswe.ch\/spo\/?page_id=9375"},"modified":"2019-06-27T18:01:13","modified_gmt":"2019-06-27T16:01:13","slug":"msmrudern16","status":"publish","type":"page","link":"https:\/\/fs.kswe.ch\/spo\/msmrudern16\/","title":{"rendered":"MSMRudern2016"},"content":{"rendered":"<div class=\"wpb-content-wrapper\"><p>[vc_row row_type=&#8220;row&#8220; use_row_as_full_screen_section=&#8220;no&#8220; type=&#8220;full_width&#8220; text_align=&#8220;left&#8220; background_animation=&#8220;none&#8220; css_animation=&#8220;&#8220;][vc_column width=&#8220;2\/3&#8243;][vc_empty_space height=&#8220;24px&#8220;][vc_column_text]<em><strong>Schweizerische Mittelschulmeisterschaft 2016<br \/>\n<\/strong><\/em>[\/vc_column_text][\/vc_column][vc_column width=&#8220;1\/3&#8243;][\/vc_column][\/vc_row][vc_row row_type=&#8220;row&#8220; use_row_as_full_screen_section=&#8220;no&#8220; type=&#8220;full_width&#8220; text_align=&#8220;left&#8220; background_animation=&#8220;none&#8220; css_animation=&#8220;&#8220;][vc_column][vc_empty_space][\/vc_column][\/vc_row][vc_row row_type=&#8220;row&#8220; use_row_as_full_screen_section=&#8220;no&#8220; type=&#8220;full_width&#8220; text_align=&#8220;left&#8220; background_animation=&#8220;none&#8220; css_animation=&#8220;&#8220;][vc_column][vc_column_text]<strong>KSWE wird zum 3. Mal in Folge Schweizermeister!<\/strong><\/p>\n<p>&nbsp;<\/p>\n<p>Kurz vor den Fr\u00fchlingsferien konnte man sich f\u00fcr die allj\u00e4hrlichen Schweizer Mittelschulmeisterschaften im Rudern anmelden, die jeweils im Rahmen der nationalen Ruderregatta auf dem Sarnersee, dieses Mal am Samstag 4. Juni, stattfinden. An den Mittelschulmeisterschaften fahren Ruderanf\u00e4nger in gesteuerten C-Gig Doppelvierern, den breiten Booten, mit Steuermann. Dieses Jahr konnte die Kantonsschule Wettingen mit einer grossen Delegation nach Sarnen reisen, denn ganze sechs Teams hatten sich angemeldet! Je zwei in den Kategorien Damen, Herren und Mixed:<\/p>\n<p>&nbsp;<\/p>\n<p><strong>Damen I<\/strong> mit Tanja Berger, Robin Anna Vital, Michelle Enz, Sabrina Aschwanden und Flurina Schuhmacher als Steuerfrau. <strong>Damen II<\/strong> mit Petra Glatthard, Melanie Schnee, Seline H\u00e4ssig, Silvana Nater und Steuermann Jonas Glatthard. <strong>Herren I<\/strong> mit Florian Hauck, Manuel Burger, Eike Gerdes, Matthias Hauck und Steuerfrau Natacha Stuck. <strong>Herren II<\/strong> mit Andrin Rehmann, Tobias Steigmeier, Samuel Drack, Andrin Zumsteg und Steuerfrau Mascha Maurer. <strong>Mixed I<\/strong> mit Louisa Kaufmann, Rahel Markwalder, Flurin Widmer, Joel Handschin und Steuerfrau Nicole Bregenzer. <strong>Mixed II<\/strong> mit Jaqueline Del Conte, Jana Meier, Michaela Schertler, Phillip Jenni und Nuria Torre als Steuerfrau.<\/p>\n<p>&nbsp;<\/p>\n<p>Alle Teams trainierten intensiv unter der Leitung von Tobias Wullschleger zusammen mit den weiteren Coaches Flurina Schuhmacher, Natacha Stuck, Jonas Glatthard und Iain Bruce. Die Einen erlernten das Rudern neu, die Anderen mit Rudererfahrung aus dem Achter-Projekt, den Schulsport- oder Wahlsportkursen verfeinerten ihre Rudertechnik. Mit zwei bis drei Trainings pro Woche bereiteten wir uns optimal auf dem Wasser und neben dem Wasser auf den Ruderergometern auf den Wettkampf vor.<\/p>\n<p>&nbsp;<\/p>\n<p>Vier der sechs Teams reisten bereits am Freitagabend an den Sarnersee, absolvierten ein Training auf dem Wettkampfgew\u00e4sser und st\u00e4rkten sich anschliessend beim gemeinsamen Pastaessen bevor es zur\u00fcck in die Unterkunft ging. Die beiden anderen Teams trafen dann am fr\u00fchen Samstagmorgen ein. Das Wetter war leider ziemlich tr\u00fcb, Wolken hingen zwischen den Bergen und es gab immer mal wieder kleinere Regenschauer. Das minderte aber nicht unsere Stimmung, denn wir waren alle topmotiviert und freuten uns auf die Rennen. Diese werden \u00fcber eine Distanz von 1000 m ausgetragen und waren in der Mittagspause des \u00fcbrigen Rennprogramms der grossen Sarnerseeregatta angesetzt, welche dieses Jahr mit fast 1500 Mannschaften aus dem In- und Ausland wiederum die gr\u00f6sste Ruderregatta der Schweiz war. F\u00fcr alle Teams gab es am Samstagmorgen noch eine kleine Trainingsausfahrt, bei der wir schauen konnten, wo genau wir starten werden, und uns mit dem Gew\u00e4sser vertraut machten, welches ja im Gegensatz zur heimischen Limmat keine Str\u00f6mung hat. Nach dem Training schaufelten wir unsere mitgebrachte Pasta rein und schauten bei den anderen Rennen der Regatta zu. Lautstark unterst\u00fctzen wir dabei die Ruderinnen und Ruderer vom Ruderclub Baden. Etwas mehr als eine Stunde vor unseren Rennen versammelten wir uns wieder und zogen unsere Mannschaftsshirts und -h\u00fcte an. In einer ganzen Gruppe von mehr als 30 KSWE-Ruderinnen und -Ruderern w\u00e4rmten wir uns mit einem lockeren Jogging und einem Stretching auf, auch ein paar Streckspr\u00fcnge und Kurzsprints durften nat\u00fcrlich nicht fehlen. Nach den letzten Rennvorbereitungen inklusive Fotosession wuchs langsam auch die Spannung und Vorfreude auf die bevorstehenden Rennen. Die Teams brachten die Ruder und die Boote zum Steg und fokussierten sich beim Einrudern zum Start nochmals auf den gemeinsamen Bootsrhythmus, Pr\u00e4zision und Kraft im Team.<\/p>\n<p>&nbsp;<\/p>\n<p>Als Erstes ging das Rennen der Damen \u00fcber die B\u00fchne. Gegen 4 andere Teams k\u00e4mpften die beiden Wettinger Damenboote. KSWE Damen I konnte sich schon fr\u00fch absetzten und kam mit fast 15 Sekunden Vorsprung auf Obwalden I im Ziel an. KSWE Damen II fuhren solide im Mittelfeld und kamen als viertes Team im Ziel an. Das zweite Rennen war das der Herren. KSWE Herren I ruderten los und waren nicht mehr gesehen, mit fantastischen 24 Sekunden Vorsprung auf KSWE Herren II, welche sich somit Silber sicherten, \u00fcberquerten sie die Ziellinie. Mit etwas R\u00fcckstand beendeten dann auch die beiden anderen Teams, Basel I + II, das Rennen.<br \/>\nAls letztes Rennen starteten die Mixed-Boote. Vom Start weg entfachte sich ein spannendes Kopf-an-Kopf-Rennen zwischen Obwalden und KSWE Mixed I, dicht gefolgt von KSWE Mixed II. \u00dcber die ganze Strecke vermochte sich keines der beiden f\u00fchrenden Boote deutlich abzusetzen und die Bugspitzen der Boote lagen trotz einigen Zwischenspurts lange fast gleichauf. Auch nach einem beherzten Endspurt beider Boote, war der Zieleinlauf spannend und knapp, die Anfeuerungsrufe der Fans vom Ufer und der anderen Teams auf dem Wasser entsprechend laut. Mit 0.8 Sekunden Vorsprung gewann dann leider der Lokalmatador aus Obwalden. Auf den R\u00e4ngen zwei und drei folgten KSWE Mixed I + II.<br \/>\nDurch die vielen Punkte die sich die KSWE-Teams in den tollen Rennen geholt haben, konnten wir auch zum dritten Mal in Folge den Wanderpokal als erfolgreichste Schule in der Gesamtwertung entgegen nehmen! Ersch\u00f6pft aber gl\u00fccklich, verluden wir die Boote wieder und machten uns auf den Heimweg.<\/p>\n<p>&nbsp;<\/p>\n<p>Unser gr\u00f6sster Dank richtet sich an den Ruderclub Baden und an Tobias Wullschleger! Sein unerm\u00fcdliches Engagement und seine Bereitschaft alle Teams zu verschiedenen Zeiten zu trainieren, ist unglaublich. Er machte aus jedem einzelnen einen soliden Ruderer und unterst\u00fctzte uns mit seinem breiten Fachwissen und den Tipps als Trainer. Ebenso richtet sich unser Dank nat\u00fcrlich an den ganzen RCB, der uns auch dieses Jahr mit Material und Infrastruktur Unterst\u00fctzung bot. Insbesondere geht der Dank auch an die Coaches Flurina Schuhmacher, Natacha Stuck, Jonas Glatthard und Iain Bruce, an die Steuerfrauen Nicole Bregenzer und Nuria Torre sowie an G\u00fcnter Kraut-Giesen f\u00fcr seine Unterst\u00fctzung beim Bootstransport f\u00fcr die grosse Wettinger Delegation.<\/p>\n<p>&nbsp;<\/p>\n<p>Wir hoffen, es werden sich auch n\u00e4chstes Jahr wieder viele f\u00fcr diesen tollen, vielseitigen Sport interessieren und das breit gef\u00e4cherte Ruder-Angebot an der Kanti Wettingen in Anspruch nehmen!<\/p>\n<p>&nbsp;<\/p>\n<p>Text: Robin Vital<br \/>\nFotos: Sabine Fl\u00fcck, Tobias Wullschleger[\/vc_column_text][\/vc_column][\/vc_row][vc_row row_type=&#8220;row&#8220; use_row_as_full_screen_section=&#8220;no&#8220; type=&#8220;full_width&#8220; text_align=&#8220;left&#8220; background_animation=&#8220;none&#8220; css_animation=&#8220;&#8220;][vc_column][vc_empty_space][\/vc_column][\/vc_row][vc_row row_type=&#8220;row&#8220; use_row_as_full_screen_section=&#8220;no&#8220; type=&#8220;full_width&#8220; text_align=&#8220;left&#8220; background_animation=&#8220;none&#8220; css_animation=&#8220;&#8220;][vc_column][vc_separator type=&#8220;normal&#8220; border_style=&#8220;&#8220;][\/vc_column][\/vc_row][vc_row row_type=&#8220;row&#8220; use_row_as_full_screen_section=&#8220;no&#8220; type=&#8220;full_width&#8220; text_align=&#8220;left&#8220; background_animation=&#8220;none&#8220; css_animation=&#8220;&#8220;][vc_column][vc_column_text]<\/p>\n<ul>\n<li style=\"text-align: left\"><a href=\"https:\/\/fs.kswe.ch\/spo\/mittelschulmeisterschaften\/\"><span style=\"color: #800000\">zur\u00fcck<\/span><\/a><\/li>\n<\/ul>\n<p>[\/vc_column_text][\/vc_column][\/vc_row][vc_row row_type=&#8220;row&#8220; use_row_as_full_screen_section=&#8220;no&#8220; type=&#8220;full_width&#8220; text_align=&#8220;left&#8220; background_animation=&#8220;none&#8220; css_animation=&#8220;&#8220;][vc_column][vc_empty_space height=&#8220;12px&#8220;][vc_separator type=&#8220;normal&#8220; border_style=&#8220;&#8220;][vc_empty_space height=&#8220;24px&#8220;][\/vc_column][\/vc_row][vc_row row_type=&#8220;row&#8220; use_row_as_full_screen_section=&#8220;no&#8220; type=&#8220;full_width&#8220; text_align=&#8220;left&#8220; background_animation=&#8220;none&#8220; css_animation=&#8220;&#8220;][vc_column][vc_empty_space height=&#8220;12px&#8220;][\/vc_column][\/vc_row][vc_row row_type=&#8220;row&#8220; use_row_as_full_screen_section=&#8220;no&#8220; type=&#8220;full_width&#8220; text_align=&#8220;left&#8220; background_animation=&#8220;none&#8220; css_animation=&#8220;&#8220;][vc_column][vc_gallery type=&#8220;image_grid&#8220; images=&#8220;9485,9484,9482,9480,9479,9478,9477,9476,9475,9474,9473,9472,9471,9470,9469,9468,9467,9465,9483,9464,9463,9462,9461,9466,9481&#8243; img_size=&#8220;full&#8220; onclick=&#8220;&#8220; column_number=&#8220;0&#8243; grayscale=&#8220;no&#8220; space_between_images=&#8220;no&#8220;][\/vc_column][\/vc_row][vc_row row_type=&#8220;row&#8220; use_row_as_full_screen_section=&#8220;no&#8220; type=&#8220;full_width&#8220; text_align=&#8220;left&#8220; background_animation=&#8220;none&#8220; css_animation=&#8220;&#8220;][vc_column][vc_empty_space height=&#8220;60px&#8220;][\/vc_column][\/vc_row]<\/p>\n<\/div>","protected":false},"excerpt":{"rendered":"<p>[vc_row row_type=&#8220;row&#8220; use_row_as_full_screen_section=&#8220;no&#8220; type=&#8220;full_width&#8220; text_align=&#8220;left&#8220; background_animation=&#8220;none&#8220; css_animation=&#8220;&#8220;][vc_column width=&#8220;2\/3&#8243;][vc_empty_space height=&#8220;24px&#8220;][vc_column_text]Schweizerische Mittelschulmeisterschaft 2016 [\/vc_column_text][\/vc_column][vc_column width=&#8220;1\/3&#8243;][\/vc_column][\/vc_row][vc_row row_type=&#8220;row&#8220; use_row_as_full_screen_section=&#8220;no&#8220; type=&#8220;full_width&#8220; text_align=&#8220;left&#8220; background_animation=&#8220;none&#8220; css_animation=&#8220;&#8220;][vc_column][vc_empty_space][\/vc_column][\/vc_row][vc_row row_type=&#8220;row&#8220; use_row_as_full_screen_section=&#8220;no&#8220; type=&#8220;full_width&#8220; text_align=&#8220;left&#8220; background_animation=&#8220;none&#8220; css_animation=&#8220;&#8220;][vc_column][vc_column_text]KSWE wird zum 3. Mal in Folge Schweizermeister! &nbsp; Kurz vor den Fr\u00fchlingsferien konnte man sich f\u00fcr die allj\u00e4hrlichen Schweizer Mittelschulmeisterschaften&#8230;<\/p>\n","protected":false},"author":10,"featured_media":0,"parent":0,"menu_order":0,"comment_status":"closed","ping_status":"closed","template":"","meta":{"footnotes":""},"class_list":["post-9375","page","type-page","status-publish","hentry"],"_links":{"self":[{"href":"https:\/\/fs.kswe.ch\/spo\/wp-json\/wp\/v2\/pages\/9375","targetHints":{"allow":["GET"]}}],"collection":[{"href":"https:\/\/fs.kswe.ch\/spo\/wp-json\/wp\/v2\/pages"}],"about":[{"href":"https:\/\/fs.kswe.ch\/spo\/wp-json\/wp\/v2\/types\/page"}],"author":[{"embeddable":true,"href":"https:\/\/fs.kswe.ch\/spo\/wp-json\/wp\/v2\/users\/10"}],"replies":[{"embeddable":true,"href":"https:\/\/fs.kswe.ch\/spo\/wp-json\/wp\/v2\/comments?post=9375"}],"version-history":[{"count":6,"href":"https:\/\/fs.kswe.ch\/spo\/wp-json\/wp\/v2\/pages\/9375\/revisions"}],"predecessor-version":[{"id":9486,"href":"https:\/\/fs.kswe.ch\/spo\/wp-json\/wp\/v2\/pages\/9375\/revisions\/9486"}],"wp:attachment":[{"href":"https:\/\/fs.kswe.ch\/spo\/wp-json\/wp\/v2\/media?parent=9375"}],"curies":[{"name":"wp","href":"https:\/\/api.w.org\/{rel}","templated":true}]}}