{"id":9348,"date":"2019-06-27T16:09:34","date_gmt":"2019-06-27T14:09:34","guid":{"rendered":"https:\/\/fs.kswe.ch\/spo\/?page_id=9348"},"modified":"2019-06-27T16:27:37","modified_gmt":"2019-06-27T14:27:37","slug":"msmvb08","status":"publish","type":"page","link":"https:\/\/fs.kswe.ch\/spo\/msmvb08\/","title":{"rendered":"MSMVB08"},"content":{"rendered":"<div class=\"wpb-content-wrapper\"><p>[vc_row row_type=&#8220;row&#8220; use_row_as_full_screen_section=&#8220;no&#8220; type=&#8220;full_width&#8220; text_align=&#8220;left&#8220; background_animation=&#8220;none&#8220; css_animation=&#8220;&#8220;][vc_column][vc_empty_space height=&#8220;24px&#8220;][vc_column_text]<em><strong>Mittelschulmeisterschaft Volleyball Damen 3. M\u00e4rz 2008<\/strong><\/em>[\/vc_column_text][\/vc_column][\/vc_row][vc_row row_type=&#8220;row&#8220; use_row_as_full_screen_section=&#8220;no&#8220; type=&#8220;full_width&#8220; text_align=&#8220;left&#8220; background_animation=&#8220;none&#8220; css_animation=&#8220;&#8220;][vc_column][vc_empty_space][\/vc_column][\/vc_row][vc_row row_type=&#8220;row&#8220; use_row_as_full_screen_section=&#8220;no&#8220; type=&#8220;full_width&#8220; text_align=&#8220;left&#8220; background_animation=&#8220;none&#8220; css_animation=&#8220;&#8220;][vc_column][vc_column_text]1. Rang Aargauische Mittelschulmeisterschaft 2008 in Aarau<\/p>\n<p>&nbsp;<\/p>\n<p>Herzliche Gratulation! Wir reisen nach Frauenfeld an die SM!!!<\/p>\n<p>&nbsp;<\/p>\n<p>Um 12.30h trafen wir in der Neuen Kanti in Aarau ein. Motiviert und bereit unseren letztj\u00e4hrigen Titel zu verteidigen, w\u00e4rmten wir uns in der Halle auf. Unsere ersten Gegnerinnen waren die Gastgeberinnen mit Heimvorteil. Dank k\u00e4mpferischem Einsatz, guten und druckvollen Anspielen konnten wir das erste der drei Vorrundenspiele doch klar mit 25:14 und 25:17 f\u00fcr uns entscheiden! R\u00e4tsch- d\u00e4tsch! Nach einer kurzen Pause, in der sogar Zeit blieb um Klatschhefte zu lesen, standen wir Wohlen gegen\u00fcber. Wir wussten, dass diese das erste Spiel gegen die Alte Kanti Aarau verloren hatten. Mit Respekt aber trotzdem einer gewissen Lockerheit und zwei neu eingewechselten Frauen auf unserer Seite gewannen wir das Spiel klar \u00fcberlegen mit 25:11 und 25:8! In der langen Pause wurden Vitamine gegessen und Energie f\u00fcr das letzte Vorrundenspiel getankt. Da die Alte Kanti ebenfalls beide Vorrundenspiele gewonnen hatte und somit beide Teams f\u00fcr das Finale qualifiziert waren, entschieden wir nur ein Entscheidungsspiel auf drei Gewinns\u00e4tze zu spielen. Das Niveau war sehr hoch, der Gegner stark im Gegensatz zu den ersten beiden. Nach 17 Minuten f\u00fchrten wir im 1. Satz mit 25:17. Im 2. Satz hatten wir mehr zu k\u00e4mpfen und der Gegner wurde im Angriff konsequenter und punktesicherer. Trotz starken Anspielen, guten und pr\u00e4zisen Angriffen und grossem Einsatz verloren wir nur knapp mit 26:24. Der 3. Satz verlief wieder zu unseren Gunsten und wir konnten die Aarauerinnen mit 25:21 bezwingen. Dank dem gewonnen 3. Satz fiel uns der 4. Satz viel einfacher und wir gewannen schlussendlich das Finale!<\/p>\n<p>&nbsp;<\/p>\n<p>Am 20. Mai werden wir nach Frauenfeld reisen und versuchen den 4. Platz vom letzten Jahr zu verbessern. R\u00e4tsch- d\u00e4tsch!<\/p>\n<p>&nbsp;<\/p>\n<p>F\u00fcr die Fachschaft Sport<br \/>\nNadja B\u00fcrgi[\/vc_column_text][\/vc_column][\/vc_row][vc_row row_type=&#8220;row&#8220; use_row_as_full_screen_section=&#8220;no&#8220; type=&#8220;full_width&#8220; text_align=&#8220;left&#8220; background_animation=&#8220;none&#8220; css_animation=&#8220;&#8220;][vc_column][vc_empty_space][\/vc_column][\/vc_row][vc_row row_type=&#8220;row&#8220; use_row_as_full_screen_section=&#8220;no&#8220; type=&#8220;full_width&#8220; text_align=&#8220;left&#8220; background_animation=&#8220;none&#8220; css_animation=&#8220;&#8220;][vc_column][vc_separator type=&#8220;normal&#8220; border_style=&#8220;&#8220;][\/vc_column][\/vc_row][vc_row row_type=&#8220;row&#8220; use_row_as_full_screen_section=&#8220;no&#8220; type=&#8220;full_width&#8220; text_align=&#8220;left&#8220; background_animation=&#8220;none&#8220; css_animation=&#8220;&#8220;][vc_column][vc_column_text]<\/p>\n<ul>\n<li style=\"text-align: left\"><a href=\"https:\/\/fs.kswe.ch\/spo\/mittelschulmeisterschaften\/\"><span style=\"color: #800000\">zur\u00fcck<\/span><\/a><\/li>\n<\/ul>\n<p>[\/vc_column_text][\/vc_column][\/vc_row][vc_row row_type=&#8220;row&#8220; use_row_as_full_screen_section=&#8220;no&#8220; type=&#8220;full_width&#8220; text_align=&#8220;left&#8220; background_animation=&#8220;none&#8220; css_animation=&#8220;&#8220;][vc_column][vc_empty_space height=&#8220;12px&#8220;][vc_separator type=&#8220;normal&#8220; border_style=&#8220;&#8220;][vc_empty_space height=&#8220;24px&#8220;][\/vc_column][\/vc_row][vc_row row_type=&#8220;row&#8220; use_row_as_full_screen_section=&#8220;no&#8220; type=&#8220;full_width&#8220; text_align=&#8220;left&#8220; background_animation=&#8220;none&#8220; css_animation=&#8220;&#8220;][vc_column][vc_empty_space height=&#8220;12px&#8220;][\/vc_column][\/vc_row][vc_row row_type=&#8220;row&#8220; use_row_as_full_screen_section=&#8220;no&#8220; type=&#8220;full_width&#8220; text_align=&#8220;left&#8220; background_animation=&#8220;none&#8220; css_animation=&#8220;&#8220;][vc_column width=&#8220;2\/3&#8243;][vc_gallery type=&#8220;image_grid&#8220; images=&#8220;9358&#8243; img_size=&#8220;full&#8220; onclick=&#8220;&#8220; column_number=&#8220;0&#8243; grayscale=&#8220;no&#8220; space_between_images=&#8220;no&#8220;][\/vc_column][vc_column width=&#8220;1\/3&#8243;][\/vc_column][\/vc_row][vc_row row_type=&#8220;row&#8220; use_row_as_full_screen_section=&#8220;no&#8220; type=&#8220;full_width&#8220; text_align=&#8220;left&#8220; background_animation=&#8220;none&#8220; css_animation=&#8220;&#8220;][vc_column][vc_empty_space height=&#8220;60px&#8220;][\/vc_column][\/vc_row]<\/p>\n<\/div>","protected":false},"excerpt":{"rendered":"<p>[vc_row row_type=&#8220;row&#8220; use_row_as_full_screen_section=&#8220;no&#8220; type=&#8220;full_width&#8220; text_align=&#8220;left&#8220; background_animation=&#8220;none&#8220; css_animation=&#8220;&#8220;][vc_column][vc_empty_space height=&#8220;24px&#8220;][vc_column_text]Mittelschulmeisterschaft Volleyball Damen 3. M\u00e4rz 2008[\/vc_column_text][\/vc_column][\/vc_row][vc_row row_type=&#8220;row&#8220; use_row_as_full_screen_section=&#8220;no&#8220; type=&#8220;full_width&#8220; text_align=&#8220;left&#8220; background_animation=&#8220;none&#8220; css_animation=&#8220;&#8220;][vc_column][vc_empty_space][\/vc_column][\/vc_row][vc_row row_type=&#8220;row&#8220; use_row_as_full_screen_section=&#8220;no&#8220; type=&#8220;full_width&#8220; text_align=&#8220;left&#8220; background_animation=&#8220;none&#8220; css_animation=&#8220;&#8220;][vc_column][vc_column_text]1. Rang Aargauische Mittelschulmeisterschaft 2008 in Aarau &nbsp; Herzliche Gratulation! Wir reisen nach Frauenfeld an die SM!!! &nbsp; Um 12.30h trafen&#8230;<\/p>\n","protected":false},"author":10,"featured_media":0,"parent":0,"menu_order":0,"comment_status":"closed","ping_status":"closed","template":"","meta":{"footnotes":""},"class_list":["post-9348","page","type-page","status-publish","hentry"],"_links":{"self":[{"href":"https:\/\/fs.kswe.ch\/spo\/wp-json\/wp\/v2\/pages\/9348","targetHints":{"allow":["GET"]}}],"collection":[{"href":"https:\/\/fs.kswe.ch\/spo\/wp-json\/wp\/v2\/pages"}],"about":[{"href":"https:\/\/fs.kswe.ch\/spo\/wp-json\/wp\/v2\/types\/page"}],"author":[{"embeddable":true,"href":"https:\/\/fs.kswe.ch\/spo\/wp-json\/wp\/v2\/users\/10"}],"replies":[{"embeddable":true,"href":"https:\/\/fs.kswe.ch\/spo\/wp-json\/wp\/v2\/comments?post=9348"}],"version-history":[{"count":5,"href":"https:\/\/fs.kswe.ch\/spo\/wp-json\/wp\/v2\/pages\/9348\/revisions"}],"predecessor-version":[{"id":9366,"href":"https:\/\/fs.kswe.ch\/spo\/wp-json\/wp\/v2\/pages\/9348\/revisions\/9366"}],"wp:attachment":[{"href":"https:\/\/fs.kswe.ch\/spo\/wp-json\/wp\/v2\/media?parent=9348"}],"curies":[{"name":"wp","href":"https:\/\/api.w.org\/{rel}","templated":true}]}}