{"id":9345,"date":"2019-06-27T16:06:02","date_gmt":"2019-06-27T14:06:02","guid":{"rendered":"https:\/\/fs.kswe.ch\/spo\/?page_id=9345"},"modified":"2019-06-27T16:26:45","modified_gmt":"2019-06-27T14:26:45","slug":"msmvb11","status":"publish","type":"page","link":"https:\/\/fs.kswe.ch\/spo\/msmvb11\/","title":{"rendered":"MSMVB11"},"content":{"rendered":"<div class=\"wpb-content-wrapper\"><p>[vc_row row_type=&#8220;row&#8220; use_row_as_full_screen_section=&#8220;no&#8220; type=&#8220;full_width&#8220; text_align=&#8220;left&#8220; background_animation=&#8220;none&#8220; css_animation=&#8220;&#8220;][vc_column][vc_empty_space height=&#8220;24px&#8220;][vc_column_text]<em><strong>Schweizerische Mittelschulmeisterschaft Volleyball Damen 28. M\u00e4rz 2011<\/strong><\/em>[\/vc_column_text][\/vc_column][\/vc_row][vc_row row_type=&#8220;row&#8220; use_row_as_full_screen_section=&#8220;no&#8220; type=&#8220;full_width&#8220; text_align=&#8220;left&#8220; background_animation=&#8220;none&#8220; css_animation=&#8220;&#8220;][vc_column][vc_empty_space][\/vc_column][\/vc_row][vc_row row_type=&#8220;row&#8220; use_row_as_full_screen_section=&#8220;no&#8220; type=&#8220;full_width&#8220; text_align=&#8220;left&#8220; background_animation=&#8220;none&#8220; css_animation=&#8220;&#8220;][vc_column][vc_column_text]<strong>Sensationeller 2.Rang!<\/strong><\/p>\n<p>&nbsp;<\/p>\n<p>An der Volleyball-Mittelschul-Schweizermeisterschaft der Frauen, welche zum zweiten Mal an der Alten Kanti Aarau ausgetragen wurde, hat unser Team den sensationellen 2. Rang erreicht.An der Schweizermeisterschaft mitspielen durften wir nur deshalb, weil das Turnier durch die Fachschaft Sport der Alten Kantonsschule Aarau organisiert wurde. Im kantonalen Qualifikationsturnier blieben die Vertreterinnen der Sportklasse aus Aarau im Final siegreich. Da sie aber als Veranstalter an diesem Turnier schon gesetzt waren, durften wir trotzdem an die Schweizermeisterschaften fahren. An dieser Stelle noch einmal einen herzlichen Dank an die Fachschaft Sport in Aarau f\u00fcr das hervorragend organisierte Turnier!<\/p>\n<p>&nbsp;<\/p>\n<p>Am Schweizermeisterschafts-Turnier haben wir uns dann von Spiel zu Spiel gesteigert. Wir begannen mit einem guten Spiel gegen die Vertreterinnen der Kanti Glarus und gewannen klar mit 2:0. Das zweite Spiel beendeten wir 1:1 gegen die Vertreterinnen der Sportschule aus Z\u00fcrich. Gegen die St.Gallerinnen konnten wir unser Spiel weiterhin verbessern und das Spiel klar mit 2:0 f\u00fcr uns entscheiden.<\/p>\n<p>&nbsp;<\/p>\n<p>Im dritten Spiel haben wir einige verschiede Konstellationen ausprobiert, was prompt dazu f\u00fchrte, dass wir den ersten Satz gegen die sehr k\u00e4mpferisch agierenden Walliserinnen verloren. Auch im zweiten Satz vermochten wir nicht zu reagieren, die Gegnerinnen aus dem Wallis verteidigten jeden Ball und wir wurden zusehends nerv\u00f6ser. Wir wussten zu diesem Zeitpunkt, dass ein gewonnener Satz zum Gruppensieg reichen w\u00fcrde. W\u00fcrden wir das Spiel verlieren, waren wir auf die Mithilfe der Glarnerinnen angewiesen, die im letzten Gruppenspiel auf die Favoritinnen aus Z\u00fcrich trafen. So kam es dann auch. Wir verloren den zweiten Satz gegen Wallis mit 25:23. Wir glaubten eigentlich nicht mehr an ein Weiterkommen, da die Z\u00fcrcherinnen die haushohen Favoriten waren und wir bei einem 2:0 f\u00fcr Z\u00fcrich als Gruppendritte ausgeschieden w\u00e4ren. Die Glarnerinnen k\u00e4mpften aber f\u00fcr uns um jeden Punkt und holten sich den zweiten Satz gegen Z\u00fcrich, was uns den 2. Gruppenrang einbrachte und das weiterkommen in die Viertelfinals!<\/p>\n<p>&nbsp;<\/p>\n<p>Nun wussten bei uns in der Mannschaft alle, dass wir keinen Ball auf die leichte Schulter nehmen k\u00f6nnen und wir spielten uns im Viertelfinale gegen die Titelverteidigerinnen aus Lausanne in einen richtigen Spielrausch und gewannen das Spiel mit 2:0.<br \/>\nIm Halbfinale standen uns nun die Tessinerinnen gegen\u00fcber, die lautstark von ihrer Herrenmannschaft unterst\u00fctz wurden. Einige Spielerinnen liessen sich dann auch anf\u00e4nglich von den h\u00fcbschen S\u00fcdl\u00e4ndern etwas ablenken und wir verloren den ersten Satz. Im zweiten und dritten Satz liessen wir aber nichts mehr anbrennen und spielten uns mit einem fast fehlerfreien Spiel in den Final!<\/p>\n<p>&nbsp;<\/p>\n<p>Finale! Das h\u00e4tte sich keine der Spielerinnen zu ertr\u00e4umen gewagt. Zusammen mit der etwas zu grossen Ehrfurcht vor dem Gegner (die Luzernerinnen traten mit gleich mehreren Nationalspielerinnen an), f\u00fchrte das zu einer klaren Niederlage im ersten Satz. Im zweiten Satz haben die Spielerinnen dann gemerkt, dass wir mit einer guten Mannschaftsleistung durchaus mit den Luzernerinnen mithalten konnten. Aber zu mehr als einem guten Satzresultat hat es dann doch nicht mehr gereicht. Wir verloren gegen die Luzernerinnen klar 2:0. Der Frust \u00fcber die Niederlage w\u00e4hrte aber nur kurz. Schon sehr bald wurde uns wieder bewusst, welch grossartige Leistung wir erbracht hatten! Schon bei der Heimreise war die Freude wieder riesen gross!<\/p>\n<p>&nbsp;<\/p>\n<p>Adi Probst[\/vc_column_text][\/vc_column][\/vc_row][vc_row row_type=&#8220;row&#8220; use_row_as_full_screen_section=&#8220;no&#8220; type=&#8220;full_width&#8220; text_align=&#8220;left&#8220; background_animation=&#8220;none&#8220; css_animation=&#8220;&#8220;][vc_column][vc_empty_space][\/vc_column][\/vc_row][vc_row row_type=&#8220;row&#8220; use_row_as_full_screen_section=&#8220;no&#8220; type=&#8220;full_width&#8220; text_align=&#8220;left&#8220; background_animation=&#8220;none&#8220; css_animation=&#8220;&#8220;][vc_column][vc_separator type=&#8220;normal&#8220; border_style=&#8220;&#8220;][\/vc_column][\/vc_row][vc_row row_type=&#8220;row&#8220; use_row_as_full_screen_section=&#8220;no&#8220; type=&#8220;full_width&#8220; text_align=&#8220;left&#8220; background_animation=&#8220;none&#8220; css_animation=&#8220;&#8220;][vc_column][vc_column_text]<\/p>\n<ul>\n<li style=\"text-align: left\"><a href=\"https:\/\/fs.kswe.ch\/spo\/mittelschulmeisterschaften\/\"><span style=\"color: #800000\">zur\u00fcck<\/span><\/a><\/li>\n<\/ul>\n<p>[\/vc_column_text][\/vc_column][\/vc_row][vc_row row_type=&#8220;row&#8220; use_row_as_full_screen_section=&#8220;no&#8220; type=&#8220;full_width&#8220; text_align=&#8220;left&#8220; background_animation=&#8220;none&#8220; css_animation=&#8220;&#8220;][vc_column][vc_empty_space height=&#8220;12px&#8220;][vc_separator type=&#8220;normal&#8220; border_style=&#8220;&#8220;][vc_empty_space height=&#8220;24px&#8220;][\/vc_column][\/vc_row][vc_row row_type=&#8220;row&#8220; use_row_as_full_screen_section=&#8220;no&#8220; type=&#8220;full_width&#8220; text_align=&#8220;left&#8220; background_animation=&#8220;none&#8220; css_animation=&#8220;&#8220;][vc_column][vc_empty_space height=&#8220;12px&#8220;][\/vc_column][\/vc_row][vc_row row_type=&#8220;row&#8220; use_row_as_full_screen_section=&#8220;no&#8220; type=&#8220;full_width&#8220; text_align=&#8220;left&#8220; background_animation=&#8220;none&#8220; css_animation=&#8220;&#8220;][vc_column width=&#8220;2\/3&#8243;][vc_gallery type=&#8220;image_grid&#8220; images=&#8220;9359&#8243; img_size=&#8220;full&#8220; onclick=&#8220;&#8220; column_number=&#8220;0&#8243; grayscale=&#8220;no&#8220; space_between_images=&#8220;no&#8220;][\/vc_column][vc_column width=&#8220;1\/3&#8243;][\/vc_column][\/vc_row][vc_row row_type=&#8220;row&#8220; use_row_as_full_screen_section=&#8220;no&#8220; type=&#8220;full_width&#8220; text_align=&#8220;left&#8220; background_animation=&#8220;none&#8220; css_animation=&#8220;&#8220;][vc_column][vc_empty_space height=&#8220;60px&#8220;][\/vc_column][\/vc_row]<\/p>\n<\/div>","protected":false},"excerpt":{"rendered":"<p>[vc_row row_type=&#8220;row&#8220; use_row_as_full_screen_section=&#8220;no&#8220; type=&#8220;full_width&#8220; text_align=&#8220;left&#8220; background_animation=&#8220;none&#8220; css_animation=&#8220;&#8220;][vc_column][vc_empty_space height=&#8220;24px&#8220;][vc_column_text]Schweizerische Mittelschulmeisterschaft Volleyball Damen 28. M\u00e4rz 2011[\/vc_column_text][\/vc_column][\/vc_row][vc_row row_type=&#8220;row&#8220; use_row_as_full_screen_section=&#8220;no&#8220; type=&#8220;full_width&#8220; text_align=&#8220;left&#8220; background_animation=&#8220;none&#8220; css_animation=&#8220;&#8220;][vc_column][vc_empty_space][\/vc_column][\/vc_row][vc_row row_type=&#8220;row&#8220; use_row_as_full_screen_section=&#8220;no&#8220; type=&#8220;full_width&#8220; text_align=&#8220;left&#8220; background_animation=&#8220;none&#8220; css_animation=&#8220;&#8220;][vc_column][vc_column_text]Sensationeller 2.Rang! &nbsp; An der Volleyball-Mittelschul-Schweizermeisterschaft der Frauen, welche zum zweiten Mal an der Alten Kanti Aarau ausgetragen wurde, hat&#8230;<\/p>\n","protected":false},"author":10,"featured_media":0,"parent":0,"menu_order":0,"comment_status":"closed","ping_status":"closed","template":"","meta":{"footnotes":""},"class_list":["post-9345","page","type-page","status-publish","hentry"],"_links":{"self":[{"href":"https:\/\/fs.kswe.ch\/spo\/wp-json\/wp\/v2\/pages\/9345","targetHints":{"allow":["GET"]}}],"collection":[{"href":"https:\/\/fs.kswe.ch\/spo\/wp-json\/wp\/v2\/pages"}],"about":[{"href":"https:\/\/fs.kswe.ch\/spo\/wp-json\/wp\/v2\/types\/page"}],"author":[{"embeddable":true,"href":"https:\/\/fs.kswe.ch\/spo\/wp-json\/wp\/v2\/users\/10"}],"replies":[{"embeddable":true,"href":"https:\/\/fs.kswe.ch\/spo\/wp-json\/wp\/v2\/comments?post=9345"}],"version-history":[{"count":3,"href":"https:\/\/fs.kswe.ch\/spo\/wp-json\/wp\/v2\/pages\/9345\/revisions"}],"predecessor-version":[{"id":9365,"href":"https:\/\/fs.kswe.ch\/spo\/wp-json\/wp\/v2\/pages\/9345\/revisions\/9365"}],"wp:attachment":[{"href":"https:\/\/fs.kswe.ch\/spo\/wp-json\/wp\/v2\/media?parent=9345"}],"curies":[{"name":"wp","href":"https:\/\/api.w.org\/{rel}","templated":true}]}}