{"id":9329,"date":"2019-06-27T15:42:32","date_gmt":"2019-06-27T13:42:32","guid":{"rendered":"https:\/\/fs.kswe.ch\/spo\/?page_id=9329"},"modified":"2019-06-27T15:53:07","modified_gmt":"2019-06-27T13:53:07","slug":"msmhb15","status":"publish","type":"page","link":"https:\/\/fs.kswe.ch\/spo\/msmhb15\/","title":{"rendered":"MSMHB15"},"content":{"rendered":"<div class=\"wpb-content-wrapper\"><p>[vc_row row_type=&#8220;row&#8220; use_row_as_full_screen_section=&#8220;no&#8220; type=&#8220;full_width&#8220; text_align=&#8220;left&#8220; background_animation=&#8220;none&#8220; css_animation=&#8220;&#8220;][vc_column width=&#8220;2\/3&#8243;][vc_empty_space height=&#8220;24px&#8220;][vc_column_text]<em><strong>Mittelschulmeisterschaften Handball &#8211; 6. Mai 2015<br \/>\n<\/strong><\/em>[\/vc_column_text][\/vc_column][vc_column width=&#8220;1\/3&#8243;][\/vc_column][\/vc_row][vc_row row_type=&#8220;row&#8220; use_row_as_full_screen_section=&#8220;no&#8220; type=&#8220;full_width&#8220; text_align=&#8220;left&#8220; background_animation=&#8220;none&#8220; css_animation=&#8220;&#8220;][vc_column][vc_empty_space][\/vc_column][\/vc_row][vc_row row_type=&#8220;row&#8220; use_row_as_full_screen_section=&#8220;no&#8220; type=&#8220;full_width&#8220; text_align=&#8220;left&#8220; background_animation=&#8220;none&#8220; css_animation=&#8220;&#8220;][vc_column][vc_column_text]Herzliche Gratulation dem Damenteam f\u00fcr den 2. \u2013 und dem Herrenteam f\u00fcr den 4. Rang<\/p>\n<p>&nbsp;<\/p>\n<p>Am Mittwoch 6. Mai fand die j\u00e4hrliche Mittelschulmeisterschaft Handball in Zofingen statt. Nachdem die KSWE letztes Jahr ausschliesslich ein Damenteam stellen konnte, reisten dieses Jahr wieder ein Herren- und ein Damenteam nach Zofingen. Ein Nachmittag lang wurde in den beiden Dreifachturnhallen in Zofingen attraktiver Handball auf hohem Niveau gespielt. Die Spielfreude und der Einsatz waren aussergew\u00f6hnlich und die Sportbegeisterung aller anwesenden Sch\u00fclerinnen und Sch\u00fcler der Aargauischen Mittelschulen war klar ersichtlich.<\/p>\n<p>&nbsp;<\/p>\n<p>Das Herrenteam hat das Turnier gegen die Alte KS Aarau mit einer knappen Niederlage er\u00f6ffnet. Die beiden darauffolgenden Spiele gegen Baden und Wohlen gingen klar an die Gegner. Die Wettinger Herren haben viele Torchancen ungenutzt gelassen und konnten nicht ihr volles Potential aussch\u00f6pfen. Im letzten Match gegen Zofingen zeigten die Spieler von Wettingen ihr K\u00f6nnen mit toll herausgespielten Chancen, guter Verteidigung, schnellen Gegenst\u00f6ssen und sicherten sich so den 4. Rang.<br \/>\nDas Damenteam aus Wettingen hat die ersten beiden Spiele gegen die Alte und die Neue KS Aarau souver\u00e4n gewonnen. Das Team zeigte ein tolles Zusammenspiel, eine gute Abwehr und sch\u00f6n herausgespielte Torchancen im Angriff. Bereits nach diesen beiden Siegen war klar, dass das Finale wie bereits letztes Jahr gegen das Team der KS Baden stattfinden w\u00fcrde. In den zwei spannenden Spielen gegen Baden waren die Titelverteidigerinnen den Gegnerinnen allerdings unterlegen. Zu viele B\u00e4lle auf dem Weg zum gegnerischen Tor wurden verhaspelt und einige sch\u00f6n herausgespielte Torchancen blieben ungenutzt. Das Damenteam der KSWE holte sich somit den verdienten 2. Rang und l\u00e4sst f\u00fcrs n\u00e4chste Jahr Raum nach oben offen.<br \/>\nHerzliche Gratulation an beide Teams, wir freuen uns aufs n\u00e4chste Jahr.<\/p>\n<p>&nbsp;<\/p>\n<p>F\u00fcr die Fachschaft Sport<br \/>\nLivia Fricker[\/vc_column_text][\/vc_column][\/vc_row][vc_row row_type=&#8220;row&#8220; use_row_as_full_screen_section=&#8220;no&#8220; type=&#8220;full_width&#8220; text_align=&#8220;left&#8220; background_animation=&#8220;none&#8220; css_animation=&#8220;&#8220;][vc_column][vc_empty_space][\/vc_column][\/vc_row][vc_row row_type=&#8220;row&#8220; use_row_as_full_screen_section=&#8220;no&#8220; type=&#8220;full_width&#8220; text_align=&#8220;left&#8220; background_animation=&#8220;none&#8220; css_animation=&#8220;&#8220;][vc_column][vc_separator type=&#8220;normal&#8220; border_style=&#8220;&#8220;][\/vc_column][\/vc_row][vc_row row_type=&#8220;row&#8220; use_row_as_full_screen_section=&#8220;no&#8220; type=&#8220;full_width&#8220; text_align=&#8220;left&#8220; background_animation=&#8220;none&#8220; css_animation=&#8220;&#8220;][vc_column][vc_column_text]<\/p>\n<ul>\n<li style=\"text-align: left\"><a href=\"https:\/\/fs.kswe.ch\/spo\/mittelschulmeisterschaften\/\"><span style=\"color: #800000\">zur\u00fcck<\/span><\/a><\/li>\n<\/ul>\n<p>[\/vc_column_text][\/vc_column][\/vc_row][vc_row row_type=&#8220;row&#8220; use_row_as_full_screen_section=&#8220;no&#8220; type=&#8220;full_width&#8220; text_align=&#8220;left&#8220; background_animation=&#8220;none&#8220; css_animation=&#8220;&#8220;][vc_column][vc_empty_space height=&#8220;12px&#8220;][vc_separator type=&#8220;normal&#8220; border_style=&#8220;&#8220;][vc_empty_space height=&#8220;24px&#8220;][\/vc_column][\/vc_row][vc_row row_type=&#8220;row&#8220; use_row_as_full_screen_section=&#8220;no&#8220; type=&#8220;full_width&#8220; text_align=&#8220;left&#8220; background_animation=&#8220;none&#8220; css_animation=&#8220;&#8220;][vc_column][vc_empty_space height=&#8220;12px&#8220;][\/vc_column][\/vc_row][vc_row row_type=&#8220;row&#8220; use_row_as_full_screen_section=&#8220;no&#8220; type=&#8220;full_width&#8220; text_align=&#8220;left&#8220; background_animation=&#8220;none&#8220; css_animation=&#8220;&#8220;][vc_column width=&#8220;2\/3&#8243;][vc_gallery type=&#8220;image_grid&#8220; images=&#8220;9335,9336&#8243; img_size=&#8220;full&#8220; onclick=&#8220;&#8220; column_number=&#8220;0&#8243; grayscale=&#8220;no&#8220; space_between_images=&#8220;no&#8220;][\/vc_column][vc_column width=&#8220;1\/3&#8243;][\/vc_column][\/vc_row][vc_row row_type=&#8220;row&#8220; use_row_as_full_screen_section=&#8220;no&#8220; type=&#8220;full_width&#8220; text_align=&#8220;left&#8220; background_animation=&#8220;none&#8220; css_animation=&#8220;&#8220;][vc_column][vc_empty_space height=&#8220;60px&#8220;][\/vc_column][\/vc_row]<\/p>\n<\/div>","protected":false},"excerpt":{"rendered":"<p>[vc_row row_type=&#8220;row&#8220; use_row_as_full_screen_section=&#8220;no&#8220; type=&#8220;full_width&#8220; text_align=&#8220;left&#8220; background_animation=&#8220;none&#8220; css_animation=&#8220;&#8220;][vc_column width=&#8220;2\/3&#8243;][vc_empty_space height=&#8220;24px&#8220;][vc_column_text]Mittelschulmeisterschaften Handball &#8211; 6. Mai 2015 [\/vc_column_text][\/vc_column][vc_column width=&#8220;1\/3&#8243;][\/vc_column][\/vc_row][vc_row row_type=&#8220;row&#8220; use_row_as_full_screen_section=&#8220;no&#8220; type=&#8220;full_width&#8220; text_align=&#8220;left&#8220; background_animation=&#8220;none&#8220; css_animation=&#8220;&#8220;][vc_column][vc_empty_space][\/vc_column][\/vc_row][vc_row row_type=&#8220;row&#8220; use_row_as_full_screen_section=&#8220;no&#8220; type=&#8220;full_width&#8220; text_align=&#8220;left&#8220; background_animation=&#8220;none&#8220; css_animation=&#8220;&#8220;][vc_column][vc_column_text]Herzliche Gratulation dem Damenteam f\u00fcr den 2. \u2013 und dem Herrenteam f\u00fcr den 4. Rang &nbsp; Am Mittwoch&#8230;<\/p>\n","protected":false},"author":10,"featured_media":0,"parent":0,"menu_order":0,"comment_status":"closed","ping_status":"closed","template":"","meta":{"footnotes":""},"class_list":["post-9329","page","type-page","status-publish","hentry"],"_links":{"self":[{"href":"https:\/\/fs.kswe.ch\/spo\/wp-json\/wp\/v2\/pages\/9329","targetHints":{"allow":["GET"]}}],"collection":[{"href":"https:\/\/fs.kswe.ch\/spo\/wp-json\/wp\/v2\/pages"}],"about":[{"href":"https:\/\/fs.kswe.ch\/spo\/wp-json\/wp\/v2\/types\/page"}],"author":[{"embeddable":true,"href":"https:\/\/fs.kswe.ch\/spo\/wp-json\/wp\/v2\/users\/10"}],"replies":[{"embeddable":true,"href":"https:\/\/fs.kswe.ch\/spo\/wp-json\/wp\/v2\/comments?post=9329"}],"version-history":[{"count":2,"href":"https:\/\/fs.kswe.ch\/spo\/wp-json\/wp\/v2\/pages\/9329\/revisions"}],"predecessor-version":[{"id":9337,"href":"https:\/\/fs.kswe.ch\/spo\/wp-json\/wp\/v2\/pages\/9329\/revisions\/9337"}],"wp:attachment":[{"href":"https:\/\/fs.kswe.ch\/spo\/wp-json\/wp\/v2\/media?parent=9329"}],"curies":[{"name":"wp","href":"https:\/\/api.w.org\/{rel}","templated":true}]}}