{"id":9187,"date":"2019-06-27T14:38:36","date_gmt":"2019-06-27T12:38:36","guid":{"rendered":"https:\/\/fs.kswe.ch\/spo\/?page_id=9187"},"modified":"2019-06-27T16:15:10","modified_gmt":"2019-06-27T14:15:10","slug":"msmbeach09","status":"publish","type":"page","link":"https:\/\/fs.kswe.ch\/spo\/msmbeach09\/","title":{"rendered":"MSMBeach09"},"content":{"rendered":"<div class=\"wpb-content-wrapper\"><p>[vc_row row_type=&#8220;row&#8220; use_row_as_full_screen_section=&#8220;no&#8220; type=&#8220;full_width&#8220; text_align=&#8220;left&#8220; background_animation=&#8220;none&#8220; css_animation=&#8220;&#8220;][vc_column width=&#8220;2\/3&#8243;][vc_empty_space height=&#8220;24px&#8220;][\/vc_column][vc_column width=&#8220;1\/3&#8243;][\/vc_column][\/vc_row][vc_row row_type=&#8220;row&#8220; use_row_as_full_screen_section=&#8220;no&#8220; type=&#8220;full_width&#8220; text_align=&#8220;left&#8220; background_animation=&#8220;none&#8220; css_animation=&#8220;&#8220;][vc_column][vc_column_text]<\/p>\n<div class=\"articleinfos\">\n<p><em><strong>Erste Beachvolleyball Mittelschulmeisterschaft in Wettingen<\/strong><\/em><\/p>\n<p>&nbsp;<\/p>\n<p>Die erste Mittelschulmeisterschaft im Beachvolleyball des Kantons Aargau fand an der Kantonsschule Wettingen statt. Am Dienstag, dem 1. September 2009 bzw. Freitag, dem 4. September 2009 k\u00e4mpften 7 Herren- sowie 8 Frauen-Teams um Ruhm und Ehre.<\/p>\n<p>&nbsp;<\/p>\n<p>Die motivierten Teams fanden sich um 12.30 Uhr nachmittags spiel- und siegeshungrig auf unseren erstklassigen Beachfeldern ein. Das M\u00e4nnerturnier konnte bei sch\u00f6nstem Sonnenschein und sommerlichen Temperaturen durchgef\u00fchrt werden, die Frauen k\u00e4mpften gegen wechselhaftes Regenwetter.<\/p>\n<p>&nbsp;<\/p>\n<p>Die Spiele konnten in einer friedlichen und fairen Atmosph\u00e4re stattfinden, obwohl einige Matches \u00e4usserst spannend und hart umk\u00e4mpft waren. Im Herrenfinal setzte sich das Team Studer\/Zimmermann von der Kantonsschule Baden gegen das Team B\u00e4rtschi\/Meili von der Alten Kanti Aarau durch. Bei den Frauen konnte das Team Pepe\/Mika den Final gegen das Team Skrzypczak\/Carellis, beide von der Alten Kanti Aarau, entscheiden.<\/p>\n<p>&nbsp;<\/p>\n<p>Die Fachschaft Sport gratuliert den Siegerteams herzlich und dankt allen f\u00fcr die fairen Spiele!<\/p>\n<p>&nbsp;<\/p>\n<p>Die Turnierleitung:<br \/>\nAdi Probst und Rico Hirschb\u00fchl<\/p>\n<p>&nbsp;<\/p>\n<\/div>\n<div class=\"articleend\"><\/div>\n<p>[\/vc_column_text][\/vc_column][\/vc_row][vc_row row_type=&#8220;row&#8220; use_row_as_full_screen_section=&#8220;no&#8220; type=&#8220;full_width&#8220; text_align=&#8220;left&#8220; background_animation=&#8220;none&#8220; css_animation=&#8220;&#8220;][vc_column][vc_empty_space][\/vc_column][\/vc_row][vc_row row_type=&#8220;row&#8220; use_row_as_full_screen_section=&#8220;no&#8220; type=&#8220;full_width&#8220; text_align=&#8220;left&#8220; background_animation=&#8220;none&#8220; css_animation=&#8220;&#8220;][vc_column][vc_separator type=&#8220;normal&#8220; border_style=&#8220;&#8220;][\/vc_column][\/vc_row][vc_row row_type=&#8220;row&#8220; use_row_as_full_screen_section=&#8220;no&#8220; type=&#8220;full_width&#8220; text_align=&#8220;left&#8220; background_animation=&#8220;none&#8220; css_animation=&#8220;&#8220;][vc_column][vc_column_text]<\/p>\n<ul>\n<li style=\"text-align: left\"><a href=\"https:\/\/fs.kswe.ch\/spo\/mittelschulmeisterschaften\/\"><span style=\"color: #800000\">zur\u00fcck<\/span><\/a><\/li>\n<\/ul>\n<p>[\/vc_column_text][\/vc_column][\/vc_row][vc_row row_type=&#8220;row&#8220; use_row_as_full_screen_section=&#8220;no&#8220; type=&#8220;full_width&#8220; text_align=&#8220;left&#8220; background_animation=&#8220;none&#8220; css_animation=&#8220;&#8220;][vc_column][vc_empty_space height=&#8220;12px&#8220;][vc_separator type=&#8220;normal&#8220; border_style=&#8220;&#8220;][vc_empty_space height=&#8220;24px&#8220;][\/vc_column][\/vc_row][vc_row row_type=&#8220;row&#8220; use_row_as_full_screen_section=&#8220;no&#8220; type=&#8220;full_width&#8220; text_align=&#8220;left&#8220; background_animation=&#8220;none&#8220; css_animation=&#8220;&#8220;][vc_column][vc_empty_space height=&#8220;12px&#8220;][\/vc_column][\/vc_row][vc_row row_type=&#8220;row&#8220; use_row_as_full_screen_section=&#8220;no&#8220; type=&#8220;full_width&#8220; text_align=&#8220;left&#8220; background_animation=&#8220;none&#8220; css_animation=&#8220;&#8220;][vc_column][vc_gallery type=&#8220;image_grid&#8220; images=&#8220;9200,9199,9198,9197,9196,9195,9194,9193,9192,9191,9190&#8243; img_size=&#8220;full&#8220; onclick=&#8220;&#8220; column_number=&#8220;0&#8243; grayscale=&#8220;no&#8220; space_between_images=&#8220;no&#8220;][\/vc_column][\/vc_row][vc_row row_type=&#8220;row&#8220; use_row_as_full_screen_section=&#8220;no&#8220; type=&#8220;full_width&#8220; text_align=&#8220;left&#8220; background_animation=&#8220;none&#8220; css_animation=&#8220;&#8220;][vc_column][vc_empty_space height=&#8220;60px&#8220;][\/vc_column][\/vc_row]<\/p>\n<\/div>","protected":false},"excerpt":{"rendered":"<p>[vc_row row_type=&#8220;row&#8220; use_row_as_full_screen_section=&#8220;no&#8220; type=&#8220;full_width&#8220; text_align=&#8220;left&#8220; background_animation=&#8220;none&#8220; css_animation=&#8220;&#8220;][vc_column width=&#8220;2\/3&#8243;][vc_empty_space height=&#8220;24px&#8220;][\/vc_column][vc_column width=&#8220;1\/3&#8243;][\/vc_column][\/vc_row][vc_row row_type=&#8220;row&#8220; use_row_as_full_screen_section=&#8220;no&#8220; type=&#8220;full_width&#8220; text_align=&#8220;left&#8220; background_animation=&#8220;none&#8220; css_animation=&#8220;&#8220;][vc_column][vc_column_text] Erste Beachvolleyball Mittelschulmeisterschaft in Wettingen &nbsp; Die erste Mittelschulmeisterschaft im Beachvolleyball des Kantons Aargau fand an der Kantonsschule Wettingen statt. Am Dienstag, dem 1. September 2009 bzw. Freitag, dem&#8230;<\/p>\n","protected":false},"author":10,"featured_media":0,"parent":0,"menu_order":0,"comment_status":"closed","ping_status":"closed","template":"","meta":{"footnotes":""},"class_list":["post-9187","page","type-page","status-publish","hentry"],"_links":{"self":[{"href":"https:\/\/fs.kswe.ch\/spo\/wp-json\/wp\/v2\/pages\/9187","targetHints":{"allow":["GET"]}}],"collection":[{"href":"https:\/\/fs.kswe.ch\/spo\/wp-json\/wp\/v2\/pages"}],"about":[{"href":"https:\/\/fs.kswe.ch\/spo\/wp-json\/wp\/v2\/types\/page"}],"author":[{"embeddable":true,"href":"https:\/\/fs.kswe.ch\/spo\/wp-json\/wp\/v2\/users\/10"}],"replies":[{"embeddable":true,"href":"https:\/\/fs.kswe.ch\/spo\/wp-json\/wp\/v2\/comments?post=9187"}],"version-history":[{"count":3,"href":"https:\/\/fs.kswe.ch\/spo\/wp-json\/wp\/v2\/pages\/9187\/revisions"}],"predecessor-version":[{"id":9356,"href":"https:\/\/fs.kswe.ch\/spo\/wp-json\/wp\/v2\/pages\/9187\/revisions\/9356"}],"wp:attachment":[{"href":"https:\/\/fs.kswe.ch\/spo\/wp-json\/wp\/v2\/media?parent=9187"}],"curies":[{"name":"wp","href":"https:\/\/api.w.org\/{rel}","templated":true}]}}