{"id":9182,"date":"2019-06-27T14:33:42","date_gmt":"2019-06-27T12:33:42","guid":{"rendered":"https:\/\/fs.kswe.ch\/spo\/?page_id=9182"},"modified":"2019-06-27T16:14:41","modified_gmt":"2019-06-27T14:14:41","slug":"msmbeach11","status":"publish","type":"page","link":"https:\/\/fs.kswe.ch\/spo\/msmbeach11\/","title":{"rendered":"MSMBeach11"},"content":{"rendered":"<div class=\"wpb-content-wrapper\"><p>[vc_row row_type=&#8220;row&#8220; use_row_as_full_screen_section=&#8220;no&#8220; type=&#8220;full_width&#8220; text_align=&#8220;left&#8220; background_animation=&#8220;none&#8220; css_animation=&#8220;&#8220;][vc_column width=&#8220;2\/3&#8243;][vc_empty_space height=&#8220;24px&#8220;][\/vc_column][vc_column width=&#8220;1\/3&#8243;][\/vc_column][\/vc_row][vc_row row_type=&#8220;row&#8220; use_row_as_full_screen_section=&#8220;no&#8220; type=&#8220;full_width&#8220; text_align=&#8220;left&#8220; background_animation=&#8220;none&#8220; css_animation=&#8220;&#8220;][vc_column][vc_column_text]<\/p>\n<div class=\"articleinfos\">\n<p><em><strong>Beachvolleyball Mittelschulmeisterschaft in Wettingen<\/strong><\/em><\/p>\n<p>&nbsp;<\/p>\n<p>Die kantonalen Mittelschulmeisterschaften im Beachvolleyball des Kantons Aargau fanden an der Kantonsschule Wettingen statt. Am Dienstag, dem <strong>30. August 2011<\/strong> bzw. <strong>Freitag, dem 2<\/strong>. <strong>September 2011<\/strong> k\u00e4mpften 6 Herren- und 7 Damenteams um Ruhm und Ehre. Die motivierten Teams fanden sich um 12.30 Uhr spiel- und siegeshungrig auf unseren erstklassigen Beachfeldern ein. Beide Turniere konnten bei optimalen Bedingungen, n\u00e4mlich sch\u00f6nstem Sonnenschein und sommerlichen Temperaturen, durchgef\u00fchrt werden.<\/p>\n<p>&nbsp;<\/p>\n<p>Das Niveau der Spiele\u00a0war auch dieses Jahr wieder gestiegen und die Partien waren ausgeglichen und spannend. Im Herrenfinale setzte sich das Team Erik Harksen\/Peer Karksen von der Alten Kanti Aarau gegen das Team Jonas Grillo\/Fabian Nart von der Kantonschule Wettingen durch.\u00a0Den hervorragenden dritten Rang konnte sich das zweite Wettinger Team Marco Walter\/Samuel Brown erspielen. Bei den Frauen\u00a0hat das Team Alina Wick\/Sara Winter der Alten Kanti Aarau das Finale gegen das Team Olivia Berner\/Janina K\u00e4stli Neue Kanti Aarau f\u00fcr sich entscheiden.<\/p>\n<p>&nbsp;<\/p>\n<p>Die Fachschaft Sport gratuliert den Siegerteams herzlich und dankt allen f\u00fcr die fairen Spiele!<\/p>\n<p>&nbsp;<\/p>\n<p>Die Turnierleitung:<br \/>\nAdi Probst und Rico Hirschb\u00fchl<\/p>\n<p>&nbsp;<\/p>\n<\/div>\n<div class=\"articleend\"><\/div>\n<p>[\/vc_column_text][\/vc_column][\/vc_row][vc_row row_type=&#8220;row&#8220; use_row_as_full_screen_section=&#8220;no&#8220; type=&#8220;full_width&#8220; text_align=&#8220;left&#8220; background_animation=&#8220;none&#8220; css_animation=&#8220;&#8220;][vc_column][vc_empty_space][\/vc_column][\/vc_row][vc_row row_type=&#8220;row&#8220; use_row_as_full_screen_section=&#8220;no&#8220; type=&#8220;full_width&#8220; text_align=&#8220;left&#8220; background_animation=&#8220;none&#8220; css_animation=&#8220;&#8220;][vc_column][vc_separator type=&#8220;normal&#8220; border_style=&#8220;&#8220;][\/vc_column][\/vc_row][vc_row row_type=&#8220;row&#8220; use_row_as_full_screen_section=&#8220;no&#8220; type=&#8220;full_width&#8220; text_align=&#8220;left&#8220; background_animation=&#8220;none&#8220; css_animation=&#8220;&#8220;][vc_column][vc_column_text]<\/p>\n<ul>\n<li style=\"text-align: left\"><a href=\"https:\/\/fs.kswe.ch\/spo\/mittelschulmeisterschaften\/\"><span style=\"color: #800000\">zur\u00fcck<\/span><\/a><\/li>\n<\/ul>\n<p>[\/vc_column_text][\/vc_column][\/vc_row][vc_row row_type=&#8220;row&#8220; use_row_as_full_screen_section=&#8220;no&#8220; type=&#8220;full_width&#8220; text_align=&#8220;left&#8220; background_animation=&#8220;none&#8220; css_animation=&#8220;&#8220;][vc_column][vc_empty_space height=&#8220;12px&#8220;][vc_separator type=&#8220;normal&#8220; border_style=&#8220;&#8220;][vc_empty_space height=&#8220;24px&#8220;][\/vc_column][\/vc_row][vc_row row_type=&#8220;row&#8220; use_row_as_full_screen_section=&#8220;no&#8220; type=&#8220;full_width&#8220; text_align=&#8220;left&#8220; background_animation=&#8220;none&#8220; css_animation=&#8220;&#8220;][vc_column][vc_empty_space height=&#8220;12px&#8220;][\/vc_column][\/vc_row][vc_row row_type=&#8220;row&#8220; use_row_as_full_screen_section=&#8220;no&#8220; type=&#8220;full_width&#8220; text_align=&#8220;left&#8220; background_animation=&#8220;none&#8220; css_animation=&#8220;&#8220;][vc_column][vc_gallery type=&#8220;image_grid&#8220; images=&#8220;9219,9218,9217,9216,9215,9214,9213,9211,9210,9209,9207,9206,9204,9202,9201,9205,9203&#8243; img_size=&#8220;full&#8220; onclick=&#8220;&#8220; column_number=&#8220;0&#8243; grayscale=&#8220;no&#8220; space_between_images=&#8220;no&#8220;][\/vc_column][\/vc_row][vc_row row_type=&#8220;row&#8220; use_row_as_full_screen_section=&#8220;no&#8220; type=&#8220;full_width&#8220; text_align=&#8220;left&#8220; background_animation=&#8220;none&#8220; css_animation=&#8220;&#8220;][vc_column][vc_empty_space height=&#8220;60px&#8220;][\/vc_column][\/vc_row]<\/p>\n<\/div>","protected":false},"excerpt":{"rendered":"<p>[vc_row row_type=&#8220;row&#8220; use_row_as_full_screen_section=&#8220;no&#8220; type=&#8220;full_width&#8220; text_align=&#8220;left&#8220; background_animation=&#8220;none&#8220; css_animation=&#8220;&#8220;][vc_column width=&#8220;2\/3&#8243;][vc_empty_space height=&#8220;24px&#8220;][\/vc_column][vc_column width=&#8220;1\/3&#8243;][\/vc_column][\/vc_row][vc_row row_type=&#8220;row&#8220; use_row_as_full_screen_section=&#8220;no&#8220; type=&#8220;full_width&#8220; text_align=&#8220;left&#8220; background_animation=&#8220;none&#8220; css_animation=&#8220;&#8220;][vc_column][vc_column_text] Beachvolleyball Mittelschulmeisterschaft in Wettingen &nbsp; Die kantonalen Mittelschulmeisterschaften im Beachvolleyball des Kantons Aargau fanden an der Kantonsschule Wettingen statt. Am Dienstag, dem 30. August 2011 bzw. Freitag, dem 2&#8230;.<\/p>\n","protected":false},"author":10,"featured_media":0,"parent":0,"menu_order":0,"comment_status":"closed","ping_status":"closed","template":"","meta":{"footnotes":""},"class_list":["post-9182","page","type-page","status-publish","hentry"],"_links":{"self":[{"href":"https:\/\/fs.kswe.ch\/spo\/wp-json\/wp\/v2\/pages\/9182","targetHints":{"allow":["GET"]}}],"collection":[{"href":"https:\/\/fs.kswe.ch\/spo\/wp-json\/wp\/v2\/pages"}],"about":[{"href":"https:\/\/fs.kswe.ch\/spo\/wp-json\/wp\/v2\/types\/page"}],"author":[{"embeddable":true,"href":"https:\/\/fs.kswe.ch\/spo\/wp-json\/wp\/v2\/users\/10"}],"replies":[{"embeddable":true,"href":"https:\/\/fs.kswe.ch\/spo\/wp-json\/wp\/v2\/comments?post=9182"}],"version-history":[{"count":5,"href":"https:\/\/fs.kswe.ch\/spo\/wp-json\/wp\/v2\/pages\/9182\/revisions"}],"predecessor-version":[{"id":9355,"href":"https:\/\/fs.kswe.ch\/spo\/wp-json\/wp\/v2\/pages\/9182\/revisions\/9355"}],"wp:attachment":[{"href":"https:\/\/fs.kswe.ch\/spo\/wp-json\/wp\/v2\/media?parent=9182"}],"curies":[{"name":"wp","href":"https:\/\/api.w.org\/{rel}","templated":true}]}}