{"id":9172,"date":"2019-06-27T14:22:22","date_gmt":"2019-06-27T12:22:22","guid":{"rendered":"https:\/\/fs.kswe.ch\/spo\/?page_id=9172"},"modified":"2019-06-27T16:13:10","modified_gmt":"2019-06-27T14:13:10","slug":"msmbeach14","status":"publish","type":"page","link":"https:\/\/fs.kswe.ch\/spo\/msmbeach14\/","title":{"rendered":"MSMBeach14"},"content":{"rendered":"<div class=\"wpb-content-wrapper\"><p>[vc_row row_type=&#8220;row&#8220; use_row_as_full_screen_section=&#8220;no&#8220; type=&#8220;full_width&#8220; text_align=&#8220;left&#8220; background_animation=&#8220;none&#8220; css_animation=&#8220;&#8220;][vc_column width=&#8220;2\/3&#8243;][vc_empty_space height=&#8220;24px&#8220;][\/vc_column][vc_column width=&#8220;1\/3&#8243;][\/vc_column][\/vc_row][vc_row row_type=&#8220;row&#8220; use_row_as_full_screen_section=&#8220;no&#8220; type=&#8220;full_width&#8220; text_align=&#8220;left&#8220; background_animation=&#8220;none&#8220; css_animation=&#8220;&#8220;][vc_column][vc_column_text]<\/p>\n<div class=\"articleinfos\">\n<p><em><strong>Beachvolleyball Mittelschulmeisterschaft in Wettingen<\/strong><\/em><\/p>\n<p>&nbsp;<\/p>\n<p>Die kantonalen Mittelschulmeisterschaften im Beachvolleyball des Kantons Aargau fanden an der Kantonsschule Wettingen statt. Am Dienstag, dem 2. September 2014 bzw. Freitag, dem 5. September 2014 k\u00e4mpften 4 Herren sowie 8 Frauen Teams um Ruhm und Ehre.<\/p>\n<p>&nbsp;<\/p>\n<p>Die motivierten Herren- und Frauen Teams fanden sich um 12.30 Uhr nachmittags spiel- und siegeshungrig auf unseren erstklassigen Beachfeldern ein. Beide Turniere konnten bei optimalen Beachvolleyballbedingungen durchgef\u00fchrt werden. Am Dienstag herrschte sch\u00f6nstes Sp\u00e4tsommer Wetter und am Freitag schien die Sonne zwischen zeitlich ebenfalls.<\/p>\n<p>&nbsp;<\/p>\n<p>Das Niveau der Spiele ist auch dieses Jahr wieder gestiegen und die Partien waren ausgeglichen und spannend. In beiden Finalspielen hiess die Begegnung Alte Kanti Aarau gegen Wettingen, wobei sich in beiden Spielen die Teams der alten Kanti durchsetzen konnten. Im Final des Frauenturniers besiegten die U17 Schweizermeisterin Rebekka Merkofer mit Paula Widmer Noemi Christen und Leana Mohr mit 2:0 S\u00e4tzen. Das zweite Wettinger Frauentaem Andrea Eggeling und Olivia Schneider beendeten das Turnier auf dem 6 Rang. Im M\u00e4nner Final schlugen Irian Mika und Mathias Jucker die Wettinger Elias Grillo und Oliver Spiess mit 2:0 S\u00e4tzen. Den kleinen Final gewann das zweite Wettinger Team Philipp Wieland und Marc Heer gegen die Badener Hirt\/Marighetti knapp mit 2:1 S\u00e4tzen.<\/p>\n<p>&nbsp;<\/p>\n<p>Die Fachschaft Sport gratuliert den Siegerteams herzlich und dankt allen f\u00fcr die fairen Spiele und die hervorragende Beachvolleyball Atmosph\u00e4re!<\/p>\n<p>&nbsp;<\/p>\n<p>Text: Adi Probst<\/p>\n<p>Photos: Simone Zuberb\u00fchler, Adi Probst<\/p>\n<\/div>\n<div class=\"articleend\"><\/div>\n<p>[\/vc_column_text][\/vc_column][\/vc_row][vc_row row_type=&#8220;row&#8220; use_row_as_full_screen_section=&#8220;no&#8220; type=&#8220;full_width&#8220; text_align=&#8220;left&#8220; background_animation=&#8220;none&#8220; css_animation=&#8220;&#8220;][vc_column][vc_empty_space][\/vc_column][\/vc_row][vc_row row_type=&#8220;row&#8220; use_row_as_full_screen_section=&#8220;no&#8220; type=&#8220;full_width&#8220; text_align=&#8220;left&#8220; background_animation=&#8220;none&#8220; css_animation=&#8220;&#8220;][vc_column][vc_separator type=&#8220;normal&#8220; border_style=&#8220;&#8220;][\/vc_column][\/vc_row][vc_row row_type=&#8220;row&#8220; use_row_as_full_screen_section=&#8220;no&#8220; type=&#8220;full_width&#8220; text_align=&#8220;left&#8220; background_animation=&#8220;none&#8220; css_animation=&#8220;&#8220;][vc_column][vc_column_text]<\/p>\n<ul>\n<li style=\"text-align: left\"><a href=\"https:\/\/fs.kswe.ch\/spo\/mittelschulmeisterschaften\/\"><span style=\"color: #800000\">zur\u00fcck<\/span><\/a><\/li>\n<\/ul>\n<p>[\/vc_column_text][\/vc_column][\/vc_row][vc_row row_type=&#8220;row&#8220; use_row_as_full_screen_section=&#8220;no&#8220; type=&#8220;full_width&#8220; text_align=&#8220;left&#8220; background_animation=&#8220;none&#8220; css_animation=&#8220;&#8220;][vc_column][vc_empty_space height=&#8220;12px&#8220;][vc_separator type=&#8220;normal&#8220; border_style=&#8220;&#8220;][vc_empty_space height=&#8220;24px&#8220;][\/vc_column][\/vc_row][vc_row row_type=&#8220;row&#8220; use_row_as_full_screen_section=&#8220;no&#8220; type=&#8220;full_width&#8220; text_align=&#8220;left&#8220; background_animation=&#8220;none&#8220; css_animation=&#8220;&#8220;][vc_column][vc_empty_space height=&#8220;12px&#8220;][\/vc_column][\/vc_row][vc_row row_type=&#8220;row&#8220; use_row_as_full_screen_section=&#8220;no&#8220; type=&#8220;full_width&#8220; text_align=&#8220;left&#8220; background_animation=&#8220;none&#8220; css_animation=&#8220;&#8220;][vc_column][vc_gallery type=&#8220;image_grid&#8220; images=&#8220;9265,9264,9263,9262&#8243; img_size=&#8220;full&#8220; onclick=&#8220;&#8220; column_number=&#8220;0&#8243; grayscale=&#8220;no&#8220; space_between_images=&#8220;no&#8220;][\/vc_column][\/vc_row][vc_row row_type=&#8220;row&#8220; use_row_as_full_screen_section=&#8220;no&#8220; type=&#8220;full_width&#8220; text_align=&#8220;left&#8220; background_animation=&#8220;none&#8220; css_animation=&#8220;&#8220;][vc_column][vc_empty_space height=&#8220;60px&#8220;][\/vc_column][\/vc_row]<\/p>\n<\/div>","protected":false},"excerpt":{"rendered":"<p>[vc_row row_type=&#8220;row&#8220; use_row_as_full_screen_section=&#8220;no&#8220; type=&#8220;full_width&#8220; text_align=&#8220;left&#8220; background_animation=&#8220;none&#8220; css_animation=&#8220;&#8220;][vc_column width=&#8220;2\/3&#8243;][vc_empty_space height=&#8220;24px&#8220;][\/vc_column][vc_column width=&#8220;1\/3&#8243;][\/vc_column][\/vc_row][vc_row row_type=&#8220;row&#8220; use_row_as_full_screen_section=&#8220;no&#8220; type=&#8220;full_width&#8220; text_align=&#8220;left&#8220; background_animation=&#8220;none&#8220; css_animation=&#8220;&#8220;][vc_column][vc_column_text] Beachvolleyball Mittelschulmeisterschaft in Wettingen &nbsp; Die kantonalen Mittelschulmeisterschaften im Beachvolleyball des Kantons Aargau fanden an der Kantonsschule Wettingen statt. Am Dienstag, dem 2. September 2014 bzw. Freitag, dem 5&#8230;.<\/p>\n","protected":false},"author":10,"featured_media":0,"parent":0,"menu_order":0,"comment_status":"closed","ping_status":"closed","template":"","meta":{"footnotes":""},"class_list":["post-9172","page","type-page","status-publish","hentry"],"_links":{"self":[{"href":"https:\/\/fs.kswe.ch\/spo\/wp-json\/wp\/v2\/pages\/9172","targetHints":{"allow":["GET"]}}],"collection":[{"href":"https:\/\/fs.kswe.ch\/spo\/wp-json\/wp\/v2\/pages"}],"about":[{"href":"https:\/\/fs.kswe.ch\/spo\/wp-json\/wp\/v2\/types\/page"}],"author":[{"embeddable":true,"href":"https:\/\/fs.kswe.ch\/spo\/wp-json\/wp\/v2\/users\/10"}],"replies":[{"embeddable":true,"href":"https:\/\/fs.kswe.ch\/spo\/wp-json\/wp\/v2\/comments?post=9172"}],"version-history":[{"count":4,"href":"https:\/\/fs.kswe.ch\/spo\/wp-json\/wp\/v2\/pages\/9172\/revisions"}],"predecessor-version":[{"id":9352,"href":"https:\/\/fs.kswe.ch\/spo\/wp-json\/wp\/v2\/pages\/9172\/revisions\/9352"}],"wp:attachment":[{"href":"https:\/\/fs.kswe.ch\/spo\/wp-json\/wp\/v2\/media?parent=9172"}],"curies":[{"name":"wp","href":"https:\/\/api.w.org\/{rel}","templated":true}]}}