{"id":9169,"date":"2019-06-27T14:19:53","date_gmt":"2019-06-27T12:19:53","guid":{"rendered":"https:\/\/fs.kswe.ch\/spo\/?page_id=9169"},"modified":"2019-06-27T14:50:27","modified_gmt":"2019-06-27T12:50:27","slug":"msmbeach15","status":"publish","type":"page","link":"https:\/\/fs.kswe.ch\/spo\/msmbeach15\/","title":{"rendered":"MSMBeach15"},"content":{"rendered":"<div class=\"wpb-content-wrapper\"><p>[vc_row row_type=&#8220;row&#8220; use_row_as_full_screen_section=&#8220;no&#8220; type=&#8220;full_width&#8220; text_align=&#8220;left&#8220; background_animation=&#8220;none&#8220; css_animation=&#8220;&#8220;][vc_column width=&#8220;2\/3&#8243;][vc_empty_space height=&#8220;24px&#8220;][\/vc_column][vc_column width=&#8220;1\/3&#8243;][\/vc_column][\/vc_row][vc_row row_type=&#8220;row&#8220; use_row_as_full_screen_section=&#8220;no&#8220; type=&#8220;full_width&#8220; text_align=&#8220;left&#8220; background_animation=&#8220;none&#8220; css_animation=&#8220;&#8220;][vc_column][vc_column_text]<\/p>\n<div class=\"articleinfos\">\n<p><strong>Meistertitel f\u00fcr Wettinger Frauen im Beachvolleyball<\/strong><\/p>\n<p>&nbsp;<\/p>\n<p>Die kantonalen Mittelschulmeisterschaften im Beachvolleyball des Kantons Aargau fanden an der Kantonsschule Wettingen statt. Am Dienstag, dem 1. September 2015 bzw. Freitag, dem 4. September 2015 k\u00e4mpften 6 Herren sowie 9 Frauen Teams um Ruhm und Ehre. Die motivierten Herren- und Frauen Teams fanden sich um 12.30 Uhr nachmittags spiel- und siegeshungrig auf unseren erstklassigen Beachfeldern ein. Am Dienstag spielte das Wetter bis zu den Finalspielen sehr gut mit. Die Finalspiele wurden dann leider bei str\u00f6mendem Regen gespielt. Am Freitag konnte das ganze Turnier bei herrlichem Sp\u00e4tsommer Wetter durchgef\u00fchrt werden.<\/p>\n<p>&nbsp;<\/p>\n<p>Bei den Herren hat zum ersten Mal ein Team der Kanti Wohlen mitgespielt (Staufer\/Hoffmann). Diese eroberten sich im Final gegen die Vertreter der Alten Kanti Aarau (Colombo\/H\u00fcrlimann) auch gleich den ersten Titel. Herzliche Gratulation an die Gewinner! Im Spiel um den 3ten Rang konnten wir ein spannendes Spiel der beiden Wettinger Teams verfolgen, welches im dritten Satz die letztj\u00e4hrigen zweiten Elias Grillo und Oliver Spiess f\u00fcr sich entscheiden konnten. Ihnen gelang die Revanche gegen Vivian St\u00f6ckli und Leander Hollinger, welche in den Gruppenspielen noch einen klaren Sieg erspielen konnten.<\/p>\n<p>&nbsp;<\/p>\n<p>Bei den Frauen setzten sich das Wettinger Frauenteam Noemi Christen und Leana Mohr im Final nach abgewehrtem Matchball gegen die Vertreterinnen der alten Kanti Aarau durch. (15:12, 13:15, 16:14). Herzliche Gratulation zu diesem Titelgewinn! Das zweite Wettinger Team Pia Ostertag und Delia Lendenmann beendeten das Turnier auf dem 7. Rang.<\/p>\n<p>&nbsp;<\/p>\n<p>Die Fachschaft Sport gratuliert den Siegerteams herzlich und dankt allen f\u00fcr die fairen Spiele und die hervorragende Beachvolleyball Atmosph\u00e4re!<\/p>\n<p>&nbsp;<\/p>\n<p>Text: Adi Probst<\/p>\n<p>Photos: Simone Zuberb\u00fchler<\/p>\n<\/div>\n<div class=\"articleend\"><\/div>\n<p>[\/vc_column_text][\/vc_column][\/vc_row][vc_row row_type=&#8220;row&#8220; use_row_as_full_screen_section=&#8220;no&#8220; type=&#8220;full_width&#8220; text_align=&#8220;left&#8220; background_animation=&#8220;none&#8220; css_animation=&#8220;&#8220;][vc_column][vc_empty_space][\/vc_column][\/vc_row][vc_row row_type=&#8220;row&#8220; use_row_as_full_screen_section=&#8220;no&#8220; type=&#8220;full_width&#8220; text_align=&#8220;left&#8220; background_animation=&#8220;none&#8220; css_animation=&#8220;&#8220;][vc_column][vc_separator type=&#8220;normal&#8220; border_style=&#8220;&#8220;][\/vc_column][\/vc_row][vc_row row_type=&#8220;row&#8220; use_row_as_full_screen_section=&#8220;no&#8220; type=&#8220;full_width&#8220; text_align=&#8220;left&#8220; background_animation=&#8220;none&#8220; css_animation=&#8220;&#8220;][vc_column][vc_column_text]<\/p>\n<ul>\n<li style=\"text-align: left\"><a href=\"https:\/\/fs.kswe.ch\/spo\/mittelschulmeisterschaften\/\"><span style=\"color: #800000\">zur\u00fcck<\/span><\/a><\/li>\n<\/ul>\n<p>[\/vc_column_text][\/vc_column][\/vc_row][vc_row row_type=&#8220;row&#8220; use_row_as_full_screen_section=&#8220;no&#8220; type=&#8220;full_width&#8220; text_align=&#8220;left&#8220; background_animation=&#8220;none&#8220; css_animation=&#8220;&#8220;][vc_column][vc_empty_space height=&#8220;12px&#8220;][vc_separator type=&#8220;normal&#8220; border_style=&#8220;&#8220;][vc_empty_space height=&#8220;24px&#8220;][\/vc_column][\/vc_row][vc_row row_type=&#8220;row&#8220; use_row_as_full_screen_section=&#8220;no&#8220; type=&#8220;full_width&#8220; text_align=&#8220;left&#8220; background_animation=&#8220;none&#8220; css_animation=&#8220;&#8220;][vc_column][vc_empty_space height=&#8220;12px&#8220;][\/vc_column][\/vc_row][vc_row row_type=&#8220;row&#8220; use_row_as_full_screen_section=&#8220;no&#8220; type=&#8220;full_width&#8220; text_align=&#8220;left&#8220; background_animation=&#8220;none&#8220; css_animation=&#8220;&#8220;][vc_column][vc_gallery type=&#8220;image_grid&#8220; images=&#8220;9283,9282,9281,9280,9279,9278,9277,9276,9275,9274,9273,9272,9271,9270,9269,9268,9267,9266&#8243; img_size=&#8220;full&#8220; onclick=&#8220;&#8220; column_number=&#8220;0&#8243; grayscale=&#8220;no&#8220; space_between_images=&#8220;no&#8220;][\/vc_column][\/vc_row][vc_row row_type=&#8220;row&#8220; use_row_as_full_screen_section=&#8220;no&#8220; type=&#8220;full_width&#8220; text_align=&#8220;left&#8220; background_animation=&#8220;none&#8220; css_animation=&#8220;&#8220;][vc_column][vc_empty_space height=&#8220;60px&#8220;][\/vc_column][\/vc_row]<\/p>\n<\/div>","protected":false},"excerpt":{"rendered":"<p>[vc_row row_type=&#8220;row&#8220; use_row_as_full_screen_section=&#8220;no&#8220; type=&#8220;full_width&#8220; text_align=&#8220;left&#8220; background_animation=&#8220;none&#8220; css_animation=&#8220;&#8220;][vc_column width=&#8220;2\/3&#8243;][vc_empty_space height=&#8220;24px&#8220;][\/vc_column][vc_column width=&#8220;1\/3&#8243;][\/vc_column][\/vc_row][vc_row row_type=&#8220;row&#8220; use_row_as_full_screen_section=&#8220;no&#8220; type=&#8220;full_width&#8220; text_align=&#8220;left&#8220; background_animation=&#8220;none&#8220; css_animation=&#8220;&#8220;][vc_column][vc_column_text] Meistertitel f\u00fcr Wettinger Frauen im Beachvolleyball &nbsp; Die kantonalen Mittelschulmeisterschaften im Beachvolleyball des Kantons Aargau fanden an der Kantonsschule Wettingen statt. Am Dienstag, dem 1. September 2015 bzw. Freitag,&#8230;<\/p>\n","protected":false},"author":10,"featured_media":0,"parent":0,"menu_order":0,"comment_status":"closed","ping_status":"closed","template":"","meta":{"footnotes":""},"class_list":["post-9169","page","type-page","status-publish","hentry"],"_links":{"self":[{"href":"https:\/\/fs.kswe.ch\/spo\/wp-json\/wp\/v2\/pages\/9169","targetHints":{"allow":["GET"]}}],"collection":[{"href":"https:\/\/fs.kswe.ch\/spo\/wp-json\/wp\/v2\/pages"}],"about":[{"href":"https:\/\/fs.kswe.ch\/spo\/wp-json\/wp\/v2\/types\/page"}],"author":[{"embeddable":true,"href":"https:\/\/fs.kswe.ch\/spo\/wp-json\/wp\/v2\/users\/10"}],"replies":[{"embeddable":true,"href":"https:\/\/fs.kswe.ch\/spo\/wp-json\/wp\/v2\/comments?post=9169"}],"version-history":[{"count":2,"href":"https:\/\/fs.kswe.ch\/spo\/wp-json\/wp\/v2\/pages\/9169\/revisions"}],"predecessor-version":[{"id":9294,"href":"https:\/\/fs.kswe.ch\/spo\/wp-json\/wp\/v2\/pages\/9169\/revisions\/9294"}],"wp:attachment":[{"href":"https:\/\/fs.kswe.ch\/spo\/wp-json\/wp\/v2\/media?parent=9169"}],"curies":[{"name":"wp","href":"https:\/\/api.w.org\/{rel}","templated":true}]}}