{"id":9060,"date":"2019-06-27T00:11:53","date_gmt":"2019-06-26T22:11:53","guid":{"rendered":"https:\/\/fs.kswe.ch\/spo\/?page_id=9060"},"modified":"2019-06-27T00:11:53","modified_gmt":"2019-06-26T22:11:53","slug":"fussballturnier07","status":"publish","type":"page","link":"https:\/\/fs.kswe.ch\/spo\/fussballturnier07\/","title":{"rendered":"Fussballturnier2007"},"content":{"rendered":"<div class=\"wpb-content-wrapper\"><p>[vc_row row_type=&#8220;row&#8220; use_row_as_full_screen_section=&#8220;no&#8220; type=&#8220;full_width&#8220; text_align=&#8220;left&#8220; background_animation=&#8220;none&#8220; css_animation=&#8220;&#8220;][vc_column width=&#8220;2\/3&#8243;][vc_empty_space height=&#8220;24px&#8220;][vc_column_text]<em><strong>Fussballturnier 17. November 2007<br \/>\n<\/strong><\/em>[\/vc_column_text][\/vc_column][vc_column width=&#8220;1\/3&#8243;][\/vc_column][\/vc_row][vc_row row_type=&#8220;row&#8220; use_row_as_full_screen_section=&#8220;no&#8220; type=&#8220;full_width&#8220; text_align=&#8220;left&#8220; background_animation=&#8220;none&#8220; css_animation=&#8220;&#8220;][vc_column][vc_empty_space][\/vc_column][\/vc_row][vc_row row_type=&#8220;row&#8220; use_row_as_full_screen_section=&#8220;no&#8220; type=&#8220;full_width&#8220; text_align=&#8220;left&#8220; background_animation=&#8220;none&#8220; css_animation=&#8220;&#8220;][vc_column][vc_column_text]Im Rahmen der Samstagmorgen-Spielturniere fand am Samstag, dem 17. November 2007, das traditionelle Hallenfussballturnier statt.<\/p>\n<p>&nbsp;<\/p>\n<p>Aufgrund r\u00fcckl\u00e4ufiger Anmeldungen wurde der Turniermodus f\u00fcr dieses Jahr abge\u00e4ndert. Die 2 Damenteams spielten ebenfalls gegen die 5 Herrenteams &#8211; alle k\u00e4mpften so gegen alle mit dem runden Leder um Tore und Punkte. Die Frauen schlugen sich gut, spielten sch\u00f6nen Fussball, mussten sich aber schlussendlich den Herrenteams geschlagen geben. Regelanpassungen m\u00fcssten f\u00fcr ein n\u00e4chstes Mal in Betracht gezogen werden.<\/p>\n<p>&nbsp;<\/p>\n<p>Die Spiele konnten in einer friedlichen und fairen Atmosph\u00e4re stattfinden, obwohl einige Matches \u00e4usserst spannend und hart umk\u00e4mpft waren. Der kleine Final um Platz 3 und 4 zwischen &#8222;Fc Brat&#8220; (G1A) und &#8222;xy&amp;x&#8220; (G2A) entschieden die Erstkl\u00e4ssler mit einem Tor mehr zu ihren Gunsten. Erw\u00e4hnenswert dabei, dass vier von f\u00fcnf Toren der arg dezimierten &#8222;xy&amp;x&#8220; durch die zwei besten Frauen des Turnieres geschossen wurden. Im Finalspiel setzten sich wie erwartet die Vorrundensieger &#8222;Red Devils&#8220; (G2G) gegen die &#8222;Joga Bonito&#8220; (G2F) mit dem Brasil-Power Duo durch. Das beste Damenteam stellten die &#8222;Goofys&#8220;, auch schon Siegerinnen des letztj\u00e4hrigen Damenturniers.<\/p>\n<p>&nbsp;<\/p>\n<p>Die Fachschaft Sport gratuliert dem Siegerteam herzlich und dankt allen f\u00fcr die fairen Spiele! Bleibt zu hoffen, dass im n\u00e4chsten Jahr wieder einige Teams mehr die Gelegenheit des KSWE Plauschfussballturnieres nutzen.<\/p>\n<p>&nbsp;<\/p>\n<p>Die Turnierleitung:<br \/>\nRico Hirschb\u00fchl und Lukas Binggeli[\/vc_column_text][\/vc_column][\/vc_row][vc_row row_type=&#8220;row&#8220; use_row_as_full_screen_section=&#8220;no&#8220; type=&#8220;full_width&#8220; text_align=&#8220;left&#8220; background_animation=&#8220;none&#8220; css_animation=&#8220;&#8220;][vc_column][vc_empty_space][\/vc_column][\/vc_row][vc_row row_type=&#8220;row&#8220; use_row_as_full_screen_section=&#8220;no&#8220; type=&#8220;full_width&#8220; text_align=&#8220;left&#8220; background_animation=&#8220;none&#8220; css_animation=&#8220;&#8220;][vc_column][vc_separator type=&#8220;normal&#8220; border_style=&#8220;&#8220;][\/vc_column][\/vc_row][vc_row row_type=&#8220;row&#8220; use_row_as_full_screen_section=&#8220;no&#8220; type=&#8220;full_width&#8220; text_align=&#8220;left&#8220; background_animation=&#8220;none&#8220; css_animation=&#8220;&#8220;][vc_column][vc_column_text]<\/p>\n<ul>\n<li style=\"text-align: left\"><a href=\"https:\/\/fs.kswe.ch\/spo\/spielturniere\/\"><span style=\"color: #800000\">zur\u00fcck<\/span><\/a><\/li>\n<\/ul>\n<p>[\/vc_column_text][\/vc_column][\/vc_row][vc_row row_type=&#8220;row&#8220; use_row_as_full_screen_section=&#8220;no&#8220; type=&#8220;full_width&#8220; text_align=&#8220;left&#8220; background_animation=&#8220;none&#8220; css_animation=&#8220;&#8220;][vc_column][vc_empty_space height=&#8220;12px&#8220;][vc_separator type=&#8220;normal&#8220; border_style=&#8220;&#8220;][vc_empty_space height=&#8220;24px&#8220;][\/vc_column][\/vc_row][vc_row row_type=&#8220;row&#8220; use_row_as_full_screen_section=&#8220;no&#8220; type=&#8220;full_width&#8220; text_align=&#8220;left&#8220; background_animation=&#8220;none&#8220; css_animation=&#8220;&#8220;][vc_column][vc_empty_space height=&#8220;12px&#8220;][\/vc_column][\/vc_row][vc_row row_type=&#8220;row&#8220; use_row_as_full_screen_section=&#8220;no&#8220; type=&#8220;full_width&#8220; text_align=&#8220;left&#8220; background_animation=&#8220;none&#8220; css_animation=&#8220;&#8220;][vc_column width=&#8220;1\/2&#8243;][vc_gallery type=&#8220;image_grid&#8220; images=&#8220;8897,8896,8895,8894&#8243; img_size=&#8220;full&#8220; onclick=&#8220;&#8220; column_number=&#8220;0&#8243; grayscale=&#8220;no&#8220; space_between_images=&#8220;no&#8220;][\/vc_column][vc_column width=&#8220;1\/2&#8243;][\/vc_column][\/vc_row][vc_row row_type=&#8220;row&#8220; use_row_as_full_screen_section=&#8220;no&#8220; type=&#8220;full_width&#8220; text_align=&#8220;left&#8220; background_animation=&#8220;none&#8220; css_animation=&#8220;&#8220;][vc_column][vc_empty_space height=&#8220;60px&#8220;][\/vc_column][\/vc_row]<\/p>\n<\/div>","protected":false},"excerpt":{"rendered":"<p>[vc_row row_type=&#8220;row&#8220; use_row_as_full_screen_section=&#8220;no&#8220; type=&#8220;full_width&#8220; text_align=&#8220;left&#8220; background_animation=&#8220;none&#8220; css_animation=&#8220;&#8220;][vc_column width=&#8220;2\/3&#8243;][vc_empty_space height=&#8220;24px&#8220;][vc_column_text]Fussballturnier 17. November 2007 [\/vc_column_text][\/vc_column][vc_column width=&#8220;1\/3&#8243;][\/vc_column][\/vc_row][vc_row row_type=&#8220;row&#8220; use_row_as_full_screen_section=&#8220;no&#8220; type=&#8220;full_width&#8220; text_align=&#8220;left&#8220; background_animation=&#8220;none&#8220; css_animation=&#8220;&#8220;][vc_column][vc_empty_space][\/vc_column][\/vc_row][vc_row row_type=&#8220;row&#8220; use_row_as_full_screen_section=&#8220;no&#8220; type=&#8220;full_width&#8220; text_align=&#8220;left&#8220; background_animation=&#8220;none&#8220; css_animation=&#8220;&#8220;][vc_column][vc_column_text]Im Rahmen der Samstagmorgen-Spielturniere fand am Samstag, dem 17. November 2007, das traditionelle Hallenfussballturnier statt. &nbsp; Aufgrund r\u00fcckl\u00e4ufiger Anmeldungen wurde&#8230;<\/p>\n","protected":false},"author":10,"featured_media":0,"parent":0,"menu_order":0,"comment_status":"closed","ping_status":"closed","template":"","meta":{"footnotes":""},"class_list":["post-9060","page","type-page","status-publish","hentry"],"_links":{"self":[{"href":"https:\/\/fs.kswe.ch\/spo\/wp-json\/wp\/v2\/pages\/9060","targetHints":{"allow":["GET"]}}],"collection":[{"href":"https:\/\/fs.kswe.ch\/spo\/wp-json\/wp\/v2\/pages"}],"about":[{"href":"https:\/\/fs.kswe.ch\/spo\/wp-json\/wp\/v2\/types\/page"}],"author":[{"embeddable":true,"href":"https:\/\/fs.kswe.ch\/spo\/wp-json\/wp\/v2\/users\/10"}],"replies":[{"embeddable":true,"href":"https:\/\/fs.kswe.ch\/spo\/wp-json\/wp\/v2\/comments?post=9060"}],"version-history":[{"count":1,"href":"https:\/\/fs.kswe.ch\/spo\/wp-json\/wp\/v2\/pages\/9060\/revisions"}],"predecessor-version":[{"id":9061,"href":"https:\/\/fs.kswe.ch\/spo\/wp-json\/wp\/v2\/pages\/9060\/revisions\/9061"}],"wp:attachment":[{"href":"https:\/\/fs.kswe.ch\/spo\/wp-json\/wp\/v2\/media?parent=9060"}],"curies":[{"name":"wp","href":"https:\/\/api.w.org\/{rel}","templated":true}]}}