{"id":9039,"date":"2019-06-26T23:55:05","date_gmt":"2019-06-26T21:55:05","guid":{"rendered":"https:\/\/fs.kswe.ch\/spo\/?page_id=9039"},"modified":"2019-06-26T23:57:47","modified_gmt":"2019-06-26T21:57:47","slug":"fussballturnier10","status":"publish","type":"page","link":"https:\/\/fs.kswe.ch\/spo\/fussballturnier10\/","title":{"rendered":"Fussballturnier2010"},"content":{"rendered":"<div class=\"wpb-content-wrapper\"><p>[vc_row row_type=&#8220;row&#8220; use_row_as_full_screen_section=&#8220;no&#8220; type=&#8220;full_width&#8220; text_align=&#8220;left&#8220; background_animation=&#8220;none&#8220; css_animation=&#8220;&#8220;][vc_column width=&#8220;2\/3&#8243;][vc_empty_space height=&#8220;24px&#8220;][vc_column_text]<em><strong>Fussballturnier 13. November 2010<br \/>\n<\/strong><\/em>[\/vc_column_text][\/vc_column][vc_column width=&#8220;1\/3&#8243;][\/vc_column][\/vc_row][vc_row row_type=&#8220;row&#8220; use_row_as_full_screen_section=&#8220;no&#8220; type=&#8220;full_width&#8220; text_align=&#8220;left&#8220; background_animation=&#8220;none&#8220; css_animation=&#8220;&#8220;][vc_column][vc_empty_space][\/vc_column][\/vc_row][vc_row row_type=&#8220;row&#8220; use_row_as_full_screen_section=&#8220;no&#8220; type=&#8220;full_width&#8220; text_align=&#8220;left&#8220; background_animation=&#8220;none&#8220; css_animation=&#8220;&#8220;][vc_column][vc_column_text]Im Rahmen der internen Spielturniere fand am Samstag, dem 13. November 2010, das traditionelle Hallenfussballturnier statt. Besonders erfreulich war die auf 16 Teams angestiegene Zahl an Fussballteams. Daf\u00fcr waren v.a. auch die drei Frauenmannschaften verantwortlich, welche nach mehreren Jahren Unterbruch erstmals wieder ein kleines Turnier in dieser Kategorie erm\u00f6glichten. Den teilnehmenden Damenteams gilt deshalb ein besonderer Applaus!<\/p>\n<p>&nbsp;<\/p>\n<p>Bereits um 8.30 Uhr \u00f6ffneten sich die T\u00fcren der Turnhallen unserer Schule. Nach dem Aufw\u00e4rmen startete das Turnier der Herren p\u00fcnktlich um 9 Uhr. Mit viel Engagement, Motivation und (teilweise fast zu) grossem Ehrgeiz, k\u00e4mpften die Fussballer in den Morgenstunden um jeden Punkt. So wie es sich eben bei hochstehenden Fussballspielen auf internationaler Ebene geh\u00f6rt&#8230; ;o)<\/p>\n<p>&nbsp;<\/p>\n<p>Die drei Frauenteams kamen ab 10.45 Uhr auf ihre Kosten, waren jedoch teilweise (um sich wohl mental auf das Kommende vorzubereiten) schon zwei Stunden vorher im Sporttenue bereit. Auch sie zeigten in ihren Spielen vollen Einsatz und schienen Spass am Turnier zu haben. Das beste Frauenteam, aus den Klassen G2A und G2D, konnte sich zum Abschluss noch mit einem Herrenteam messen. Trotz der nun st\u00e4rkeren Gegner mussten sie auch in diesem Spiel das Feld nicht torlos verlassen. An dieser Stelle ganz herzliche Gratulation den Siegerinnen des Frauenfussballturniers!<\/p>\n<p>&nbsp;<\/p>\n<p>Auch in diesem Jahr mischte bei den Herren wieder ein Team aus Angestellten und Lehrern mit, und dies wiederum sehr erfolgreich. Nach fast jedem Spiel durften sie als Sieger vom Feld gehen. So standen sie schliesslich zusammen mit dem Team G2G (verst\u00e4rkt durch G4B) im Finale des Turniers. Letztere konnten sich beim \u00e4usserst spannenden und hart umk\u00e4mpften Spiel gegen das Krombacher Lager (G3G, G2A, G3E) den Einzug ins Finale sichern. Nachdem das Ausgleichstor zum 3:3 in letzter Minute fiel, kam es zum Penaltyschiessen, welches das Team G2G knapp f\u00fcr sich entscheiden konnte. Das Krombacher Lager spielten demnach um Platz 3 und 4, Gegner war dabei das Team La Squadra (F3B, F3C). Den Podestplatz erk\u00e4mpften sich Letztere.<\/p>\n<p>&nbsp;<\/p>\n<p>Im Finalspiel gelang dem Sch\u00fclerteam G2G bereits zu Beginn der F\u00fchrungstreffer. Doch das Team Lehrer &amp; Angestellte liess sich nicht aus dem Konzept bringen, glich bald zum 1:1 aus und konnte danach mit dem 2:1 die F\u00fchrung \u00fcbernehmen. Doch aufgrund der ausgeglichenen Teams blieb es weiterhin spannend, bis schliesslich ein Lehrer kurz vor Schluss das entscheidende 3:1 schoss.<\/p>\n<p>&nbsp;<\/p>\n<p>Den Siegespreis in Form eines prall gef\u00fcllten Korbes mit allen Lebensmitteln f\u00fcr ein feines gemeinsames Fondueessen \u00fcberliess das Lehrer- und Angestelltenteam den Sch\u00fclern. Auch die zwei n\u00e4chstplatzierten Teams und das Siegerteam der Frauen erhielten gut gef\u00fcllte K\u00f6rbe, welche sie sich mit viel Einsatz verdient hatten. Die Fachschaft Sport gratuliert auch dem Siegerteam der M\u00e4nner ganz herzlich und dankt allen teilnehmenden Frauen- und Herrenteams f\u00fcr die guten Spiele!<\/p>\n<p>&nbsp;<\/p>\n<p>Die Turnierleitung: Lukas Binggeli und Manuela Jehle<\/p>\n<div class=\"articleend\"><\/div>\n<p>[\/vc_column_text][\/vc_column][\/vc_row][vc_row row_type=&#8220;row&#8220; use_row_as_full_screen_section=&#8220;no&#8220; type=&#8220;full_width&#8220; text_align=&#8220;left&#8220; background_animation=&#8220;none&#8220; css_animation=&#8220;&#8220;][vc_column][vc_empty_space][\/vc_column][\/vc_row][vc_row row_type=&#8220;row&#8220; use_row_as_full_screen_section=&#8220;no&#8220; type=&#8220;full_width&#8220; text_align=&#8220;left&#8220; background_animation=&#8220;none&#8220; css_animation=&#8220;&#8220;][vc_column][vc_column_text]<\/p>\n<ul>\n<li style=\"text-align: left\"><a href=\"https:\/\/fs.kswe.ch\/spo\/spielturniere\/\"><span style=\"color: #800000\">zur\u00fcck<\/span><\/a><\/li>\n<\/ul>\n<p>[\/vc_column_text][\/vc_column][\/vc_row][vc_row row_type=&#8220;row&#8220; use_row_as_full_screen_section=&#8220;no&#8220; type=&#8220;full_width&#8220; text_align=&#8220;left&#8220; background_animation=&#8220;none&#8220; css_animation=&#8220;&#8220;][vc_column][vc_empty_space height=&#8220;60px&#8220;][\/vc_column][\/vc_row]<\/p>\n<\/div>","protected":false},"excerpt":{"rendered":"<p>[vc_row row_type=&#8220;row&#8220; use_row_as_full_screen_section=&#8220;no&#8220; type=&#8220;full_width&#8220; text_align=&#8220;left&#8220; background_animation=&#8220;none&#8220; css_animation=&#8220;&#8220;][vc_column width=&#8220;2\/3&#8243;][vc_empty_space height=&#8220;24px&#8220;][vc_column_text]Fussballturnier 13. November 2010 [\/vc_column_text][\/vc_column][vc_column width=&#8220;1\/3&#8243;][\/vc_column][\/vc_row][vc_row row_type=&#8220;row&#8220; use_row_as_full_screen_section=&#8220;no&#8220; type=&#8220;full_width&#8220; text_align=&#8220;left&#8220; background_animation=&#8220;none&#8220; css_animation=&#8220;&#8220;][vc_column][vc_empty_space][\/vc_column][\/vc_row][vc_row row_type=&#8220;row&#8220; use_row_as_full_screen_section=&#8220;no&#8220; type=&#8220;full_width&#8220; text_align=&#8220;left&#8220; background_animation=&#8220;none&#8220; css_animation=&#8220;&#8220;][vc_column][vc_column_text]Im Rahmen der internen Spielturniere fand am Samstag, dem 13. November 2010, das traditionelle Hallenfussballturnier statt. Besonders erfreulich war die&#8230;<\/p>\n","protected":false},"author":10,"featured_media":0,"parent":0,"menu_order":0,"comment_status":"closed","ping_status":"closed","template":"","meta":{"footnotes":""},"class_list":["post-9039","page","type-page","status-publish","hentry"],"_links":{"self":[{"href":"https:\/\/fs.kswe.ch\/spo\/wp-json\/wp\/v2\/pages\/9039","targetHints":{"allow":["GET"]}}],"collection":[{"href":"https:\/\/fs.kswe.ch\/spo\/wp-json\/wp\/v2\/pages"}],"about":[{"href":"https:\/\/fs.kswe.ch\/spo\/wp-json\/wp\/v2\/types\/page"}],"author":[{"embeddable":true,"href":"https:\/\/fs.kswe.ch\/spo\/wp-json\/wp\/v2\/users\/10"}],"replies":[{"embeddable":true,"href":"https:\/\/fs.kswe.ch\/spo\/wp-json\/wp\/v2\/comments?post=9039"}],"version-history":[{"count":4,"href":"https:\/\/fs.kswe.ch\/spo\/wp-json\/wp\/v2\/pages\/9039\/revisions"}],"predecessor-version":[{"id":9046,"href":"https:\/\/fs.kswe.ch\/spo\/wp-json\/wp\/v2\/pages\/9039\/revisions\/9046"}],"wp:attachment":[{"href":"https:\/\/fs.kswe.ch\/spo\/wp-json\/wp\/v2\/media?parent=9039"}],"curies":[{"name":"wp","href":"https:\/\/api.w.org\/{rel}","templated":true}]}}