{"id":9034,"date":"2019-06-26T23:41:23","date_gmt":"2019-06-26T21:41:23","guid":{"rendered":"https:\/\/fs.kswe.ch\/spo\/?page_id=9034"},"modified":"2019-06-26T23:43:19","modified_gmt":"2019-06-26T21:43:19","slug":"fussballturnier12","status":"publish","type":"page","link":"https:\/\/fs.kswe.ch\/spo\/fussballturnier12\/","title":{"rendered":"Fussballturnier2012"},"content":{"rendered":"<div class=\"wpb-content-wrapper\"><p>[vc_row row_type=&#8220;row&#8220; use_row_as_full_screen_section=&#8220;no&#8220; type=&#8220;full_width&#8220; text_align=&#8220;left&#8220; background_animation=&#8220;none&#8220; css_animation=&#8220;&#8220;][vc_column width=&#8220;2\/3&#8243;][vc_empty_space height=&#8220;24px&#8220;][vc_column_text]<em><strong>Fussballturnier 10. November 2012<br \/>\n<\/strong><\/em>[\/vc_column_text][\/vc_column][vc_column width=&#8220;1\/3&#8243;][\/vc_column][\/vc_row][vc_row row_type=&#8220;row&#8220; use_row_as_full_screen_section=&#8220;no&#8220; type=&#8220;full_width&#8220; text_align=&#8220;left&#8220; background_animation=&#8220;none&#8220; css_animation=&#8220;&#8220;][vc_column][vc_empty_space][\/vc_column][\/vc_row][vc_row row_type=&#8220;row&#8220; use_row_as_full_screen_section=&#8220;no&#8220; type=&#8220;full_width&#8220; text_align=&#8220;left&#8220; background_animation=&#8220;none&#8220; css_animation=&#8220;&#8220;][vc_column][vc_column_text]<\/p>\n<div class=\"articletext\"><\/div>\n<p>&#8222;Schwarz bringt Gl\u00fcck&#8220;, zumindest statistisch gesehen, betrachtet man das Outfit der Siegermannschaften der letzten zwei Turniere. Nur einmal -ausgerechnet im Halbfinal- mussten die Spieler des FC Barben (G4G) mit roten Leibchen antreten. Sie taten es nur widerwillig, als ob sie bereits ahnten, dass sie bald das erste Tor der Partie kassieren w\u00fcrden.<\/p>\n<p>&nbsp;<\/p>\n<p>Wie letztes Jahr, gab es auch diesmal eine heroische &#8222;Frauschaft&#8220; in leicht ver\u00e4nderter Zusammensetzung. Sie genoss die gr\u00f6ssten Sympathien des Publikums und der Turnierorganisatoren, welche die Regeln zu ihren Gunsten angepasst hatten. Die Frauen zwangen sogar einen Gegner zum entscheidenden Penaltyschiessen und selbst mancher Sportlehrer war von ihren Dribbelk\u00fcnsten beeindruckt. Am Schluss schaffte es das Frauenteam (Who cares, G3D), den drittletzten Platz zu besetzen und verdiente sich damit umso mehr einen Trostpreis.<\/p>\n<p>&nbsp;<\/p>\n<p>Die Teams spielten auf hohem Niveau, mit viel Tempo und Engagement, manchmal an der Grenze des regul\u00e4ren K\u00f6rpereinsatzes. So musste die Hallenfussballgrundregel, wonach kein Spiel am Boden erlaubt ist, immer wieder laut in Erinnerung gerufen werden. Zum Gl\u00fcck wechselten die Mannschaften regelm\u00e4ssig zwischen den Hallen B und C und konnten so bei Bedarf ihren Frust am Boxsack im Kraftraum auslassen. Die &#8222;blaue Wurst&#8220; kam den ganzen Vormittag nie richtig zur Ruhe und baumelte &#8211; jedesmal, wenn man den leeren Kraftraum betrat &#8211; leise knarrend und etwas gespenstisch, hin und her.<\/p>\n<p>&nbsp;<\/p>\n<p>Die Lehrermannschaft (Lehrer &amp; friends) konnte sich diesmal in der harten Konkurrenz nicht behaupten. Auch das verzweifelte, vom Captain angeordnete Aufw\u00e4rmen mit Springseil oder auf den Laufger\u00e4ten im Kraftraum nutzte nichts mehr, und das Team besetzte nur den entt\u00e4uschenden 6. Rang.<\/p>\n<p>&nbsp;<\/p>\n<p>Zum Schluss noch zwei Beispiele der grenzenlosen Fussballbegeisterung der Sch\u00fclerinnen und Sch\u00fcler: Einige konnten die flauen Pausen zwischen den Spielen kaum aushalten und schlichen sich, nach dem Motto &#8222;Wir von der Kanti sind eine grosse Familie!&#8220;, auch in andere Teams ein. Der Torsch\u00fctzenk\u00f6nig, auch Juanito genannt, h\u00e4tte am Ende am liebsten gar einen Torpfosten nach Hause mitgenommen.<\/p>\n<p>&nbsp;<\/p>\n<p>Text und Photos: Martin Rizek<\/p>\n<div class=\"articleend\"><\/div>\n<p>[\/vc_column_text][\/vc_column][\/vc_row][vc_row row_type=&#8220;row&#8220; use_row_as_full_screen_section=&#8220;no&#8220; type=&#8220;full_width&#8220; text_align=&#8220;left&#8220; background_animation=&#8220;none&#8220; css_animation=&#8220;&#8220;][vc_column][vc_empty_space][\/vc_column][\/vc_row][vc_row row_type=&#8220;row&#8220; use_row_as_full_screen_section=&#8220;no&#8220; type=&#8220;full_width&#8220; text_align=&#8220;left&#8220; background_animation=&#8220;none&#8220; css_animation=&#8220;&#8220;][vc_column][vc_separator type=&#8220;normal&#8220; border_style=&#8220;&#8220;][\/vc_column][\/vc_row][vc_row row_type=&#8220;row&#8220; use_row_as_full_screen_section=&#8220;no&#8220; type=&#8220;full_width&#8220; text_align=&#8220;left&#8220; background_animation=&#8220;none&#8220; css_animation=&#8220;&#8220;][vc_column][vc_column_text]<\/p>\n<ul>\n<li style=\"text-align: left\"><a href=\"https:\/\/fs.kswe.ch\/spo\/spielturniere\/\"><span style=\"color: #800000\">zur\u00fcck<\/span><\/a><\/li>\n<\/ul>\n<p>[\/vc_column_text][\/vc_column][\/vc_row][vc_row row_type=&#8220;row&#8220; use_row_as_full_screen_section=&#8220;no&#8220; type=&#8220;full_width&#8220; text_align=&#8220;left&#8220; background_animation=&#8220;none&#8220; css_animation=&#8220;&#8220;][vc_column][vc_empty_space height=&#8220;12px&#8220;][vc_separator type=&#8220;normal&#8220; border_style=&#8220;&#8220;][vc_empty_space height=&#8220;24px&#8220;][\/vc_column][\/vc_row][vc_row row_type=&#8220;row&#8220; use_row_as_full_screen_section=&#8220;no&#8220; type=&#8220;full_width&#8220; text_align=&#8220;left&#8220; background_animation=&#8220;none&#8220; css_animation=&#8220;&#8220;][vc_column][vc_empty_space height=&#8220;12px&#8220;][\/vc_column][\/vc_row][vc_row row_type=&#8220;row&#8220; use_row_as_full_screen_section=&#8220;no&#8220; type=&#8220;full_width&#8220; text_align=&#8220;left&#8220; background_animation=&#8220;none&#8220; css_animation=&#8220;&#8220;][vc_column][vc_gallery type=&#8220;image_grid&#8220; images=&#8220;9033,9032,9031,9030,9029,9028,9027,9026,9025,9024,9023,9022,9021,9019,9018,9017,9016,9015,9014,9013,9012,9011,9010,9006,9005,9004,9003,9002,9001,9000,8999,8997,8995,8994,8993,8992,8990,8989,8988,8987,8986,8985,8984,8983,8982,8981,8978,8977&#8243; img_size=&#8220;full&#8220; onclick=&#8220;&#8220; column_number=&#8220;0&#8243; grayscale=&#8220;no&#8220; space_between_images=&#8220;no&#8220;][\/vc_column][\/vc_row][vc_row row_type=&#8220;row&#8220; use_row_as_full_screen_section=&#8220;no&#8220; type=&#8220;full_width&#8220; text_align=&#8220;left&#8220; background_animation=&#8220;none&#8220; css_animation=&#8220;&#8220;][vc_column][vc_empty_space height=&#8220;60px&#8220;][\/vc_column][\/vc_row]<\/p>\n<\/div>","protected":false},"excerpt":{"rendered":"<p>[vc_row row_type=&#8220;row&#8220; use_row_as_full_screen_section=&#8220;no&#8220; type=&#8220;full_width&#8220; text_align=&#8220;left&#8220; background_animation=&#8220;none&#8220; css_animation=&#8220;&#8220;][vc_column width=&#8220;2\/3&#8243;][vc_empty_space height=&#8220;24px&#8220;][vc_column_text]Fussballturnier 10. November 2012 [\/vc_column_text][\/vc_column][vc_column width=&#8220;1\/3&#8243;][\/vc_column][\/vc_row][vc_row row_type=&#8220;row&#8220; use_row_as_full_screen_section=&#8220;no&#8220; type=&#8220;full_width&#8220; text_align=&#8220;left&#8220; background_animation=&#8220;none&#8220; css_animation=&#8220;&#8220;][vc_column][vc_empty_space][\/vc_column][\/vc_row][vc_row row_type=&#8220;row&#8220; use_row_as_full_screen_section=&#8220;no&#8220; type=&#8220;full_width&#8220; text_align=&#8220;left&#8220; background_animation=&#8220;none&#8220; css_animation=&#8220;&#8220;][vc_column][vc_column_text] &#8222;Schwarz bringt Gl\u00fcck&#8220;, zumindest statistisch gesehen, betrachtet man das Outfit der Siegermannschaften der letzten zwei Turniere. Nur einmal -ausgerechnet&#8230;<\/p>\n","protected":false},"author":10,"featured_media":0,"parent":0,"menu_order":0,"comment_status":"closed","ping_status":"closed","template":"","meta":{"footnotes":""},"class_list":["post-9034","page","type-page","status-publish","hentry"],"_links":{"self":[{"href":"https:\/\/fs.kswe.ch\/spo\/wp-json\/wp\/v2\/pages\/9034","targetHints":{"allow":["GET"]}}],"collection":[{"href":"https:\/\/fs.kswe.ch\/spo\/wp-json\/wp\/v2\/pages"}],"about":[{"href":"https:\/\/fs.kswe.ch\/spo\/wp-json\/wp\/v2\/types\/page"}],"author":[{"embeddable":true,"href":"https:\/\/fs.kswe.ch\/spo\/wp-json\/wp\/v2\/users\/10"}],"replies":[{"embeddable":true,"href":"https:\/\/fs.kswe.ch\/spo\/wp-json\/wp\/v2\/comments?post=9034"}],"version-history":[{"count":2,"href":"https:\/\/fs.kswe.ch\/spo\/wp-json\/wp\/v2\/pages\/9034\/revisions"}],"predecessor-version":[{"id":9036,"href":"https:\/\/fs.kswe.ch\/spo\/wp-json\/wp\/v2\/pages\/9034\/revisions\/9036"}],"wp:attachment":[{"href":"https:\/\/fs.kswe.ch\/spo\/wp-json\/wp\/v2\/media?parent=9034"}],"curies":[{"name":"wp","href":"https:\/\/api.w.org\/{rel}","templated":true}]}}