{"id":8854,"date":"2019-06-26T22:21:43","date_gmt":"2019-06-26T20:21:43","guid":{"rendered":"https:\/\/fs.kswe.ch\/spo\/?page_id=8854"},"modified":"2019-06-26T22:27:40","modified_gmt":"2019-06-26T20:27:40","slug":"msmrudern19","status":"publish","type":"page","link":"https:\/\/fs.kswe.ch\/spo\/msmrudern19\/","title":{"rendered":"MSMRudern2019"},"content":{"rendered":"<div class=\"wpb-content-wrapper\"><p>[vc_row row_type=&#8220;row&#8220; use_row_as_full_screen_section=&#8220;no&#8220; type=&#8220;full_width&#8220; text_align=&#8220;left&#8220; background_animation=&#8220;none&#8220; css_animation=&#8220;&#8220;][vc_column width=&#8220;2\/3&#8243;][vc_empty_space height=&#8220;24px&#8220;][vc_column_text]<em><strong>Schweizerische Mittelschulmeisterschaft 2019<br \/>\n<\/strong><\/em>[\/vc_column_text][\/vc_column][vc_column width=&#8220;1\/3&#8243;][\/vc_column][\/vc_row][vc_row row_type=&#8220;row&#8220; use_row_as_full_screen_section=&#8220;no&#8220; type=&#8220;full_width&#8220; text_align=&#8220;left&#8220; background_animation=&#8220;none&#8220; css_animation=&#8220;&#8220;][vc_column][vc_empty_space][\/vc_column][\/vc_row][vc_row row_type=&#8220;row&#8220; use_row_as_full_screen_section=&#8220;no&#8220; type=&#8220;full_width&#8220; text_align=&#8220;left&#8220; background_animation=&#8220;none&#8220; css_animation=&#8220;&#8220;][vc_column][vc_column_text]<\/p>\n<div class=\"articletext\">\n<p>Erneut ein Pokal im Rudern ergattert<\/p>\n<p>&nbsp;<\/p>\n<p>Ein strahlender Himmel empfing uns in Sarnen. Vorfreude aber auch eine Portion Nervosit\u00e4t lagen in der Luft. Die 15 Teilnehmer*innen der Kanti Wettingen trafen kurz nach 10 Uhr am Sarnersee ein. Es wurde in 2 Kategorien gestartet; mit einem Frauenboot und 2 Mixed-Teams mit je 4 Personen plus Steuerperson. Die Boote wurden effizient bereitgemacht, der Spass blieb aber bei unserer Truppe auch nicht auf der Strecke. Um kurz vor 12 Uhr wurden die Boote R\u00fceblisaft, Sepp und Patella eingewassert und die allm\u00e4hlich angespannten Ruder*innen begannen sich auf dem glitzernden See einzurudern. Nach kleinen Startschwierigkeiten bei den einen Teams gelang dann bei jedem Boot ein gelungenes Rennen. Nach knapp 5 Minuten voller Schweiss, Blasen und Sprints hatten wir die zu bestreitenden 1000 Meter auch schon hinter uns gelassen. Zur Freude aber nicht unerwartet gewinnt die Kanti Wettingen die Meisterschaft mit 3 Punkten Vorsprung. Die Freude war riesig, neben dem Schweiss kullerten beinahe ein paar Freudentr\u00e4nen, dass der Pokal nach einem Jahr Pause nun wieder der Kanti Wettingen geh\u00f6rt. Nach der Siegerehrung wurde noch das wohlverdiente Essen genossen und in den zuvor durchruderten Sarnersee gesprungen. Alles in allem ein super Erlebnis mit wundersch\u00f6nem Wetter und einem ph\u00e4nomenalen Team, das viel Nerven, Willensst\u00e4rke und Zusammenhalt bewiesen hat.<\/p>\n<p>&nbsp;<\/p>\n<p>Ein riesiger Dank geb\u00fchrt Sheetal Vattathara, unserer Trainerin, die mit enorm viel Einsatz und Herzblut alles perfekt organisiert hat. Es war super mit dir!<\/p>\n<\/div>\n<p>&nbsp;<\/p>\n<p>Bilder: Joanna Wesniuk G4G<\/p>\n<p>Text: C\u00e9line Weissenbrunner G3H<\/p>\n<div class=\"articleend\"><\/div>\n<p>[\/vc_column_text][\/vc_column][\/vc_row][vc_row row_type=&#8220;row&#8220; use_row_as_full_screen_section=&#8220;no&#8220; type=&#8220;full_width&#8220; text_align=&#8220;left&#8220; background_animation=&#8220;none&#8220; css_animation=&#8220;&#8220;][vc_column][vc_empty_space][\/vc_column][\/vc_row][vc_row row_type=&#8220;row&#8220; use_row_as_full_screen_section=&#8220;no&#8220; type=&#8220;full_width&#8220; text_align=&#8220;left&#8220; background_animation=&#8220;none&#8220; css_animation=&#8220;&#8220;][vc_column][vc_separator type=&#8220;normal&#8220; border_style=&#8220;&#8220;][\/vc_column][\/vc_row][vc_row row_type=&#8220;row&#8220; use_row_as_full_screen_section=&#8220;no&#8220; type=&#8220;full_width&#8220; text_align=&#8220;left&#8220; background_animation=&#8220;none&#8220; css_animation=&#8220;&#8220;][vc_column][vc_column_text]<\/p>\n<ul>\n<li style=\"text-align: left\"><a href=\"https:\/\/fs.kswe.ch\/spo\/mittelschulmeisterschaften\/\"><span style=\"color: #800000\">zur\u00fcck<\/span><\/a><\/li>\n<\/ul>\n<p>[\/vc_column_text][\/vc_column][\/vc_row][vc_row row_type=&#8220;row&#8220; use_row_as_full_screen_section=&#8220;no&#8220; type=&#8220;full_width&#8220; text_align=&#8220;left&#8220; background_animation=&#8220;none&#8220; css_animation=&#8220;&#8220;][vc_column][vc_empty_space height=&#8220;12px&#8220;][vc_separator type=&#8220;normal&#8220; border_style=&#8220;&#8220;][vc_empty_space height=&#8220;24px&#8220;][\/vc_column][\/vc_row][vc_row row_type=&#8220;row&#8220; use_row_as_full_screen_section=&#8220;no&#8220; type=&#8220;full_width&#8220; text_align=&#8220;left&#8220; background_animation=&#8220;none&#8220; css_animation=&#8220;&#8220;][vc_column][vc_empty_space height=&#8220;12px&#8220;][\/vc_column][\/vc_row][vc_row row_type=&#8220;row&#8220; use_row_as_full_screen_section=&#8220;no&#8220; type=&#8220;full_width&#8220; text_align=&#8220;left&#8220; background_animation=&#8220;none&#8220; css_animation=&#8220;&#8220;][vc_column][vc_gallery type=&#8220;image_grid&#8220; images=&#8220;8839,8840,8841,8842,8843,8844,8845,8846,8847,8848,8849,8851,8852,8853&#8243; img_size=&#8220;full&#8220; onclick=&#8220;&#8220; column_number=&#8220;0&#8243; grayscale=&#8220;no&#8220; space_between_images=&#8220;no&#8220;][\/vc_column][\/vc_row][vc_row row_type=&#8220;row&#8220; use_row_as_full_screen_section=&#8220;no&#8220; type=&#8220;full_width&#8220; text_align=&#8220;left&#8220; background_animation=&#8220;none&#8220; css_animation=&#8220;&#8220;][vc_column][vc_empty_space height=&#8220;60px&#8220;][\/vc_column][\/vc_row]<\/p>\n<\/div>","protected":false},"excerpt":{"rendered":"<p>[vc_row row_type=&#8220;row&#8220; use_row_as_full_screen_section=&#8220;no&#8220; type=&#8220;full_width&#8220; text_align=&#8220;left&#8220; background_animation=&#8220;none&#8220; css_animation=&#8220;&#8220;][vc_column width=&#8220;2\/3&#8243;][vc_empty_space height=&#8220;24px&#8220;][vc_column_text]Schweizerische Mittelschulmeisterschaft 2019 [\/vc_column_text][\/vc_column][vc_column width=&#8220;1\/3&#8243;][\/vc_column][\/vc_row][vc_row row_type=&#8220;row&#8220; use_row_as_full_screen_section=&#8220;no&#8220; type=&#8220;full_width&#8220; text_align=&#8220;left&#8220; background_animation=&#8220;none&#8220; css_animation=&#8220;&#8220;][vc_column][vc_empty_space][\/vc_column][\/vc_row][vc_row row_type=&#8220;row&#8220; use_row_as_full_screen_section=&#8220;no&#8220; type=&#8220;full_width&#8220; text_align=&#8220;left&#8220; background_animation=&#8220;none&#8220; css_animation=&#8220;&#8220;][vc_column][vc_column_text] Erneut ein Pokal im Rudern ergattert &nbsp; Ein strahlender Himmel empfing uns in Sarnen. Vorfreude aber auch eine Portion Nervosit\u00e4t&#8230;<\/p>\n","protected":false},"author":10,"featured_media":0,"parent":0,"menu_order":0,"comment_status":"closed","ping_status":"closed","template":"","meta":{"footnotes":""},"class_list":["post-8854","page","type-page","status-publish","hentry"],"_links":{"self":[{"href":"https:\/\/fs.kswe.ch\/spo\/wp-json\/wp\/v2\/pages\/8854","targetHints":{"allow":["GET"]}}],"collection":[{"href":"https:\/\/fs.kswe.ch\/spo\/wp-json\/wp\/v2\/pages"}],"about":[{"href":"https:\/\/fs.kswe.ch\/spo\/wp-json\/wp\/v2\/types\/page"}],"author":[{"embeddable":true,"href":"https:\/\/fs.kswe.ch\/spo\/wp-json\/wp\/v2\/users\/10"}],"replies":[{"embeddable":true,"href":"https:\/\/fs.kswe.ch\/spo\/wp-json\/wp\/v2\/comments?post=8854"}],"version-history":[{"count":4,"href":"https:\/\/fs.kswe.ch\/spo\/wp-json\/wp\/v2\/pages\/8854\/revisions"}],"predecessor-version":[{"id":8859,"href":"https:\/\/fs.kswe.ch\/spo\/wp-json\/wp\/v2\/pages\/8854\/revisions\/8859"}],"wp:attachment":[{"href":"https:\/\/fs.kswe.ch\/spo\/wp-json\/wp\/v2\/media?parent=8854"}],"curies":[{"name":"wp","href":"https:\/\/api.w.org\/{rel}","templated":true}]}}