{"id":8830,"date":"2019-06-26T21:52:29","date_gmt":"2019-06-26T19:52:29","guid":{"rendered":"https:\/\/fs.kswe.ch\/spo\/?page_id=8830"},"modified":"2019-06-26T22:06:16","modified_gmt":"2019-06-26T20:06:16","slug":"frauenlauf19","status":"publish","type":"page","link":"https:\/\/fs.kswe.ch\/spo\/frauenlauf19\/","title":{"rendered":"Frauenlauf19"},"content":{"rendered":"<div class=\"wpb-content-wrapper\"><p>[vc_row row_type=&#8220;row&#8220; use_row_as_full_screen_section=&#8220;no&#8220; type=&#8220;full_width&#8220; text_align=&#8220;left&#8220; background_animation=&#8220;none&#8220; css_animation=&#8220;&#8220;][vc_column width=&#8220;2\/3&#8243;][vc_column_text]<em><strong>Frauenlauf 2019<\/strong><\/em>[\/vc_column_text][\/vc_column][vc_column width=&#8220;1\/3&#8243;][\/vc_column][\/vc_row][vc_row row_type=&#8220;row&#8220; use_row_as_full_screen_section=&#8220;no&#8220; type=&#8220;full_width&#8220; text_align=&#8220;left&#8220; background_animation=&#8220;none&#8220; css_animation=&#8220;&#8220;][vc_column][vc_empty_space][\/vc_column][\/vc_row][vc_row row_type=&#8220;row&#8220; use_row_as_full_screen_section=&#8220;no&#8220; type=&#8220;full_width&#8220; text_align=&#8220;left&#8220; background_animation=&#8220;none&#8220; css_animation=&#8220;&#8220;][vc_column][vc_column_text]<\/p>\n<div class=\"articletext\">\n<p>Bei angenehmen Temperaturen absolvierten am Sonntag 16. Juni insgesamt 70 (!) Sch\u00fclerinnen der Kanti Wettingen die 5 bzw. 10km lange Laufstrecke in Bern- und dies mit bestechenden Leistungen. Beim Frauenlauf steht jedoch nebst der Laufzeit auch die gesamte Atmosph\u00e4re- z.B. der musikalische Support der Bands auf der ganzen Strecke- und das Erlebnis mit den fast 15&#8217;000 weiteren Teilnehmerinnen im Zentrum. Und trotzdem, die Sekunden, Minuten und R\u00e4nge z\u00e4hlen letztlich doch ganz viel. So gelang es zwei 3. Klass-Sch\u00fclerinnen beim 10km-Lauf, Anna Canzani (G3C, 43.28min) und Jasmin Frei (G3A, 43.35min), unter den Allerschnellsten mitzumischen: Sie landeten auf den ausgezeichneten R\u00e4ngen 5 und 7 (von insgesamt 109 Teilnehmerinnen!) in ihrer Kategorie (U20).<\/p>\n<p>&nbsp;<\/p>\n<p>Auch die 5km-L\u00e4uferinnen trugen zum sehr guten Gesamtergebnis bei: In der Teamwertung wurde der 7. von 59 R\u00e4ngen erreicht- ebenfalls ein erfreuliches Resultat. Nat\u00fcrlich lag die Messlatte nach den zwei Siegen in den letzten Jahren hoch&#8230; es reichte nicht ganz aufs Podest, daf\u00fcr waren wir das Team mit den meisten L\u00e4uferinnen- also doch ein Sieg!<\/p>\n<p>&nbsp;<\/p>\n<p>Zudem, g\u00e4be es auch beim 10km-Lauf ein Vergleich unter den Teams, w\u00e4re die KSWE wohl auch dort ganz an der Spitze zu finden. Da bleibt uns nur eins: Ganz grosses Bravo an alle Girls und Frauen der Kanti Wettingen!<\/p>\n<p>&nbsp;<\/p>\n<p>Das Ziel f\u00fcr n\u00e4chstes Jahr ist klar: Schaffen wir wiederum einen neuen KSWE-Teilnehmerinnen-Rekord? Mitmachen kommt schliesslich vor dem Gewinnen!<\/p>\n<\/div>\n<div class=\"articleinfos\">\n<p>&nbsp;<\/p>\n<p>Bild und Text: Manuela Jehle<span id=\"cloak32d39ed44764e62199a46841612af8c9\"><\/span><\/p>\n<\/div>\n<div class=\"articleend\"><\/div>\n<p>[\/vc_column_text][\/vc_column][\/vc_row][vc_row row_type=&#8220;row&#8220; use_row_as_full_screen_section=&#8220;no&#8220; type=&#8220;full_width&#8220; text_align=&#8220;left&#8220; background_animation=&#8220;none&#8220; css_animation=&#8220;&#8220;][vc_column][vc_empty_space][\/vc_column][\/vc_row][vc_row row_type=&#8220;row&#8220; use_row_as_full_screen_section=&#8220;no&#8220; type=&#8220;full_width&#8220; text_align=&#8220;left&#8220; background_animation=&#8220;none&#8220; css_animation=&#8220;&#8220;][vc_column width=&#8220;5\/6&#8243;][vc_column_text]<\/p>\n<ul>\n<li style=\"text-align: left\"><a href=\"https:\/\/fs.kswe.ch\/spo\/frauenlauf\/\"><span style=\"color: #800000\">zur\u00fcck<\/span><\/a><\/li>\n<\/ul>\n<p>[\/vc_column_text][\/vc_column][vc_column width=&#8220;1\/6&#8243;][\/vc_column][\/vc_row][vc_row row_type=&#8220;row&#8220; use_row_as_full_screen_section=&#8220;no&#8220; type=&#8220;full_width&#8220; text_align=&#8220;left&#8220; background_animation=&#8220;none&#8220; css_animation=&#8220;&#8220;][vc_column][vc_empty_space height=&#8220;12px&#8220;][vc_separator type=&#8220;normal&#8220; border_style=&#8220;&#8220;][vc_empty_space][\/vc_column][\/vc_row][vc_row row_type=&#8220;row&#8220; use_row_as_full_screen_section=&#8220;no&#8220; type=&#8220;full_width&#8220; text_align=&#8220;left&#8220; background_animation=&#8220;none&#8220; css_animation=&#8220;&#8220;][vc_column][vc_column_text]Bildergalerie[\/vc_column_text][\/vc_column][\/vc_row][vc_row row_type=&#8220;row&#8220; use_row_as_full_screen_section=&#8220;no&#8220; type=&#8220;full_width&#8220; text_align=&#8220;left&#8220; background_animation=&#8220;none&#8220; css_animation=&#8220;&#8220;][vc_column][vc_empty_space][\/vc_column][\/vc_row][vc_row row_type=&#8220;row&#8220; use_row_as_full_screen_section=&#8220;no&#8220; type=&#8220;full_width&#8220; text_align=&#8220;left&#8220; background_animation=&#8220;none&#8220; css_animation=&#8220;&#8220;][vc_column][vc_gallery type=&#8220;image_grid&#8220; images=&#8220;8834,8832&#8243; img_size=&#8220;full&#8220; onclick=&#8220;&#8220; column_number=&#8220;0&#8243; grayscale=&#8220;no&#8220; space_between_images=&#8220;no&#8220;][\/vc_column][\/vc_row]<\/p>\n<\/div>","protected":false},"excerpt":{"rendered":"<p>[vc_row row_type=&#8220;row&#8220; use_row_as_full_screen_section=&#8220;no&#8220; type=&#8220;full_width&#8220; text_align=&#8220;left&#8220; background_animation=&#8220;none&#8220; css_animation=&#8220;&#8220;][vc_column width=&#8220;2\/3&#8243;][vc_column_text]Frauenlauf 2019[\/vc_column_text][\/vc_column][vc_column width=&#8220;1\/3&#8243;][\/vc_column][\/vc_row][vc_row row_type=&#8220;row&#8220; use_row_as_full_screen_section=&#8220;no&#8220; type=&#8220;full_width&#8220; text_align=&#8220;left&#8220; background_animation=&#8220;none&#8220; css_animation=&#8220;&#8220;][vc_column][vc_empty_space][\/vc_column][\/vc_row][vc_row row_type=&#8220;row&#8220; use_row_as_full_screen_section=&#8220;no&#8220; type=&#8220;full_width&#8220; text_align=&#8220;left&#8220; background_animation=&#8220;none&#8220; css_animation=&#8220;&#8220;][vc_column][vc_column_text] Bei angenehmen Temperaturen absolvierten am Sonntag 16. Juni insgesamt 70 (!) Sch\u00fclerinnen der Kanti Wettingen die 5 bzw. 10km lange Laufstrecke in Bern-&#8230;<\/p>\n","protected":false},"author":10,"featured_media":0,"parent":0,"menu_order":0,"comment_status":"closed","ping_status":"closed","template":"","meta":{"footnotes":""},"class_list":["post-8830","page","type-page","status-publish","hentry"],"_links":{"self":[{"href":"https:\/\/fs.kswe.ch\/spo\/wp-json\/wp\/v2\/pages\/8830","targetHints":{"allow":["GET"]}}],"collection":[{"href":"https:\/\/fs.kswe.ch\/spo\/wp-json\/wp\/v2\/pages"}],"about":[{"href":"https:\/\/fs.kswe.ch\/spo\/wp-json\/wp\/v2\/types\/page"}],"author":[{"embeddable":true,"href":"https:\/\/fs.kswe.ch\/spo\/wp-json\/wp\/v2\/users\/10"}],"replies":[{"embeddable":true,"href":"https:\/\/fs.kswe.ch\/spo\/wp-json\/wp\/v2\/comments?post=8830"}],"version-history":[{"count":2,"href":"https:\/\/fs.kswe.ch\/spo\/wp-json\/wp\/v2\/pages\/8830\/revisions"}],"predecessor-version":[{"id":8838,"href":"https:\/\/fs.kswe.ch\/spo\/wp-json\/wp\/v2\/pages\/8830\/revisions\/8838"}],"wp:attachment":[{"href":"https:\/\/fs.kswe.ch\/spo\/wp-json\/wp\/v2\/media?parent=8830"}],"curies":[{"name":"wp","href":"https:\/\/api.w.org\/{rel}","templated":true}]}}