{"id":871,"date":"2019-02-04T23:48:54","date_gmt":"2019-02-04T22:48:54","guid":{"rendered":"https:\/\/fs.kswe.ch\/spo\/?page_id=871"},"modified":"2020-01-03T00:16:01","modified_gmt":"2020-01-02T23:16:01","slug":"sporttag17","status":"publish","type":"page","link":"https:\/\/fs.kswe.ch\/spo\/sporttag17\/","title":{"rendered":"Sporttag17"},"content":{"rendered":"<div class=\"wpb-content-wrapper\"><p>[vc_row row_type=&#8220;row&#8220; use_row_as_full_screen_section=&#8220;no&#8220; type=&#8220;full_width&#8220; text_align=&#8220;left&#8220; background_animation=&#8220;none&#8220; css_animation=&#8220;&#8220;][vc_column width=&#8220;2\/3&#8243;][vc_column_text]<strong><em>Sporttag 2017<br \/>\n<\/em><\/strong>[\/vc_column_text][\/vc_column][vc_column width=&#8220;1\/3&#8243;][\/vc_column][\/vc_row][vc_row row_type=&#8220;row&#8220; use_row_as_full_screen_section=&#8220;no&#8220; type=&#8220;full_width&#8220; text_align=&#8220;left&#8220; background_animation=&#8220;none&#8220; css_animation=&#8220;&#8220;][vc_column][vc_empty_space][\/vc_column][\/vc_row][vc_row row_type=&#8220;row&#8220; use_row_as_full_screen_section=&#8220;no&#8220; type=&#8220;full_width&#8220; text_align=&#8220;left&#8220; background_animation=&#8220;none&#8220; css_animation=&#8220;&#8220;][vc_column][vc_column_text]Der Sporttag der Kanti Wettingen fand dieses Jahr am 27. Juni in der Kreuzzelg statt. Bei warmem Wetter und guter Stimmung wetteiferten rund 400 Sch\u00fcler*innen der zweiten und dritten Kanti in den Turnieren Ultimate Frisbee, Fussball und Volleyball. F\u00fcrs Mittagessen sorgte die Mensa mit feinem H\u00f6rnlisalat. Vielen Dank!<\/p>\n<p>&nbsp;<\/p>\n<p>Dank der guten Stimmung und dem schonenden Wetter konnte der Sporttag bis zum Schluss durchgef\u00fchrt und mit der Sieger*innen \u2013 Ehrung abgeschlossen werden. Folgende Abteilungen haben die Turniere gewonnen:<\/p>\n<p>&nbsp;<\/p>\n<p>Ultimate Frisbee: G3H<br \/>\nVolleyball Mixed: G3F und G3I<br \/>\nVolleyball Damen: G3G<br \/>\nFussball Herren: G2HG<br \/>\nFussball Damen: G3B<\/p>\n<p>&nbsp;<\/p>\n<p>Text: Andrea Baumeler<\/p>\n<p>Fotos: Simone Zuberb\u00fchler[\/vc_column_text][\/vc_column][\/vc_row][vc_row row_type=&#8220;row&#8220; use_row_as_full_screen_section=&#8220;no&#8220; type=&#8220;full_width&#8220; text_align=&#8220;left&#8220; background_animation=&#8220;none&#8220; css_animation=&#8220;&#8220;][vc_column][vc_empty_space][vc_separator type=&#8220;normal&#8220; border_style=&#8220;&#8220;][\/vc_column][\/vc_row][vc_row row_type=&#8220;row&#8220; use_row_as_full_screen_section=&#8220;no&#8220; type=&#8220;full_width&#8220; text_align=&#8220;left&#8220; background_animation=&#8220;none&#8220; css_animation=&#8220;&#8220;][vc_column width=&#8220;5\/6&#8243;][vc_column_text]<\/p>\n<ul>\n<li><a href=\"https:\/\/fs.kswe.ch\/spo\/wp-content\/uploads\/sites\/9\/2019\/02\/RanglistenSporttag17.pdf\" target=\"_blank\" rel=\"noopener noreferrer\"><span style=\"color: #800000\">Ranglisten<\/span><\/a><\/li>\n<\/ul>\n<p>[\/vc_column_text][\/vc_column][vc_column width=&#8220;1\/6&#8243;][vc_column_text]<\/p>\n<ul>\n<li style=\"text-align: right\"><a href=\"https:\/\/fs.kswe.ch\/spo\/sporttag\/\"><span style=\"color: #800000\">zur\u00fcck<\/span><\/a><\/li>\n<\/ul>\n<p>[\/vc_column_text][\/vc_column][\/vc_row][vc_row row_type=&#8220;row&#8220; use_row_as_full_screen_section=&#8220;no&#8220; type=&#8220;full_width&#8220; text_align=&#8220;left&#8220; background_animation=&#8220;none&#8220; css_animation=&#8220;&#8220;][vc_column][vc_empty_space height=&#8220;12px&#8220;][vc_separator type=&#8220;normal&#8220; border_style=&#8220;&#8220;][vc_empty_space height=&#8220;24px&#8220;][\/vc_column][\/vc_row][vc_row row_type=&#8220;row&#8220; use_row_as_full_screen_section=&#8220;no&#8220; type=&#8220;full_width&#8220; text_align=&#8220;left&#8220; background_animation=&#8220;none&#8220; css_animation=&#8220;&#8220;][vc_column][vc_column_text]<\/p>\n<ul>\n<li style=\"text-align: left\">Bildergalerie<\/li>\n<\/ul>\n<p>[\/vc_column_text][\/vc_column][\/vc_row][vc_row row_type=&#8220;row&#8220; use_row_as_full_screen_section=&#8220;no&#8220; type=&#8220;full_width&#8220; text_align=&#8220;left&#8220; background_animation=&#8220;none&#8220; css_animation=&#8220;&#8220;][vc_column][vc_empty_space][\/vc_column][\/vc_row][vc_row row_type=&#8220;row&#8220; use_row_as_full_screen_section=&#8220;no&#8220; type=&#8220;full_width&#8220; text_align=&#8220;left&#8220; background_animation=&#8220;none&#8220; css_animation=&#8220;&#8220;][vc_column][vc_gallery type=&#8220;image_grid&#8220; images=&#8220;2464,2463,2462,2461,2460,2459,2458,2457,2456,2455,2454,2453,2452,2451,2450,2449,2448,2447,2446,2445,2444,2443,2442,2441,2440,2439,2438,2437,2436,2435,2434,2433,2432,2431,2430,2429,2428,2427,2426,2425,2468&#8243; img_size=&#8220;full&#8220; onclick=&#8220;&#8220; column_number=&#8220;0&#8243; grayscale=&#8220;no&#8220; space_between_images=&#8220;no&#8220;][\/vc_column][\/vc_row][vc_row row_type=&#8220;row&#8220; use_row_as_full_screen_section=&#8220;no&#8220; type=&#8220;full_width&#8220; text_align=&#8220;left&#8220; background_animation=&#8220;none&#8220; css_animation=&#8220;&#8220;][vc_column][\/vc_column][\/vc_row]<\/p>\n<\/div>","protected":false},"excerpt":{"rendered":"<p>[vc_row row_type=&#8220;row&#8220; use_row_as_full_screen_section=&#8220;no&#8220; type=&#8220;full_width&#8220; text_align=&#8220;left&#8220; background_animation=&#8220;none&#8220; css_animation=&#8220;&#8220;][vc_column width=&#8220;2\/3&#8243;][vc_column_text]Sporttag 2017 [\/vc_column_text][\/vc_column][vc_column width=&#8220;1\/3&#8243;][\/vc_column][\/vc_row][vc_row row_type=&#8220;row&#8220; use_row_as_full_screen_section=&#8220;no&#8220; type=&#8220;full_width&#8220; text_align=&#8220;left&#8220; background_animation=&#8220;none&#8220; css_animation=&#8220;&#8220;][vc_column][vc_empty_space][\/vc_column][\/vc_row][vc_row row_type=&#8220;row&#8220; use_row_as_full_screen_section=&#8220;no&#8220; type=&#8220;full_width&#8220; text_align=&#8220;left&#8220; background_animation=&#8220;none&#8220; css_animation=&#8220;&#8220;][vc_column][vc_column_text]Der Sporttag der Kanti Wettingen fand dieses Jahr am 27. Juni in der Kreuzzelg statt. Bei warmem Wetter und guter Stimmung wetteiferten rund&#8230;<\/p>\n","protected":false},"author":10,"featured_media":0,"parent":0,"menu_order":0,"comment_status":"closed","ping_status":"closed","template":"","meta":{"footnotes":""},"class_list":["post-871","page","type-page","status-publish","hentry"],"_links":{"self":[{"href":"https:\/\/fs.kswe.ch\/spo\/wp-json\/wp\/v2\/pages\/871","targetHints":{"allow":["GET"]}}],"collection":[{"href":"https:\/\/fs.kswe.ch\/spo\/wp-json\/wp\/v2\/pages"}],"about":[{"href":"https:\/\/fs.kswe.ch\/spo\/wp-json\/wp\/v2\/types\/page"}],"author":[{"embeddable":true,"href":"https:\/\/fs.kswe.ch\/spo\/wp-json\/wp\/v2\/users\/10"}],"replies":[{"embeddable":true,"href":"https:\/\/fs.kswe.ch\/spo\/wp-json\/wp\/v2\/comments?post=871"}],"version-history":[{"count":46,"href":"https:\/\/fs.kswe.ch\/spo\/wp-json\/wp\/v2\/pages\/871\/revisions"}],"predecessor-version":[{"id":10150,"href":"https:\/\/fs.kswe.ch\/spo\/wp-json\/wp\/v2\/pages\/871\/revisions\/10150"}],"wp:attachment":[{"href":"https:\/\/fs.kswe.ch\/spo\/wp-json\/wp\/v2\/media?parent=871"}],"curies":[{"name":"wp","href":"https:\/\/api.w.org\/{rel}","templated":true}]}}