{"id":7831,"date":"2019-06-15T23:13:00","date_gmt":"2019-06-15T21:13:00","guid":{"rendered":"https:\/\/fs.kswe.ch\/spo\/?page_id=7831"},"modified":"2019-06-16T00:22:09","modified_gmt":"2019-06-15T22:22:09","slug":"volleynight07","status":"publish","type":"page","link":"https:\/\/fs.kswe.ch\/spo\/volleynight07\/","title":{"rendered":"Volleynight07"},"content":{"rendered":"<div class=\"wpb-content-wrapper\"><p>[vc_row row_type=&#8220;row&#8220; use_row_as_full_screen_section=&#8220;no&#8220; type=&#8220;full_width&#8220; text_align=&#8220;left&#8220; background_animation=&#8220;none&#8220; css_animation=&#8220;&#8220;][vc_column][vc_empty_space height=&#8220;24px&#8220;][vc_column_text]<em><strong>Volleynight 2007<\/strong><\/em>[\/vc_column_text][\/vc_column][\/vc_row][vc_row row_type=&#8220;row&#8220; use_row_as_full_screen_section=&#8220;no&#8220; type=&#8220;full_width&#8220; text_align=&#8220;left&#8220; background_animation=&#8220;none&#8220; css_animation=&#8220;&#8220;][vc_column][vc_empty_space][\/vc_column][\/vc_row][vc_row row_type=&#8220;row&#8220; use_row_as_full_screen_section=&#8220;no&#8220; type=&#8220;full_width&#8220; text_align=&#8220;left&#8220; background_animation=&#8220;none&#8220; css_animation=&#8220;&#8220;][vc_column][vc_column_text]Es ist erfreulich, erneut auf eine erfolgreiche Volley-Night zur\u00fcckblicken zu d\u00fcrfen. Bei ihrer 6. Austragung waren rund ein Drittel der Sch\u00fclerinnen und Sch\u00fcler der KSWE dabei, ebenso das traditionelle LehrerInnen-Team sowie auch dieses Jahr wieder eine Mannschaft aus Ehemaligen. 31 Teams traten in der Kategorie Mixed gegeneinander an, 9 Teams massen sich in der Kategorie Frauen. Insgesamt trafen so rund 300 Spielerinnen und Spieler in 137 Partien aufeinander, bis die Siegerinnen und Sieger der jeweiligen Kategorie feststanden. Je l\u00e4nger der Abend, desto h\u00e4rter umk\u00e4mpft waren die Punkte; die Stimmung war aber jederzeit von vorweihnachtlichem Frieden, guter Laune und von Spiellust gepr\u00e4gt. Dazu trugen sicher auch die 18m Sandwich und die leckeren Cakes und Kuchen bei, die von der Abteilung F2B w\u00e4hrend dem ganzen Abend zum Verkauf angeboten wurden. Dass der Anlass auch ohne nennenswerte Verletzungen \u00fcber die B\u00fchne ging, ist eine Erleichterung f\u00fcr die Organisatoren.<\/p>\n<p>&nbsp;<\/p>\n<p>Auch in diesem Jahr waren wir wieder auf die Hallen im T\u00e4gi angewiesen, denn die Volley-Night w\u00e4re organisatorisch ohne die zus\u00e4tzlichen Hallen aber nicht durchf\u00fchrbar. Ein besonderer Dank geht deshalb an die Vereine, die am Freitagabend ihre Trainings haben und uns freundlicherweise die Hallen f\u00fcr unseren Event \u00fcberliessen: Rot-Weiss Wettingen (Landhockey), der STV Wettingen (Faustball) und der BSV Wettingen (Handball). Ohne diese zus\u00e4tzlichen Spielpl\u00e4tze k\u00f6nnte die Volley-Night in der heutigen Form nicht durchgef\u00fchrt werden. Herzlichen Dank!<\/p>\n<p>&nbsp;<\/p>\n<p>Nach mehr als 8 Stunden Turnier &#8211; die ersten Spiele waren um 15.30 angepfiffen worden, der letzte Punkt im Final wurde um 23.52 Uhr verbucht &#8211; standen die Siegerinnen und Sieger der Volley-Night 2007 fest: In der Kategorie Mixed setzten sich im Finale die &#8222;Tschilledaias&#8220; (aus div. Abteilungen) gegen &#8222;s&#8217;Team&#8220; (auch aus verschiedenen Abteilungen) in einem packenden Spiel durch. Bei den Damen behielten die &#8222;Red Devils&#8220; (mit Spielerinnen aus div. Abteilungen) gegen &#8222;2A 3S 2R&#8220; (ebenfalls aus div. Abteilungen) in ihrem Duell das bessere Ende f\u00fcr sich. Die zahlreichen noch anwesenden Zuschauer schufen eine perfekte Kulisse f\u00fcr einen perfekten Abschluss. Mehr Publikum hat es auch an den Meisterschaftsspielen in der 1. Liga nicht!<\/p>\n<p>&nbsp;<\/p>\n<p>\u00dcber viele Runden hatte voller Einsatz gezeigt werden m\u00fcssen, um so weit zu kommen &#8211; und den leckeren Preis entgegennehmen zu d\u00fcrfen. Die drei erstplatzierten Teams jeder Kategorie wurden mit einer speziellen &#8222;Troph\u00e4e&#8220; geehrt. Aber an der Volley-Night der Kanti Wettingen sind nicht immer nur die Besten die Gewinner: f\u00fcr das am schlechtesten klassierte Team, das am Schluss noch vollz\u00e4hlig anwesend war, gab es einen Trostpreis &#8211; und der stand den &#8222;Grossen&#8220; eigentlich in (fast) nichts nach. Dieser Preis ging dieses Jahr an die &#8222;X-mas kids&#8220;. \u00dcber die R\u00e4nge, die erspielt wurden, gibt die untenstehende Rangliste vollst\u00e4ndig Auskunft. Wir gratulieren den Siegerinnen und Siegern und z\u00e4hlen darauf, dass sie ihren gewonnen Titel an der Volley &#8211; Night 2008 zu verteidigen versuchen werden.<\/p>\n<p>&nbsp;<\/p>\n<p>Last but not least gilt es, allen Beteiligten, die zu diesem Anlass beigetragen haben, ein riesiges Dankesch\u00f6n auszusprechen. Die beiden Hauptverantwortlichen Nadja B\u00fcrgi und Adi Probst haben das Turnier hervorragend organisiert und vom Spielleitertisch aus das Geschehen souver\u00e4n geleitet. Wie immer wurden sie bei der Durchf\u00fchrung durch das ganze Team der Sportlehrpersonen unterst\u00fctzt. Auch 2008 wird die Volley-Night kurz vor Weihnachten wieder stattfinden. Reservieren Sie sich das Datum und tragen Sie den Termin in Ihrer Agenda ein: Freitag, 19. 12. 2008!<\/p>\n<p>&nbsp;<\/p>\n<p>Wir alle sind gespannt ob und wie die Erfolgsstories weiter gehen werden![\/vc_column_text][\/vc_column][\/vc_row][vc_row row_type=&#8220;row&#8220; use_row_as_full_screen_section=&#8220;no&#8220; type=&#8220;full_width&#8220; text_align=&#8220;left&#8220; background_animation=&#8220;none&#8220; css_animation=&#8220;&#8220;][vc_column][vc_empty_space][vc_separator type=&#8220;normal&#8220; border_style=&#8220;&#8220;][\/vc_column][\/vc_row][vc_row row_type=&#8220;row&#8220; use_row_as_full_screen_section=&#8220;no&#8220; type=&#8220;full_width&#8220; text_align=&#8220;left&#8220; background_animation=&#8220;none&#8220; css_animation=&#8220;&#8220;][vc_column][vc_column_text]<\/p>\n<ul>\n<li style=\"text-align: left\"><a href=\"https:\/\/fs.kswe.ch\/spo\/volleynight\/\"><span style=\"color: #800000\">zur\u00fcck<\/span><\/a><\/li>\n<\/ul>\n<p>[\/vc_column_text][\/vc_column][\/vc_row][vc_row row_type=&#8220;row&#8220; use_row_as_full_screen_section=&#8220;no&#8220; type=&#8220;full_width&#8220; text_align=&#8220;left&#8220; background_animation=&#8220;none&#8220; css_animation=&#8220;&#8220;][vc_column][vc_empty_space height=&#8220;12px&#8220;][vc_separator type=&#8220;normal&#8220; border_style=&#8220;&#8220;][vc_empty_space][\/vc_column][\/vc_row][vc_row row_type=&#8220;row&#8220; use_row_as_full_screen_section=&#8220;no&#8220; type=&#8220;full_width&#8220; text_align=&#8220;left&#8220; background_animation=&#8220;none&#8220; css_animation=&#8220;&#8220;][vc_column][vc_column_text]Bildergalerie[\/vc_column_text][\/vc_column][\/vc_row][vc_row row_type=&#8220;row&#8220; use_row_as_full_screen_section=&#8220;no&#8220; type=&#8220;full_width&#8220; text_align=&#8220;left&#8220; background_animation=&#8220;none&#8220; css_animation=&#8220;&#8220;][vc_column][vc_empty_space][\/vc_column][\/vc_row][vc_row row_type=&#8220;row&#8220; use_row_as_full_screen_section=&#8220;no&#8220; type=&#8220;full_width&#8220; text_align=&#8220;left&#8220; background_animation=&#8220;none&#8220; css_animation=&#8220;&#8220;][vc_column][vc_gallery type=&#8220;image_grid&#8220; images=&#8220;7859,7858,7857,7856,7855,7854,7853,7852,7851,7848,7847,7846,7845,7844,7843,7842,7841,7840,7839,7838,7837,7836,7849,7835,7834&#8243; img_size=&#8220;full&#8220; onclick=&#8220;&#8220; column_number=&#8220;0&#8243; grayscale=&#8220;no&#8220; space_between_images=&#8220;no&#8220;][\/vc_column][\/vc_row]<\/p>\n<\/div>","protected":false},"excerpt":{"rendered":"<p>[vc_row row_type=&#8220;row&#8220; use_row_as_full_screen_section=&#8220;no&#8220; type=&#8220;full_width&#8220; text_align=&#8220;left&#8220; background_animation=&#8220;none&#8220; css_animation=&#8220;&#8220;][vc_column][vc_empty_space height=&#8220;24px&#8220;][vc_column_text]Volleynight 2007[\/vc_column_text][\/vc_column][\/vc_row][vc_row row_type=&#8220;row&#8220; use_row_as_full_screen_section=&#8220;no&#8220; type=&#8220;full_width&#8220; text_align=&#8220;left&#8220; background_animation=&#8220;none&#8220; css_animation=&#8220;&#8220;][vc_column][vc_empty_space][\/vc_column][\/vc_row][vc_row row_type=&#8220;row&#8220; use_row_as_full_screen_section=&#8220;no&#8220; type=&#8220;full_width&#8220; text_align=&#8220;left&#8220; background_animation=&#8220;none&#8220; css_animation=&#8220;&#8220;][vc_column][vc_column_text]Es ist erfreulich, erneut auf eine erfolgreiche Volley-Night zur\u00fcckblicken zu d\u00fcrfen. Bei ihrer 6. Austragung waren rund ein Drittel der Sch\u00fclerinnen und Sch\u00fcler der KSWE&#8230;<\/p>\n","protected":false},"author":10,"featured_media":0,"parent":0,"menu_order":0,"comment_status":"closed","ping_status":"closed","template":"","meta":{"footnotes":""},"class_list":["post-7831","page","type-page","status-publish","hentry"],"_links":{"self":[{"href":"https:\/\/fs.kswe.ch\/spo\/wp-json\/wp\/v2\/pages\/7831","targetHints":{"allow":["GET"]}}],"collection":[{"href":"https:\/\/fs.kswe.ch\/spo\/wp-json\/wp\/v2\/pages"}],"about":[{"href":"https:\/\/fs.kswe.ch\/spo\/wp-json\/wp\/v2\/types\/page"}],"author":[{"embeddable":true,"href":"https:\/\/fs.kswe.ch\/spo\/wp-json\/wp\/v2\/users\/10"}],"replies":[{"embeddable":true,"href":"https:\/\/fs.kswe.ch\/spo\/wp-json\/wp\/v2\/comments?post=7831"}],"version-history":[{"count":5,"href":"https:\/\/fs.kswe.ch\/spo\/wp-json\/wp\/v2\/pages\/7831\/revisions"}],"predecessor-version":[{"id":8663,"href":"https:\/\/fs.kswe.ch\/spo\/wp-json\/wp\/v2\/pages\/7831\/revisions\/8663"}],"wp:attachment":[{"href":"https:\/\/fs.kswe.ch\/spo\/wp-json\/wp\/v2\/media?parent=7831"}],"curies":[{"name":"wp","href":"https:\/\/api.w.org\/{rel}","templated":true}]}}