{"id":7829,"date":"2019-06-15T23:12:31","date_gmt":"2019-06-15T21:12:31","guid":{"rendered":"https:\/\/fs.kswe.ch\/spo\/?page_id=7829"},"modified":"2019-06-16T00:25:44","modified_gmt":"2019-06-15T22:25:44","slug":"volleynight08","status":"publish","type":"page","link":"https:\/\/fs.kswe.ch\/spo\/volleynight08\/","title":{"rendered":"Volleynight08"},"content":{"rendered":"<div class=\"wpb-content-wrapper\"><p>[vc_row row_type=&#8220;row&#8220; use_row_as_full_screen_section=&#8220;no&#8220; type=&#8220;full_width&#8220; text_align=&#8220;left&#8220; background_animation=&#8220;none&#8220; css_animation=&#8220;&#8220;][vc_column][vc_empty_space height=&#8220;24px&#8220;][vc_column_text]<em><strong>Volleynight 2008<\/strong><\/em>[\/vc_column_text][\/vc_column][\/vc_row][vc_row row_type=&#8220;row&#8220; use_row_as_full_screen_section=&#8220;no&#8220; type=&#8220;full_width&#8220; text_align=&#8220;left&#8220; background_animation=&#8220;none&#8220; css_animation=&#8220;&#8220;][vc_column][vc_empty_space][\/vc_column][\/vc_row][vc_row row_type=&#8220;row&#8220; use_row_as_full_screen_section=&#8220;no&#8220; type=&#8220;full_width&#8220; text_align=&#8220;left&#8220; background_animation=&#8220;none&#8220; css_animation=&#8220;&#8220;][vc_column][vc_column_text]Die diesj\u00e4hrige Volleynight an der KSWE brachte einen neuen Teilnehmer-Rekord. F\u00fcr die 7. Austragung hatten sich 51 Teams angemeldet. Mit dabei waren das traditionelle Lehrer-Team sowie auch eine Mannschaft aus Ehemaligen. Das Turnier mit 42 Mixed Teams und 9 Teams in der Kategorie Frauen dauerte rund 8 Stunden, bis die erfolgreichsten Mannschaften feststanden. Rund 400 Spielerinnen und Spieler standen am 19. Dezember ab 15.30 Uhr im Einsatz und k\u00e4mpften in der Vor- und Zwischenrunde um Punkte. Endlich, nach 166 Partien standen die Siegerinnen und Sieger der Volleynight 2008 fest:<br \/>\nIn der Kategorie Mixed setzten sich im Finale die &#8222;Obama Crew&#8220; (aus div. Abteilungen) gegen &#8222;Namesti Miru&#8220; (G4D) in einem packenden Spiel durch. Bei den Damen behielten die &#8222;Spackos&#8220; (mit Spielerinnen aus div. Abteilungen) gegen &#8222;Let&#8217;s Fetz&#8220; (G3E, F2C) in ihrem Duell das bessere Ende f\u00fcr sich.<\/p>\n<p>&nbsp;<\/p>\n<p>Die zahlreichen noch anwesenden Zuschauerinnen und Zuschauer der Finalspiele brachten die Hallen nochmals zum brodeln und sorgten f\u00fcr einen gelungenen Jahresschluss. Die drei erstplatzierten Teams jeder Kategorie wurden mit leckeren Preisen belohnt. \u00dcber die R\u00e4nge, die erspielt wurden, gibt die untenstehende Rangliste vollst\u00e4ndig Auskunft. Wir gratulieren den Siegerinnen und Siegern und laden sie jetzt schon ein, ihren Titel an der Volleynight 2009 zu verteidigen.<\/p>\n<p>&nbsp;<\/p>\n<p>Der Anlass war von guter Laune, viel Spiellust und einer fr\u00f6hlichen Stimmung gepr\u00e4gt. Dazu trug sicher auch das vielseitige Buffet der Abteilung G2B bei. Allen Beteiligten, die zu diesem Anlass beigetragen haben, gilt es ein riesiges Dankesch\u00f6n auszusprechen. Die beiden Hauptverantwortlichen Rico Hirschb\u00fchl und Adi Probst haben das Turnier hervorragend organisiert und souver\u00e4n geleitet. Wie immer wurden sie bei der Durchf\u00fchrung durch das ganze Team der Sportlehrpersonen unterst\u00fctzt. Ein Dank geht auch an die Vereine, die am Freitagabend in den T\u00e4gihallen Training haben und uns freundlicherweise die Pl\u00e4tze f\u00fcr unseren Event \u00fcberliessen: Rot-Weiss Wettingen (Landhockey), der STV Wettingen (M\u00e4nnerriege) und der BSV Wettingen (Handball). Denn auch in diesem Jahr waren wir wieder auf die Hallen im T\u00e4gi angewiesen, da unsere legend\u00e4re Volleynight jedes Jahr gr\u00f6ssere Dimensionen annimmt. Ohne die zus\u00e4tzlichen Spielfelder w\u00e4re dieser Anlass organisatorisch nicht durchf\u00fchrbar.<\/p>\n<p>&nbsp;<\/p>\n<p>Freitag, den 18.12.2009 sollten Sie sich bereits jetzt f\u00fcr die Volleynight 2009 in Ihrer Agenda eintragen![\/vc_column_text][\/vc_column][\/vc_row][vc_row row_type=&#8220;row&#8220; use_row_as_full_screen_section=&#8220;no&#8220; type=&#8220;full_width&#8220; text_align=&#8220;left&#8220; background_animation=&#8220;none&#8220; css_animation=&#8220;&#8220;][vc_column][vc_empty_space][vc_separator type=&#8220;normal&#8220; border_style=&#8220;&#8220;][\/vc_column][\/vc_row][vc_row row_type=&#8220;row&#8220; use_row_as_full_screen_section=&#8220;no&#8220; type=&#8220;full_width&#8220; text_align=&#8220;left&#8220; background_animation=&#8220;none&#8220; css_animation=&#8220;&#8220;][vc_column][vc_column_text]<\/p>\n<ul>\n<li style=\"text-align: left\"><a href=\"https:\/\/fs.kswe.ch\/spo\/volleynight\/\"><span style=\"color: #800000\">zur\u00fcck<\/span><\/a><\/li>\n<\/ul>\n<p>[\/vc_column_text][\/vc_column][\/vc_row][vc_row row_type=&#8220;row&#8220; use_row_as_full_screen_section=&#8220;no&#8220; type=&#8220;full_width&#8220; text_align=&#8220;left&#8220; background_animation=&#8220;none&#8220; css_animation=&#8220;&#8220;][vc_column][vc_empty_space height=&#8220;12px&#8220;][vc_separator type=&#8220;normal&#8220; border_style=&#8220;&#8220;][vc_empty_space][\/vc_column][\/vc_row][vc_row row_type=&#8220;row&#8220; use_row_as_full_screen_section=&#8220;no&#8220; type=&#8220;full_width&#8220; text_align=&#8220;left&#8220; background_animation=&#8220;none&#8220; css_animation=&#8220;&#8220;][vc_column][vc_column_text]Bildergalerie[\/vc_column_text][\/vc_column][\/vc_row][vc_row row_type=&#8220;row&#8220; use_row_as_full_screen_section=&#8220;no&#8220; type=&#8220;full_width&#8220; text_align=&#8220;left&#8220; background_animation=&#8220;none&#8220; css_animation=&#8220;&#8220;][vc_column][vc_empty_space][\/vc_column][\/vc_row][vc_row row_type=&#8220;row&#8220; use_row_as_full_screen_section=&#8220;no&#8220; type=&#8220;full_width&#8220; text_align=&#8220;left&#8220; background_animation=&#8220;none&#8220; css_animation=&#8220;&#8220;][vc_column][vc_gallery type=&#8220;image_grid&#8220; images=&#8220;7893,7892,7891,7890,7889,7888,7887,7886,7885,7884,7883,7882,7881,7879,7878,7877,7876,7875,7873,7872,7871,7870,7869,7868,7867,7866,7865,7864,7863,7862,7861,7860&#8243; img_size=&#8220;full&#8220; onclick=&#8220;&#8220; column_number=&#8220;0&#8243; grayscale=&#8220;no&#8220; space_between_images=&#8220;no&#8220;][\/vc_column][\/vc_row]<\/p>\n<\/div>","protected":false},"excerpt":{"rendered":"<p>[vc_row row_type=&#8220;row&#8220; use_row_as_full_screen_section=&#8220;no&#8220; type=&#8220;full_width&#8220; text_align=&#8220;left&#8220; background_animation=&#8220;none&#8220; css_animation=&#8220;&#8220;][vc_column][vc_empty_space height=&#8220;24px&#8220;][vc_column_text]Volleynight 2008[\/vc_column_text][\/vc_column][\/vc_row][vc_row row_type=&#8220;row&#8220; use_row_as_full_screen_section=&#8220;no&#8220; type=&#8220;full_width&#8220; text_align=&#8220;left&#8220; background_animation=&#8220;none&#8220; css_animation=&#8220;&#8220;][vc_column][vc_empty_space][\/vc_column][\/vc_row][vc_row row_type=&#8220;row&#8220; use_row_as_full_screen_section=&#8220;no&#8220; type=&#8220;full_width&#8220; text_align=&#8220;left&#8220; background_animation=&#8220;none&#8220; css_animation=&#8220;&#8220;][vc_column][vc_column_text]Die diesj\u00e4hrige Volleynight an der KSWE brachte einen neuen Teilnehmer-Rekord. F\u00fcr die 7. Austragung hatten sich 51 Teams angemeldet. Mit dabei waren das traditionelle Lehrer-Team&#8230;<\/p>\n","protected":false},"author":10,"featured_media":0,"parent":0,"menu_order":0,"comment_status":"closed","ping_status":"closed","template":"","meta":{"footnotes":""},"class_list":["post-7829","page","type-page","status-publish","hentry"],"_links":{"self":[{"href":"https:\/\/fs.kswe.ch\/spo\/wp-json\/wp\/v2\/pages\/7829","targetHints":{"allow":["GET"]}}],"collection":[{"href":"https:\/\/fs.kswe.ch\/spo\/wp-json\/wp\/v2\/pages"}],"about":[{"href":"https:\/\/fs.kswe.ch\/spo\/wp-json\/wp\/v2\/types\/page"}],"author":[{"embeddable":true,"href":"https:\/\/fs.kswe.ch\/spo\/wp-json\/wp\/v2\/users\/10"}],"replies":[{"embeddable":true,"href":"https:\/\/fs.kswe.ch\/spo\/wp-json\/wp\/v2\/comments?post=7829"}],"version-history":[{"count":5,"href":"https:\/\/fs.kswe.ch\/spo\/wp-json\/wp\/v2\/pages\/7829\/revisions"}],"predecessor-version":[{"id":8666,"href":"https:\/\/fs.kswe.ch\/spo\/wp-json\/wp\/v2\/pages\/7829\/revisions\/8666"}],"wp:attachment":[{"href":"https:\/\/fs.kswe.ch\/spo\/wp-json\/wp\/v2\/media?parent=7829"}],"curies":[{"name":"wp","href":"https:\/\/api.w.org\/{rel}","templated":true}]}}