{"id":7827,"date":"2019-06-15T23:12:05","date_gmt":"2019-06-15T21:12:05","guid":{"rendered":"https:\/\/fs.kswe.ch\/spo\/?page_id=7827"},"modified":"2019-06-16T00:40:31","modified_gmt":"2019-06-15T22:40:31","slug":"volleynight09","status":"publish","type":"page","link":"https:\/\/fs.kswe.ch\/spo\/volleynight09\/","title":{"rendered":"Volleynight09"},"content":{"rendered":"<div class=\"wpb-content-wrapper\"><p>[vc_row row_type=&#8220;row&#8220; use_row_as_full_screen_section=&#8220;no&#8220; type=&#8220;full_width&#8220; text_align=&#8220;left&#8220; background_animation=&#8220;none&#8220; css_animation=&#8220;&#8220;][vc_column][vc_empty_space height=&#8220;24px&#8220;][vc_column_text]<em><strong>Volleynight 2009<\/strong><\/em>[\/vc_column_text][\/vc_column][\/vc_row][vc_row row_type=&#8220;row&#8220; use_row_as_full_screen_section=&#8220;no&#8220; type=&#8220;full_width&#8220; text_align=&#8220;left&#8220; background_animation=&#8220;none&#8220; css_animation=&#8220;&#8220;][vc_column][vc_empty_space][\/vc_column][\/vc_row][vc_row row_type=&#8220;row&#8220; use_row_as_full_screen_section=&#8220;no&#8220; type=&#8220;full_width&#8220; text_align=&#8220;left&#8220; background_animation=&#8220;none&#8220; css_animation=&#8220;&#8220;][vc_column][vc_column_text]Am 18. Dezember fand die 8. Volleynight an der KSWE statt. Aufgrund der Erfahrungen der vergangenen Jahre wurde in diesem Jahr die Teilnehmerzahl beschr\u00e4nkt. 32 Mixed- und 7 Frauen-Teams standen im Einsatz. Auch dieses Jahr war ein LehrerInnen-Team sowie auch eine Mannschaft mit ehemaligen Sch\u00fclerinnen und Sch\u00fclern mit dabei. Erst nach rund 8 schweisstreibenden Stunden standen die erfolgreichsten Mannschaften fest. Rund 350 Spielerinnen und Spieler standen ab 15.30 Uhr im Einsatz und k\u00e4mpften in der Vor- und Zwischenrunde um Punkte. Endlich, nach unz\u00e4hligen Ballwechseln, packenden Szenen und unerm\u00fcdlichem Einsatz standen die Siegerinnen und Sieger der Volleynight 2009 fest:<\/p>\n<p>&nbsp;<\/p>\n<p>In der Kategorie Mixed konnte das Team &#8222;B\u00fcckst\u00fcck&#8220; (G4F) gegen &#8222;H1N1 Army&#8220; (G3B) nach einem hart umk\u00e4mpften Spiel das Finale f\u00fcr sich entscheiden. Bei den Damen hatten dieses Jahr die Sch\u00fclerinnen aus der 1. Klasse die Nase vorne: den Sieg konnten &#8222;Mojo&#8220; (G1C) nach dem Match gegen die &#8222;Supergirls&#8220; (G1A) feiern. \u00dcber die R\u00e4nge der anderen Teams gibt die unten stehende Rangliste Auskunft.<\/p>\n<p>&nbsp;<\/p>\n<p>Die vielen noch anwesenden Zuschauerinnen und Zuschauer der Finalspiele sorgten f\u00fcr eine tolle Stimmung und unterst\u00fctzten lauthals die Finalteams. Die bestplatzierten Teams jeder Kategorie wurden mit verschiedenen Preisen belohnt. Neu ist, das un\u00fcbersehbare, gr\u00fcn-gelbe, kultverd\u00e4chtige Sieger-Shirt der KSWE!<\/p>\n<p>&nbsp;<\/p>\n<p>Gute Laune, viel Spiellust und eine fr\u00f6hliche Stimmung pr\u00e4gten unser traditionelles Turnier zum Jahresschluss. Dazu trug sicher auch das vielseitige Buffet, das erneut von der Abteilung G3B bereitgestellt wurde, bei. Allen Beteiligten, die zu diesem Anlass beigetragen haben, m\u00f6chten wir ein grosses Dankesch\u00f6n aussprechen. Die beiden Hauptverantwortlichen Adi Probst und Anouk Honarchian haben das Turnier hervorragend organisiert und sorgten damit f\u00fcr einen reibungslosen Ablauf. Wie immer wurden sie bei der Durchf\u00fchrung durch das ganze Team der Sportlehrpersonen unterst\u00fctzt. Herzlichen Dank auch an Peter Niederer, unseren Hallenwart, der wegen der Volleynight auch einen Extraeinsatz leisten musste. Bedanken m\u00f6chten wir uns auch bei den Vereinen, die am Freitagabend in den T\u00e4gihallen sonst Training haben und uns freundlicherweise die Pl\u00e4tze f\u00fcr unseren Event \u00fcberliessen. Denn auch in diesem Jahr waren wir f\u00fcr die Spiele der Vor- und Zwischenrunde auf die Hallen im T\u00e4gi angewiesen. Ohne diese zus\u00e4tzlichen Spielfelder w\u00e4re der Anlass organisatorisch nicht durchf\u00fchrbar.<\/p>\n<p>&nbsp;<\/p>\n<p>Wir gratulieren den Siegerinnen und Siegern und laden sie jetzt schon ein, ihren Titel an der Volleynight 2010 zu verteidigen! Sie sollten sich deshalb bereits jetzt das voraussichtliche Datum in Ihrer Agenda eintragen: Donnerstag, 23.12.2010!<\/p>\n<p>&nbsp;<\/p>\n<p>Fachschaft Sport[\/vc_column_text][\/vc_column][\/vc_row][vc_row row_type=&#8220;row&#8220; use_row_as_full_screen_section=&#8220;no&#8220; type=&#8220;full_width&#8220; text_align=&#8220;left&#8220; background_animation=&#8220;none&#8220; css_animation=&#8220;&#8220;][vc_column][vc_empty_space][vc_separator type=&#8220;normal&#8220; border_style=&#8220;&#8220;][\/vc_column][\/vc_row][vc_row row_type=&#8220;row&#8220; use_row_as_full_screen_section=&#8220;no&#8220; type=&#8220;full_width&#8220; text_align=&#8220;left&#8220; background_animation=&#8220;none&#8220; css_animation=&#8220;&#8220;][vc_column][vc_column_text]<\/p>\n<ul>\n<li style=\"text-align: left\"><a href=\"https:\/\/fs.kswe.ch\/spo\/volleynight\/\"><span style=\"color: #800000\">zur\u00fcck<\/span><\/a><\/li>\n<\/ul>\n<p>[\/vc_column_text][\/vc_column][\/vc_row][vc_row row_type=&#8220;row&#8220; use_row_as_full_screen_section=&#8220;no&#8220; type=&#8220;full_width&#8220; text_align=&#8220;left&#8220; background_animation=&#8220;none&#8220; css_animation=&#8220;&#8220;][vc_column][vc_empty_space height=&#8220;12px&#8220;][vc_separator type=&#8220;normal&#8220; border_style=&#8220;&#8220;][vc_empty_space][\/vc_column][\/vc_row][vc_row row_type=&#8220;row&#8220; use_row_as_full_screen_section=&#8220;no&#8220; type=&#8220;full_width&#8220; text_align=&#8220;left&#8220; background_animation=&#8220;none&#8220; css_animation=&#8220;&#8220;][vc_column][vc_column_text]Bildergalerie[\/vc_column_text][\/vc_column][\/vc_row][vc_row row_type=&#8220;row&#8220; use_row_as_full_screen_section=&#8220;no&#8220; type=&#8220;full_width&#8220; text_align=&#8220;left&#8220; background_animation=&#8220;none&#8220; css_animation=&#8220;&#8220;][vc_column][vc_empty_space][\/vc_column][\/vc_row][vc_row row_type=&#8220;row&#8220; use_row_as_full_screen_section=&#8220;no&#8220; type=&#8220;full_width&#8220; text_align=&#8220;left&#8220; background_animation=&#8220;none&#8220; css_animation=&#8220;&#8220;][vc_column][vc_gallery type=&#8220;image_grid&#8220; images=&#8220;7894,7895,7896,7899,7901,7902,7903,7904,7905,7907,7908,7909,7910,7913,7914,7915,7916,7917,7918,7919,7920,7921,7922,7923,7924,7925,7926,7927,7928,7930,7931,7932,7933,7934,7944,7943,7935,7936,7937,7938,7939,7940,7942,7941&#8243; img_size=&#8220;full&#8220; onclick=&#8220;&#8220; column_number=&#8220;0&#8243; grayscale=&#8220;no&#8220; space_between_images=&#8220;no&#8220;][\/vc_column][\/vc_row][vc_row row_type=&#8220;row&#8220; use_row_as_full_screen_section=&#8220;no&#8220; type=&#8220;full_width&#8220; text_align=&#8220;left&#8220; background_animation=&#8220;none&#8220; css_animation=&#8220;&#8220;][vc_column width=&#8220;1\/2&#8243;][vc_gallery type=&#8220;image_grid&#8220; images=&#8220;7958,7959,7956,7955,7954,7953,7950,7949,7948,7947,7946,7945,7951&#8243; img_size=&#8220;full&#8220; onclick=&#8220;&#8220; column_number=&#8220;0&#8243; grayscale=&#8220;no&#8220; space_between_images=&#8220;no&#8220;][\/vc_column][vc_column width=&#8220;1\/2&#8243;][\/vc_column][\/vc_row]<\/p>\n<\/div>","protected":false},"excerpt":{"rendered":"<p>[vc_row row_type=&#8220;row&#8220; use_row_as_full_screen_section=&#8220;no&#8220; type=&#8220;full_width&#8220; text_align=&#8220;left&#8220; background_animation=&#8220;none&#8220; css_animation=&#8220;&#8220;][vc_column][vc_empty_space height=&#8220;24px&#8220;][vc_column_text]Volleynight 2009[\/vc_column_text][\/vc_column][\/vc_row][vc_row row_type=&#8220;row&#8220; use_row_as_full_screen_section=&#8220;no&#8220; type=&#8220;full_width&#8220; text_align=&#8220;left&#8220; background_animation=&#8220;none&#8220; css_animation=&#8220;&#8220;][vc_column][vc_empty_space][\/vc_column][\/vc_row][vc_row row_type=&#8220;row&#8220; use_row_as_full_screen_section=&#8220;no&#8220; type=&#8220;full_width&#8220; text_align=&#8220;left&#8220; background_animation=&#8220;none&#8220; css_animation=&#8220;&#8220;][vc_column][vc_column_text]Am 18. Dezember fand die 8. Volleynight an der KSWE statt. Aufgrund der Erfahrungen der vergangenen Jahre wurde in diesem Jahr die Teilnehmerzahl beschr\u00e4nkt. 32&#8230;<\/p>\n","protected":false},"author":10,"featured_media":0,"parent":0,"menu_order":0,"comment_status":"closed","ping_status":"closed","template":"","meta":{"footnotes":""},"class_list":["post-7827","page","type-page","status-publish","hentry"],"_links":{"self":[{"href":"https:\/\/fs.kswe.ch\/spo\/wp-json\/wp\/v2\/pages\/7827","targetHints":{"allow":["GET"]}}],"collection":[{"href":"https:\/\/fs.kswe.ch\/spo\/wp-json\/wp\/v2\/pages"}],"about":[{"href":"https:\/\/fs.kswe.ch\/spo\/wp-json\/wp\/v2\/types\/page"}],"author":[{"embeddable":true,"href":"https:\/\/fs.kswe.ch\/spo\/wp-json\/wp\/v2\/users\/10"}],"replies":[{"embeddable":true,"href":"https:\/\/fs.kswe.ch\/spo\/wp-json\/wp\/v2\/comments?post=7827"}],"version-history":[{"count":9,"href":"https:\/\/fs.kswe.ch\/spo\/wp-json\/wp\/v2\/pages\/7827\/revisions"}],"predecessor-version":[{"id":8673,"href":"https:\/\/fs.kswe.ch\/spo\/wp-json\/wp\/v2\/pages\/7827\/revisions\/8673"}],"wp:attachment":[{"href":"https:\/\/fs.kswe.ch\/spo\/wp-json\/wp\/v2\/media?parent=7827"}],"curies":[{"name":"wp","href":"https:\/\/api.w.org\/{rel}","templated":true}]}}