{"id":7825,"date":"2019-06-15T23:11:33","date_gmt":"2019-06-15T21:11:33","guid":{"rendered":"https:\/\/fs.kswe.ch\/spo\/?page_id=7825"},"modified":"2019-06-16T00:48:49","modified_gmt":"2019-06-15T22:48:49","slug":"volleynight10","status":"publish","type":"page","link":"https:\/\/fs.kswe.ch\/spo\/volleynight10\/","title":{"rendered":"Volleynight10"},"content":{"rendered":"<div class=\"wpb-content-wrapper\"><p>[vc_row row_type=&#8220;row&#8220; use_row_as_full_screen_section=&#8220;no&#8220; type=&#8220;full_width&#8220; text_align=&#8220;left&#8220; background_animation=&#8220;none&#8220; css_animation=&#8220;&#8220;][vc_column][vc_empty_space height=&#8220;24px&#8220;][vc_column_text]<em><strong>Volleynight 2010<br \/>\n<\/strong><\/em>[\/vc_column_text][\/vc_column][\/vc_row][vc_row row_type=&#8220;row&#8220; use_row_as_full_screen_section=&#8220;no&#8220; type=&#8220;full_width&#8220; text_align=&#8220;left&#8220; background_animation=&#8220;none&#8220; css_animation=&#8220;&#8220;][vc_column][vc_empty_space][\/vc_column][\/vc_row][vc_row row_type=&#8220;row&#8220; use_row_as_full_screen_section=&#8220;no&#8220; type=&#8220;full_width&#8220; text_align=&#8220;left&#8220; background_animation=&#8220;none&#8220; css_animation=&#8220;&#8220;][vc_column][vc_column_text]Wenn die Sporthallen der KSWE dampfen, 400 Sch\u00fclerinnen und Sch\u00fcler, teils originell verkleidet und in gel\u00f6ster Stimmung die Weihnachtsferien einl\u00e4uten, dann ist Volleynight auf der Klosterhalbinsel.<\/p>\n<p>&nbsp;<\/p>\n<p>Dieses Jahr fand das Highlight der KSWE Sportturniere am 23. Dezember statt. Aber auch so kurz vor Weihnachten haben sich erfreulich viele Teams zu diesem freiwilligen Turnier angemeldet. Die Teilnehmerzahl musste so im Mixedturnier wiederum auf 32 Mannschaften begrenzt werden. Daneben war auch das Frauenturnier mit 7 Teams gleich stark besetzt wie im letzten Jahr. Der Spielplangestalter freute es, so war er in der gl\u00fccklichen Situation, dass er auf den bew\u00e4hrten Plan vom Vorjahr zur\u00fcckgreifen konnte. Wobei, das mit dem Lesen des Spielplanes so eine Sache ist (oder vielmehr, nicht jedermanns Sache) und \u00fcberlegt wird, ob dies im Grundlagenfach Sport in den Lehrplan aufgenommen werden sollte. Im Vorfeld und Verlauf der Volleynight gab es jedenfalls einige fragende Gesichter und leider auch drei Partien die wegen fehlenden Teams forfait gewertet werden mussten.<\/p>\n<p>&nbsp;<\/p>\n<p>F\u00fcr das leibliche Wohl und den Imbissstand auf der Galerie der Halle B war in diesem Jahr die Abteilung F1B verantwortlich. Noch etwas unerfahren und mit sehr grossz\u00fcgigem Einkauf, machten sie, je l\u00e4nger der Abend dauerte, mit Schn\u00e4ppchenpreisen die Nachtvolleyballer gl\u00fccklich. Bleibt zu hoffen, dass sie dennoch schwarze Zahlen schreiben konnten und n\u00e4chstes Jahr wieder mit von der Party sind.<\/p>\n<p>&nbsp;<\/p>\n<p>Rund 8 schweisstreibende Stunden wurde Volleyball auf ansprechendem Niveau gespielt, bis die erfolgreichsten Mannschaften feststanden. Ab 15:15 Uhr in der Vor- und Zwischenrunde, hatten auch noch 16 Teams in der Dreifachhalle des T\u00e4gerhard fleissig um Punkte gek\u00e4mpft. Ab 20:30 Uhr dann, konzentrierte sich alles auf die Sporthallen der KSWE. Endlich, nach unz\u00e4hligen Ballwechseln, unz\u00e4hligen Durchg\u00e4ngen der CD Bravo-Hits rauf und runter und unerm\u00fcdlichem Einsatz, standen die Siegerinnen und Sieger der Volleynight 2010 fest: In der Kategorie Mixed konnte das Team &#8222;Flying Touchmen&#8220; (G3G) gegen &#8222;Quing&#8220; (G1C) in einem recht einseitigen Spiel das Finale f\u00fcr sich entscheiden. Der Leistung der Erstkl\u00e4ssler gilt dennoch besondere Anerkennung, ist es doch eine Seltenheit, dass sich \u201eFrischlinge\u201c gleich bei der ersten Teilnahme f\u00fcr das Finalspiel qualifizieren k\u00f6nnen. Bei den Frauen hatten dieses Jahr die Sch\u00fclerinnen aus der 3. Klasse die Nase vorne: den Sieg konnten &#8222;Locas&#8220; (G3C) nach dem Match gegen die &#8222;Tschiccos&#8220; (F1B) feiern.<\/p>\n<p>&nbsp;<\/p>\n<p>Leider waren beim Finalspiel nicht mehr ganz so viele Zuschauer anwesend wie noch im Verlauf des Abends, oder auch schon in Vorjahren. M\u00f6glicherweise mussten halt doch noch einige Weihnachtsgschenkli eingepackt werden, oder die anstrengenden Schulwochen davor gingen zu sehr an die Substanz. Die verbliebenen Sch\u00fclerinnen und Sch\u00fcler sorgten nichts desto trotz f\u00fcr eine sehr gute Stimmung und einen w\u00fcrdigen Ausklang dieses gelungenen Abends. Die bestplatzierten Teams jeder Kategorie wurden mit verschiedenen Preisen belohnt. Bereits heiss begehrt ist das gr\u00fcne, kultverd\u00e4chtige Sieger-Shirt der KSWE! \u00dcber die R\u00e4nge, die erreicht wurden, gibt die folgende Rangliste vollst\u00e4ndig Auskunft.<\/p>\n<p>&nbsp;<\/p>\n<p>Allen Beteiligten, die zu diesem Anlass beigetragen haben, m\u00f6chten wir ein grosses Dankesch\u00f6n aussprechen. Die beiden Hauptverantwortlichen Adi Probst und Barbara Humbel haben das Turnier hervorragend organisiert und sorgten damit f\u00fcr einen reibungslosen Ablauf. Wie immer wurden sie bei der Durchf\u00fchrung durch das ganze Team der Sportlehrpersonen unterst\u00fctzt. Bedanken m\u00f6chten wir uns auch bei den Vereinen, die am Donnerstagabend in den KSWE- und T\u00e4gihallen sonst Training haben und uns freundlicherweise die Pl\u00e4tze f\u00fcr unseren Event \u00fcberliessen.<\/p>\n<p>&nbsp;<\/p>\n<p>Wir gratulieren den Siegerinnen und Siegern und laden sie jetzt schon ein, ihren Titel an der Volleynight 2011 zu verteidigen!<\/p>\n<p>&nbsp;<\/p>\n<p>Fachschaft Sport[\/vc_column_text][\/vc_column][\/vc_row][vc_row row_type=&#8220;row&#8220; use_row_as_full_screen_section=&#8220;no&#8220; type=&#8220;full_width&#8220; text_align=&#8220;left&#8220; background_animation=&#8220;none&#8220; css_animation=&#8220;&#8220;][vc_column][vc_empty_space][vc_separator type=&#8220;normal&#8220; border_style=&#8220;&#8220;][\/vc_column][\/vc_row][vc_row row_type=&#8220;row&#8220; use_row_as_full_screen_section=&#8220;no&#8220; type=&#8220;full_width&#8220; text_align=&#8220;left&#8220; background_animation=&#8220;none&#8220; css_animation=&#8220;&#8220;][vc_column][vc_column_text]<\/p>\n<ul>\n<li style=\"text-align: left\"><a href=\"https:\/\/fs.kswe.ch\/spo\/volleynight\/\"><span style=\"color: #800000\">zur\u00fcck<\/span><\/a><\/li>\n<\/ul>\n<p>[\/vc_column_text][\/vc_column][\/vc_row][vc_row row_type=&#8220;row&#8220; use_row_as_full_screen_section=&#8220;no&#8220; type=&#8220;full_width&#8220; text_align=&#8220;left&#8220; background_animation=&#8220;none&#8220; css_animation=&#8220;&#8220;][vc_column][vc_empty_space height=&#8220;12px&#8220;][vc_separator type=&#8220;normal&#8220; border_style=&#8220;&#8220;][vc_empty_space][\/vc_column][\/vc_row][vc_row row_type=&#8220;row&#8220; use_row_as_full_screen_section=&#8220;no&#8220; type=&#8220;full_width&#8220; text_align=&#8220;left&#8220; background_animation=&#8220;none&#8220; css_animation=&#8220;&#8220;][vc_column][vc_column_text]Bildergalerie[\/vc_column_text][\/vc_column][\/vc_row][vc_row row_type=&#8220;row&#8220; use_row_as_full_screen_section=&#8220;no&#8220; type=&#8220;full_width&#8220; text_align=&#8220;left&#8220; background_animation=&#8220;none&#8220; css_animation=&#8220;&#8220;][vc_column][vc_empty_space][\/vc_column][\/vc_row][vc_row row_type=&#8220;row&#8220; use_row_as_full_screen_section=&#8220;no&#8220; type=&#8220;full_width&#8220; text_align=&#8220;left&#8220; background_animation=&#8220;none&#8220; css_animation=&#8220;&#8220;][vc_column][vc_gallery type=&#8220;image_grid&#8220; images=&#8220;7988,7987,7986,7985,7984,7983,7982,7981,7980,7979,7978,7977,7976,7975,7974,7973,7972,7971,7970,7969,7968,7967,7966,7965,7964,7963,7962,7961,7960&#8243; img_size=&#8220;full&#8220; onclick=&#8220;&#8220; column_number=&#8220;0&#8243; grayscale=&#8220;no&#8220; space_between_images=&#8220;no&#8220;][\/vc_column][\/vc_row][vc_row row_type=&#8220;row&#8220; use_row_as_full_screen_section=&#8220;no&#8220; type=&#8220;full_width&#8220; text_align=&#8220;left&#8220; background_animation=&#8220;none&#8220; css_animation=&#8220;&#8220;][vc_column width=&#8220;1\/2&#8243;][vc_gallery type=&#8220;image_grid&#8220; images=&#8220;8020,8019,8018,8016,8015,8014,8013,8012,8011,8010,8009,8008,8007,8006,8005,8003,8002,8000,7999,7998,7997,7996,7995,7994,7993,7991,7989&#8243; img_size=&#8220;full&#8220; onclick=&#8220;&#8220; column_number=&#8220;0&#8243; grayscale=&#8220;no&#8220; space_between_images=&#8220;no&#8220;][\/vc_column][vc_column width=&#8220;1\/2&#8243;][\/vc_column][\/vc_row]<\/p>\n<\/div>","protected":false},"excerpt":{"rendered":"<p>[vc_row row_type=&#8220;row&#8220; use_row_as_full_screen_section=&#8220;no&#8220; type=&#8220;full_width&#8220; text_align=&#8220;left&#8220; background_animation=&#8220;none&#8220; css_animation=&#8220;&#8220;][vc_column][vc_empty_space height=&#8220;24px&#8220;][vc_column_text]Volleynight 2010 [\/vc_column_text][\/vc_column][\/vc_row][vc_row row_type=&#8220;row&#8220; use_row_as_full_screen_section=&#8220;no&#8220; type=&#8220;full_width&#8220; text_align=&#8220;left&#8220; background_animation=&#8220;none&#8220; css_animation=&#8220;&#8220;][vc_column][vc_empty_space][\/vc_column][\/vc_row][vc_row row_type=&#8220;row&#8220; use_row_as_full_screen_section=&#8220;no&#8220; type=&#8220;full_width&#8220; text_align=&#8220;left&#8220; background_animation=&#8220;none&#8220; css_animation=&#8220;&#8220;][vc_column][vc_column_text]Wenn die Sporthallen der KSWE dampfen, 400 Sch\u00fclerinnen und Sch\u00fcler, teils originell verkleidet und in gel\u00f6ster Stimmung die Weihnachtsferien einl\u00e4uten, dann ist Volleynight auf&#8230;<\/p>\n","protected":false},"author":10,"featured_media":0,"parent":0,"menu_order":0,"comment_status":"closed","ping_status":"closed","template":"","meta":{"footnotes":""},"class_list":["post-7825","page","type-page","status-publish","hentry"],"_links":{"self":[{"href":"https:\/\/fs.kswe.ch\/spo\/wp-json\/wp\/v2\/pages\/7825","targetHints":{"allow":["GET"]}}],"collection":[{"href":"https:\/\/fs.kswe.ch\/spo\/wp-json\/wp\/v2\/pages"}],"about":[{"href":"https:\/\/fs.kswe.ch\/spo\/wp-json\/wp\/v2\/types\/page"}],"author":[{"embeddable":true,"href":"https:\/\/fs.kswe.ch\/spo\/wp-json\/wp\/v2\/users\/10"}],"replies":[{"embeddable":true,"href":"https:\/\/fs.kswe.ch\/spo\/wp-json\/wp\/v2\/comments?post=7825"}],"version-history":[{"count":6,"href":"https:\/\/fs.kswe.ch\/spo\/wp-json\/wp\/v2\/pages\/7825\/revisions"}],"predecessor-version":[{"id":8677,"href":"https:\/\/fs.kswe.ch\/spo\/wp-json\/wp\/v2\/pages\/7825\/revisions\/8677"}],"wp:attachment":[{"href":"https:\/\/fs.kswe.ch\/spo\/wp-json\/wp\/v2\/media?parent=7825"}],"curies":[{"name":"wp","href":"https:\/\/api.w.org\/{rel}","templated":true}]}}