{"id":7823,"date":"2019-06-15T23:11:09","date_gmt":"2019-06-15T21:11:09","guid":{"rendered":"https:\/\/fs.kswe.ch\/spo\/?page_id=7823"},"modified":"2019-06-16T00:54:20","modified_gmt":"2019-06-15T22:54:20","slug":"volleynight11","status":"publish","type":"page","link":"https:\/\/fs.kswe.ch\/spo\/volleynight11\/","title":{"rendered":"Volleynight11"},"content":{"rendered":"<div class=\"wpb-content-wrapper\"><p>[vc_row row_type=&#8220;row&#8220; use_row_as_full_screen_section=&#8220;no&#8220; type=&#8220;full_width&#8220; text_align=&#8220;left&#8220; background_animation=&#8220;none&#8220; css_animation=&#8220;&#8220;][vc_column][vc_empty_space height=&#8220;24px&#8220;][vc_column_text]<em><strong>Volleynight 2011<br \/>\n<\/strong><\/em>[\/vc_column_text][\/vc_column][\/vc_row][vc_row row_type=&#8220;row&#8220; use_row_as_full_screen_section=&#8220;no&#8220; type=&#8220;full_width&#8220; text_align=&#8220;left&#8220; background_animation=&#8220;none&#8220; css_animation=&#8220;&#8220;][vc_column][vc_empty_space][\/vc_column][\/vc_row][vc_row row_type=&#8220;row&#8220; use_row_as_full_screen_section=&#8220;no&#8220; type=&#8220;full_width&#8220; text_align=&#8220;left&#8220; background_animation=&#8220;none&#8220; css_animation=&#8220;&#8220;][vc_column][vc_column_text]Wenn die Sporthallen der Kantonsschule Wettingen pulsieren und 400 Sch\u00fclerinnen und Sch\u00fcler in gel\u00f6ster Stimmung die Weihnachtsferien einl\u00e4uten, dann ist Volleynight auf der Klosterhalbinsel. Dieses Jahr fand das Highlight der KSWE Sportturniere wieder am 23. Dezember statt. Um 14.40 Uhr str\u00f6mten die 42 oft originell verkleideten Teams in die Sporthallen. Da die drei schuleigenen Hallen f\u00fcr ein solches Turnier bei weitem nicht ausreichten, wurden viele Spiele in die Dreifachhalle T\u00e4gerhard ausgelagert.<\/p>\n<p>&nbsp;<\/p>\n<p>F\u00fcr das leibliche Wohl und den Imbissstand auf der Galerie der Halle B war in diesem Jahr die Abteilung G3C verantwortlich. Dies erm\u00f6glichte den TeilnehmerInnen ihren kleinen Hunger zwischen den Spielen mit Sandwiches oder leckerem Kuchen zu stillen. Bleibt zu hoffen, dass die G3C f\u00fcr ihren Einsatz mit schwarzen Zahlen belohnt wurde! Rund acht schweisstreibende Stunden wurde Volleyball auf ansprechendem Niveau gespielt, bis die erfolgreichsten Mannschaften feststanden. In der Vor- und Zwischenrunde k\u00e4mpften die Teams \u00fcberwiegend in der Dreifachhalle des T\u00e4gerhard um Punkte. Ab 20:30 Uhr konzentrierte sich alles auf die Sporthallen der KSWE. Das Finale war an Spannung nicht zu \u00fcberbieten. K\u00e4mpften doch zwei siegessichere Teams in einem hochstehenden Spiel \u00fcber drei S\u00e4tze um Ruhm und Ehre.<\/p>\n<p>&nbsp;<\/p>\n<p>Endlich, nach vielen Ballwechseln und unerm\u00fcdlichem Einsatz, standen die Siegerinnen und Sieger der Volleynight 2011 fest: In der Kategorie Mixed konnte das Team &#8222;Nein Mann&#8220; (G4E) gegen &#8222;Namelos&#8220; (G4G) in einem hart umk\u00e4mpften Spiel das Finale f\u00fcr sich entscheiden. Bei den Frauen siegte das Team &#8222;Heug\u00fcmper&#8220; (G4G) gegen &#8222;Turbok\u00e4fer&#8220; (G3D). Den wohlverdienten Outfitpreis durfte das Team &#8222;1818&#8220; (F3C) in Empfang nehmen.<\/p>\n<p>&nbsp;<\/p>\n<p>Die Sch\u00fclerinnen und Sch\u00fcler sorgten f\u00fcr eine sehr gute Stimmung und einen w\u00fcrdigen Ausklang dieses gelungenen Abends. Die bestplatzierten Teams wurden mit einem Spaghetti-Preis belohnt. Die Sieger der beiden Kategorien durften das neu designte, \u00e4usserst begehrte Volleynight Sieger T-Shirt in Empfang nehmen. Allen Beteiligten, die zu diesem Anlass beigetragen haben, m\u00f6chten wir ein grosses Dankesch\u00f6n aussprechen. Bedanken m\u00f6chten wir uns auch bei den Vereinen, die normalerweise am Donnerstag Abend in den KSWE- und T\u00e4gihallen trainieren und uns freundlicherweise die Pl\u00e4tze f\u00fcr unseren Event \u00fcberlassen haben.<\/p>\n<p>&nbsp;<\/p>\n<p>Wir gratulieren den Siegerinnen und Siegern und laden sie jetzt schon ein, ihren Titel an der Volleynight 2012 zu verteidigen!<\/p>\n<p>&nbsp;<\/p>\n<p>F\u00fcr die Fachschaft Sport: Rico Hirschb\u00fchl[\/vc_column_text][\/vc_column][\/vc_row][vc_row row_type=&#8220;row&#8220; use_row_as_full_screen_section=&#8220;no&#8220; type=&#8220;full_width&#8220; text_align=&#8220;left&#8220; background_animation=&#8220;none&#8220; css_animation=&#8220;&#8220;][vc_column][vc_empty_space][vc_separator type=&#8220;normal&#8220; border_style=&#8220;&#8220;][\/vc_column][\/vc_row][vc_row row_type=&#8220;row&#8220; use_row_as_full_screen_section=&#8220;no&#8220; type=&#8220;full_width&#8220; text_align=&#8220;left&#8220; background_animation=&#8220;none&#8220; css_animation=&#8220;&#8220;][vc_column][vc_column_text]<\/p>\n<ul>\n<li style=\"text-align: left\"><a href=\"https:\/\/fs.kswe.ch\/spo\/volleynight\/\"><span style=\"color: #800000\">zur\u00fcck<\/span><\/a><\/li>\n<\/ul>\n<p>[\/vc_column_text][\/vc_column][\/vc_row][vc_row row_type=&#8220;row&#8220; use_row_as_full_screen_section=&#8220;no&#8220; type=&#8220;full_width&#8220; text_align=&#8220;left&#8220; background_animation=&#8220;none&#8220; css_animation=&#8220;&#8220;][vc_column][vc_empty_space height=&#8220;12px&#8220;][vc_separator type=&#8220;normal&#8220; border_style=&#8220;&#8220;][vc_empty_space][\/vc_column][\/vc_row][vc_row row_type=&#8220;row&#8220; use_row_as_full_screen_section=&#8220;no&#8220; type=&#8220;full_width&#8220; text_align=&#8220;left&#8220; background_animation=&#8220;none&#8220; css_animation=&#8220;&#8220;][vc_column][vc_column_text]Bildergalerie[\/vc_column_text][\/vc_column][\/vc_row][vc_row row_type=&#8220;row&#8220; use_row_as_full_screen_section=&#8220;no&#8220; type=&#8220;full_width&#8220; text_align=&#8220;left&#8220; background_animation=&#8220;none&#8220; css_animation=&#8220;&#8220;][vc_column][vc_empty_space][\/vc_column][\/vc_row][vc_row row_type=&#8220;row&#8220; use_row_as_full_screen_section=&#8220;no&#8220; type=&#8220;full_width&#8220; text_align=&#8220;left&#8220; background_animation=&#8220;none&#8220; css_animation=&#8220;&#8220;][vc_column][vc_gallery type=&#8220;image_grid&#8220; images=&#8220;8070,8069,8068,8066,8065,8064,8063,8062,8061,8060,8059,8058,8057,8056,8054,8053,8052,8051,8050,8049,8048,8047,8046,8045,8044,8043,8042,8041,8040,8039,8038,8037,8036,8035,8034,8033,8032,8031,8030,8029,8028,8027,8026,8025,8024,8023,8022,8021,8067&#8243; img_size=&#8220;full&#8220; onclick=&#8220;&#8220; column_number=&#8220;0&#8243; grayscale=&#8220;no&#8220; space_between_images=&#8220;no&#8220;][\/vc_column][\/vc_row]<\/p>\n<\/div>","protected":false},"excerpt":{"rendered":"<p>[vc_row row_type=&#8220;row&#8220; use_row_as_full_screen_section=&#8220;no&#8220; type=&#8220;full_width&#8220; text_align=&#8220;left&#8220; background_animation=&#8220;none&#8220; css_animation=&#8220;&#8220;][vc_column][vc_empty_space height=&#8220;24px&#8220;][vc_column_text]Volleynight 2011 [\/vc_column_text][\/vc_column][\/vc_row][vc_row row_type=&#8220;row&#8220; use_row_as_full_screen_section=&#8220;no&#8220; type=&#8220;full_width&#8220; text_align=&#8220;left&#8220; background_animation=&#8220;none&#8220; css_animation=&#8220;&#8220;][vc_column][vc_empty_space][\/vc_column][\/vc_row][vc_row row_type=&#8220;row&#8220; use_row_as_full_screen_section=&#8220;no&#8220; type=&#8220;full_width&#8220; text_align=&#8220;left&#8220; background_animation=&#8220;none&#8220; css_animation=&#8220;&#8220;][vc_column][vc_column_text]Wenn die Sporthallen der Kantonsschule Wettingen pulsieren und 400 Sch\u00fclerinnen und Sch\u00fcler in gel\u00f6ster Stimmung die Weihnachtsferien einl\u00e4uten, dann ist Volleynight auf der Klosterhalbinsel&#8230;.<\/p>\n","protected":false},"author":10,"featured_media":0,"parent":0,"menu_order":0,"comment_status":"closed","ping_status":"closed","template":"","meta":{"footnotes":""},"class_list":["post-7823","page","type-page","status-publish","hentry"],"_links":{"self":[{"href":"https:\/\/fs.kswe.ch\/spo\/wp-json\/wp\/v2\/pages\/7823","targetHints":{"allow":["GET"]}}],"collection":[{"href":"https:\/\/fs.kswe.ch\/spo\/wp-json\/wp\/v2\/pages"}],"about":[{"href":"https:\/\/fs.kswe.ch\/spo\/wp-json\/wp\/v2\/types\/page"}],"author":[{"embeddable":true,"href":"https:\/\/fs.kswe.ch\/spo\/wp-json\/wp\/v2\/users\/10"}],"replies":[{"embeddable":true,"href":"https:\/\/fs.kswe.ch\/spo\/wp-json\/wp\/v2\/comments?post=7823"}],"version-history":[{"count":5,"href":"https:\/\/fs.kswe.ch\/spo\/wp-json\/wp\/v2\/pages\/7823\/revisions"}],"predecessor-version":[{"id":8680,"href":"https:\/\/fs.kswe.ch\/spo\/wp-json\/wp\/v2\/pages\/7823\/revisions\/8680"}],"wp:attachment":[{"href":"https:\/\/fs.kswe.ch\/spo\/wp-json\/wp\/v2\/media?parent=7823"}],"curies":[{"name":"wp","href":"https:\/\/api.w.org\/{rel}","templated":true}]}}