{"id":7819,"date":"2019-06-15T23:10:18","date_gmt":"2019-06-15T21:10:18","guid":{"rendered":"https:\/\/fs.kswe.ch\/spo\/?page_id=7819"},"modified":"2019-06-16T01:16:17","modified_gmt":"2019-06-15T23:16:17","slug":"volleynight13","status":"publish","type":"page","link":"https:\/\/fs.kswe.ch\/spo\/volleynight13\/","title":{"rendered":"Volleynight13"},"content":{"rendered":"<div class=\"wpb-content-wrapper\"><p>[vc_row row_type=&#8220;row&#8220; use_row_as_full_screen_section=&#8220;no&#8220; type=&#8220;full_width&#8220; text_align=&#8220;left&#8220; background_animation=&#8220;none&#8220; css_animation=&#8220;&#8220;][vc_column][vc_empty_space height=&#8220;24px&#8220;][vc_column_text]<em><strong>Volleynight 2013<br \/>\n<\/strong><\/em>[\/vc_column_text][\/vc_column][\/vc_row][vc_row row_type=&#8220;row&#8220; use_row_as_full_screen_section=&#8220;no&#8220; type=&#8220;full_width&#8220; text_align=&#8220;left&#8220; background_animation=&#8220;none&#8220; css_animation=&#8220;&#8220;][vc_column][vc_empty_space][\/vc_column][\/vc_row][vc_row row_type=&#8220;row&#8220; use_row_as_full_screen_section=&#8220;no&#8220; type=&#8220;full_width&#8220; text_align=&#8220;left&#8220; background_animation=&#8220;none&#8220; css_animation=&#8220;&#8220;][vc_column][vc_column_text]Eine ganze Flugzeugbesatzung, Mario und seine Freunde, summende Bienen, Pippi Langstrumpf und ihr Anhang, Schiffsfahrer, eine Kochmannschaft und viele mehr waren an der Volleynight 2013 dabei. Das traditionelle Verkleiden kam neben dem Volleyballspielen nicht zu kurz und sorgte bereits zu Beginn f\u00fcr eine lockere, positive und aufgeheiterte Stimmung.<\/p>\n<p>&nbsp;<\/p>\n<p>Am 20. Dezember 2013, p\u00fcnktlich um 15.10 Uhr starteten die ersten Spiele der diesj\u00e4hrigen Volleynight. Einige Teams er\u00f6ffneten das Turnier in den Sporthallen der Kantonsschule Baden, da die Sportanlage auf der Klosterhalbinsel doch etwas eng ist f\u00fcr 42 Teams. Die Stimmung war schon zu Beginn genial. Man konnte die Motivation der Teilnehmer und Teilnehmerinnen in den Hallen f\u00f6rmlich sp\u00fcren und sie steckte an. Sch\u00fcler und Lehrer spielten, \u00fcbernahmen abwechselnd den Posten des Schiedsrichters und hatten auch immer wieder das Vergn\u00fcgen den anderen Volleyball-Spielern bei ihren Matches zuzusehen.<\/p>\n<p>&nbsp;<\/p>\n<p>Der Spass und das faire Spiel stand im Vordergrund und die ausgelassene, sportliche Atmosph\u00e4re war toll. Man konnte die anstrengenden Schulwochen vergessen und das sportliche Beisammensein geniessen. So verging der Nachmittag wie im Flug. Gegen 20.00 Uhr trafen dann auch die Volleyballer, welche die Matches der Vor- und Zwischenrunde an der Kanti Baden spielten, in den Sporthallen des Klosters ein. Die Endrunde startete und es versammelten sich immer mehr Zuschauer um die Felder. Die Teams feuerten sich gegenseitigen an und alle gaben nochmals ihr Bestes. Draussen war es mittlerweile dunkel geworden und der Nebel hatte sich angeschlichen. Doch in den Sporthallen war noch keine n\u00e4chtliche Stimmung zu sp\u00fcren. Ein schweisstreibendes Spiel folgte dem anderen und die Ranglisten wurden immer klarer.<\/p>\n<p>&nbsp;<\/p>\n<p>Um 23.00 Uhr waren dann die Finalspiele in vollem Gange. Das Volleyball-Feld war von zahlreichen Zuschauern umgeben und es war nochmals voller Einsatz zu sehen. Mit zackige P\u00e4ssen, scharfen Aufschl\u00e4gen und den letzten spannenden Spielen ging die Volleynight dieses Jahres dem Ende zu.<\/p>\n<p>&nbsp;<\/p>\n<p>Dank den Organisatoren und den motivierten und gutgelaunten Teams war die Volleynight 2013 ein voller Erfolg. In diesem Sinne allen sch\u00f6ne Ferien, frohe Weihnachten einen guten Rutsch ins neue Jahr. Bis zur n\u00e4chsten Volleynight 2014!<\/p>\n<p>&nbsp;<\/p>\n<p>Tanja Weber G3D<\/p>\n<p>Photos: Simone Zuberb\u00fchler[\/vc_column_text][\/vc_column][\/vc_row][vc_row row_type=&#8220;row&#8220; use_row_as_full_screen_section=&#8220;no&#8220; type=&#8220;full_width&#8220; text_align=&#8220;left&#8220; background_animation=&#8220;none&#8220; css_animation=&#8220;&#8220;][vc_column][vc_empty_space][vc_separator type=&#8220;normal&#8220; border_style=&#8220;&#8220;][\/vc_column][\/vc_row][vc_row row_type=&#8220;row&#8220; use_row_as_full_screen_section=&#8220;no&#8220; type=&#8220;full_width&#8220; text_align=&#8220;left&#8220; background_animation=&#8220;none&#8220; css_animation=&#8220;&#8220;][vc_column][vc_column_text]<\/p>\n<ul>\n<li style=\"text-align: left\"><a href=\"https:\/\/fs.kswe.ch\/spo\/volleynight\/\"><span style=\"color: #800000\">zur\u00fcck<\/span><\/a><\/li>\n<\/ul>\n<p>[\/vc_column_text][\/vc_column][\/vc_row][vc_row row_type=&#8220;row&#8220; use_row_as_full_screen_section=&#8220;no&#8220; type=&#8220;full_width&#8220; text_align=&#8220;left&#8220; background_animation=&#8220;none&#8220; css_animation=&#8220;&#8220;][vc_column][vc_empty_space height=&#8220;12px&#8220;][vc_separator type=&#8220;normal&#8220; border_style=&#8220;&#8220;][vc_empty_space][\/vc_column][\/vc_row][vc_row row_type=&#8220;row&#8220; use_row_as_full_screen_section=&#8220;no&#8220; type=&#8220;full_width&#8220; text_align=&#8220;left&#8220; background_animation=&#8220;none&#8220; css_animation=&#8220;&#8220;][vc_column][vc_column_text]Bildergalerie[\/vc_column_text][\/vc_column][\/vc_row][vc_row row_type=&#8220;row&#8220; use_row_as_full_screen_section=&#8220;no&#8220; type=&#8220;full_width&#8220; text_align=&#8220;left&#8220; background_animation=&#8220;none&#8220; css_animation=&#8220;&#8220;][vc_column][vc_empty_space][\/vc_column][\/vc_row][vc_row row_type=&#8220;row&#8220; use_row_as_full_screen_section=&#8220;no&#8220; type=&#8220;full_width&#8220; text_align=&#8220;left&#8220; background_animation=&#8220;none&#8220; css_animation=&#8220;&#8220;][vc_column][vc_gallery type=&#8220;image_grid&#8220; images=&#8220;8266,8264,8263,8262,8261,8260,8258,8257,8256,8254,8253,8248,8247,8246,8245,8244,8242,8241,8240,8239,8238,8237,8236,8235,8232,8230,8229,8227,8226,8225,8222,8221,8220,8219,8218,8217,8216,8215,8214,8204,8203,8202,8201,8200,8199,8198,8197,8195,8194,8193,8192,8191,8178,8189,8177,8186,8184,8180,8179,8205,8208,8212,8211,8213,8210,8207,8209&#8243; img_size=&#8220;full&#8220; onclick=&#8220;&#8220; column_number=&#8220;0&#8243; grayscale=&#8220;no&#8220; space_between_images=&#8220;no&#8220;][\/vc_column][\/vc_row]<\/p>\n<\/div>","protected":false},"excerpt":{"rendered":"<p>[vc_row row_type=&#8220;row&#8220; use_row_as_full_screen_section=&#8220;no&#8220; type=&#8220;full_width&#8220; text_align=&#8220;left&#8220; background_animation=&#8220;none&#8220; css_animation=&#8220;&#8220;][vc_column][vc_empty_space height=&#8220;24px&#8220;][vc_column_text]Volleynight 2013 [\/vc_column_text][\/vc_column][\/vc_row][vc_row row_type=&#8220;row&#8220; use_row_as_full_screen_section=&#8220;no&#8220; type=&#8220;full_width&#8220; text_align=&#8220;left&#8220; background_animation=&#8220;none&#8220; css_animation=&#8220;&#8220;][vc_column][vc_empty_space][\/vc_column][\/vc_row][vc_row row_type=&#8220;row&#8220; use_row_as_full_screen_section=&#8220;no&#8220; type=&#8220;full_width&#8220; text_align=&#8220;left&#8220; background_animation=&#8220;none&#8220; css_animation=&#8220;&#8220;][vc_column][vc_column_text]Eine ganze Flugzeugbesatzung, Mario und seine Freunde, summende Bienen, Pippi Langstrumpf und ihr Anhang, Schiffsfahrer, eine Kochmannschaft und viele mehr waren an der Volleynight&#8230;<\/p>\n","protected":false},"author":10,"featured_media":0,"parent":0,"menu_order":0,"comment_status":"closed","ping_status":"closed","template":"","meta":{"footnotes":""},"class_list":["post-7819","page","type-page","status-publish","hentry"],"_links":{"self":[{"href":"https:\/\/fs.kswe.ch\/spo\/wp-json\/wp\/v2\/pages\/7819","targetHints":{"allow":["GET"]}}],"collection":[{"href":"https:\/\/fs.kswe.ch\/spo\/wp-json\/wp\/v2\/pages"}],"about":[{"href":"https:\/\/fs.kswe.ch\/spo\/wp-json\/wp\/v2\/types\/page"}],"author":[{"embeddable":true,"href":"https:\/\/fs.kswe.ch\/spo\/wp-json\/wp\/v2\/users\/10"}],"replies":[{"embeddable":true,"href":"https:\/\/fs.kswe.ch\/spo\/wp-json\/wp\/v2\/comments?post=7819"}],"version-history":[{"count":6,"href":"https:\/\/fs.kswe.ch\/spo\/wp-json\/wp\/v2\/pages\/7819\/revisions"}],"predecessor-version":[{"id":8687,"href":"https:\/\/fs.kswe.ch\/spo\/wp-json\/wp\/v2\/pages\/7819\/revisions\/8687"}],"wp:attachment":[{"href":"https:\/\/fs.kswe.ch\/spo\/wp-json\/wp\/v2\/media?parent=7819"}],"curies":[{"name":"wp","href":"https:\/\/api.w.org\/{rel}","templated":true}]}}