{"id":7817,"date":"2019-06-15T23:09:49","date_gmt":"2019-06-15T21:09:49","guid":{"rendered":"https:\/\/fs.kswe.ch\/spo\/?page_id=7817"},"modified":"2019-06-16T01:20:24","modified_gmt":"2019-06-15T23:20:24","slug":"volleynight14","status":"publish","type":"page","link":"https:\/\/fs.kswe.ch\/spo\/volleynight14\/","title":{"rendered":"Volleynight14"},"content":{"rendered":"<div class=\"wpb-content-wrapper\"><p>[vc_row row_type=&#8220;row&#8220; use_row_as_full_screen_section=&#8220;no&#8220; type=&#8220;full_width&#8220; text_align=&#8220;left&#8220; background_animation=&#8220;none&#8220; css_animation=&#8220;&#8220;][vc_column][vc_empty_space height=&#8220;24px&#8220;][vc_column_text]<em><strong>Volleynight 2014<br \/>\n<\/strong><\/em>[\/vc_column_text][\/vc_column][\/vc_row][vc_row row_type=&#8220;row&#8220; use_row_as_full_screen_section=&#8220;no&#8220; type=&#8220;full_width&#8220; text_align=&#8220;left&#8220; background_animation=&#8220;none&#8220; css_animation=&#8220;&#8220;][vc_column][vc_empty_space][\/vc_column][\/vc_row][vc_row row_type=&#8220;row&#8220; use_row_as_full_screen_section=&#8220;no&#8220; type=&#8220;full_width&#8220; text_align=&#8220;left&#8220; background_animation=&#8220;none&#8220; css_animation=&#8220;&#8220;][vc_column][vc_column_text]Auch dieses Jahr fand das Volleyball-Highlight der Kantonsschule Wettingen am letzten Freitag vor den Weihnachtsferien statt. Um 15.10 Uhr erfolgte der Startpfiff f\u00fcr die ersten Spiele. 42 motivierte Teams spielten auf sieben Feldern Volleyball auf jedem Niveau. W\u00e4hrend die Vor- und Zwischenrunde in den drei Hallen der KSWE und der Dreifachhalle der Kanti Baden durchgef\u00fchrt wurde, fand die Finalrunde nur noch in Wettingen statt. An dieser Stelle bedanken wir uns bei der Kanti Baden, dass wir ihre Sportanlage benutzen durften.<\/p>\n<p>&nbsp;<\/p>\n<p>Nach 145 Spielen standen die Finalisten 2014 fest. Im Finale der Kategorie \u2019mixed\u2019 verlangten sich das Ehemaligen Team und das Team \u201eSchlingl\u00e4r und G\u00f6r\u00e4ne\u201c G3F alles ab. Das Ehemaligen Team setzte sich jedoch durch und konnte den Sieg f\u00fcr sich entscheiden. Beim Frauenturnier fand ein klasseninternes Finale der G3G statt, bei dem die \u201eMathleten\u201c den Sieg nach Hause brachten.<\/p>\n<p>&nbsp;<\/p>\n<p>Die meist originell verkleideten Teams sorgten f\u00fcr eine sehr gute Stimmung und ein lustiges Ambiente an diesem gelungenen Abend. Die bestplatzierten Teams wurden mit einem Spaghetti-Preis belohnt. Die Sieger der beiden Kategorien durften das begehrte Volleynight Sieger T-Shirt in Empfang nehmen. Das bestverkleidete Team \u201eJetzt wird geheiratet!\u201c aus der F4AB erhielt den Kreativpreis.<\/p>\n<p>&nbsp;<\/p>\n<p>Rico Hirschb\u00fchl<\/p>\n<p>Photos: Simone Zuberb\u00fchler[\/vc_column_text][\/vc_column][\/vc_row][vc_row row_type=&#8220;row&#8220; use_row_as_full_screen_section=&#8220;no&#8220; type=&#8220;full_width&#8220; text_align=&#8220;left&#8220; background_animation=&#8220;none&#8220; css_animation=&#8220;&#8220;][vc_column][vc_empty_space][vc_separator type=&#8220;normal&#8220; border_style=&#8220;&#8220;][\/vc_column][\/vc_row][vc_row row_type=&#8220;row&#8220; use_row_as_full_screen_section=&#8220;no&#8220; type=&#8220;full_width&#8220; text_align=&#8220;left&#8220; background_animation=&#8220;none&#8220; css_animation=&#8220;&#8220;][vc_column][vc_column_text]<\/p>\n<ul>\n<li style=\"text-align: left\"><a href=\"https:\/\/fs.kswe.ch\/spo\/volleynight\/\"><span style=\"color: #800000\">zur\u00fcck<\/span><\/a><\/li>\n<\/ul>\n<p>[\/vc_column_text][\/vc_column][\/vc_row][vc_row row_type=&#8220;row&#8220; use_row_as_full_screen_section=&#8220;no&#8220; type=&#8220;full_width&#8220; text_align=&#8220;left&#8220; background_animation=&#8220;none&#8220; css_animation=&#8220;&#8220;][vc_column][vc_empty_space height=&#8220;12px&#8220;][vc_separator type=&#8220;normal&#8220; border_style=&#8220;&#8220;][vc_empty_space][\/vc_column][\/vc_row][vc_row row_type=&#8220;row&#8220; use_row_as_full_screen_section=&#8220;no&#8220; type=&#8220;full_width&#8220; text_align=&#8220;left&#8220; background_animation=&#8220;none&#8220; css_animation=&#8220;&#8220;][vc_column][vc_column_text]Bildergalerie[\/vc_column_text][\/vc_column][\/vc_row][vc_row row_type=&#8220;row&#8220; use_row_as_full_screen_section=&#8220;no&#8220; type=&#8220;full_width&#8220; text_align=&#8220;left&#8220; background_animation=&#8220;none&#8220; css_animation=&#8220;&#8220;][vc_column][vc_empty_space][\/vc_column][\/vc_row][vc_row row_type=&#8220;row&#8220; use_row_as_full_screen_section=&#8220;no&#8220; type=&#8220;full_width&#8220; text_align=&#8220;left&#8220; background_animation=&#8220;none&#8220; css_animation=&#8220;&#8220;][vc_column][vc_gallery type=&#8220;image_grid&#8220; images=&#8220;8314,8313,8312,8311,8310,8309,8308,8307,8306,8305,8304,8303,8302,8301,8300,8299,8298,8297,8296,8295,8293,8291,8290,8289,8288,8287,8286,8285,8284,8283,8282,8281,8280,8279,8278,8277,8276,8275,8274,8273,8271,8270,8269&#8243; img_size=&#8220;full&#8220; onclick=&#8220;&#8220; column_number=&#8220;0&#8243; grayscale=&#8220;no&#8220; space_between_images=&#8220;no&#8220;][\/vc_column][\/vc_row]<\/p>\n<\/div>","protected":false},"excerpt":{"rendered":"<p>[vc_row row_type=&#8220;row&#8220; use_row_as_full_screen_section=&#8220;no&#8220; type=&#8220;full_width&#8220; text_align=&#8220;left&#8220; background_animation=&#8220;none&#8220; css_animation=&#8220;&#8220;][vc_column][vc_empty_space height=&#8220;24px&#8220;][vc_column_text]Volleynight 2014 [\/vc_column_text][\/vc_column][\/vc_row][vc_row row_type=&#8220;row&#8220; use_row_as_full_screen_section=&#8220;no&#8220; type=&#8220;full_width&#8220; text_align=&#8220;left&#8220; background_animation=&#8220;none&#8220; css_animation=&#8220;&#8220;][vc_column][vc_empty_space][\/vc_column][\/vc_row][vc_row row_type=&#8220;row&#8220; use_row_as_full_screen_section=&#8220;no&#8220; type=&#8220;full_width&#8220; text_align=&#8220;left&#8220; background_animation=&#8220;none&#8220; css_animation=&#8220;&#8220;][vc_column][vc_column_text]Auch dieses Jahr fand das Volleyball-Highlight der Kantonsschule Wettingen am letzten Freitag vor den Weihnachtsferien statt. Um 15.10 Uhr erfolgte der Startpfiff f\u00fcr die&#8230;<\/p>\n","protected":false},"author":10,"featured_media":0,"parent":0,"menu_order":0,"comment_status":"closed","ping_status":"closed","template":"","meta":{"footnotes":""},"class_list":["post-7817","page","type-page","status-publish","hentry"],"_links":{"self":[{"href":"https:\/\/fs.kswe.ch\/spo\/wp-json\/wp\/v2\/pages\/7817","targetHints":{"allow":["GET"]}}],"collection":[{"href":"https:\/\/fs.kswe.ch\/spo\/wp-json\/wp\/v2\/pages"}],"about":[{"href":"https:\/\/fs.kswe.ch\/spo\/wp-json\/wp\/v2\/types\/page"}],"author":[{"embeddable":true,"href":"https:\/\/fs.kswe.ch\/spo\/wp-json\/wp\/v2\/users\/10"}],"replies":[{"embeddable":true,"href":"https:\/\/fs.kswe.ch\/spo\/wp-json\/wp\/v2\/comments?post=7817"}],"version-history":[{"count":4,"href":"https:\/\/fs.kswe.ch\/spo\/wp-json\/wp\/v2\/pages\/7817\/revisions"}],"predecessor-version":[{"id":8689,"href":"https:\/\/fs.kswe.ch\/spo\/wp-json\/wp\/v2\/pages\/7817\/revisions\/8689"}],"wp:attachment":[{"href":"https:\/\/fs.kswe.ch\/spo\/wp-json\/wp\/v2\/media?parent=7817"}],"curies":[{"name":"wp","href":"https:\/\/api.w.org\/{rel}","templated":true}]}}