{"id":7815,"date":"2019-06-15T23:09:24","date_gmt":"2019-06-15T21:09:24","guid":{"rendered":"https:\/\/fs.kswe.ch\/spo\/?page_id=7815"},"modified":"2019-06-16T01:27:36","modified_gmt":"2019-06-15T23:27:36","slug":"volleynight15","status":"publish","type":"page","link":"https:\/\/fs.kswe.ch\/spo\/volleynight15\/","title":{"rendered":"Volleynight15"},"content":{"rendered":"<div class=\"wpb-content-wrapper\"><p>[vc_row row_type=&#8220;row&#8220; use_row_as_full_screen_section=&#8220;no&#8220; type=&#8220;full_width&#8220; text_align=&#8220;left&#8220; background_animation=&#8220;none&#8220; css_animation=&#8220;&#8220;][vc_column][vc_empty_space height=&#8220;24px&#8220;][vc_column_text]<em><strong>Volleynight 2015<br \/>\n<\/strong><\/em>[\/vc_column_text][\/vc_column][\/vc_row][vc_row row_type=&#8220;row&#8220; use_row_as_full_screen_section=&#8220;no&#8220; type=&#8220;full_width&#8220; text_align=&#8220;left&#8220; background_animation=&#8220;none&#8220; css_animation=&#8220;&#8220;][vc_column][vc_empty_space][\/vc_column][\/vc_row][vc_row row_type=&#8220;row&#8220; use_row_as_full_screen_section=&#8220;no&#8220; type=&#8220;full_width&#8220; text_align=&#8220;left&#8220; background_animation=&#8220;none&#8220; css_animation=&#8220;&#8220;][vc_column][vc_column_text]Freitag 14.20h. Unterrichtsschluss vor den Weihnachtsferien. Etwa zwei Drittel aller Sch\u00fcler und Sch\u00fclerinnen verteilen sich in die vier Himmelsrichtungen, sind auf dem Weg nach Hause. Doch etwa 400 junge Damen und Herren bleiben freiwillig noch an der Schule, viele von ihnen gar bis Mitternacht! Der Grund daf\u00fcr? Die immer sehr beliebte, allj\u00e4hrlich stattfindende Volleyballnacht der KSWE.<\/p>\n<p>&nbsp;<\/p>\n<p>Bereits um 14.30h spielen sich die ersten Teams in den Sporthallen fleissig ein. Andere nutzen die Zeit bis zum ersten Spiel, um den letzten Schliff an ihren originellen Kost\u00fcmen und Accessoires, z.B. den selbst gebastelten Engelsfl\u00fcgeln oder am Schlitten auf R\u00e4dern (man muss sich beim akuten Schneemangel was einfallen lassen!), vorzunehmen. Kurze Zeit sp\u00e4ter werden in den Turnhallen der Kantonsschule Wettingen und Baden die ersten der insgesamt 145 Spiele der langen Nacht angepfiffen.<\/p>\n<p>&nbsp;<\/p>\n<p>Den ganzen Abend wird um jeden Punkt hart gek\u00e4mpft- naja, vielleicht auch mal weniger, daf\u00fcr ist dann die Unterst\u00fctzung der Fans umso gr\u00f6sser oder die Verkleidung umso origineller. Spass am Spiel und der tollen, sportlichen Atmosph\u00e4re scheinen jedenfalls alle zu haben, sowohl die Spieler\/innen als auch alle anderen Anwesenden: Zuschauer\/innen, Coaches und auch das gesamte im Einsatz stehende Team der Fachschaft Sport. Einmal mehr ist die Volleynight ein gelungener Anlass, der das Jahr an der Kantonsschule Wettingen mit bester Stimmung abrundet.<\/p>\n<p>&nbsp;<\/p>\n<p>Im Finale der Kategorie \u2019Mixed\u2019 war das aus 4. Kl\u00e4ssler\/innen bestehende Team &#8222;Chiefs&#8220; (G4BCG) klarer Favorit. Bereits in der Vor- und Zwischenrunde hatten sie die Nase vorn. Zudem waren sie wohl das einzige Team, welches gar einen Sponsor (der Name wird an dieser Stelle absichtlich nicht genannt:-) mobilisieren konnte. Die Herausforderer, das Team &#8222;gegen gegen&#8220; aus der G3I, konnten in beiden S\u00e4tzen zu Beginn mithalten und setzten die Favoriten der 4. Klasse nochmals kurz unter Druck. Die erfahrenen Spieler\/innen hielten diesem jedoch stand und gewannen klar.<\/p>\n<p>&nbsp;<\/p>\n<p>In der Kategorie der Frauen setzte sich \u00fcberraschender- und erfreulicherweise ein Team der 1. Klasse durch: Das Team &#8222;Intim im Team&#8220; (G1GH) gewann das Finalspiel gegen die &#8222;Schneewittchen und die 7 Zwerge&#8220; (F2A). Auch hier konnten die Favoritinnen, welche nach den sechs Vorrundenspielen deutlich an der Spitze lagen, den Titel &#8211; und somit auch die begehrten Siegershirts- erringen.<br \/>\nKurz vor Mitternacht stand zum Abschluss der diesj\u00e4hrigen Volleynight ein weiteres Highlight auf dem Programm: Erstmals trat die Gruppe des Freifach Tanzen Fortgeschrittene im Rahmen der Preisverleihung auf. Sie zeigte eine eindr\u00fcckliche Show und durfte unter tosendem Applaus die B\u00fchne f\u00fcr die Sieger\/innen des Volleyballturniers sowie f\u00fcr das Team mit der besten Verkleidung frei machen.<\/p>\n<p>&nbsp;<\/p>\n<p>Die erstplatzierten Mannschaften beider Kategorien wurden mit den Sieger-Shirts der KSWE sowie mit einem Spaghetti-Plausch-Korb belohnt. Die weiteren Teams auf den Podestpl\u00e4tzen d\u00fcrfen ihren Erfolg ebenfalls mit einem gemeinsamen Spaghetti-Event celebrieren. Diesem darf sich auch das bestverkleidete Team mit dem ebenso originellen Namen \u201eRose isch Tr(i)umpf&#8220; (G4B) anschliessen. Die Fachschaft Sport gratuliert allen Teams ganz herzlich zum Erfolg!<\/p>\n<p>&nbsp;<\/p>\n<p>Text: Manuela Jehle<\/p>\n<p>Photos: Simone Zuberb\u00fchler[\/vc_column_text][\/vc_column][\/vc_row][vc_row row_type=&#8220;row&#8220; use_row_as_full_screen_section=&#8220;no&#8220; type=&#8220;full_width&#8220; text_align=&#8220;left&#8220; background_animation=&#8220;none&#8220; css_animation=&#8220;&#8220;][vc_column][vc_empty_space][vc_separator type=&#8220;normal&#8220; border_style=&#8220;&#8220;][\/vc_column][\/vc_row][vc_row row_type=&#8220;row&#8220; use_row_as_full_screen_section=&#8220;no&#8220; type=&#8220;full_width&#8220; text_align=&#8220;left&#8220; background_animation=&#8220;none&#8220; css_animation=&#8220;&#8220;][vc_column][vc_column_text]<\/p>\n<ul>\n<li style=\"text-align: left\"><a href=\"https:\/\/fs.kswe.ch\/spo\/volleynight\/\"><span style=\"color: #800000\">zur\u00fcck<\/span><\/a><\/li>\n<\/ul>\n<p>[\/vc_column_text][\/vc_column][\/vc_row][vc_row row_type=&#8220;row&#8220; use_row_as_full_screen_section=&#8220;no&#8220; type=&#8220;full_width&#8220; text_align=&#8220;left&#8220; background_animation=&#8220;none&#8220; css_animation=&#8220;&#8220;][vc_column][vc_empty_space height=&#8220;12px&#8220;][vc_separator type=&#8220;normal&#8220; border_style=&#8220;&#8220;][vc_empty_space][\/vc_column][\/vc_row][vc_row row_type=&#8220;row&#8220; use_row_as_full_screen_section=&#8220;no&#8220; type=&#8220;full_width&#8220; text_align=&#8220;left&#8220; background_animation=&#8220;none&#8220; css_animation=&#8220;&#8220;][vc_column][vc_column_text]Bildergalerie[\/vc_column_text][\/vc_column][\/vc_row][vc_row row_type=&#8220;row&#8220; use_row_as_full_screen_section=&#8220;no&#8220; type=&#8220;full_width&#8220; text_align=&#8220;left&#8220; background_animation=&#8220;none&#8220; css_animation=&#8220;&#8220;][vc_column][vc_empty_space][\/vc_column][\/vc_row][vc_row row_type=&#8220;row&#8220; use_row_as_full_screen_section=&#8220;no&#8220; type=&#8220;full_width&#8220; text_align=&#8220;left&#8220; background_animation=&#8220;none&#8220; css_animation=&#8220;&#8220;][vc_column][vc_gallery type=&#8220;image_grid&#8220; images=&#8220;8376,8375,8374,8373,8372,8371,8369,8368,8367,8366,8364,8363,8362,8361,8360,8359,8358,8357,8356,8355,8354,8353,8352,8351,8350,8349,8348,8347,8346,8344,8343,8342,8340,8339,8338,8337,8336,8335,8334,8332,8330,8329,8328,8327,8325,8323,8322,8321,8319,8317,8316,8315&#8243; img_size=&#8220;full&#8220; onclick=&#8220;&#8220; column_number=&#8220;0&#8243; grayscale=&#8220;no&#8220; space_between_images=&#8220;no&#8220;][\/vc_column][\/vc_row]<\/p>\n<\/div>","protected":false},"excerpt":{"rendered":"<p>[vc_row row_type=&#8220;row&#8220; use_row_as_full_screen_section=&#8220;no&#8220; type=&#8220;full_width&#8220; text_align=&#8220;left&#8220; background_animation=&#8220;none&#8220; css_animation=&#8220;&#8220;][vc_column][vc_empty_space height=&#8220;24px&#8220;][vc_column_text]Volleynight 2015 [\/vc_column_text][\/vc_column][\/vc_row][vc_row row_type=&#8220;row&#8220; use_row_as_full_screen_section=&#8220;no&#8220; type=&#8220;full_width&#8220; text_align=&#8220;left&#8220; background_animation=&#8220;none&#8220; css_animation=&#8220;&#8220;][vc_column][vc_empty_space][\/vc_column][\/vc_row][vc_row row_type=&#8220;row&#8220; use_row_as_full_screen_section=&#8220;no&#8220; type=&#8220;full_width&#8220; text_align=&#8220;left&#8220; background_animation=&#8220;none&#8220; css_animation=&#8220;&#8220;][vc_column][vc_column_text]Freitag 14.20h. Unterrichtsschluss vor den Weihnachtsferien. Etwa zwei Drittel aller Sch\u00fcler und Sch\u00fclerinnen verteilen sich in die vier Himmelsrichtungen, sind auf dem Weg nach&#8230;<\/p>\n","protected":false},"author":10,"featured_media":0,"parent":0,"menu_order":0,"comment_status":"closed","ping_status":"closed","template":"","meta":{"footnotes":""},"class_list":["post-7815","page","type-page","status-publish","hentry"],"_links":{"self":[{"href":"https:\/\/fs.kswe.ch\/spo\/wp-json\/wp\/v2\/pages\/7815","targetHints":{"allow":["GET"]}}],"collection":[{"href":"https:\/\/fs.kswe.ch\/spo\/wp-json\/wp\/v2\/pages"}],"about":[{"href":"https:\/\/fs.kswe.ch\/spo\/wp-json\/wp\/v2\/types\/page"}],"author":[{"embeddable":true,"href":"https:\/\/fs.kswe.ch\/spo\/wp-json\/wp\/v2\/users\/10"}],"replies":[{"embeddable":true,"href":"https:\/\/fs.kswe.ch\/spo\/wp-json\/wp\/v2\/comments?post=7815"}],"version-history":[{"count":5,"href":"https:\/\/fs.kswe.ch\/spo\/wp-json\/wp\/v2\/pages\/7815\/revisions"}],"predecessor-version":[{"id":8692,"href":"https:\/\/fs.kswe.ch\/spo\/wp-json\/wp\/v2\/pages\/7815\/revisions\/8692"}],"wp:attachment":[{"href":"https:\/\/fs.kswe.ch\/spo\/wp-json\/wp\/v2\/media?parent=7815"}],"curies":[{"name":"wp","href":"https:\/\/api.w.org\/{rel}","templated":true}]}}