{"id":7811,"date":"2019-06-15T23:08:54","date_gmt":"2019-06-15T21:08:54","guid":{"rendered":"https:\/\/fs.kswe.ch\/spo\/?page_id=7811"},"modified":"2019-06-16T01:34:16","modified_gmt":"2019-06-15T23:34:16","slug":"volleynight16","status":"publish","type":"page","link":"https:\/\/fs.kswe.ch\/spo\/volleynight16\/","title":{"rendered":"Volleynight16"},"content":{"rendered":"<div class=\"wpb-content-wrapper\"><p>[vc_row row_type=&#8220;row&#8220; use_row_as_full_screen_section=&#8220;no&#8220; type=&#8220;full_width&#8220; text_align=&#8220;left&#8220; background_animation=&#8220;none&#8220; css_animation=&#8220;&#8220;][vc_column][vc_empty_space height=&#8220;24px&#8220;][vc_column_text]<em><strong>Volleynight 2016<br \/>\n<\/strong><\/em>[\/vc_column_text][\/vc_column][\/vc_row][vc_row row_type=&#8220;row&#8220; use_row_as_full_screen_section=&#8220;no&#8220; type=&#8220;full_width&#8220; text_align=&#8220;left&#8220; background_animation=&#8220;none&#8220; css_animation=&#8220;&#8220;][vc_column][vc_empty_space][\/vc_column][\/vc_row][vc_row row_type=&#8220;row&#8220; use_row_as_full_screen_section=&#8220;no&#8220; type=&#8220;full_width&#8220; text_align=&#8220;left&#8220; background_animation=&#8220;none&#8220; css_animation=&#8220;&#8220;][vc_column][vc_column_text]F\u00fcr die \u00fcber 300 KSWE Sch\u00fcler und Sch\u00fclerinnen, die an der diesj\u00e4hrigen VolleyNight teilgenommen haben, ist der Einstieg in die Ferien ohne den sportlichen Jahresabschluss-Event an der Schule wohl kaum vorzustellen. Ist es doch nochmals eine tolle Gelegenheit um sich mit seinen Freunden und Freundinnen in entspannter Atmosph\u00e4re zu treffen und sich gleichzeitig in einer der wohl beliebtesten Teamsportarten mit anderen Mannschaften aus der ganzen Schule zu messen. Dass zur VolleyNight nicht einzig die sportlichen H\u00f6chstleistungen z\u00e4hlen, zeigten u.a. auch dieses Jahr wieder die originellen Outfits, die den Anlass noch farbenfroher und spannender machten. Lassen Sie sich selber in der Bildreportage davon \u00fcberzeugen&#8230;<br \/>\nErstmals gab es an dieser VolleyNight zu der Bildreportage eine weitere Gruppe, die sich auf den Report des Events konzentrierte:<\/p>\n<p>&nbsp;<\/p>\n<p>Trotz extremstem schulischem Stress und Augenringen die nach den letzten Wochen bis zu den Knien h\u00e4ngen, sind nach Schulschluss am Freitag dem 23.12.2016 noch viele Sch\u00fcler und Sch\u00fclerinnen in der KSWE vorzufinden. Wir, als Untergrundreporterinnen, haben f\u00fcr Sie spioniert und herausgefunden was dahinter steckt. Eingeschlichen und getarnt als ein Volleyball-Team, spielten wir beim Frauen-Turnier mit. Anfangs noch geleitet von unserer Arbeitsmoral \u00fcberkam uns jedoch schnell die Freude am Volleyball-Spiel. Besonders als wir nach einem ersten Sieg Blut geleckt hatten, vergassen wir uns v\u00f6llig. Die ausserordentliche Stimmung in den Hallen wird wohl auch dazu beigetragen haben. Die Luft war voller Emotionen und Teamgeist. Man h\u00f6rte Freudejauchzer, Anfeuerungsrufe und tiefe Seufzer. Obwohl wir durchmischte Resultate erreichten- dabei muss jedoch beachtet werden, dass wir von Beruf Journalistinnen und nicht voll ausgebildete KSWE-Sch\u00fclerinnen sind- verbrachten wir einen unvergesslichen Abend und werden das n\u00e4chste Mal definitiv wiederkommen. Es besteht Lust auf mehr (auch gerne auf mehr Siege).<\/p>\n<p>&nbsp;<\/p>\n<p>Text: G1B, Manuela Jehle<\/p>\n<p>Photos: Simone Zuberb\u00fchler[\/vc_column_text][\/vc_column][\/vc_row][vc_row row_type=&#8220;row&#8220; use_row_as_full_screen_section=&#8220;no&#8220; type=&#8220;full_width&#8220; text_align=&#8220;left&#8220; background_animation=&#8220;none&#8220; css_animation=&#8220;&#8220;][vc_column][vc_empty_space][vc_separator type=&#8220;normal&#8220; border_style=&#8220;&#8220;][\/vc_column][\/vc_row][vc_row row_type=&#8220;row&#8220; use_row_as_full_screen_section=&#8220;no&#8220; type=&#8220;full_width&#8220; text_align=&#8220;left&#8220; background_animation=&#8220;none&#8220; css_animation=&#8220;&#8220;][vc_column][vc_column_text]<\/p>\n<ul>\n<li style=\"text-align: left\"><a href=\"https:\/\/fs.kswe.ch\/spo\/volleynight\/\"><span style=\"color: #800000\">zur\u00fcck<\/span><\/a><\/li>\n<\/ul>\n<p>[\/vc_column_text][\/vc_column][\/vc_row][vc_row row_type=&#8220;row&#8220; use_row_as_full_screen_section=&#8220;no&#8220; type=&#8220;full_width&#8220; text_align=&#8220;left&#8220; background_animation=&#8220;none&#8220; css_animation=&#8220;&#8220;][vc_column][vc_empty_space height=&#8220;12px&#8220;][vc_separator type=&#8220;normal&#8220; border_style=&#8220;&#8220;][vc_empty_space][\/vc_column][\/vc_row][vc_row row_type=&#8220;row&#8220; use_row_as_full_screen_section=&#8220;no&#8220; type=&#8220;full_width&#8220; text_align=&#8220;left&#8220; background_animation=&#8220;none&#8220; css_animation=&#8220;&#8220;][vc_column][vc_column_text]Bildergalerie[\/vc_column_text][\/vc_column][\/vc_row][vc_row row_type=&#8220;row&#8220; use_row_as_full_screen_section=&#8220;no&#8220; type=&#8220;full_width&#8220; text_align=&#8220;left&#8220; background_animation=&#8220;none&#8220; css_animation=&#8220;&#8220;][vc_column][vc_empty_space][\/vc_column][\/vc_row][vc_row row_type=&#8220;row&#8220; use_row_as_full_screen_section=&#8220;no&#8220; type=&#8220;full_width&#8220; text_align=&#8220;left&#8220; background_animation=&#8220;none&#8220; css_animation=&#8220;&#8220;][vc_column][vc_gallery type=&#8220;image_grid&#8220; images=&#8220;8439,8438,8437,8436,8435,8434,8433,8432,8431,8430,8429,8427,8426,8425,8423,8422,8421,8420,8419,8417,8416,8415,8414,8413,8412,8411,8410,8409,8408,8407,8406,8405,8404,8403,8402,8401,8398,8397,8395,8394,8393,8392,8391,8390,8389,8388,8386,8385,8383,8382,8381,8380,8379,8378,8377&#8243; img_size=&#8220;full&#8220; onclick=&#8220;&#8220; column_number=&#8220;0&#8243; grayscale=&#8220;no&#8220; space_between_images=&#8220;no&#8220;][\/vc_column][\/vc_row]<\/p>\n<\/div>","protected":false},"excerpt":{"rendered":"<p>[vc_row row_type=&#8220;row&#8220; use_row_as_full_screen_section=&#8220;no&#8220; type=&#8220;full_width&#8220; text_align=&#8220;left&#8220; background_animation=&#8220;none&#8220; css_animation=&#8220;&#8220;][vc_column][vc_empty_space height=&#8220;24px&#8220;][vc_column_text]Volleynight 2016 [\/vc_column_text][\/vc_column][\/vc_row][vc_row row_type=&#8220;row&#8220; use_row_as_full_screen_section=&#8220;no&#8220; type=&#8220;full_width&#8220; text_align=&#8220;left&#8220; background_animation=&#8220;none&#8220; css_animation=&#8220;&#8220;][vc_column][vc_empty_space][\/vc_column][\/vc_row][vc_row row_type=&#8220;row&#8220; use_row_as_full_screen_section=&#8220;no&#8220; type=&#8220;full_width&#8220; text_align=&#8220;left&#8220; background_animation=&#8220;none&#8220; css_animation=&#8220;&#8220;][vc_column][vc_column_text]F\u00fcr die \u00fcber 300 KSWE Sch\u00fcler und Sch\u00fclerinnen, die an der diesj\u00e4hrigen VolleyNight teilgenommen haben, ist der Einstieg in die Ferien ohne den sportlichen&#8230;<\/p>\n","protected":false},"author":10,"featured_media":0,"parent":0,"menu_order":0,"comment_status":"closed","ping_status":"closed","template":"","meta":{"footnotes":""},"class_list":["post-7811","page","type-page","status-publish","hentry"],"_links":{"self":[{"href":"https:\/\/fs.kswe.ch\/spo\/wp-json\/wp\/v2\/pages\/7811","targetHints":{"allow":["GET"]}}],"collection":[{"href":"https:\/\/fs.kswe.ch\/spo\/wp-json\/wp\/v2\/pages"}],"about":[{"href":"https:\/\/fs.kswe.ch\/spo\/wp-json\/wp\/v2\/types\/page"}],"author":[{"embeddable":true,"href":"https:\/\/fs.kswe.ch\/spo\/wp-json\/wp\/v2\/users\/10"}],"replies":[{"embeddable":true,"href":"https:\/\/fs.kswe.ch\/spo\/wp-json\/wp\/v2\/comments?post=7811"}],"version-history":[{"count":5,"href":"https:\/\/fs.kswe.ch\/spo\/wp-json\/wp\/v2\/pages\/7811\/revisions"}],"predecessor-version":[{"id":8695,"href":"https:\/\/fs.kswe.ch\/spo\/wp-json\/wp\/v2\/pages\/7811\/revisions\/8695"}],"wp:attachment":[{"href":"https:\/\/fs.kswe.ch\/spo\/wp-json\/wp\/v2\/media?parent=7811"}],"curies":[{"name":"wp","href":"https:\/\/api.w.org\/{rel}","templated":true}]}}