{"id":7810,"date":"2019-06-15T23:02:54","date_gmt":"2019-06-15T21:02:54","guid":{"rendered":"https:\/\/fs.kswe.ch\/spo\/?page_id=7810"},"modified":"2019-06-16T01:38:40","modified_gmt":"2019-06-15T23:38:40","slug":"volleynight17","status":"publish","type":"page","link":"https:\/\/fs.kswe.ch\/spo\/volleynight17\/","title":{"rendered":"Volleynight17"},"content":{"rendered":"<div class=\"wpb-content-wrapper\"><p>[vc_row row_type=&#8220;row&#8220; use_row_as_full_screen_section=&#8220;no&#8220; type=&#8220;full_width&#8220; text_align=&#8220;left&#8220; background_animation=&#8220;none&#8220; css_animation=&#8220;&#8220;][vc_column][vc_empty_space height=&#8220;24px&#8220;][vc_column_text]<em><strong>Volleynight 2017<br \/>\n<\/strong><\/em>[\/vc_column_text][\/vc_column][\/vc_row][vc_row row_type=&#8220;row&#8220; use_row_as_full_screen_section=&#8220;no&#8220; type=&#8220;full_width&#8220; text_align=&#8220;left&#8220; background_animation=&#8220;none&#8220; css_animation=&#8220;&#8220;][vc_column][vc_empty_space][\/vc_column][\/vc_row][vc_row row_type=&#8220;row&#8220; use_row_as_full_screen_section=&#8220;no&#8220; type=&#8220;full_width&#8220; text_align=&#8220;left&#8220; background_animation=&#8220;none&#8220; css_animation=&#8220;&#8220;][vc_column][vc_column_text]Freitag 14.20 Uhr, Unterrichtsschluss vor den Weihnachtsferien. Etwa zwei Drittel aller Sch\u00fcler und Sch\u00fclerinnen verteilen sich in die vier Himmelsrichtungen, sind auf dem Weg nach Hause. Doch etwa 400 Jugendliche bleiben freiwillig an der Schule, viele von ihnen sogar bis Mitternacht! Der Grund daf\u00fcr? Die allj\u00e4hrlich stattfindende Volleyballnacht der KSWE.<\/p>\n<p>&nbsp;<\/p>\n<p>Bereits um 14.30 Uhr spielen sich die ersten Teams in den Sporthallen fleissig ein. Andere nutzen die Zeit bis zum ersten Spiel, um den letzten Schliff an ihren originellen Kost\u00fcmen und Accessoires vorzunehmen. Kurze Zeit sp\u00e4ter werden in den Turnhallen der Kantonsschule Wettingen und Baden die ersten der insgesamt 147 Spiele der langen Nacht angepfiffen.<br \/>\nEinmal mehr ist die Volleynight ein gelungener Anlass, der das Jahr an der Kantonsschule Wettingen mit bester Stimmung abrundet.<\/p>\n<p>&nbsp;<\/p>\n<p>Im spannenden Finale der Kategorie \u2019Mixed\u2019 k\u00e4mpften die beiden Teams \u201eBizeps\u201c (G3I, G4IGE) und Pret \u00e0 Jouer (G4A, G3C) um jeden Punkt. Das Team \u201eBizeps\u201c stand jedoch am Ende des Spieles als Sieger fest. In der Kategorie der Frauen setzte sich ein Team der 1. Klasse durch: Das Team &#8222;G1Bier holen, M\u00e4dels&#8220; (G1B) gewann das Finalspiel gegen die &#8222;Farbige Aish\u00f6rner&#8220; (G1GI).<br \/>\nKurz vor Mitternacht stand zum Abschluss der diesj\u00e4hrigen Volleynight ein weiteres Highlight auf dem Programm: Das Freifach Tanzen Fortgeschrittene zeigte eine eindr\u00fcckliche Show und durfte unter tosendem Applaus die B\u00fchne f\u00fcr die Rangverk\u00fcndigung freimachen.<\/p>\n<p>&nbsp;<\/p>\n<p>Die Fachschaft Sport gratuliert allen Siegerteams ganz herzlich zum Erfolg!<\/p>\n<p>&nbsp;<\/p>\n<p>Text: Rico Hirschb\u00fchl<\/p>\n<p>Photos: Simone Zuberb\u00fchler[\/vc_column_text][\/vc_column][\/vc_row][vc_row row_type=&#8220;row&#8220; use_row_as_full_screen_section=&#8220;no&#8220; type=&#8220;full_width&#8220; text_align=&#8220;left&#8220; background_animation=&#8220;none&#8220; css_animation=&#8220;&#8220;][vc_column][vc_empty_space][vc_separator type=&#8220;normal&#8220; border_style=&#8220;&#8220;][\/vc_column][\/vc_row][vc_row row_type=&#8220;row&#8220; use_row_as_full_screen_section=&#8220;no&#8220; type=&#8220;full_width&#8220; text_align=&#8220;left&#8220; background_animation=&#8220;none&#8220; css_animation=&#8220;&#8220;][vc_column][vc_column_text]<\/p>\n<ul>\n<li style=\"text-align: left\"><a href=\"https:\/\/fs.kswe.ch\/spo\/volleynight\/\"><span style=\"color: #800000\">zur\u00fcck<\/span><\/a><\/li>\n<\/ul>\n<p>[\/vc_column_text][\/vc_column][\/vc_row][vc_row row_type=&#8220;row&#8220; use_row_as_full_screen_section=&#8220;no&#8220; type=&#8220;full_width&#8220; text_align=&#8220;left&#8220; background_animation=&#8220;none&#8220; css_animation=&#8220;&#8220;][vc_column][vc_empty_space height=&#8220;12px&#8220;][vc_separator type=&#8220;normal&#8220; border_style=&#8220;&#8220;][vc_empty_space][\/vc_column][\/vc_row][vc_row row_type=&#8220;row&#8220; use_row_as_full_screen_section=&#8220;no&#8220; type=&#8220;full_width&#8220; text_align=&#8220;left&#8220; background_animation=&#8220;none&#8220; css_animation=&#8220;&#8220;][vc_column][vc_column_text]Bildergalerie[\/vc_column_text][\/vc_column][\/vc_row][vc_row row_type=&#8220;row&#8220; use_row_as_full_screen_section=&#8220;no&#8220; type=&#8220;full_width&#8220; text_align=&#8220;left&#8220; background_animation=&#8220;none&#8220; css_animation=&#8220;&#8220;][vc_column][vc_empty_space][\/vc_column][\/vc_row][vc_row row_type=&#8220;row&#8220; use_row_as_full_screen_section=&#8220;no&#8220; type=&#8220;full_width&#8220; text_align=&#8220;left&#8220; background_animation=&#8220;none&#8220; css_animation=&#8220;&#8220;][vc_column][vc_gallery type=&#8220;image_grid&#8220; images=&#8220;8484,8483,8482,8481,8480,8479,8478,8477,8476,8475,8473,8472,8471,8470,8469,8468,8467,8466,8464,8463,8461,8460,8459,8458,8457,8456,8455,8454,8453,8452,8451,8450,8449,8448,8447,8446,8445,8443,8442,8441,8440&#8243; img_size=&#8220;full&#8220; onclick=&#8220;&#8220; column_number=&#8220;0&#8243; grayscale=&#8220;no&#8220; space_between_images=&#8220;no&#8220;][\/vc_column][\/vc_row]<\/p>\n<\/div>","protected":false},"excerpt":{"rendered":"<p>[vc_row row_type=&#8220;row&#8220; use_row_as_full_screen_section=&#8220;no&#8220; type=&#8220;full_width&#8220; text_align=&#8220;left&#8220; background_animation=&#8220;none&#8220; css_animation=&#8220;&#8220;][vc_column][vc_empty_space height=&#8220;24px&#8220;][vc_column_text]Volleynight 2017 [\/vc_column_text][\/vc_column][\/vc_row][vc_row row_type=&#8220;row&#8220; use_row_as_full_screen_section=&#8220;no&#8220; type=&#8220;full_width&#8220; text_align=&#8220;left&#8220; background_animation=&#8220;none&#8220; css_animation=&#8220;&#8220;][vc_column][vc_empty_space][\/vc_column][\/vc_row][vc_row row_type=&#8220;row&#8220; use_row_as_full_screen_section=&#8220;no&#8220; type=&#8220;full_width&#8220; text_align=&#8220;left&#8220; background_animation=&#8220;none&#8220; css_animation=&#8220;&#8220;][vc_column][vc_column_text]Freitag 14.20 Uhr, Unterrichtsschluss vor den Weihnachtsferien. Etwa zwei Drittel aller Sch\u00fcler und Sch\u00fclerinnen verteilen sich in die vier Himmelsrichtungen, sind auf dem Weg&#8230;<\/p>\n","protected":false},"author":10,"featured_media":0,"parent":0,"menu_order":0,"comment_status":"closed","ping_status":"closed","template":"","meta":{"footnotes":""},"class_list":["post-7810","page","type-page","status-publish","hentry"],"_links":{"self":[{"href":"https:\/\/fs.kswe.ch\/spo\/wp-json\/wp\/v2\/pages\/7810","targetHints":{"allow":["GET"]}}],"collection":[{"href":"https:\/\/fs.kswe.ch\/spo\/wp-json\/wp\/v2\/pages"}],"about":[{"href":"https:\/\/fs.kswe.ch\/spo\/wp-json\/wp\/v2\/types\/page"}],"author":[{"embeddable":true,"href":"https:\/\/fs.kswe.ch\/spo\/wp-json\/wp\/v2\/users\/10"}],"replies":[{"embeddable":true,"href":"https:\/\/fs.kswe.ch\/spo\/wp-json\/wp\/v2\/comments?post=7810"}],"version-history":[{"count":5,"href":"https:\/\/fs.kswe.ch\/spo\/wp-json\/wp\/v2\/pages\/7810\/revisions"}],"predecessor-version":[{"id":8698,"href":"https:\/\/fs.kswe.ch\/spo\/wp-json\/wp\/v2\/pages\/7810\/revisions\/8698"}],"wp:attachment":[{"href":"https:\/\/fs.kswe.ch\/spo\/wp-json\/wp\/v2\/media?parent=7810"}],"curies":[{"name":"wp","href":"https:\/\/api.w.org\/{rel}","templated":true}]}}