{"id":7791,"date":"2019-06-15T22:30:48","date_gmt":"2019-06-15T20:30:48","guid":{"rendered":"https:\/\/fs.kswe.ch\/spo\/?page_id=7791"},"modified":"2019-06-15T22:56:51","modified_gmt":"2019-06-15T20:56:51","slug":"stauseelauf14","status":"publish","type":"page","link":"https:\/\/fs.kswe.ch\/spo\/stauseelauf14\/","title":{"rendered":"Stauseelauf14"},"content":{"rendered":"<div class=\"wpb-content-wrapper\"><p>[vc_row row_type=&#8220;row&#8220; use_row_as_full_screen_section=&#8220;no&#8220; type=&#8220;full_width&#8220; text_align=&#8220;left&#8220; background_animation=&#8220;none&#8220; css_animation=&#8220;&#8220;][vc_column width=&#8220;2\/3&#8243;][vc_column_text]<em><strong>Stauseelauf 2014<br \/>\n<\/strong><\/em>[\/vc_column_text][\/vc_column][vc_column width=&#8220;1\/3&#8243;][\/vc_column][\/vc_row][vc_row row_type=&#8220;row&#8220; use_row_as_full_screen_section=&#8220;no&#8220; type=&#8220;full_width&#8220; text_align=&#8220;left&#8220; background_animation=&#8220;none&#8220; css_animation=&#8220;&#8220;][vc_column][vc_empty_space][\/vc_column][\/vc_row][vc_row row_type=&#8220;row&#8220; use_row_as_full_screen_section=&#8220;no&#8220; type=&#8220;full_width&#8220; text_align=&#8220;left&#8220; background_animation=&#8220;none&#8220; css_animation=&#8220;&#8220;][vc_column][vc_column_text]Kurz vor den Herbstferien findet an der Kantonsschule Wettingen der Stauseelauf f\u00fcr alle Sch\u00fclerinnen und Sch\u00fcler der dritten Klassen statt. Der Stauseelauf in der L\u00e4nge von 8.4km ist Bestandteil der Note im dritten Schuljahr der Mittelschule.<\/p>\n<p>&nbsp;<\/p>\n<p>Die L\u00e4uferinnen und L\u00e4ufer haben etliche Vorbereitungen getroffen. Hatte man auch gen\u00fcgend Mineralwasser und Proteinshakes getrunken? Reichte der Teller Spaghetti am Vorabend, um die Kohlenhydratspeicher optimal aufzuf\u00fcllen? Nachdem die ern\u00e4hrungstechnischen Fragen gekl\u00e4rt waren, konnte man sich nun dem passenden Sportoutfit widmen. Kurze oder lange Hose? Adidas oder Nike? Schnell noch auf der Toilette in der Spinnerei umziehen und dann endlich ab zum Start. Aber halt, zuerst mussten noch die Startnummern verteilt werden. Allgemeines Durcheinander. Ein paar Bananen wurden noch verdr\u00fcckt, Energieriegel geknabbert oder Traubenzucker gekaut. Danach mussten noch die Wertsachen deponiert werden. Bodycheck nicht vergessen: Sitzt die Hose, ist der Pferdeschwanz noch straff gebunden und die Schn\u00fcrsenkel sicher im Doppelknoten gekn\u00fcpft? Ja? Dann ab in den Startblock und \u201eAuf die Pl\u00e4tze, fertig, los!\u201c<\/p>\n<p>&nbsp;<\/p>\n<p>Zuerst starteten die absoluten Rennpferde der KSWE, gefolgt von der zweiten Liga bis hin zu denen, die es eher gem\u00fctlich nehmen wollten. Insgesamt gab es f\u00fcnf Startbl\u00f6cke mit total 183 L\u00e4uferinnen und L\u00e4ufern. Der erste Kilometer war noch einfach zu schaffen. Danach h\u00f6rte man erste Seufzer. Je nach k\u00f6rperlicher Verfassung flog man f\u00f6rmlich am ersten Kontrollposten vorbei, w\u00e4hrend sich andere m\u00fchsam weiterk\u00e4mpften. Nun galt es, sich zu beweisen. Ja nicht schlappmachen, immer weiter und weiter rennen! Irgendwann befand man sich in einem Modus, in dem Zeit und Raum keine Bedeutung mehr hatten. Die Beine liefen ganz von alleine und das Ende kam immer n\u00e4her. Der Zielanlauf war nun kein Traum mehr, sondern war schon fast mit den Fingerspitzen zu fassen. K\u00e4mpfen! Die letzten 100 Meter. Das letzte F\u00fcnkchen Energie wurde geb\u00fcndelt und katapultierte die L\u00e4uferinnen und L\u00e4ufer mit einem sensationellen Sprint \u00fcber die Zielgerade.<\/p>\n<p>&nbsp;<\/p>\n<p>Geschafft! M\u00fcde und ersch\u00f6pft freuten sich die meisten \u00fcber die erreichte Zeit. Eines hatten alle gemeinsam: Sie waren stolz \u00fcber ihr Durchhalteverm\u00f6gen, ihre St\u00e4rke und ihren Willen. Alle hatten sich nicht nur Respekt, sondern auch ein Riesenst\u00fcck Pizza verdient.<\/p>\n<p>&nbsp;<\/p>\n<p>Rahel B\u00e4r G3B<\/p>\n<p>Fotos: Simone Zuberb\u00fchler[\/vc_column_text][\/vc_column][\/vc_row][vc_row row_type=&#8220;row&#8220; use_row_as_full_screen_section=&#8220;no&#8220; type=&#8220;full_width&#8220; text_align=&#8220;left&#8220; background_animation=&#8220;none&#8220; css_animation=&#8220;&#8220;][vc_column][vc_empty_space][\/vc_column][\/vc_row][vc_row row_type=&#8220;row&#8220; use_row_as_full_screen_section=&#8220;no&#8220; type=&#8220;full_width&#8220; text_align=&#8220;left&#8220; background_animation=&#8220;none&#8220; css_animation=&#8220;&#8220;][vc_column width=&#8220;5\/6&#8243;][vc_column_text]<\/p>\n<ul>\n<li style=\"text-align: left\"><a href=\"https:\/\/fs.kswe.ch\/spo\/stauseelauf\/\"><span style=\"color: #800000\">zur\u00fcck<\/span><\/a><\/li>\n<\/ul>\n<p>[\/vc_column_text][\/vc_column][vc_column width=&#8220;1\/6&#8243;][\/vc_column][\/vc_row][vc_row row_type=&#8220;row&#8220; use_row_as_full_screen_section=&#8220;no&#8220; type=&#8220;full_width&#8220; text_align=&#8220;left&#8220; background_animation=&#8220;none&#8220; css_animation=&#8220;&#8220;][vc_column][vc_empty_space height=&#8220;12px&#8220;][vc_separator type=&#8220;normal&#8220; border_style=&#8220;&#8220;][vc_empty_space][\/vc_column][\/vc_row][vc_row row_type=&#8220;row&#8220; use_row_as_full_screen_section=&#8220;no&#8220; type=&#8220;full_width&#8220; text_align=&#8220;left&#8220; background_animation=&#8220;none&#8220; css_animation=&#8220;&#8220;][vc_column][vc_column_text]Bildergalerie[\/vc_column_text][\/vc_column][\/vc_row][vc_row row_type=&#8220;row&#8220; use_row_as_full_screen_section=&#8220;no&#8220; type=&#8220;full_width&#8220; text_align=&#8220;left&#8220; background_animation=&#8220;none&#8220; css_animation=&#8220;&#8220;][vc_column][vc_empty_space][\/vc_column][\/vc_row][vc_row row_type=&#8220;row&#8220; use_row_as_full_screen_section=&#8220;no&#8220; type=&#8220;full_width&#8220; text_align=&#8220;left&#8220; background_animation=&#8220;none&#8220; css_animation=&#8220;&#8220;][vc_column][vc_gallery type=&#8220;image_grid&#8220; images=&#8220;7508,7513,7512,7511,7510,7509,7514,7521,7520,7519,7518,7517,7516,7515,7522,7529,7528,7527,7526,7525,7524,7523,7530,7537,7536,7535,7534,7533,7532,7531,7538,7545,7544,7543,7542,7540,7539,7546,7552,7551,7548,7553&#8243; img_size=&#8220;full&#8220; onclick=&#8220;&#8220; column_number=&#8220;0&#8243; grayscale=&#8220;no&#8220; space_between_images=&#8220;no&#8220;][\/vc_column][\/vc_row]<\/p>\n<\/div>","protected":false},"excerpt":{"rendered":"<p>[vc_row row_type=&#8220;row&#8220; use_row_as_full_screen_section=&#8220;no&#8220; type=&#8220;full_width&#8220; text_align=&#8220;left&#8220; background_animation=&#8220;none&#8220; css_animation=&#8220;&#8220;][vc_column width=&#8220;2\/3&#8243;][vc_column_text]Stauseelauf 2014 [\/vc_column_text][\/vc_column][vc_column width=&#8220;1\/3&#8243;][\/vc_column][\/vc_row][vc_row row_type=&#8220;row&#8220; use_row_as_full_screen_section=&#8220;no&#8220; type=&#8220;full_width&#8220; text_align=&#8220;left&#8220; background_animation=&#8220;none&#8220; css_animation=&#8220;&#8220;][vc_column][vc_empty_space][\/vc_column][\/vc_row][vc_row row_type=&#8220;row&#8220; use_row_as_full_screen_section=&#8220;no&#8220; type=&#8220;full_width&#8220; text_align=&#8220;left&#8220; background_animation=&#8220;none&#8220; css_animation=&#8220;&#8220;][vc_column][vc_column_text]Kurz vor den Herbstferien findet an der Kantonsschule Wettingen der Stauseelauf f\u00fcr alle Sch\u00fclerinnen und Sch\u00fcler der dritten Klassen statt. Der Stauseelauf in&#8230;<\/p>\n","protected":false},"author":10,"featured_media":0,"parent":0,"menu_order":0,"comment_status":"closed","ping_status":"closed","template":"","meta":{"footnotes":""},"class_list":["post-7791","page","type-page","status-publish","hentry"],"_links":{"self":[{"href":"https:\/\/fs.kswe.ch\/spo\/wp-json\/wp\/v2\/pages\/7791","targetHints":{"allow":["GET"]}}],"collection":[{"href":"https:\/\/fs.kswe.ch\/spo\/wp-json\/wp\/v2\/pages"}],"about":[{"href":"https:\/\/fs.kswe.ch\/spo\/wp-json\/wp\/v2\/types\/page"}],"author":[{"embeddable":true,"href":"https:\/\/fs.kswe.ch\/spo\/wp-json\/wp\/v2\/users\/10"}],"replies":[{"embeddable":true,"href":"https:\/\/fs.kswe.ch\/spo\/wp-json\/wp\/v2\/comments?post=7791"}],"version-history":[{"count":4,"href":"https:\/\/fs.kswe.ch\/spo\/wp-json\/wp\/v2\/pages\/7791\/revisions"}],"predecessor-version":[{"id":7807,"href":"https:\/\/fs.kswe.ch\/spo\/wp-json\/wp\/v2\/pages\/7791\/revisions\/7807"}],"wp:attachment":[{"href":"https:\/\/fs.kswe.ch\/spo\/wp-json\/wp\/v2\/media?parent=7791"}],"curies":[{"name":"wp","href":"https:\/\/api.w.org\/{rel}","templated":true}]}}