{"id":7785,"date":"2019-06-15T22:22:28","date_gmt":"2019-06-15T20:22:28","guid":{"rendered":"https:\/\/fs.kswe.ch\/spo\/?page_id=7785"},"modified":"2019-06-15T23:00:30","modified_gmt":"2019-06-15T21:00:30","slug":"stauseelauf13","status":"publish","type":"page","link":"https:\/\/fs.kswe.ch\/spo\/stauseelauf13\/","title":{"rendered":"Stauseelauf13"},"content":{"rendered":"<div class=\"wpb-content-wrapper\"><p>[vc_row row_type=&#8220;row&#8220; use_row_as_full_screen_section=&#8220;no&#8220; type=&#8220;full_width&#8220; text_align=&#8220;left&#8220; background_animation=&#8220;none&#8220; css_animation=&#8220;&#8220;][vc_column width=&#8220;2\/3&#8243;][vc_column_text]<em><strong>Stauseelauf 2013<br \/>\n<\/strong><\/em>[\/vc_column_text][\/vc_column][vc_column width=&#8220;1\/3&#8243;][\/vc_column][\/vc_row][vc_row row_type=&#8220;row&#8220; use_row_as_full_screen_section=&#8220;no&#8220; type=&#8220;full_width&#8220; text_align=&#8220;left&#8220; background_animation=&#8220;none&#8220; css_animation=&#8220;&#8220;][vc_column][vc_empty_space][\/vc_column][\/vc_row][vc_row row_type=&#8220;row&#8220; use_row_as_full_screen_section=&#8220;no&#8220; type=&#8220;full_width&#8220; text_align=&#8220;left&#8220; background_animation=&#8220;none&#8220; css_animation=&#8220;&#8220;][vc_column][vc_column_text]Trotz des windigen und kalten Herbstwetters, traten am 17. September 213 Sch\u00fclerinnen und Sch\u00fcler aller 3. Klassen der Kantonsschule Wettingen den 8,6 km langen Stauseelauf an.<\/p>\n<p>&nbsp;<\/p>\n<p>Die Stimmung am Start war angespannt. Die ambitionierten L\u00e4uferinnen und L\u00e4ufer w\u00e4rmten sich auf, andere hingegen nahmen das Ganze eher gem\u00fctlicher. Vor dem Beginn herrschte ein kleines Chaos mit dem Anbinden der Nummern, was sich aber nachher zu den verschiedenen Startbl\u00f6cken formatierte. Nach der Ansage durch das Megafon, w\u00fcnschten sich die ersten L\u00e4ufer viel Erfolg und traten an den Start.<\/p>\n<p>Der erste Block wurde von allen Anwesenden mit Jubel und Klatschen angefeuert. Dies wurde in den darauffolgenden f\u00fcnf Bl\u00f6cken fortgef\u00fchrt. Im letzten Block gingen einige demonstrativ, bis auch sie sich \u00fcberwanden zu joggen. Die Ersten sprinteten ersch\u00f6pft ins Ziel, nachdem sie alles gegeben hatten. Alle wurden auf den letzten paar Metern zu einem Schlusssprint angefeuert. Im Ziel angekommen, klatschten sich die Sch\u00fcler gegenseitig ab und tranken den ersten Schluck Wasser. Trotz den teilweise harten Vorbereitungen im Sportunterricht, konnte man bei einigen im Gesicht ein L\u00e4cheln des Erfolgs erkennen.<\/p>\n<p>&nbsp;<\/p>\n<p>Alexandra Erdin G3C, Jessica Pichler G3C[\/vc_column_text][\/vc_column][\/vc_row][vc_row row_type=&#8220;row&#8220; use_row_as_full_screen_section=&#8220;no&#8220; type=&#8220;full_width&#8220; text_align=&#8220;left&#8220; background_animation=&#8220;none&#8220; css_animation=&#8220;&#8220;][vc_column][vc_empty_space][\/vc_column][\/vc_row][vc_row row_type=&#8220;row&#8220; use_row_as_full_screen_section=&#8220;no&#8220; type=&#8220;full_width&#8220; text_align=&#8220;left&#8220; background_animation=&#8220;none&#8220; css_animation=&#8220;&#8220;][vc_column width=&#8220;5\/6&#8243;][vc_column_text]<\/p>\n<ul>\n<li style=\"text-align: left\"><a href=\"https:\/\/fs.kswe.ch\/spo\/stauseelauf\/\"><span style=\"color: #800000\">zur\u00fcck<\/span><\/a><\/li>\n<\/ul>\n<p>[\/vc_column_text][\/vc_column][vc_column width=&#8220;1\/6&#8243;][\/vc_column][\/vc_row][vc_row row_type=&#8220;row&#8220; use_row_as_full_screen_section=&#8220;no&#8220; type=&#8220;full_width&#8220; text_align=&#8220;left&#8220; background_animation=&#8220;none&#8220; css_animation=&#8220;&#8220;][vc_column][vc_empty_space height=&#8220;12px&#8220;][vc_separator type=&#8220;normal&#8220; border_style=&#8220;&#8220;][vc_empty_space][\/vc_column][\/vc_row][vc_row row_type=&#8220;row&#8220; use_row_as_full_screen_section=&#8220;no&#8220; type=&#8220;full_width&#8220; text_align=&#8220;left&#8220; background_animation=&#8220;none&#8220; css_animation=&#8220;&#8220;][vc_column][vc_column_text]Bildergalerie[\/vc_column_text][\/vc_column][\/vc_row][vc_row row_type=&#8220;row&#8220; use_row_as_full_screen_section=&#8220;no&#8220; type=&#8220;full_width&#8220; text_align=&#8220;left&#8220; background_animation=&#8220;none&#8220; css_animation=&#8220;&#8220;][vc_column][vc_empty_space][\/vc_column][\/vc_row][vc_row row_type=&#8220;row&#8220; use_row_as_full_screen_section=&#8220;no&#8220; type=&#8220;full_width&#8220; text_align=&#8220;left&#8220; background_animation=&#8220;none&#8220; css_animation=&#8220;&#8220;][vc_column][vc_gallery type=&#8220;image_grid&#8220; images=&#8220;7443,7444,7445,7446,7447,7448,7449,7450,7453,7455,7456,7457,7458,7459,7460,7462,7463,7464,7465,7466,7467,7468,7470,7471,7472,7474,7475,7476,7477,7478,7481,7482,7483,7484,7485,7487,7488,7489,7490,7491,7492,7493,7494,7495,7496,7497,7498,7499,7500,7501,7502,7503,7504,7505,7506,7507&#8243; img_size=&#8220;full&#8220; onclick=&#8220;&#8220; column_number=&#8220;0&#8243; grayscale=&#8220;no&#8220; space_between_images=&#8220;no&#8220;][\/vc_column][\/vc_row]<\/p>\n<\/div>","protected":false},"excerpt":{"rendered":"<p>[vc_row row_type=&#8220;row&#8220; use_row_as_full_screen_section=&#8220;no&#8220; type=&#8220;full_width&#8220; text_align=&#8220;left&#8220; background_animation=&#8220;none&#8220; css_animation=&#8220;&#8220;][vc_column width=&#8220;2\/3&#8243;][vc_column_text]Stauseelauf 2013 [\/vc_column_text][\/vc_column][vc_column width=&#8220;1\/3&#8243;][\/vc_column][\/vc_row][vc_row row_type=&#8220;row&#8220; use_row_as_full_screen_section=&#8220;no&#8220; type=&#8220;full_width&#8220; text_align=&#8220;left&#8220; background_animation=&#8220;none&#8220; css_animation=&#8220;&#8220;][vc_column][vc_empty_space][\/vc_column][\/vc_row][vc_row row_type=&#8220;row&#8220; use_row_as_full_screen_section=&#8220;no&#8220; type=&#8220;full_width&#8220; text_align=&#8220;left&#8220; background_animation=&#8220;none&#8220; css_animation=&#8220;&#8220;][vc_column][vc_column_text]Trotz des windigen und kalten Herbstwetters, traten am 17. September 213 Sch\u00fclerinnen und Sch\u00fcler aller 3. Klassen der Kantonsschule Wettingen den 8,6 km&#8230;<\/p>\n","protected":false},"author":10,"featured_media":0,"parent":0,"menu_order":0,"comment_status":"closed","ping_status":"closed","template":"","meta":{"footnotes":""},"class_list":["post-7785","page","type-page","status-publish","hentry"],"_links":{"self":[{"href":"https:\/\/fs.kswe.ch\/spo\/wp-json\/wp\/v2\/pages\/7785","targetHints":{"allow":["GET"]}}],"collection":[{"href":"https:\/\/fs.kswe.ch\/spo\/wp-json\/wp\/v2\/pages"}],"about":[{"href":"https:\/\/fs.kswe.ch\/spo\/wp-json\/wp\/v2\/types\/page"}],"author":[{"embeddable":true,"href":"https:\/\/fs.kswe.ch\/spo\/wp-json\/wp\/v2\/users\/10"}],"replies":[{"embeddable":true,"href":"https:\/\/fs.kswe.ch\/spo\/wp-json\/wp\/v2\/comments?post=7785"}],"version-history":[{"count":4,"href":"https:\/\/fs.kswe.ch\/spo\/wp-json\/wp\/v2\/pages\/7785\/revisions"}],"predecessor-version":[{"id":7809,"href":"https:\/\/fs.kswe.ch\/spo\/wp-json\/wp\/v2\/pages\/7785\/revisions\/7809"}],"wp:attachment":[{"href":"https:\/\/fs.kswe.ch\/spo\/wp-json\/wp\/v2\/media?parent=7785"}],"curies":[{"name":"wp","href":"https:\/\/api.w.org\/{rel}","templated":true}]}}