{"id":7424,"date":"2019-06-15T21:17:17","date_gmt":"2019-06-15T19:17:17","guid":{"rendered":"https:\/\/fs.kswe.ch\/spo\/?page_id=7424"},"modified":"2026-02-02T12:19:28","modified_gmt":"2026-02-02T11:19:28","slug":"schulsport2","status":"publish","type":"page","link":"https:\/\/fs.kswe.ch\/spo\/schulsport2\/","title":{"rendered":"Schulsport2"},"content":{"rendered":"<div class=\"wpb-content-wrapper\"><p>[vc_row row_type=&#8220;row&#8220; use_row_as_full_screen_section=&#8220;no&#8220; type=&#8220;full_width&#8220; text_align=&#8220;left&#8220; background_animation=&#8220;none&#8220; css_animation=&#8220;&#8220;][vc_column][vc_empty_space height=&#8220;24px&#8220;][\/vc_column][\/vc_row][vc_row row_type=&#8220;row&#8220; use_row_as_full_screen_section=&#8220;no&#8220; type=&#8220;full_width&#8220; text_align=&#8220;left&#8220; background_animation=&#8220;none&#8220; css_animation=&#8220;&#8220;][vc_column width=&#8220;2\/5&#8243;][vc_single_image image=&#8220;10028&#8243; img_size=&#8220;full&#8220; style=&#8220;vc_box_rounded&#8220; qode_css_animation=&#8220;&#8220;][\/vc_column][vc_column width=&#8220;2\/5&#8243;][vc_single_image image=&#8220;5029&#8243; img_size=&#8220;full&#8220; style=&#8220;vc_box_rounded&#8220; qode_css_animation=&#8220;&#8220;][\/vc_column][vc_column width=&#8220;1\/5&#8243;][\/vc_column][\/vc_row][vc_row row_type=&#8220;row&#8220; use_row_as_full_screen_section=&#8220;no&#8220; type=&#8220;full_width&#8220; text_align=&#8220;left&#8220; background_animation=&#8220;none&#8220; css_animation=&#8220;&#8220;][vc_column][vc_empty_space][\/vc_column][\/vc_row][vc_row row_type=&#8220;row&#8220; use_row_as_full_screen_section=&#8220;no&#8220; type=&#8220;full_width&#8220; text_align=&#8220;left&#8220; background_animation=&#8220;none&#8220; css_animation=&#8220;&#8220;][vc_column][vc_column_text css=&#8220;&#8220;]<em><strong>Freifach Schulsport 2. Semester Schuljahr 25\/26<\/strong><\/em>[\/vc_column_text][\/vc_column][\/vc_row][vc_row row_type=&#8220;row&#8220; use_row_as_full_screen_section=&#8220;no&#8220; type=&#8220;full_width&#8220; text_align=&#8220;left&#8220; background_animation=&#8220;none&#8220; css_animation=&#8220;&#8220;][vc_column][vc_empty_space height=&#8220;12px&#8220;][\/vc_column][\/vc_row][vc_row row_type=&#8220;row&#8220; use_row_as_full_screen_section=&#8220;no&#8220; type=&#8220;full_width&#8220; text_align=&#8220;left&#8220; background_animation=&#8220;none&#8220; css_animation=&#8220;&#8220;][vc_column][vc_column_text css=&#8220;&#8220;]<\/p>\n<ul>\n<li>im 2. Semester werden total <strong>9 Kurse\u00a0<\/strong>in insgesamt 7 Sportarten durchgef\u00fchrt.<\/li>\n<li>Alle Lektionen im Schulsport dauern 60 Minuten und finden w\u00e4hrend 15 Wochen statt.<\/li>\n<li>Volleyball wird in Leistungsgruppen gef\u00fchrt, so dass alle Teilnehmerinnen und Teilnehmer bestm\u00f6glich profitieren k\u00f6nnen (siehe Ausschreibung).<\/li>\n<li>Die Kurse starten in der <strong>1. Schulwoche nach den Sportferien<\/strong>.<\/li>\n<\/ul>\n<p>[\/vc_column_text][\/vc_column][\/vc_row][vc_row row_type=&#8220;row&#8220; use_row_as_full_screen_section=&#8220;no&#8220; type=&#8220;full_width&#8220; text_align=&#8220;left&#8220; background_animation=&#8220;none&#8220; css_animation=&#8220;&#8220;][vc_column][vc_empty_space height=&#8220;24px&#8220;][\/vc_column][\/vc_row][vc_row row_type=&#8220;row&#8220; use_row_as_full_screen_section=&#8220;no&#8220; type=&#8220;full_width&#8220; text_align=&#8220;left&#8220; background_animation=&#8220;none&#8220; css_animation=&#8220;&#8220;][vc_column width=&#8220;1\/3&#8243;][vc_column_text]<\/p>\n<ul>\n<li><strong>Kursprogramm<\/strong><\/li>\n<\/ul>\n<p>[\/vc_column_text][vc_empty_space height=&#8220;12px&#8220;][vc_single_image image=&#8220;14524&#8243; style=&#8220;vc_box_rounded&#8220; onclick=&#8220;img_link_large&#8220; img_link_target=&#8220;_blank&#8220; css=&#8220;&#8220; qode_css_animation=&#8220;&#8220;][\/vc_column][vc_column width=&#8220;1\/3&#8243;][vc_column_text css=&#8220;&#8220;]<\/p>\n<ul>\n<li><span style=\"color: #800000\"><a style=\"color: #800000\" href=\"https:\/\/fs.kswe.ch\/spo\/wp-content\/uploads\/sites\/9\/2025\/12\/Kursuebersicht-2526_2.pdf\"><span style=\"color: #800000\">Kurs\u00fcbersicht<\/span><\/a><\/span><\/li>\n<li><a href=\"https:\/\/fs.kswe.ch\/spo\/wp-content\/uploads\/sites\/9\/2025\/12\/Kursbeschriebe-2526_2.pdf\"><span style=\"color: #800000\">Kursbeschriebe<\/span><\/a><\/li>\n<li><a href=\"https:\/\/kswe-my.sharepoint.com\/:v:\/g\/personal\/blm_kswe_ch\/ETwc1s6vENdFsHPM_0UUqeEBaj7Gild7EEhCr9taGs0oaQ?e=AUkXqx&amp;nav=eyJyZWZlcnJhbEluZm8iOnsicmVmZXJyYWxBcHAiOiJTdHJlYW1XZWJBcHAiLCJyZWZlcnJhbFZpZXciOiJTaGFyZURpYWxvZy1MaW5rIiwicmVmZXJyYWxBcHBQbGF0Zm9ybSI6IldlYiIsInJlZmVycmFsTW9kZSI6InZpZXcifX0%3D\"><span style=\"color: #800000\">Teaser<\/span><\/a> Ger\u00e4teturnen-Akro-Parkour<\/li>\n<li><span style=\"color: #000000\">Online-Anmeldung<\/span><\/li>\n<\/ul>\n<p>[\/vc_column_text][\/vc_column][vc_column width=&#8220;1\/3&#8243;][\/vc_column][\/vc_row][vc_row row_type=&#8220;row&#8220; use_row_as_full_screen_section=&#8220;no&#8220; type=&#8220;full_width&#8220; text_align=&#8220;left&#8220; background_animation=&#8220;none&#8220; css_animation=&#8220;&#8220;][vc_column][vc_empty_space height=&#8220;48px&#8220;][vc_column_text]<\/p>\n<ul>\n<li><a href=\"https:\/\/fs.kswe.ch\/spo\/schulsport\/\"><span style=\"color: #800000\">zur\u00fcck<\/span><\/a><\/li>\n<\/ul>\n<p>[\/vc_column_text][\/vc_column][\/vc_row]<\/p>\n<\/div>","protected":false},"excerpt":{"rendered":"<p>[vc_row row_type=&#8220;row&#8220; use_row_as_full_screen_section=&#8220;no&#8220; type=&#8220;full_width&#8220; text_align=&#8220;left&#8220; background_animation=&#8220;none&#8220; css_animation=&#8220;&#8220;][vc_column][vc_empty_space height=&#8220;24px&#8220;][\/vc_column][\/vc_row][vc_row row_type=&#8220;row&#8220; use_row_as_full_screen_section=&#8220;no&#8220; type=&#8220;full_width&#8220; text_align=&#8220;left&#8220; background_animation=&#8220;none&#8220; css_animation=&#8220;&#8220;][vc_column width=&#8220;2\/5&#8243;][vc_single_image image=&#8220;10028&#8243; img_size=&#8220;full&#8220; style=&#8220;vc_box_rounded&#8220; qode_css_animation=&#8220;&#8220;][\/vc_column][vc_column width=&#8220;2\/5&#8243;][vc_single_image image=&#8220;5029&#8243; img_size=&#8220;full&#8220; style=&#8220;vc_box_rounded&#8220; qode_css_animation=&#8220;&#8220;][\/vc_column][vc_column width=&#8220;1\/5&#8243;][\/vc_column][\/vc_row][vc_row row_type=&#8220;row&#8220; use_row_as_full_screen_section=&#8220;no&#8220; type=&#8220;full_width&#8220; text_align=&#8220;left&#8220; background_animation=&#8220;none&#8220; css_animation=&#8220;&#8220;][vc_column][vc_empty_space][\/vc_column][\/vc_row][vc_row row_type=&#8220;row&#8220; use_row_as_full_screen_section=&#8220;no&#8220; type=&#8220;full_width&#8220; text_align=&#8220;left&#8220; background_animation=&#8220;none&#8220; css_animation=&#8220;&#8220;][vc_column][vc_column_text css=&#8220;&#8220;]Freifach Schulsport 2. Semester Schuljahr 25\/26[\/vc_column_text][\/vc_column][\/vc_row][vc_row row_type=&#8220;row&#8220; use_row_as_full_screen_section=&#8220;no&#8220;&#8230;<\/p>\n","protected":false},"author":10,"featured_media":0,"parent":0,"menu_order":0,"comment_status":"closed","ping_status":"closed","template":"","meta":{"footnotes":""},"class_list":["post-7424","page","type-page","status-publish","hentry"],"_links":{"self":[{"href":"https:\/\/fs.kswe.ch\/spo\/wp-json\/wp\/v2\/pages\/7424","targetHints":{"allow":["GET"]}}],"collection":[{"href":"https:\/\/fs.kswe.ch\/spo\/wp-json\/wp\/v2\/pages"}],"about":[{"href":"https:\/\/fs.kswe.ch\/spo\/wp-json\/wp\/v2\/types\/page"}],"author":[{"embeddable":true,"href":"https:\/\/fs.kswe.ch\/spo\/wp-json\/wp\/v2\/users\/10"}],"replies":[{"embeddable":true,"href":"https:\/\/fs.kswe.ch\/spo\/wp-json\/wp\/v2\/comments?post=7424"}],"version-history":[{"count":142,"href":"https:\/\/fs.kswe.ch\/spo\/wp-json\/wp\/v2\/pages\/7424\/revisions"}],"predecessor-version":[{"id":14561,"href":"https:\/\/fs.kswe.ch\/spo\/wp-json\/wp\/v2\/pages\/7424\/revisions\/14561"}],"wp:attachment":[{"href":"https:\/\/fs.kswe.ch\/spo\/wp-json\/wp\/v2\/media?parent=7424"}],"curies":[{"name":"wp","href":"https:\/\/api.w.org\/{rel}","templated":true}]}}