{"id":7272,"date":"2019-06-06T17:48:01","date_gmt":"2019-06-06T15:48:01","guid":{"rendered":"https:\/\/fs.kswe.ch\/spo\/?page_id=7272"},"modified":"2019-06-06T18:32:56","modified_gmt":"2019-06-06T16:32:56","slug":"eishockeypolysport14","status":"publish","type":"page","link":"https:\/\/fs.kswe.ch\/spo\/eishockeypolysport14\/","title":{"rendered":"EishockeyPolysport14"},"content":{"rendered":"<div class=\"wpb-content-wrapper\"><p>[vc_row row_type=&#8220;row&#8220; use_row_as_full_screen_section=&#8220;no&#8220; type=&#8220;full_width&#8220; text_align=&#8220;left&#8220; background_animation=&#8220;none&#8220; css_animation=&#8220;&#8220;][vc_column width=&#8220;2\/3&#8243;][vc_empty_space height=&#8220;24px&#8220;][\/vc_column][vc_column width=&#8220;1\/3&#8243;][\/vc_column][\/vc_row][vc_row row_type=&#8220;row&#8220; use_row_as_full_screen_section=&#8220;no&#8220; type=&#8220;full_width&#8220; text_align=&#8220;left&#8220; background_animation=&#8220;none&#8220; css_animation=&#8220;&#8220;][vc_column][vc_column_text]<\/p>\n<div class=\"articletext\"><\/div>\n<div class=\"articleinfos\">\n<p><strong>Variowoche Eishockey-Polysport \/ 3.-7. Februar 2014<br \/>\n<\/strong><\/p>\n<p>&nbsp;<\/p>\n<p>Die diesj\u00e4hrige Eishockey- und Polysportwoche ist nun vorbei und (fast) alle haben es gut \u00fcberstanden. Die morgendlichen Eishockeystunden stellten f\u00fcr alle eine Herausforderung dar. W\u00e4hrend einige schon oft auf dem Eis standen, hatten andere anfangs noch grosse M\u00fche mit Ausr\u00fcstung und Hockeystock umzugehen. Doch nach dem spielerischen Einstieg waren alle schnell und sicher auf den Kufen und das Spiel konnte beginnen. Nach der Mittagspause ging es dann immer auch schon weiter in der Halle an der Kanti und Polysport stand auf dem Programm. Bei Badminton, Volleyball und anderen Spielsportarten haben wir uns dann jeweils verausgabt, sodass sich alle auf den Feierabend freuten.<\/p>\n<p>&nbsp;<\/p>\n<p>Doch trotz Muskelkater und ein bis zwei Verletzungen ist die Sportwoche f\u00fcr alle Teilnehmerinnen und Teilnehmer ein riesiger Spass gewesen. Einige Bekanntschaften konnten geschlossen werden und der Teamgeist wurde gest\u00e4rkt. Man wird auch n\u00e4chstes Jahr sicher ein paar bekannte Gesichter auf dem Eisfeld treffen, doch jetzt geht es erst einmal in die verdienten Sportferien!<\/p>\n<p>&nbsp;<\/p>\n<p>Text: Annika Westecker F2C<\/p>\n<p>Fotos: Christoph Frei, Chantale Schwind G3H<\/p>\n<\/div>\n<p>[\/vc_column_text][\/vc_column][\/vc_row][vc_row row_type=&#8220;row&#8220; use_row_as_full_screen_section=&#8220;no&#8220; type=&#8220;full_width&#8220; text_align=&#8220;left&#8220; background_animation=&#8220;none&#8220; css_animation=&#8220;&#8220;][vc_column][vc_empty_space][\/vc_column][\/vc_row][vc_row row_type=&#8220;row&#8220; use_row_as_full_screen_section=&#8220;no&#8220; type=&#8220;full_width&#8220; text_align=&#8220;left&#8220; background_animation=&#8220;none&#8220; css_animation=&#8220;&#8220;][vc_column][vc_separator type=&#8220;normal&#8220; border_style=&#8220;&#8220;][\/vc_column][\/vc_row][vc_row row_type=&#8220;row&#8220; use_row_as_full_screen_section=&#8220;no&#8220; type=&#8220;full_width&#8220; text_align=&#8220;left&#8220; background_animation=&#8220;none&#8220; css_animation=&#8220;&#8220;][vc_column][vc_column_text]<\/p>\n<ul>\n<li style=\"text-align: left\"><a href=\"https:\/\/fs.kswe.ch\/spo\/variowoche\/\"><span style=\"color: #800000\">zur\u00fcck<\/span><\/a><\/li>\n<\/ul>\n<p>[\/vc_column_text][\/vc_column][\/vc_row][vc_row row_type=&#8220;row&#8220; use_row_as_full_screen_section=&#8220;no&#8220; type=&#8220;full_width&#8220; text_align=&#8220;left&#8220; background_animation=&#8220;none&#8220; css_animation=&#8220;&#8220;][vc_column][vc_empty_space height=&#8220;12px&#8220;][vc_separator type=&#8220;normal&#8220; border_style=&#8220;&#8220;][vc_empty_space height=&#8220;24px&#8220;][\/vc_column][\/vc_row][vc_row row_type=&#8220;row&#8220; use_row_as_full_screen_section=&#8220;no&#8220; type=&#8220;full_width&#8220; text_align=&#8220;left&#8220; background_animation=&#8220;none&#8220; css_animation=&#8220;&#8220;][vc_column][vc_empty_space height=&#8220;12px&#8220;][\/vc_column][\/vc_row][vc_row row_type=&#8220;row&#8220; use_row_as_full_screen_section=&#8220;no&#8220; type=&#8220;full_width&#8220; text_align=&#8220;left&#8220; background_animation=&#8220;none&#8220; css_animation=&#8220;&#8220;][vc_column][vc_gallery type=&#8220;image_grid&#8220; images=&#8220;7337,7317,7318,7316,7333,7332,7311,7286,7284,7283,7282,7293,7292,7309,7308,7307,7306,7330,7329,7328,7327,7326,7325,7324,7323,7322,7321,7320,7319,7315,7314,7304,7301,7300,7299,7298,7296,7295,7294,7291,7290,7287,7281,7280,7279,7276&#8243; img_size=&#8220;full&#8220; onclick=&#8220;&#8220; column_number=&#8220;0&#8243; grayscale=&#8220;no&#8220; space_between_images=&#8220;no&#8220;][\/vc_column][\/vc_row][vc_row row_type=&#8220;row&#8220; use_row_as_full_screen_section=&#8220;no&#8220; type=&#8220;full_width&#8220; text_align=&#8220;left&#8220; background_animation=&#8220;none&#8220; css_animation=&#8220;&#8220;][vc_column][vc_empty_space height=&#8220;60px&#8220;][\/vc_column][\/vc_row]<\/p>\n<\/div>","protected":false},"excerpt":{"rendered":"<p>[vc_row row_type=&#8220;row&#8220; use_row_as_full_screen_section=&#8220;no&#8220; type=&#8220;full_width&#8220; text_align=&#8220;left&#8220; background_animation=&#8220;none&#8220; css_animation=&#8220;&#8220;][vc_column width=&#8220;2\/3&#8243;][vc_empty_space height=&#8220;24px&#8220;][\/vc_column][vc_column width=&#8220;1\/3&#8243;][\/vc_column][\/vc_row][vc_row row_type=&#8220;row&#8220; use_row_as_full_screen_section=&#8220;no&#8220; type=&#8220;full_width&#8220; text_align=&#8220;left&#8220; background_animation=&#8220;none&#8220; css_animation=&#8220;&#8220;][vc_column][vc_column_text] Variowoche Eishockey-Polysport \/ 3.-7. Februar 2014 &nbsp; Die diesj\u00e4hrige Eishockey- und Polysportwoche ist nun vorbei und (fast) alle haben es gut \u00fcberstanden. Die morgendlichen Eishockeystunden stellten f\u00fcr alle eine&#8230;<\/p>\n","protected":false},"author":10,"featured_media":0,"parent":0,"menu_order":0,"comment_status":"closed","ping_status":"closed","template":"","meta":{"footnotes":""},"class_list":["post-7272","page","type-page","status-publish","hentry"],"_links":{"self":[{"href":"https:\/\/fs.kswe.ch\/spo\/wp-json\/wp\/v2\/pages\/7272","targetHints":{"allow":["GET"]}}],"collection":[{"href":"https:\/\/fs.kswe.ch\/spo\/wp-json\/wp\/v2\/pages"}],"about":[{"href":"https:\/\/fs.kswe.ch\/spo\/wp-json\/wp\/v2\/types\/page"}],"author":[{"embeddable":true,"href":"https:\/\/fs.kswe.ch\/spo\/wp-json\/wp\/v2\/users\/10"}],"replies":[{"embeddable":true,"href":"https:\/\/fs.kswe.ch\/spo\/wp-json\/wp\/v2\/comments?post=7272"}],"version-history":[{"count":8,"href":"https:\/\/fs.kswe.ch\/spo\/wp-json\/wp\/v2\/pages\/7272\/revisions"}],"predecessor-version":[{"id":7339,"href":"https:\/\/fs.kswe.ch\/spo\/wp-json\/wp\/v2\/pages\/7272\/revisions\/7339"}],"wp:attachment":[{"href":"https:\/\/fs.kswe.ch\/spo\/wp-json\/wp\/v2\/media?parent=7272"}],"curies":[{"name":"wp","href":"https:\/\/api.w.org\/{rel}","templated":true}]}}