{"id":6805,"date":"2019-05-20T15:22:39","date_gmt":"2019-05-20T13:22:39","guid":{"rendered":"https:\/\/fs.kswe.ch\/spo\/?page_id=6805"},"modified":"2019-05-20T15:29:02","modified_gmt":"2019-05-20T13:29:02","slug":"msmvolley17","status":"publish","type":"page","link":"https:\/\/fs.kswe.ch\/spo\/msmvolley17\/","title":{"rendered":"MSMVolleyball17"},"content":{"rendered":"<div class=\"wpb-content-wrapper\"><p>[vc_row row_type=&#8220;row&#8220; use_row_as_full_screen_section=&#8220;no&#8220; type=&#8220;full_width&#8220; text_align=&#8220;left&#8220; background_animation=&#8220;none&#8220; css_animation=&#8220;&#8220;][vc_column width=&#8220;2\/3&#8243;][vc_empty_space height=&#8220;24px&#8220;][\/vc_column][vc_column width=&#8220;1\/3&#8243;][\/vc_column][\/vc_row][vc_row row_type=&#8220;row&#8220; use_row_as_full_screen_section=&#8220;no&#8220; type=&#8220;full_width&#8220; text_align=&#8220;left&#8220; background_animation=&#8220;none&#8220; css_animation=&#8220;&#8220;][vc_column][vc_column_text]<\/p>\n<div class=\"articletext\">\n<p><em><strong>Schweizer Mittelschulmeisterschaft Volleyball Herren 2017<\/strong><\/em><\/p>\n<p>&nbsp;<\/p>\n<p><strong>Unser Herren-Volleyballteam schl\u00e4gt sich beachtlich an den Mittelschul-Schweizermeisterschaften.<\/strong><\/p>\n<p>&nbsp;<\/p>\n<p>Nach dem souver\u00e4nen Auftritt und dem Titel an den Aargauermeisterschaften, reisten die sieben besten KSWE-Volleyballer am Dienstag, 28. M\u00e4rz 2017, fr\u00fchmorgens nach Aarau in die Sportanlage der Alten Kanti. Mit etwas Losgl\u00fcck (keine der Topmannschaften als Gruppengegner) setzte sich die gut eingespielte KSWE-Truppe gegen die Vertreter aus den Kantonen Graub\u00fcnden, Luzern und Wallis mit vier gewonnen S\u00e4tzen (und zwei knapp verlorenen) als Gruppensieger durch.<\/p>\n<p>&nbsp;<\/p>\n<p>Im Viertelfinal traf man auf den zweiten Luzerner Vertreter aus Sursee. Im ersten Satz zeigten die KSWE&#8217;ler phasenweise ihr bestes Spiel, kamen sogar zu einem Satzball, der aber leider nicht verwertet wurde. Nach der bitteren 24:26-Niederlage im ersten Satz, riss der Faden im Spiel und der Zweite ging deutlich verloren. Somit musste man vorliebnehmen mit den Spielen um Platz 5 bis 8. Aber das Team zeigte Charakter, erspielte einen deutlichen Sieg gegen das Mixed-Team aus Bern und lieferte sich zum Schluss einen harten Kampf mit dem basellandschaftlichen Vertreter aus Muttenz. Den ersten Satz gewann man mit 25:22, verlor aber den zweiten 20:25 und damit auch wegen zwei weniger erzielten Punkten das Spiel. Auf den guten 6. Platz (bei 16 angetretenen Mittelschulauswahlen) darf das KSWE-Volleyballteam aber allemal stolz sein.<\/p>\n<p>&nbsp;<\/p>\n<p>Mit Yannik Leutert (Pass), Sami Imeraj (Libero) und den Angreifern Jonas Opderbecke, Daniel Osoko, Patrick Dangleterre, Luca Imholz und \u00c9mile Stoll (Johannes Lakner am Aargauermeistertitel noch beteiligt, fehlte leider verletzungsbedingt) verf\u00fcgt die die KSWE zur Zeit \u00fcber ein starkes Volleyballteam &#8211; das wohl beste aller Zeiten!<\/p>\n<p>&nbsp;<\/p>\n<p>Umso sch\u00f6ner, dass die Equipe fast komplett bestehen bleibt (abgesehen von \u00c9mile Stoll) und auch noch im n\u00e4chsten Jahr f\u00fcr die KSWE-Volleyballerfolge ins Auge fassen kann.<\/p>\n<p>&nbsp;<\/p>\n<p>F\u00fcr die Fachschaft Sport Lukas Binggeli<\/p>\n<\/div>\n<div class=\"articleinfos\">\n<p>&nbsp;<\/p>\n<\/div>\n<div class=\"articleend\"><\/div>\n<p>[\/vc_column_text][\/vc_column][\/vc_row][vc_row row_type=&#8220;row&#8220; use_row_as_full_screen_section=&#8220;no&#8220; type=&#8220;full_width&#8220; text_align=&#8220;left&#8220; background_animation=&#8220;none&#8220; css_animation=&#8220;&#8220;][vc_column][vc_empty_space][\/vc_column][\/vc_row][vc_row row_type=&#8220;row&#8220; use_row_as_full_screen_section=&#8220;no&#8220; type=&#8220;full_width&#8220; text_align=&#8220;left&#8220; background_animation=&#8220;none&#8220; css_animation=&#8220;&#8220;][vc_column][vc_separator type=&#8220;normal&#8220; border_style=&#8220;&#8220;][\/vc_column][\/vc_row][vc_row row_type=&#8220;row&#8220; use_row_as_full_screen_section=&#8220;no&#8220; type=&#8220;full_width&#8220; text_align=&#8220;left&#8220; background_animation=&#8220;none&#8220; css_animation=&#8220;&#8220;][vc_column][vc_column_text]<\/p>\n<ul>\n<li style=\"text-align: left\"><a href=\"https:\/\/fs.kswe.ch\/spo\/mittelschulmeisterschaften\/\"><span style=\"color: #800000\">zur\u00fcck<\/span><\/a><\/li>\n<\/ul>\n<p>[\/vc_column_text][\/vc_column][\/vc_row][vc_row row_type=&#8220;row&#8220; use_row_as_full_screen_section=&#8220;no&#8220; type=&#8220;full_width&#8220; text_align=&#8220;left&#8220; background_animation=&#8220;none&#8220; css_animation=&#8220;&#8220;][vc_column][vc_empty_space height=&#8220;12px&#8220;][vc_separator type=&#8220;normal&#8220; border_style=&#8220;&#8220;][vc_empty_space height=&#8220;24px&#8220;][\/vc_column][\/vc_row][vc_row row_type=&#8220;row&#8220; use_row_as_full_screen_section=&#8220;no&#8220; type=&#8220;full_width&#8220; text_align=&#8220;left&#8220; background_animation=&#8220;none&#8220; css_animation=&#8220;&#8220;][vc_column][vc_empty_space height=&#8220;12px&#8220;][\/vc_column][\/vc_row][vc_row row_type=&#8220;row&#8220; use_row_as_full_screen_section=&#8220;no&#8220; type=&#8220;full_width&#8220; text_align=&#8220;left&#8220; background_animation=&#8220;none&#8220; css_animation=&#8220;&#8220;][vc_column][vc_gallery type=&#8220;image_grid&#8220; images=&#8220;5681&#8243; img_size=&#8220;full&#8220; onclick=&#8220;&#8220; column_number=&#8220;0&#8243; grayscale=&#8220;no&#8220; space_between_images=&#8220;no&#8220;][\/vc_column][\/vc_row][vc_row row_type=&#8220;row&#8220; use_row_as_full_screen_section=&#8220;no&#8220; type=&#8220;full_width&#8220; text_align=&#8220;left&#8220; background_animation=&#8220;none&#8220; css_animation=&#8220;&#8220;][vc_column][vc_empty_space height=&#8220;60px&#8220;][\/vc_column][\/vc_row]<\/p>\n<\/div>","protected":false},"excerpt":{"rendered":"<p>[vc_row row_type=&#8220;row&#8220; use_row_as_full_screen_section=&#8220;no&#8220; type=&#8220;full_width&#8220; text_align=&#8220;left&#8220; background_animation=&#8220;none&#8220; css_animation=&#8220;&#8220;][vc_column width=&#8220;2\/3&#8243;][vc_empty_space height=&#8220;24px&#8220;][\/vc_column][vc_column width=&#8220;1\/3&#8243;][\/vc_column][\/vc_row][vc_row row_type=&#8220;row&#8220; use_row_as_full_screen_section=&#8220;no&#8220; type=&#8220;full_width&#8220; text_align=&#8220;left&#8220; background_animation=&#8220;none&#8220; css_animation=&#8220;&#8220;][vc_column][vc_column_text] Schweizer Mittelschulmeisterschaft Volleyball Herren 2017 &nbsp; Unser Herren-Volleyballteam schl\u00e4gt sich beachtlich an den Mittelschul-Schweizermeisterschaften. &nbsp; Nach dem souver\u00e4nen Auftritt und dem Titel an den Aargauermeisterschaften, reisten die sieben besten&#8230;<\/p>\n","protected":false},"author":10,"featured_media":0,"parent":0,"menu_order":0,"comment_status":"closed","ping_status":"closed","template":"","meta":{"footnotes":""},"class_list":["post-6805","page","type-page","status-publish","hentry"],"_links":{"self":[{"href":"https:\/\/fs.kswe.ch\/spo\/wp-json\/wp\/v2\/pages\/6805","targetHints":{"allow":["GET"]}}],"collection":[{"href":"https:\/\/fs.kswe.ch\/spo\/wp-json\/wp\/v2\/pages"}],"about":[{"href":"https:\/\/fs.kswe.ch\/spo\/wp-json\/wp\/v2\/types\/page"}],"author":[{"embeddable":true,"href":"https:\/\/fs.kswe.ch\/spo\/wp-json\/wp\/v2\/users\/10"}],"replies":[{"embeddable":true,"href":"https:\/\/fs.kswe.ch\/spo\/wp-json\/wp\/v2\/comments?post=6805"}],"version-history":[{"count":6,"href":"https:\/\/fs.kswe.ch\/spo\/wp-json\/wp\/v2\/pages\/6805\/revisions"}],"predecessor-version":[{"id":6811,"href":"https:\/\/fs.kswe.ch\/spo\/wp-json\/wp\/v2\/pages\/6805\/revisions\/6811"}],"wp:attachment":[{"href":"https:\/\/fs.kswe.ch\/spo\/wp-json\/wp\/v2\/media?parent=6805"}],"curies":[{"name":"wp","href":"https:\/\/api.w.org\/{rel}","templated":true}]}}