{"id":6771,"date":"2019-05-20T14:57:03","date_gmt":"2019-05-20T12:57:03","guid":{"rendered":"https:\/\/fs.kswe.ch\/spo\/?page_id=6771"},"modified":"2019-05-20T15:06:19","modified_gmt":"2019-05-20T13:06:19","slug":"msmfb19","status":"publish","type":"page","link":"https:\/\/fs.kswe.ch\/spo\/msmfb19\/","title":{"rendered":"MSMFB19"},"content":{"rendered":"<div class=\"wpb-content-wrapper\"><p>[vc_row row_type=&#8220;row&#8220; use_row_as_full_screen_section=&#8220;no&#8220; type=&#8220;full_width&#8220; text_align=&#8220;left&#8220; background_animation=&#8220;none&#8220; css_animation=&#8220;&#8220;][vc_column width=&#8220;2\/3&#8243;][vc_empty_space height=&#8220;24px&#8220;][vc_column_text]<em><strong>MSM Fussball &#8211; 7. Mai 2019<br \/>\n<\/strong><\/em>[\/vc_column_text][\/vc_column][vc_column width=&#8220;1\/3&#8243;][\/vc_column][\/vc_row][vc_row row_type=&#8220;row&#8220; use_row_as_full_screen_section=&#8220;no&#8220; type=&#8220;full_width&#8220; text_align=&#8220;left&#8220; background_animation=&#8220;none&#8220; css_animation=&#8220;&#8220;][vc_column][vc_empty_space][\/vc_column][\/vc_row][vc_row row_type=&#8220;row&#8220; use_row_as_full_screen_section=&#8220;no&#8220; type=&#8220;full_width&#8220; text_align=&#8220;left&#8220; background_animation=&#8220;none&#8220; css_animation=&#8220;&#8220;][vc_column][vc_column_text]<\/p>\n<div class=\"articletext\">\n<p><strong>Starker Auftritt an den kantonalen Mittelschulmeisterschaften<\/strong><\/p>\n<p>&nbsp;<\/p>\n<p>Am Dienstag 7.5., k\u00e4mpften 7 Frauen- und 12 M\u00e4nnerteams, bei perfektem Fussballwetter im Schachen in Aarau, um Ruhm und Ehre f\u00fcr ihre Schule an den kantonalen Berufs- und Mittelschulmeisterschaften.<\/p>\n<p>&nbsp;<\/p>\n<p>Das KSWE Frauenteam startete sehr motiviert und mit gutem Teamspirit ins Turnier. Sie zeigten K\u00e4mpferherz und konnten in fast jedem Spiel den Gegnerinnen fussballerisch Paroli bieten. Leider resultierte daraus in sechs Spielen lediglich ein Sieg gegen die Kanti Wohlen und der etwas ungl\u00fcckliche 7. Rang.<\/p>\n<p>&nbsp;<\/p>\n<p>Ihre Positivit\u00e4t konnten sie daf\u00fcr auch noch am Spielfeldrand der KSWE Herren erfolgreich zum Besten geben. Nicht zuletzt dank ihrer Unterst\u00fctzung spielten die starken KSWE Fussballer das beste Turnier seit vielen Jahren. Im letzten Vorrundenspiel schlug man den nachmaligen Turniersieger verdient mit 2:1. Als Gruppenzweiter qualifizierte man sich f\u00fcr den Viertelfinal, wo man die Herren der NKSA mit 3:1 unter die Dusche schickte. Zum erhofften und immer wieder spannenden Revierderby gegen die KSBA kam es im Halbfinal. In diesem Spiel zeigte das KSWE Team bis 5 Minuten vor Schluss das bislang beste Spiel. Man dominierte die gute Truppe aus Baden und kam verdient zu einer 2:0 F\u00fchrung. Doch nach 6 kr\u00e4fteraubenden Spielen, mit m\u00fcden Beinen und dem vermeintlich sicheren Finaleinzug vor Augen, verpassten es die KSWE Fussballer den Sack zuzumachen. Aus dem Nichts fiel der Anschlusstreffer und danach zeigte die noch junge Truppe zum ersten Mal Nerven, kassierte kurz vor Schluss auch noch den Ausgleichstreffer und verlor anschliessend das Penaltyschiessen mit 3:4. Das Spiel um Rang 3 und 4 gegen die Alte Kanti Aarau war dann mehr Pflicht als K\u00fcr. Einem torlosen Unentschieden (wobei der nicht objektive KSWE Betreuer auch in diesem Spiel Vorteile f\u00fcr die eigene Mannschaft sah), folgte ein finales Penaltyschiessen. Aber die Penalty-Fee stand an diesem Nachmittag den Wettinger bei dieser Lotterie nicht zur Seite. Der letzte, knapp am Tor vorbeigeschrammte, Penalty steht somit sinnbildlich f\u00fcr das ganze Turnier \u2013 Gut gespielt, aber mit dem vierten Platz knapp am grossen Erfolg vorbei. Trotzdem, herzliche Gratulation allen Beteiligten zur guten Leistung und danke f\u00fcr ihren grossen Einsatz im KSWE Dress!<\/p>\n<\/div>\n<div class=\"articleinfos\">\n<h2><\/h2>\n<p>Bilder und Text: Lukas Binggeli<span id=\"cloakcc459c076fc73a98232e9fc5274c649e\"><\/span><\/p>\n<\/div>\n<div class=\"articleend\"><\/div>\n<p>[\/vc_column_text][\/vc_column][\/vc_row][vc_row row_type=&#8220;row&#8220; use_row_as_full_screen_section=&#8220;no&#8220; type=&#8220;full_width&#8220; text_align=&#8220;left&#8220; background_animation=&#8220;none&#8220; css_animation=&#8220;&#8220;][vc_column][vc_empty_space][\/vc_column][\/vc_row][vc_row row_type=&#8220;row&#8220; use_row_as_full_screen_section=&#8220;no&#8220; type=&#8220;full_width&#8220; text_align=&#8220;left&#8220; background_animation=&#8220;none&#8220; css_animation=&#8220;&#8220;][vc_column][vc_separator type=&#8220;normal&#8220; border_style=&#8220;&#8220;][\/vc_column][\/vc_row][vc_row row_type=&#8220;row&#8220; use_row_as_full_screen_section=&#8220;no&#8220; type=&#8220;full_width&#8220; text_align=&#8220;left&#8220; background_animation=&#8220;none&#8220; css_animation=&#8220;&#8220;][vc_column][vc_column_text]<\/p>\n<ul>\n<li style=\"text-align: left\"><a href=\"https:\/\/fs.kswe.ch\/spo\/mittelschulmeisterschaften\/\"><span style=\"color: #800000\">zur\u00fcck<\/span><\/a><\/li>\n<\/ul>\n<p>[\/vc_column_text][\/vc_column][\/vc_row][vc_row row_type=&#8220;row&#8220; use_row_as_full_screen_section=&#8220;no&#8220; type=&#8220;full_width&#8220; text_align=&#8220;left&#8220; background_animation=&#8220;none&#8220; css_animation=&#8220;&#8220;][vc_column][vc_empty_space height=&#8220;12px&#8220;][vc_separator type=&#8220;normal&#8220; border_style=&#8220;&#8220;][vc_empty_space height=&#8220;24px&#8220;][\/vc_column][\/vc_row][vc_row row_type=&#8220;row&#8220; use_row_as_full_screen_section=&#8220;no&#8220; type=&#8220;full_width&#8220; text_align=&#8220;left&#8220; background_animation=&#8220;none&#8220; css_animation=&#8220;&#8220;][vc_column][vc_empty_space height=&#8220;12px&#8220;][\/vc_column][\/vc_row][vc_row row_type=&#8220;row&#8220; use_row_as_full_screen_section=&#8220;no&#8220; type=&#8220;full_width&#8220; text_align=&#8220;left&#8220; background_animation=&#8220;none&#8220; css_animation=&#8220;&#8220;][vc_column][vc_gallery type=&#8220;image_grid&#8220; images=&#8220;6776,6775&#8243; img_size=&#8220;full&#8220; onclick=&#8220;&#8220; column_number=&#8220;0&#8243; grayscale=&#8220;no&#8220; space_between_images=&#8220;no&#8220;][\/vc_column][\/vc_row][vc_row row_type=&#8220;row&#8220; use_row_as_full_screen_section=&#8220;no&#8220; type=&#8220;full_width&#8220; text_align=&#8220;left&#8220; background_animation=&#8220;none&#8220; css_animation=&#8220;&#8220;][vc_column][vc_empty_space height=&#8220;60px&#8220;][\/vc_column][\/vc_row]<\/p>\n<\/div>","protected":false},"excerpt":{"rendered":"<p>[vc_row row_type=&#8220;row&#8220; use_row_as_full_screen_section=&#8220;no&#8220; type=&#8220;full_width&#8220; text_align=&#8220;left&#8220; background_animation=&#8220;none&#8220; css_animation=&#8220;&#8220;][vc_column width=&#8220;2\/3&#8243;][vc_empty_space height=&#8220;24px&#8220;][vc_column_text]MSM Fussball &#8211; 7. Mai 2019 [\/vc_column_text][\/vc_column][vc_column width=&#8220;1\/3&#8243;][\/vc_column][\/vc_row][vc_row row_type=&#8220;row&#8220; use_row_as_full_screen_section=&#8220;no&#8220; type=&#8220;full_width&#8220; text_align=&#8220;left&#8220; background_animation=&#8220;none&#8220; css_animation=&#8220;&#8220;][vc_column][vc_empty_space][\/vc_column][\/vc_row][vc_row row_type=&#8220;row&#8220; use_row_as_full_screen_section=&#8220;no&#8220; type=&#8220;full_width&#8220; text_align=&#8220;left&#8220; background_animation=&#8220;none&#8220; css_animation=&#8220;&#8220;][vc_column][vc_column_text] Starker Auftritt an den kantonalen Mittelschulmeisterschaften &nbsp; Am Dienstag 7.5., k\u00e4mpften 7 Frauen- und 12 M\u00e4nnerteams, bei&#8230;<\/p>\n","protected":false},"author":10,"featured_media":0,"parent":0,"menu_order":0,"comment_status":"closed","ping_status":"closed","template":"","meta":{"footnotes":""},"class_list":["post-6771","page","type-page","status-publish","hentry"],"_links":{"self":[{"href":"https:\/\/fs.kswe.ch\/spo\/wp-json\/wp\/v2\/pages\/6771","targetHints":{"allow":["GET"]}}],"collection":[{"href":"https:\/\/fs.kswe.ch\/spo\/wp-json\/wp\/v2\/pages"}],"about":[{"href":"https:\/\/fs.kswe.ch\/spo\/wp-json\/wp\/v2\/types\/page"}],"author":[{"embeddable":true,"href":"https:\/\/fs.kswe.ch\/spo\/wp-json\/wp\/v2\/users\/10"}],"replies":[{"embeddable":true,"href":"https:\/\/fs.kswe.ch\/spo\/wp-json\/wp\/v2\/comments?post=6771"}],"version-history":[{"count":6,"href":"https:\/\/fs.kswe.ch\/spo\/wp-json\/wp\/v2\/pages\/6771\/revisions"}],"predecessor-version":[{"id":6780,"href":"https:\/\/fs.kswe.ch\/spo\/wp-json\/wp\/v2\/pages\/6771\/revisions\/6780"}],"wp:attachment":[{"href":"https:\/\/fs.kswe.ch\/spo\/wp-json\/wp\/v2\/media?parent=6771"}],"curies":[{"name":"wp","href":"https:\/\/api.w.org\/{rel}","templated":true}]}}