{"id":5826,"date":"2019-05-18T19:56:51","date_gmt":"2019-05-18T17:56:51","guid":{"rendered":"https:\/\/fs.kswe.ch\/spo\/?page_id=5826"},"modified":"2019-05-23T21:26:18","modified_gmt":"2019-05-23T19:26:18","slug":"letsmove11","status":"publish","type":"page","link":"https:\/\/fs.kswe.ch\/spo\/letsmove11\/","title":{"rendered":"Let&#8217;s move 11"},"content":{"rendered":"<div class=\"wpb-content-wrapper\"><p>[vc_row row_type=&#8220;row&#8220; use_row_as_full_screen_section=&#8220;no&#8220; type=&#8220;full_width&#8220; text_align=&#8220;left&#8220; background_animation=&#8220;none&#8220; css_animation=&#8220;&#8220;][vc_column][vc_empty_space height=&#8220;24px&#8220;][vc_column_text]<em><strong>Let&#8217;s move 2011<\/strong><\/em>[\/vc_column_text][\/vc_column][\/vc_row][vc_row row_type=&#8220;row&#8220; use_row_as_full_screen_section=&#8220;no&#8220; type=&#8220;full_width&#8220; text_align=&#8220;left&#8220; background_animation=&#8220;none&#8220; css_animation=&#8220;&#8220;][vc_column][vc_empty_space][\/vc_column][\/vc_row][vc_row row_type=&#8220;row&#8220; use_row_as_full_screen_section=&#8220;no&#8220; type=&#8220;full_width&#8220; text_align=&#8220;left&#8220; background_animation=&#8220;none&#8220; css_animation=&#8220;&#8220;][vc_column][vc_column_text]Was f\u00fcr eine Party! Das Let`s move 2011 hat bleibende Eindr\u00fccke hinterlassen! Die schweisstreibenden Trainings, die hirnbelastenden Choreografien und die harte Arbeit haben sich wieder einmal mehr als gelohnt. Die Jubil\u00e4umshow hat ein Spektakel geboten, welches Jung und Alt von den St\u00fchlen gerissen hat. \u00dcber 200 Sch\u00fclerinnen und Sch\u00fcler haben sich am diesj\u00e4hrigen Let`s move mit sehr viel Engagement, Motivation und Einsatz beteiligt und einen Anlass auf die Beine gestellt, der schon fast fernsehreif und an allen Vorstellungsabenden ausverkauft war.<\/p>\n<p>&nbsp;<\/p>\n<p>Bei den 15 Darbietungen folgte H\u00f6hepunkt auf H\u00f6hepunkt und der Unterhaltungswert, die Qualit\u00e4t und die Spannung war bei jeder einzelnen Darbietung sehr hoch. Als Zuschauer konnte man den Blick keine Sekunde von der B\u00fchne lassen aus Angst, irgendein Detail zu verpassen. Die T\u00e4nze waren kraftvoll, die Choreografien hochstehend, die Musik mitreissend, die Kost\u00fcme kreativ und die Freude in den Gesichtern der T\u00e4nzerinnen und T\u00e4nzer war \u00fcberw\u00e4ltigend. Das Publikum kam nicht nur in den Genuss einer genialen Show sondern sp\u00fcrte auch, wie viel Herz und Engagement hinter diesem Anlass steckte.<\/p>\n<p>&nbsp;<\/p>\n<p>Die Show hat sich seit ihrem Bestehen stetig ver\u00e4ndert, und heute wird von einer grossen B\u00fchne \u00fcber Bodennebel und imposante Trib\u00fcne alles geboten. Die Firma &#8222;trigger.ch&#8220; unterst\u00fctzte mit viel Kreativit\u00e4t die Darbietungen mit Hintergrundbildern auf einer riesigen Leinwand und eine Abteilung verw\u00f6hnte in der Pause und nach den Vorstellungen die G\u00e4ste mit Getr\u00e4nken, Kuchen und Sandwiches. Die strahlenden Gesichter der Teilnehmenden zeigen, dass das &#8222;Let`s move&#8220; ein Anlass ist, auf den man, trotz intensiver und harter Arbeit, nicht verzichten kann. Kantonsschule Wettingen ohne Let&#8217;s move &#8211; das geht gar nicht!<\/p>\n<p>&nbsp;<\/p>\n<p>Zum Schluss m\u00f6chten wir uns bei allen bedanken, die in irgendeiner Form am &#8222;Let`s move&#8220; beteiligt waren: T\u00e4nzerinnen und T\u00e4nzer, Helferinnen und Helfer, Bar, Hausdienst, Sekretariat, Schulleitung, Mitarbeiter des Kurtheaters Baden, trigger.ch und Fotografen. Die Vorfreude auf das n\u00e4chste Mal ist gross!<\/p>\n<p>&nbsp;<\/p>\n<p>Anna Steiner[\/vc_column_text][\/vc_column][\/vc_row][vc_row row_type=&#8220;row&#8220; use_row_as_full_screen_section=&#8220;no&#8220; type=&#8220;full_width&#8220; text_align=&#8220;left&#8220; background_animation=&#8220;none&#8220; css_animation=&#8220;&#8220;][vc_column][vc_empty_space][vc_separator type=&#8220;normal&#8220; border_style=&#8220;&#8220;][\/vc_column][\/vc_row][vc_row row_type=&#8220;row&#8220; use_row_as_full_screen_section=&#8220;no&#8220; type=&#8220;full_width&#8220; text_align=&#8220;left&#8220; background_animation=&#8220;none&#8220; css_animation=&#8220;&#8220;][vc_column][vc_column_text]<\/p>\n<ul>\n<li style=\"text-align: left\"><a href=\"https:\/\/fs.kswe.ch\/spo\/letsmove\/\"><span style=\"color: #800000\">zur\u00fcck<\/span><\/a><\/li>\n<\/ul>\n<p>[\/vc_column_text][\/vc_column][\/vc_row][vc_row row_type=&#8220;row&#8220; use_row_as_full_screen_section=&#8220;no&#8220; type=&#8220;full_width&#8220; text_align=&#8220;left&#8220; background_animation=&#8220;none&#8220; css_animation=&#8220;&#8220;][vc_column][vc_empty_space height=&#8220;12px&#8220;][vc_separator type=&#8220;normal&#8220; border_style=&#8220;&#8220;][\/vc_column][\/vc_row][vc_row row_type=&#8220;row&#8220; use_row_as_full_screen_section=&#8220;no&#8220; type=&#8220;full_width&#8220; text_align=&#8220;left&#8220; background_animation=&#8220;none&#8220; css_animation=&#8220;&#8220;][vc_column][vc_empty_space height=&#8220;24px&#8220;][\/vc_column][\/vc_row][vc_row row_type=&#8220;row&#8220; use_row_as_full_screen_section=&#8220;no&#8220; type=&#8220;full_width&#8220; text_align=&#8220;left&#8220; background_animation=&#8220;none&#8220; css_animation=&#8220;&#8220;][vc_column][vc_column_text]Bildergalerie[\/vc_column_text][\/vc_column][\/vc_row][vc_row row_type=&#8220;row&#8220; use_row_as_full_screen_section=&#8220;no&#8220; type=&#8220;full_width&#8220; text_align=&#8220;left&#8220; background_animation=&#8220;none&#8220; css_animation=&#8220;&#8220;][vc_column][vc_empty_space height=&#8220;12px&#8220;][\/vc_column][\/vc_row][vc_row row_type=&#8220;row&#8220; use_row_as_full_screen_section=&#8220;no&#8220; type=&#8220;full_width&#8220; text_align=&#8220;left&#8220; background_animation=&#8220;none&#8220; css_animation=&#8220;&#8220;][vc_column][vc_gallery type=&#8220;image_grid&#8220; images=&#8220;6491,6490,6489,6488,6487,6484,6483,6482,6481,6480,6479,6478,6477,6476,6475,6474,6473,6472,6471,6470,6469,6468,6467,6466,6465,6464,6463,6462,6461,6460,6459,6458,6457,6456,6455,6454,6453,6452,6451,6450,6449,6448,6447,6445,6444,6443,6442,6441,6440,6439,6438,6437,6436,6435,6434,6433,6432,6431,6430,6429,6427,6426,6425,6424,6423,6422,6421,6420,6419,6418,6417,6416,6415,6414,6413,6412,6410,6409,6408,6407,6406,6405,6404,6403,6402,6401,6399,6398,6397,6396,6395,6394,6393,6392,6391,6390,6389,6388,6387,6386,6385,6384,6383,6382,6381,6380,6379,6377,6376,6375,6374,6373,6372,6371,6370,6369&#8243; img_size=&#8220;full&#8220; onclick=&#8220;&#8220; column_number=&#8220;0&#8243; grayscale=&#8220;no&#8220; space_between_images=&#8220;no&#8220; css=&#8220;.vc_custom_1558639590130{border-radius: 5px !important;}&#8220;][\/vc_column][\/vc_row]<\/p>\n<\/div>","protected":false},"excerpt":{"rendered":"<p>[vc_row row_type=&#8220;row&#8220; use_row_as_full_screen_section=&#8220;no&#8220; type=&#8220;full_width&#8220; text_align=&#8220;left&#8220; background_animation=&#8220;none&#8220; css_animation=&#8220;&#8220;][vc_column][vc_empty_space height=&#8220;24px&#8220;][vc_column_text]Let&#8217;s move 2011[\/vc_column_text][\/vc_column][\/vc_row][vc_row row_type=&#8220;row&#8220; use_row_as_full_screen_section=&#8220;no&#8220; type=&#8220;full_width&#8220; text_align=&#8220;left&#8220; background_animation=&#8220;none&#8220; css_animation=&#8220;&#8220;][vc_column][vc_empty_space][\/vc_column][\/vc_row][vc_row row_type=&#8220;row&#8220; use_row_as_full_screen_section=&#8220;no&#8220; type=&#8220;full_width&#8220; text_align=&#8220;left&#8220; background_animation=&#8220;none&#8220; css_animation=&#8220;&#8220;][vc_column][vc_column_text]Was f\u00fcr eine Party! Das Let`s move 2011 hat bleibende Eindr\u00fccke hinterlassen! Die schweisstreibenden Trainings, die hirnbelastenden Choreografien und die harte Arbeit haben sich&#8230;<\/p>\n","protected":false},"author":10,"featured_media":0,"parent":0,"menu_order":0,"comment_status":"closed","ping_status":"closed","template":"","meta":{"footnotes":""},"class_list":["post-5826","page","type-page","status-publish","hentry"],"_links":{"self":[{"href":"https:\/\/fs.kswe.ch\/spo\/wp-json\/wp\/v2\/pages\/5826","targetHints":{"allow":["GET"]}}],"collection":[{"href":"https:\/\/fs.kswe.ch\/spo\/wp-json\/wp\/v2\/pages"}],"about":[{"href":"https:\/\/fs.kswe.ch\/spo\/wp-json\/wp\/v2\/types\/page"}],"author":[{"embeddable":true,"href":"https:\/\/fs.kswe.ch\/spo\/wp-json\/wp\/v2\/users\/10"}],"replies":[{"embeddable":true,"href":"https:\/\/fs.kswe.ch\/spo\/wp-json\/wp\/v2\/comments?post=5826"}],"version-history":[{"count":7,"href":"https:\/\/fs.kswe.ch\/spo\/wp-json\/wp\/v2\/pages\/5826\/revisions"}],"predecessor-version":[{"id":7186,"href":"https:\/\/fs.kswe.ch\/spo\/wp-json\/wp\/v2\/pages\/5826\/revisions\/7186"}],"wp:attachment":[{"href":"https:\/\/fs.kswe.ch\/spo\/wp-json\/wp\/v2\/media?parent=5826"}],"curies":[{"name":"wp","href":"https:\/\/api.w.org\/{rel}","templated":true}]}}