{"id":5824,"date":"2019-05-18T19:56:22","date_gmt":"2019-05-18T17:56:22","guid":{"rendered":"https:\/\/fs.kswe.ch\/spo\/?page_id=5824"},"modified":"2019-05-23T21:23:51","modified_gmt":"2019-05-23T19:23:51","slug":"letsmove13","status":"publish","type":"page","link":"https:\/\/fs.kswe.ch\/spo\/letsmove13\/","title":{"rendered":"Let&#8217;s move 13"},"content":{"rendered":"<div class=\"wpb-content-wrapper\"><p>[vc_row row_type=&#8220;row&#8220; use_row_as_full_screen_section=&#8220;no&#8220; type=&#8220;full_width&#8220; text_align=&#8220;left&#8220; background_animation=&#8220;none&#8220; css_animation=&#8220;&#8220;][vc_column][vc_empty_space height=&#8220;24px&#8220;][vc_column_text]<em><strong>&#8222;Let`s move 2013&#8220; &#8211; Showb\u00fchne statt Schule in der Kanti Wettingen<\/strong><\/em>[\/vc_column_text][\/vc_column][\/vc_row][vc_row row_type=&#8220;row&#8220; use_row_as_full_screen_section=&#8220;no&#8220; type=&#8220;full_width&#8220; text_align=&#8220;left&#8220; background_animation=&#8220;none&#8220; css_animation=&#8220;&#8220;][vc_column][vc_empty_space][\/vc_column][\/vc_row][vc_row row_type=&#8220;row&#8220; use_row_as_full_screen_section=&#8220;no&#8220; type=&#8220;full_width&#8220; text_align=&#8220;left&#8220; background_animation=&#8220;none&#8220; css_animation=&#8220;&#8220;][vc_column][vc_column_text]Von akrobatischem Breakdance mit harten Hip-Hop Beats, \u00fcber waghalsige Auftritte in berauschender H\u00f6he am Vertikaltuch bis hin zu stimmigem Rock `n` Roll, war f\u00fcr jeden Geschmack etwas dabei. Am Donnerstagabend fand die Pr\u00e4miere des traditionellen &#8222;Let`s Move&#8220; zum elften Mal statt.<\/p>\n<p>&nbsp;<\/p>\n<p><strong>T\u00e4nzerische Zeitreise<\/strong><\/p>\n<p>&nbsp;<\/p>\n<p>Seit \u00fcber 20 Jahren begeistern die Sch\u00fclerinnen und Sch\u00fcler der Kantonsschule Wettingen ihre Zuschauer mit vielseitigen Tanzdarbietungen. Und auch dieses Jahr erlebte man originelle und spektakul\u00e4re Choreografien. Unter dem Motto &#8222;Time&#8220; wurden die Zuschauer auf eine t\u00e4nzerische Reise durch den Wandel der Zeit mitgenommen. Unter anderem wurden Themen wie die Evolution des Menschen mit fantasievollen Kost\u00fcmen, Lichtspielen und Requisiten dargestellt.<\/p>\n<p>Vor ausverkauftem Publikum performten die rund 250 Sch\u00fclerinnen und Sch\u00fcler mit grosser Energie und viel Herzblut. Trotz Lampenfieber \u00fcberzeugten sie mit Charme und Witz die ganze Halle. Unterst\u00fctzt wurden die Darbietungen durch professionelle Licht- und Soundeffekte. Im Verlaufe der Show \u00fcbertug sich die leidenschaftliche Stimmung der T\u00e4nzerinnen und T\u00e4nzer auf das Publikum und liess in manchem den Wunsch aufkommen, selber mitzumachen.<\/p>\n<p>&#8222;Let`s move&#8220; fand das erste Mal 1992, damals noch im kleinen Rahmen statt. Seither hat sich der Event stetig weiter entwickelt. Dieses Jahr wurden \u00fcber 800 Zuschauer erwartet. Die Tanzveranstaltung wird alle zwei Jahre durchgef\u00fchrt, dazu betreibt die Kantonsschule Wettingen einen grossen Aufwand. Die Turnhalle wird w\u00e4hrend drei Tagen in eine Showb\u00fchne verwandelt.<\/p>\n<p>&nbsp;<\/p>\n<p><strong>Kick f\u00fcr Unterricht<\/strong><\/p>\n<p>&nbsp;<\/p>\n<p>&#8222;Let`s Move&#8220; zeigt, was im Bereich Sport alles zu erreichen ist. So wurden die meisten Choreografien im Rahmen des regul\u00e4ren Unterrichts erarbeitet und einge\u00fcbt. F\u00fcr Sabine Fl\u00fcck, Sportlehrerin und Teil des Organisationskomitees, zahlt sich der grosse Aufwand aus: &#8222;Es ist mittlerweile ein Traditionsanlass und immer wieder eindr\u00fccklich, was wir hier auf die Beine stellen. Zus\u00e4tzlich gibt es den Sch\u00fclerinnen und Sch\u00fclern Energie in den Schulalltag mit.&#8220;<\/p>\n<p>&nbsp;<\/p>\n<p>Text: Marc Friedli<br \/>\nPhotos: Simone Zuberb\u00fchler, Peter Ott, Alexander Slongo[\/vc_column_text][\/vc_column][\/vc_row][vc_row row_type=&#8220;row&#8220; use_row_as_full_screen_section=&#8220;no&#8220; type=&#8220;full_width&#8220; text_align=&#8220;left&#8220; background_animation=&#8220;none&#8220; css_animation=&#8220;&#8220;][vc_column][vc_empty_space][vc_separator type=&#8220;normal&#8220; border_style=&#8220;&#8220;][\/vc_column][\/vc_row][vc_row row_type=&#8220;row&#8220; use_row_as_full_screen_section=&#8220;no&#8220; type=&#8220;full_width&#8220; text_align=&#8220;left&#8220; background_animation=&#8220;none&#8220; css_animation=&#8220;&#8220;][vc_column width=&#8220;1\/3&#8243;][vc_column_text]<\/p>\n<ul>\n<li><a href=\"https:\/\/fs.kswe.ch\/spo\/wp-content\/uploads\/sites\/9\/2019\/05\/ProgrammBroschuere13.pdf\"><span style=\"color: #800000\">Brosch\u00fcre<\/span><\/a><\/li>\n<\/ul>\n<p>[\/vc_column_text][\/vc_column][vc_column width=&#8220;1\/3&#8243;][\/vc_column][vc_column width=&#8220;1\/3&#8243;][vc_column_text]<\/p>\n<ul>\n<li style=\"text-align: right\"><a href=\"https:\/\/fs.kswe.ch\/spo\/letsmove\/\"><span style=\"color: #800000\">zur\u00fcck<\/span><\/a><\/li>\n<\/ul>\n<p>[\/vc_column_text][\/vc_column][\/vc_row][vc_row row_type=&#8220;row&#8220; use_row_as_full_screen_section=&#8220;no&#8220; type=&#8220;full_width&#8220; text_align=&#8220;left&#8220; background_animation=&#8220;none&#8220; css_animation=&#8220;&#8220;][vc_column][vc_empty_space height=&#8220;12px&#8220;][vc_separator type=&#8220;normal&#8220; border_style=&#8220;&#8220;][\/vc_column][\/vc_row][vc_row row_type=&#8220;row&#8220; use_row_as_full_screen_section=&#8220;no&#8220; type=&#8220;full_width&#8220; text_align=&#8220;left&#8220; background_animation=&#8220;none&#8220; css_animation=&#8220;&#8220;][vc_column][vc_empty_space height=&#8220;24px&#8220;][\/vc_column][\/vc_row][vc_row row_type=&#8220;row&#8220; use_row_as_full_screen_section=&#8220;no&#8220; type=&#8220;full_width&#8220; text_align=&#8220;left&#8220; background_animation=&#8220;none&#8220; css_animation=&#8220;&#8220;][vc_column][vc_column_text]Bildergalerie[\/vc_column_text][\/vc_column][\/vc_row][vc_row row_type=&#8220;row&#8220; use_row_as_full_screen_section=&#8220;no&#8220; type=&#8220;full_width&#8220; text_align=&#8220;left&#8220; background_animation=&#8220;none&#8220; css_animation=&#8220;&#8220;][vc_column][vc_empty_space height=&#8220;12px&#8220;][\/vc_column][\/vc_row][vc_row row_type=&#8220;row&#8220; use_row_as_full_screen_section=&#8220;no&#8220; type=&#8220;full_width&#8220; text_align=&#8220;left&#8220; background_animation=&#8220;none&#8220; css_animation=&#8220;&#8220;][vc_column][vc_gallery type=&#8220;image_grid&#8220; images=&#8220;6604,6603,6602,6601,6600,6599,6597,6592,6591,6590,6589,6588,6587,6586,6585,6583,6582,6580,6579,6578,6577,6576,6575,6573,6572,6571,6570,6569,6568,6566,6565,6564,6563,6562,6561,6560,6559,6557,6556,6555,6554,6553,6552,6551,6549,6548,6547,6546,6545,6544,6543,6542,6541,6540,6539,6538,6537,6536,6535,6534,6533,6532,6531,6530,6529,6527,6524,6523,6522,6521,6520,6519,6518,6517,6516,6515,6514,6513,6512,6511,6510,6509,6508,6507,6506,6505,6504,6503,6502,6500,6499,6498,6497,6496,6495,6494,6493,6492&#8243; img_size=&#8220;full&#8220; onclick=&#8220;&#8220; column_number=&#8220;0&#8243; grayscale=&#8220;no&#8220; space_between_images=&#8220;no&#8220; css=&#8220;.vc_custom_1558639436940{border-radius: 5px !important;}&#8220;][\/vc_column][\/vc_row]<\/p>\n<\/div>","protected":false},"excerpt":{"rendered":"<p>[vc_row row_type=&#8220;row&#8220; use_row_as_full_screen_section=&#8220;no&#8220; type=&#8220;full_width&#8220; text_align=&#8220;left&#8220; background_animation=&#8220;none&#8220; css_animation=&#8220;&#8220;][vc_column][vc_empty_space height=&#8220;24px&#8220;][vc_column_text]&#8222;Let`s move 2013&#8220; &#8211; Showb\u00fchne statt Schule in der Kanti Wettingen[\/vc_column_text][\/vc_column][\/vc_row][vc_row row_type=&#8220;row&#8220; use_row_as_full_screen_section=&#8220;no&#8220; type=&#8220;full_width&#8220; text_align=&#8220;left&#8220; background_animation=&#8220;none&#8220; css_animation=&#8220;&#8220;][vc_column][vc_empty_space][\/vc_column][\/vc_row][vc_row row_type=&#8220;row&#8220; use_row_as_full_screen_section=&#8220;no&#8220; type=&#8220;full_width&#8220; text_align=&#8220;left&#8220; background_animation=&#8220;none&#8220; css_animation=&#8220;&#8220;][vc_column][vc_column_text]Von akrobatischem Breakdance mit harten Hip-Hop Beats, \u00fcber waghalsige Auftritte in berauschender H\u00f6he am Vertikaltuch bis&#8230;<\/p>\n","protected":false},"author":10,"featured_media":0,"parent":0,"menu_order":0,"comment_status":"closed","ping_status":"closed","template":"","meta":{"footnotes":""},"class_list":["post-5824","page","type-page","status-publish","hentry"],"_links":{"self":[{"href":"https:\/\/fs.kswe.ch\/spo\/wp-json\/wp\/v2\/pages\/5824","targetHints":{"allow":["GET"]}}],"collection":[{"href":"https:\/\/fs.kswe.ch\/spo\/wp-json\/wp\/v2\/pages"}],"about":[{"href":"https:\/\/fs.kswe.ch\/spo\/wp-json\/wp\/v2\/types\/page"}],"author":[{"embeddable":true,"href":"https:\/\/fs.kswe.ch\/spo\/wp-json\/wp\/v2\/users\/10"}],"replies":[{"embeddable":true,"href":"https:\/\/fs.kswe.ch\/spo\/wp-json\/wp\/v2\/comments?post=5824"}],"version-history":[{"count":10,"href":"https:\/\/fs.kswe.ch\/spo\/wp-json\/wp\/v2\/pages\/5824\/revisions"}],"predecessor-version":[{"id":7185,"href":"https:\/\/fs.kswe.ch\/spo\/wp-json\/wp\/v2\/pages\/5824\/revisions\/7185"}],"wp:attachment":[{"href":"https:\/\/fs.kswe.ch\/spo\/wp-json\/wp\/v2\/media?parent=5824"}],"curies":[{"name":"wp","href":"https:\/\/api.w.org\/{rel}","templated":true}]}}