{"id":5480,"date":"2019-02-24T22:40:54","date_gmt":"2019-02-24T21:40:54","guid":{"rendered":"https:\/\/fs.kswe.ch\/spo\/?page_id=5480"},"modified":"2020-01-03T00:23:33","modified_gmt":"2020-01-02T23:23:33","slug":"msmbb19","status":"publish","type":"page","link":"https:\/\/fs.kswe.ch\/spo\/msmbb19\/","title":{"rendered":"MSMBB19"},"content":{"rendered":"<div class=\"wpb-content-wrapper\"><p>[vc_row row_type=&#8220;row&#8220; use_row_as_full_screen_section=&#8220;no&#8220; type=&#8220;full_width&#8220; text_align=&#8220;left&#8220; background_animation=&#8220;none&#8220; css_animation=&#8220;&#8220;][vc_column width=&#8220;2\/3&#8243;][vc_empty_space height=&#8220;24px&#8220;][vc_column_text]<em><strong>MSM Basketball &#8211; 10. Januar 2019<br \/>\n<\/strong><\/em>[\/vc_column_text][\/vc_column][vc_column width=&#8220;1\/3&#8243;][\/vc_column][\/vc_row][vc_row row_type=&#8220;row&#8220; use_row_as_full_screen_section=&#8220;no&#8220; type=&#8220;full_width&#8220; text_align=&#8220;left&#8220; background_animation=&#8220;none&#8220; css_animation=&#8220;&#8220;][vc_column][vc_empty_space][\/vc_column][\/vc_row][vc_row row_type=&#8220;row&#8220; use_row_as_full_screen_section=&#8220;no&#8220; type=&#8220;full_width&#8220; text_align=&#8220;left&#8220; background_animation=&#8220;none&#8220; css_animation=&#8220;&#8220;][vc_column][vc_column_text]Am vergangenen Donnerstag fand die diesj\u00e4hrige Basketball-Sch\u00fclermeisterschaft in Aarau statt und endete mit einem eindeutigen Sieg f\u00fcr die Mannschaft der Kantonsschule Wettingen.<\/p>\n<p>&nbsp;<\/p>\n<p>Das Team wurde angef\u00fchrt durch Adi Probst und bestand aus zehn Spielern: Luka Soldat F1B, Florian V\u00f6lki F1C, Nic Stadler G1I, Erik Arteaga G2A, Alejandro Rodriguez Perez G2C, Ken Jitlamai G2G, Jeret Gillingham G2I, Toni Racunica G3F, No\u00e9 Burgener G3H, Laurent Zoccoletti F4B<\/p>\n<p>&nbsp;<\/p>\n<p>Unser Team musste sich zuerst gegen die Kantonsschule Baden beweisen. Alle Spieler waren angespannt, denn sie wussten, jetzt geht es um die Frage, welche Kanti \u00fcberlegen ist. Der Anfang war holprig und Baden bewies sich als starker Gegner. Nachdem unsere Spieler jedoch einen Makel in der Defensive erkannten, \u00e4nderten sie ihr Defensivspiel, woraufhin Baden nach der Halbzeit kaum noch Punkte erzielen konnte. Wettingen siegte am Ende mit 33:22 Punkten. Als zweites stand unser Team den Gewinnern der letzten Sch\u00fclermeisterschaft, gegen\u00fcber. Der Mannschaft der Kantonsschule Wohlen, welche sich gegen Baden im Vorspiel sehr stark zeigte. Aber schon nach kurzer Zeit wurde klar, dass Wettingen nicht zu schlagen ist. Im Halbfinale traf Wettingen auf die Alte Kanti Aarau. Kenneth aus der 2.Klasse zeigte ein spektakul\u00e4re show und Laurent Zoccoletti packte, als Sahneh\u00e4ubchen, noch einen reverse Dunk aus, welcher die Motivation der Gegner zerschmetterte. Wettingen siegt! Im Finale gab es eine Revanche gegen Baden. Beide Teams waren ersch\u00f6pft, gaben dennoch alles. Florian aus der 1. FMS gl\u00e4nzte besonders auf dem Spielfeld, dank seinen eleganten Bewegungen und seinem Einsatz an der drei Punkte-Linie. Wieder Mal gewinnt Wettingen haushoch (38:16) und holt den Pokal erstmals mit nach Wettingen.<\/p>\n<p>&nbsp;<\/p>\n<p>Wir freuen uns bereits auf die Schweizermeisterschaft, welche am 17. Mai in Genf stattfinden wird.<\/p>\n<p>&nbsp;<\/p>\n<p>Text: Toni Racunica, G3F<\/p>\n<p>Bild: Adrian Probst[\/vc_column_text][\/vc_column][\/vc_row][vc_row row_type=&#8220;row&#8220; use_row_as_full_screen_section=&#8220;no&#8220; type=&#8220;full_width&#8220; text_align=&#8220;left&#8220; background_animation=&#8220;none&#8220; css_animation=&#8220;&#8220;][vc_column][vc_empty_space][\/vc_column][\/vc_row][vc_row row_type=&#8220;row&#8220; use_row_as_full_screen_section=&#8220;no&#8220; type=&#8220;full_width&#8220; text_align=&#8220;left&#8220; background_animation=&#8220;none&#8220; css_animation=&#8220;&#8220;][vc_column][vc_separator type=&#8220;normal&#8220; border_style=&#8220;&#8220;][vc_empty_space height=&#8220;12px&#8220;][\/vc_column][\/vc_row][vc_row row_type=&#8220;row&#8220; use_row_as_full_screen_section=&#8220;no&#8220; type=&#8220;full_width&#8220; text_align=&#8220;left&#8220; background_animation=&#8220;none&#8220; css_animation=&#8220;&#8220;][vc_column width=&#8220;5\/6&#8243;][vc_column_text]<\/p>\n<ul>\n<li><a href=\"https:\/\/fs.kswe.ch\/spo\/wp-content\/uploads\/sites\/9\/2019\/02\/RanglisteMSMBasketball19.pdf\" target=\"_blank\" rel=\"noopener noreferrer\"><span style=\"color: #800000\">Rangliste<\/span><\/a><\/li>\n<\/ul>\n<p>[\/vc_column_text][\/vc_column][vc_column width=&#8220;1\/6&#8243;][vc_column_text]<\/p>\n<ul>\n<li style=\"text-align: right\"><a href=\"https:\/\/fs.kswe.ch\/spo\/mittelschulmeisterschaften\/\"><span style=\"color: #800000\">zur\u00fcck<\/span><\/a><\/li>\n<\/ul>\n<p>[\/vc_column_text][\/vc_column][\/vc_row][vc_row row_type=&#8220;row&#8220; use_row_as_full_screen_section=&#8220;no&#8220; type=&#8220;full_width&#8220; text_align=&#8220;left&#8220; background_animation=&#8220;none&#8220; css_animation=&#8220;&#8220;][vc_column][vc_empty_space height=&#8220;12px&#8220;][vc_separator type=&#8220;normal&#8220; border_style=&#8220;&#8220;][vc_empty_space][\/vc_column][\/vc_row][vc_row row_type=&#8220;row&#8220; use_row_as_full_screen_section=&#8220;no&#8220; type=&#8220;full_width&#8220; text_align=&#8220;left&#8220; background_animation=&#8220;none&#8220; css_animation=&#8220;&#8220;][vc_column][vc_column_text]Herrenteam[\/vc_column_text][\/vc_column][\/vc_row][vc_row row_type=&#8220;row&#8220; use_row_as_full_screen_section=&#8220;no&#8220; type=&#8220;full_width&#8220; text_align=&#8220;left&#8220; background_animation=&#8220;none&#8220; css_animation=&#8220;&#8220;][vc_column][\/vc_column][\/vc_row][vc_row row_type=&#8220;row&#8220; use_row_as_full_screen_section=&#8220;no&#8220; type=&#8220;full_width&#8220; text_align=&#8220;left&#8220; background_animation=&#8220;none&#8220; css_animation=&#8220;&#8220;][vc_column][vc_empty_space][vc_single_image image=&#8220;5487&#8243; img_size=&#8220;full&#8220; style=&#8220;vc_box_rounded&#8220; qode_css_animation=&#8220;&#8220;][\/vc_column][\/vc_row][vc_row row_type=&#8220;row&#8220; use_row_as_full_screen_section=&#8220;no&#8220; type=&#8220;full_width&#8220; text_align=&#8220;left&#8220; background_animation=&#8220;none&#8220; css_animation=&#8220;&#8220;][vc_column][vc_empty_space][vc_column_text]Damenteam[\/vc_column_text][\/vc_column][\/vc_row][vc_row row_type=&#8220;row&#8220; use_row_as_full_screen_section=&#8220;no&#8220; type=&#8220;full_width&#8220; text_align=&#8220;left&#8220; background_animation=&#8220;none&#8220; css_animation=&#8220;&#8220;][vc_column][vc_empty_space][vc_single_image image=&#8220;5486&#8243; img_size=&#8220;full&#8220; style=&#8220;vc_box_rounded&#8220; qode_css_animation=&#8220;&#8220;][\/vc_column][\/vc_row][vc_row row_type=&#8220;row&#8220; use_row_as_full_screen_section=&#8220;no&#8220; type=&#8220;full_width&#8220; text_align=&#8220;left&#8220; background_animation=&#8220;none&#8220; css_animation=&#8220;&#8220;][vc_column][vc_empty_space height=&#8220;60px&#8220;][\/vc_column][\/vc_row]<\/p>\n<\/div>","protected":false},"excerpt":{"rendered":"<p>[vc_row row_type=&#8220;row&#8220; use_row_as_full_screen_section=&#8220;no&#8220; type=&#8220;full_width&#8220; text_align=&#8220;left&#8220; background_animation=&#8220;none&#8220; css_animation=&#8220;&#8220;][vc_column width=&#8220;2\/3&#8243;][vc_empty_space height=&#8220;24px&#8220;][vc_column_text]MSM Basketball &#8211; 10. Januar 2019 [\/vc_column_text][\/vc_column][vc_column width=&#8220;1\/3&#8243;][\/vc_column][\/vc_row][vc_row row_type=&#8220;row&#8220; use_row_as_full_screen_section=&#8220;no&#8220; type=&#8220;full_width&#8220; text_align=&#8220;left&#8220; background_animation=&#8220;none&#8220; css_animation=&#8220;&#8220;][vc_column][vc_empty_space][\/vc_column][\/vc_row][vc_row row_type=&#8220;row&#8220; use_row_as_full_screen_section=&#8220;no&#8220; type=&#8220;full_width&#8220; text_align=&#8220;left&#8220; background_animation=&#8220;none&#8220; css_animation=&#8220;&#8220;][vc_column][vc_column_text]Am vergangenen Donnerstag fand die diesj\u00e4hrige Basketball-Sch\u00fclermeisterschaft in Aarau statt und endete mit einem eindeutigen Sieg f\u00fcr die&#8230;<\/p>\n","protected":false},"author":10,"featured_media":0,"parent":0,"menu_order":0,"comment_status":"closed","ping_status":"closed","template":"","meta":{"footnotes":""},"class_list":["post-5480","page","type-page","status-publish","hentry"],"_links":{"self":[{"href":"https:\/\/fs.kswe.ch\/spo\/wp-json\/wp\/v2\/pages\/5480","targetHints":{"allow":["GET"]}}],"collection":[{"href":"https:\/\/fs.kswe.ch\/spo\/wp-json\/wp\/v2\/pages"}],"about":[{"href":"https:\/\/fs.kswe.ch\/spo\/wp-json\/wp\/v2\/types\/page"}],"author":[{"embeddable":true,"href":"https:\/\/fs.kswe.ch\/spo\/wp-json\/wp\/v2\/users\/10"}],"replies":[{"embeddable":true,"href":"https:\/\/fs.kswe.ch\/spo\/wp-json\/wp\/v2\/comments?post=5480"}],"version-history":[{"count":10,"href":"https:\/\/fs.kswe.ch\/spo\/wp-json\/wp\/v2\/pages\/5480\/revisions"}],"predecessor-version":[{"id":10155,"href":"https:\/\/fs.kswe.ch\/spo\/wp-json\/wp\/v2\/pages\/5480\/revisions\/10155"}],"wp:attachment":[{"href":"https:\/\/fs.kswe.ch\/spo\/wp-json\/wp\/v2\/media?parent=5480"}],"curies":[{"name":"wp","href":"https:\/\/api.w.org\/{rel}","templated":true}]}}