{"id":5468,"date":"2019-02-24T22:20:51","date_gmt":"2019-02-24T21:20:51","guid":{"rendered":"https:\/\/fs.kswe.ch\/spo\/?page_id=5468"},"modified":"2020-01-03T00:21:32","modified_gmt":"2020-01-02T23:21:32","slug":"msmuh19","status":"publish","type":"page","link":"https:\/\/fs.kswe.ch\/spo\/msmuh19\/","title":{"rendered":"MSMUH19"},"content":{"rendered":"<div class=\"wpb-content-wrapper\"><p>[vc_row row_type=&#8220;row&#8220; use_row_as_full_screen_section=&#8220;no&#8220; type=&#8220;full_width&#8220; text_align=&#8220;left&#8220; background_animation=&#8220;none&#8220; css_animation=&#8220;&#8220;][vc_column width=&#8220;2\/3&#8243;][vc_empty_space height=&#8220;24px&#8220;][vc_column_text]<em><strong>MSM Unihockey 2019<br \/>\n<\/strong><\/em>[\/vc_column_text][\/vc_column][vc_column width=&#8220;1\/3&#8243;][\/vc_column][\/vc_row][vc_row row_type=&#8220;row&#8220; use_row_as_full_screen_section=&#8220;no&#8220; type=&#8220;full_width&#8220; text_align=&#8220;left&#8220; background_animation=&#8220;none&#8220; css_animation=&#8220;&#8220;][vc_column][vc_empty_space][\/vc_column][\/vc_row][vc_row row_type=&#8220;row&#8220; use_row_as_full_screen_section=&#8220;no&#8220; type=&#8220;full_width&#8220; text_align=&#8220;left&#8220; background_animation=&#8220;none&#8220; css_animation=&#8220;&#8220;][vc_column][vc_column_text]<em><strong>Pass &#8211; Pass &#8211; Schuss &#8211; Tor!<\/strong><\/em><\/p>\n<p>Das schnelle Spiel Unihockey konnte wieder einmal an der Kantonsschule Wettingen bewundert werden. Am Freitag, 18. Januar 2019 fanden hier zum 12. Mal die Aargauischen Mittelschulmeisterschaften im Unihockey statt. 5 Frauen- und 6 Herrenteams aus allen Aargauischen Mittelschulen nahmen daran teil und spielten mit grossem Einsatz um den Sieg. Neben der alten Halle 5 bew\u00e4hrte sich nun die neue Dreifachhalle sehr gut, sowohl f\u00fcr die Spielerinnen und Spieler wie auch f\u00fcr die Zuschauer. Es war genug Platz vorhanden f\u00fcr die Matches, sowie auch zum Einspielen. Und von der Galerie herab konnte das Geschehen perfekt mitverfolgt und beklatscht werden. Alle Spielerinnen und Spieler zeigten elegante Spielz\u00fcge, grossen Einsatz und viele Torsch\u00fcsse. Unihockey auf sehr hohem Niveau!<\/p>\n<p>&nbsp;<\/p>\n<p>Bei den 5 Frauenteams siegte die <strong>Kantonschule Wohlen<\/strong> mit ihren starken, technisch sehr guten Spielerinnen klar mit 12 Punkten und gewann alle Spiele. Die <strong>Neue Kantonsschule Aarau<\/strong> war ihr stark auf den Fersen, musste sich aber im direkten Vergleich klar geschlagen geben und landete so auf Platz 2. Das Damenteam aus Wettingen schaffte es dank grossem Einsatz auf Rang 4.\u00a0 Die Spielerinnen zeigten grossen Kampfgeist und wurden mit jedem Spiel besser im Laufe des Turniers. Schade, dass keine weiteren Spiele mehr folgten.<\/p>\n<p>&nbsp;<\/p>\n<p>Beim Herrenturnier erreichten die <strong>Kantonsschule Zofingen<\/strong> und die <strong>Kantonsschule Baden<\/strong> den Final. Das sehr spannende Spiel entschied am Schluss die Kanti Zofingen f\u00fcr sich und gewann so das Turnier. Die Wettinger Spieler kamen in den kleinen Final gegen die Alte Kantonsschule Aarau, gaben dort ihr Bestes, k\u00e4mpften um die B\u00e4lle und unterlagen am Schluss trotzdem. So erreichten auch sie Rang 4.<\/p>\n<p>&nbsp;<\/p>\n<p>Die Pl\u00e4tze 1 und 2 jeder Kategorie berechtigen nun zur Teilnahme an den Schweizerischen Mittelschulmeisterschaften in Burgdorf.\u00a0 Wir dr\u00fccken den Teams aus dem Aargau fest die Daumen! Allen Spielerinnen und Spielern, sowie auch den sehr kompetenten Schiedsrichtern danken wir f\u00fcr ihren tollen Einsatz und freuen uns auf das n\u00e4chste Jahr.<\/p>\n<p>&nbsp;<\/p>\n<p>F\u00fcr die Fachschaft Sport<br \/>\nMario Jacky und Barbara Humbel[\/vc_column_text][\/vc_column][\/vc_row][vc_row row_type=&#8220;row&#8220; use_row_as_full_screen_section=&#8220;no&#8220; type=&#8220;full_width&#8220; text_align=&#8220;left&#8220; background_animation=&#8220;none&#8220; css_animation=&#8220;&#8220;][vc_column][vc_empty_space][\/vc_column][\/vc_row][vc_row row_type=&#8220;row&#8220; use_row_as_full_screen_section=&#8220;no&#8220; type=&#8220;full_width&#8220; text_align=&#8220;left&#8220; background_animation=&#8220;none&#8220; css_animation=&#8220;&#8220;][vc_column][vc_separator type=&#8220;normal&#8220; border_style=&#8220;&#8220;][vc_empty_space height=&#8220;12px&#8220;][\/vc_column][\/vc_row][vc_row row_type=&#8220;row&#8220; use_row_as_full_screen_section=&#8220;no&#8220; type=&#8220;full_width&#8220; text_align=&#8220;left&#8220; background_animation=&#8220;none&#8220; css_animation=&#8220;&#8220;][vc_column width=&#8220;5\/6&#8243;][vc_column_text]<\/p>\n<ul>\n<li><a href=\"https:\/\/fs.kswe.ch\/spo\/wp-content\/uploads\/sites\/9\/2019\/02\/RanglisteMSMUnihockey19.pdf\" target=\"_blank\" rel=\"noopener noreferrer\"><span style=\"color: #800000\">Rangliste<\/span><\/a><\/li>\n<\/ul>\n<p>[\/vc_column_text][\/vc_column][vc_column width=&#8220;1\/6&#8243;][vc_column_text]<\/p>\n<ul>\n<li style=\"text-align: right\"><a href=\"https:\/\/fs.kswe.ch\/spo\/mittelschulmeisterschaften\/\"><span style=\"color: #800000\">zur\u00fcck<\/span><\/a><\/li>\n<\/ul>\n<p>[\/vc_column_text][\/vc_column][\/vc_row][vc_row row_type=&#8220;row&#8220; use_row_as_full_screen_section=&#8220;no&#8220; type=&#8220;full_width&#8220; text_align=&#8220;left&#8220; background_animation=&#8220;none&#8220; css_animation=&#8220;&#8220;][vc_column][vc_empty_space height=&#8220;12px&#8220;][vc_separator type=&#8220;normal&#8220; border_style=&#8220;&#8220;][vc_empty_space][\/vc_column][\/vc_row][vc_row row_type=&#8220;row&#8220; use_row_as_full_screen_section=&#8220;no&#8220; type=&#8220;full_width&#8220; text_align=&#8220;left&#8220; background_animation=&#8220;none&#8220; css_animation=&#8220;&#8220;][vc_column][vc_column_text]Bildergalerie[\/vc_column_text][\/vc_column][\/vc_row][vc_row row_type=&#8220;row&#8220; use_row_as_full_screen_section=&#8220;no&#8220; type=&#8220;full_width&#8220; text_align=&#8220;left&#8220; background_animation=&#8220;none&#8220; css_animation=&#8220;&#8220;][vc_column][vc_empty_space][\/vc_column][\/vc_row][vc_row row_type=&#8220;row&#8220; use_row_as_full_screen_section=&#8220;no&#8220; type=&#8220;full_width&#8220; text_align=&#8220;left&#8220; background_animation=&#8220;none&#8220; css_animation=&#8220;&#8220;][vc_column][vc_gallery type=&#8220;image_grid&#8220; images=&#8220;5495,5496,5490,5491,5489,5488,5492,5493,5494&#8243; img_size=&#8220;full&#8220; onclick=&#8220;&#8220; column_number=&#8220;0&#8243; grayscale=&#8220;no&#8220; space_between_images=&#8220;no&#8220;][\/vc_column][\/vc_row][vc_row row_type=&#8220;row&#8220; use_row_as_full_screen_section=&#8220;no&#8220; type=&#8220;full_width&#8220; text_align=&#8220;left&#8220; background_animation=&#8220;none&#8220; css_animation=&#8220;&#8220;][vc_column][vc_empty_space height=&#8220;60px&#8220;][\/vc_column][\/vc_row]<\/p>\n<\/div>","protected":false},"excerpt":{"rendered":"<p>[vc_row row_type=&#8220;row&#8220; use_row_as_full_screen_section=&#8220;no&#8220; type=&#8220;full_width&#8220; text_align=&#8220;left&#8220; background_animation=&#8220;none&#8220; css_animation=&#8220;&#8220;][vc_column width=&#8220;2\/3&#8243;][vc_empty_space height=&#8220;24px&#8220;][vc_column_text]MSM Unihockey 2019 [\/vc_column_text][\/vc_column][vc_column width=&#8220;1\/3&#8243;][\/vc_column][\/vc_row][vc_row row_type=&#8220;row&#8220; use_row_as_full_screen_section=&#8220;no&#8220; type=&#8220;full_width&#8220; text_align=&#8220;left&#8220; background_animation=&#8220;none&#8220; css_animation=&#8220;&#8220;][vc_column][vc_empty_space][\/vc_column][\/vc_row][vc_row row_type=&#8220;row&#8220; use_row_as_full_screen_section=&#8220;no&#8220; type=&#8220;full_width&#8220; text_align=&#8220;left&#8220; background_animation=&#8220;none&#8220; css_animation=&#8220;&#8220;][vc_column][vc_column_text]Pass &#8211; Pass &#8211; Schuss &#8211; Tor! Das schnelle Spiel Unihockey konnte wieder einmal an der Kantonsschule Wettingen bewundert werden. Am&#8230;<\/p>\n","protected":false},"author":10,"featured_media":0,"parent":0,"menu_order":0,"comment_status":"closed","ping_status":"closed","template":"","meta":{"footnotes":""},"class_list":["post-5468","page","type-page","status-publish","hentry"],"_links":{"self":[{"href":"https:\/\/fs.kswe.ch\/spo\/wp-json\/wp\/v2\/pages\/5468","targetHints":{"allow":["GET"]}}],"collection":[{"href":"https:\/\/fs.kswe.ch\/spo\/wp-json\/wp\/v2\/pages"}],"about":[{"href":"https:\/\/fs.kswe.ch\/spo\/wp-json\/wp\/v2\/types\/page"}],"author":[{"embeddable":true,"href":"https:\/\/fs.kswe.ch\/spo\/wp-json\/wp\/v2\/users\/10"}],"replies":[{"embeddable":true,"href":"https:\/\/fs.kswe.ch\/spo\/wp-json\/wp\/v2\/comments?post=5468"}],"version-history":[{"count":12,"href":"https:\/\/fs.kswe.ch\/spo\/wp-json\/wp\/v2\/pages\/5468\/revisions"}],"predecessor-version":[{"id":10153,"href":"https:\/\/fs.kswe.ch\/spo\/wp-json\/wp\/v2\/pages\/5468\/revisions\/10153"}],"wp:attachment":[{"href":"https:\/\/fs.kswe.ch\/spo\/wp-json\/wp\/v2\/media?parent=5468"}],"curies":[{"name":"wp","href":"https:\/\/api.w.org\/{rel}","templated":true}]}}