{"id":4745,"date":"2019-02-17T01:11:58","date_gmt":"2019-02-17T00:11:58","guid":{"rendered":"https:\/\/fs.kswe.ch\/spo\/?page_id=4745"},"modified":"2019-02-17T01:26:49","modified_gmt":"2019-02-17T00:26:49","slug":"fiveoclockdance14","status":"publish","type":"page","link":"https:\/\/fs.kswe.ch\/spo\/fiveoclockdance14\/","title":{"rendered":"FiveOClockDance14"},"content":{"rendered":"<div class=\"wpb-content-wrapper\"><p>[vc_row row_type=&#8220;row&#8220; use_row_as_full_screen_section=&#8220;no&#8220; type=&#8220;full_width&#8220; text_align=&#8220;left&#8220; background_animation=&#8220;none&#8220; css_animation=&#8220;&#8220;][vc_column width=&#8220;2\/3&#8243;][vc_column_text]<em><strong>Five o&#8217;Clock Dance 2014<br \/>\n<\/strong><\/em>[\/vc_column_text][\/vc_column][vc_column width=&#8220;1\/3&#8243;][\/vc_column][\/vc_row][vc_row row_type=&#8220;row&#8220; use_row_as_full_screen_section=&#8220;no&#8220; type=&#8220;full_width&#8220; text_align=&#8220;left&#8220; background_animation=&#8220;none&#8220; css_animation=&#8220;&#8220;][vc_column][vc_empty_space][\/vc_column][\/vc_row][vc_row row_type=&#8220;row&#8220; use_row_as_full_screen_section=&#8220;no&#8220; type=&#8220;full_width&#8220; text_align=&#8220;left&#8220; background_animation=&#8220;none&#8220; css_animation=&#8220;&#8220;][vc_column][vc_column_text]Traditionell findet an der Kantonsschule Wettingen alle zwei Jahre die faszinierende Tanz- und Akrobatikshow &#8218;Let&#8217;s move&#8216; statt. Der Anlass &#8218;Five o&#8217;clock dance&#8216; m\u00f6chte die Tanztradition auch im Zwischenjahr im kleinen Rahmen weiterf\u00fchren und hat am 26. Februar 2014 erstmals stattgefunden. Die Idee, das enorme Tanzpotential unserer Schule und die in vielen Stunden erarbeiteten Choreographien auf die B\u00fchne vor grosses Publikum zu bringen, konnte mit diesem Event optimal umgesetzt werden.<\/p>\n<p>&nbsp;<\/p>\n<p>\u00dcber 80 Tanzende und Turnende haben das zahlreiche Publikum begeistert, beeindruckt und f\u00fcr beste Tanzlaune gesorgt. Beim ersten \u201aFive o\u2019clock dance\u2019 mit dabei waren die Sch\u00fclerinnen und Sch\u00fcler des Erg\u00e4nzungsfaches Sport mit der Performance &#8218;WM Brasilien 2014&#8216; (Manuela Jehle), das Freifach Vertikaltuch (Andrea Baumeler), die Maturaarbeit &#8218;Tanzprojekt mit Bezirkssch\u00fclerInnen&#8216; (Alexandra St\u00fcckelberger und Ye Si Chung), der Wahlsport Rock&#8217;n Roll (Barbara Humbel), das Freifach Tanzen (Simone Zuberb\u00fchler) und die &#8218;School Dance Award-Gruppe\u2019 der KSWE (i.V. Madeleine Kuster, betreut von Simone Zuberb\u00fchler).<\/p>\n<p>&nbsp;<\/p>\n<p>Die Fachschaft Sport gratuliert allen T\u00e4nzerinnen und T\u00e4nzern zu ihrem gelungenen Auftritt und dankt den zahlreichen Sch\u00fclerinnen und Sch\u00fclern, Lehrpersonen, Angeh\u00f6rigen und weiteren Tanzinteressierten f\u00fcr ihr Erscheinen. Wir freuen uns bereits auf die n\u00e4chste Ausgabe des \u201aFive o\u2019clock dance\u2019!<\/p>\n<p>&nbsp;<\/p>\n<p>Text: Andrea Baumeler<\/p>\n<p>Photos: Simone Zuberb\u00fchler[\/vc_column_text][\/vc_column][\/vc_row][vc_row row_type=&#8220;row&#8220; use_row_as_full_screen_section=&#8220;no&#8220; type=&#8220;full_width&#8220; text_align=&#8220;left&#8220; background_animation=&#8220;none&#8220; css_animation=&#8220;&#8220;][vc_column][vc_empty_space][\/vc_column][\/vc_row][vc_row row_type=&#8220;row&#8220; use_row_as_full_screen_section=&#8220;no&#8220; type=&#8220;full_width&#8220; text_align=&#8220;left&#8220; background_animation=&#8220;none&#8220; css_animation=&#8220;&#8220;][vc_column width=&#8220;5\/6&#8243;][vc_column_text]<\/p>\n<ul>\n<li style=\"text-align: left\"><a href=\"https:\/\/fs.kswe.ch\/spo\/five_oclock_dance\/\"><span style=\"color: #800000\">zur\u00fcck<\/span><\/a><\/li>\n<\/ul>\n<p>[\/vc_column_text][\/vc_column][vc_column width=&#8220;1\/6&#8243;][\/vc_column][\/vc_row][vc_row row_type=&#8220;row&#8220; use_row_as_full_screen_section=&#8220;no&#8220; type=&#8220;full_width&#8220; text_align=&#8220;left&#8220; background_animation=&#8220;none&#8220; css_animation=&#8220;&#8220;][vc_column][vc_empty_space height=&#8220;12px&#8220;][vc_separator type=&#8220;normal&#8220; border_style=&#8220;&#8220;][vc_empty_space][\/vc_column][\/vc_row][vc_row row_type=&#8220;row&#8220; use_row_as_full_screen_section=&#8220;no&#8220; type=&#8220;full_width&#8220; text_align=&#8220;left&#8220; background_animation=&#8220;none&#8220; css_animation=&#8220;&#8220;][vc_column][vc_column_text]Bildergalerie[\/vc_column_text][\/vc_column][\/vc_row][vc_row row_type=&#8220;row&#8220; use_row_as_full_screen_section=&#8220;no&#8220; type=&#8220;full_width&#8220; text_align=&#8220;left&#8220; background_animation=&#8220;none&#8220; css_animation=&#8220;&#8220;][vc_column][vc_empty_space][\/vc_column][\/vc_row][vc_row row_type=&#8220;row&#8220; use_row_as_full_screen_section=&#8220;no&#8220; type=&#8220;full_width&#8220; text_align=&#8220;left&#8220; background_animation=&#8220;none&#8220; css_animation=&#8220;&#8220;][vc_column][vc_gallery type=&#8220;image_grid&#8220; images=&#8220;4748,4749,4750,4751,4752,4753,4754,4755,4756,4757,4758,4759,4760,4761,4762,4763,4764,4765,4766,4767,4768,4769,4770,4771,4772,4773,4774,4775,4776,4777,4778,4779,4780,4781,4782,4783,4784,4785,4786&#8243; img_size=&#8220;full&#8220; onclick=&#8220;&#8220; column_number=&#8220;0&#8243; grayscale=&#8220;no&#8220; space_between_images=&#8220;no&#8220;][\/vc_column][\/vc_row][vc_row row_type=&#8220;row&#8220; use_row_as_full_screen_section=&#8220;no&#8220; type=&#8220;full_width&#8220; text_align=&#8220;left&#8220; background_animation=&#8220;none&#8220; css_animation=&#8220;&#8220;][vc_column][vc_column_text][\/vc_column_text][\/vc_column][\/vc_row]<\/p>\n<\/div>","protected":false},"excerpt":{"rendered":"<p>[vc_row row_type=&#8220;row&#8220; use_row_as_full_screen_section=&#8220;no&#8220; type=&#8220;full_width&#8220; text_align=&#8220;left&#8220; background_animation=&#8220;none&#8220; css_animation=&#8220;&#8220;][vc_column width=&#8220;2\/3&#8243;][vc_column_text]Five o&#8217;Clock Dance 2014 [\/vc_column_text][\/vc_column][vc_column width=&#8220;1\/3&#8243;][\/vc_column][\/vc_row][vc_row row_type=&#8220;row&#8220; use_row_as_full_screen_section=&#8220;no&#8220; type=&#8220;full_width&#8220; text_align=&#8220;left&#8220; background_animation=&#8220;none&#8220; css_animation=&#8220;&#8220;][vc_column][vc_empty_space][\/vc_column][\/vc_row][vc_row row_type=&#8220;row&#8220; use_row_as_full_screen_section=&#8220;no&#8220; type=&#8220;full_width&#8220; text_align=&#8220;left&#8220; background_animation=&#8220;none&#8220; css_animation=&#8220;&#8220;][vc_column][vc_column_text]Traditionell findet an der Kantonsschule Wettingen alle zwei Jahre die faszinierende Tanz- und Akrobatikshow &#8218;Let&#8217;s move&#8216; statt. Der Anlass &#8218;Five o&#8217;clock&#8230;<\/p>\n","protected":false},"author":10,"featured_media":0,"parent":0,"menu_order":0,"comment_status":"closed","ping_status":"closed","template":"","meta":{"footnotes":""},"class_list":["post-4745","page","type-page","status-publish","hentry"],"_links":{"self":[{"href":"https:\/\/fs.kswe.ch\/spo\/wp-json\/wp\/v2\/pages\/4745","targetHints":{"allow":["GET"]}}],"collection":[{"href":"https:\/\/fs.kswe.ch\/spo\/wp-json\/wp\/v2\/pages"}],"about":[{"href":"https:\/\/fs.kswe.ch\/spo\/wp-json\/wp\/v2\/types\/page"}],"author":[{"embeddable":true,"href":"https:\/\/fs.kswe.ch\/spo\/wp-json\/wp\/v2\/users\/10"}],"replies":[{"embeddable":true,"href":"https:\/\/fs.kswe.ch\/spo\/wp-json\/wp\/v2\/comments?post=4745"}],"version-history":[{"count":2,"href":"https:\/\/fs.kswe.ch\/spo\/wp-json\/wp\/v2\/pages\/4745\/revisions"}],"predecessor-version":[{"id":4931,"href":"https:\/\/fs.kswe.ch\/spo\/wp-json\/wp\/v2\/pages\/4745\/revisions\/4931"}],"wp:attachment":[{"href":"https:\/\/fs.kswe.ch\/spo\/wp-json\/wp\/v2\/media?parent=4745"}],"curies":[{"name":"wp","href":"https:\/\/api.w.org\/{rel}","templated":true}]}}