{"id":4737,"date":"2019-02-17T00:59:54","date_gmt":"2019-02-16T23:59:54","guid":{"rendered":"https:\/\/fs.kswe.ch\/spo\/?page_id=4737"},"modified":"2019-02-17T01:28:56","modified_gmt":"2019-02-17T00:28:56","slug":"fiveoclockdance16","status":"publish","type":"page","link":"https:\/\/fs.kswe.ch\/spo\/fiveoclockdance16\/","title":{"rendered":"FiveOClockDance16"},"content":{"rendered":"<div class=\"wpb-content-wrapper\"><p>[vc_row row_type=&#8220;row&#8220; use_row_as_full_screen_section=&#8220;no&#8220; type=&#8220;full_width&#8220; text_align=&#8220;left&#8220; background_animation=&#8220;none&#8220; css_animation=&#8220;&#8220;][vc_column width=&#8220;2\/3&#8243;][vc_column_text]<em><strong>Five o&#8217;Clock Dance 2016<br \/>\n<\/strong><\/em>[\/vc_column_text][\/vc_column][vc_column width=&#8220;1\/3&#8243;][\/vc_column][\/vc_row][vc_row row_type=&#8220;row&#8220; use_row_as_full_screen_section=&#8220;no&#8220; type=&#8220;full_width&#8220; text_align=&#8220;left&#8220; background_animation=&#8220;none&#8220; css_animation=&#8220;&#8220;][vc_column][vc_empty_space][\/vc_column][\/vc_row][vc_row row_type=&#8220;row&#8220; use_row_as_full_screen_section=&#8220;no&#8220; type=&#8220;full_width&#8220; text_align=&#8220;left&#8220; background_animation=&#8220;none&#8220; css_animation=&#8220;&#8220;][vc_column][vc_column_text]<\/p>\n<p align=\"left\">Mittwoch 30. M\u00e4rz 2016,<\/p>\n<ul>\n<li>16.45h. in der Halle B h\u00e4ngen rote T\u00fccher und Luftringe bereit, daneben tanzen Sch\u00fcler\/innen mit Golfschl\u00e4gern, Basketb\u00e4llen, selbst hergestellten Speeren. es liegt eine gewisse Anspannung, aber auch riesige vorfreude in der Luft&#8230; Sonst ist jedoch der Ort des Events noch ziemlich leer und niemand w\u00fcrde denken, dass nur 30 Minuten sp\u00e4ter die gesamten Zuschauerreihen sowie auch die Stehpl\u00e4tze auf der Galerie gef\u00fcllt sein w\u00fcrden&#8230;<\/li>\n<li>17.15h: Die Halle verwandelte sich innert K\u00fcrze in eine grosse Showb\u00fchne. Unsere Sch\u00fclerinnen und Sch\u00fcler bewiesen am \u201eFive o&#8217;clock dance&#8220; einmal mehr, wieviel Freude Tanz und Akrobatik bereiten und begeisterten damit das Publikum.<\/li>\n<\/ul>\n<p>&nbsp;<\/p>\n<p>Auch in den Jahren ohne Let&#8217;s move wird in den Sporthallen und im Mehrzweckraum der Kanti Wettingen in den Freifachkursen und im Grundlagen- sowie Erg\u00e4nzungsfach Sport fleissig an t\u00e4nzerischen Einlagen, akrobatischen Figuren und anderen Choreographien ge\u00fcbt. Damit diese spektakul\u00e4ren Elemente und originellen Ideen auch vor einem gr\u00f6sseren, interessierten Publikum gezeigt werden k\u00f6nnen, hat die Fachschaft Sport vor zwei Jahren den \u201eFive o&#8217;clock dance&#8220; ins Leben gerufen. Obwohl dieser Event sozusagen die &#8222;kleine Schwester&#8220; des Let&#8217;s move ist, waren die Darbietungen, welche an diesem Abend gezeigt wurden, ebenso beeindruckend, professionell und \u00fcberzeugend.<\/p>\n<p>&nbsp;<\/p>\n<p>Auch die Neugier und das Interesse des Publikums schien erfreulicherweise genau so gross zu sein. Dies zeigte sich dann jeweils umso deutlicher, wenn sich die strahlenden T\u00e4nzer\/innen und Turner\/innen vor der versammelten Zuschauerschaft verbeugten und sie mit einem riesigen Applaus f\u00fcr ihren Auftritt belohnt wurden. Sp\u00e4testens in diesem Moment hatten sich die Nervosit\u00e4t vor dem Auftritt und die intensiven \u00dcbungsstunden mehr als ausbezahlt und die Anstrengung wich der Freude \u00fcber die gelungene Show.<\/p>\n<p>&nbsp;<\/p>\n<p>Mit dem \u201eFive o&#8217;clock dance&#8220; kann die Idee, das enorme Tanzpotential unserer Schule und die in vielen Stunden erarbeiteten Choreographien auf die B\u00fchne vor grosses Publikum zu bringen, optimal umgesetzt werden. Wiederum haben \u00fcber 80 Tanzende und Turnende die Zuschauer\/innen begeistert, beeindruckt und f\u00fcr beste Tanzlaune gesorgt. Beim zweiten \u201eFive o\u2019clock dance\u201c mit dabei waren die Sch\u00fclerinnen und Sch\u00fcler des Erg\u00e4nzungsfaches Sport mit der Performance &#8218;Olympic games- in motion&#8216; (Manuela Jehle &amp; SuS), das Freifach Vertikaltuch inkl. Luftring (Andrea Baumeler), die &#8218;School Dance Award- Gruppe LadieSquad&#8216; der KSWE (L\u00e9onie Kuhn, Madeleine Kuster, Ilenia Locatelli, Manuela Jehle), die Frauen der Abteilung G1D (Livia Fricker) mit einer Rope Skipping Show sowie zwei Solo-T\u00e4nzerinnen, L\u00e9onie Kuhn und Madeleine Kuster.<\/p>\n<p>&nbsp;<\/p>\n<p>Die Fachschaft Sport gratuliert allen T\u00e4nzerinnen und T\u00e4nzern zu ihrem gelungenen Auftritt und dankt den zahlreichen Sch\u00fclerinnen und Sch\u00fclern, Lehrpersonen, Angeh\u00f6rigen und weiteren Tanz Interessierten f\u00fcr ihr Erscheinen. Wir freuen uns bereits auf die n\u00e4chste Ausgabe des \u201eFive o\u2019clock dance\u201c!<\/p>\n<p>&nbsp;<\/p>\n<p>Ein kurzer Zusammenschnitt des Programms finden Sie hier:<\/p>\n<p align=\"left\"><a href=\"https:\/\/www.youtube.com\/watch?v=7NZWspg8uDc\">https:\/\/www.youtube.com\/watch?v=7NZWspg8uDc<\/a><\/p>\n<p>&nbsp;<\/p>\n<p>Text: Manuela Jehle, Andrea Baumeler<\/p>\n<p>Photos: Simone Zuberb\u00fchler[\/vc_column_text][\/vc_column][\/vc_row][vc_row row_type=&#8220;row&#8220; use_row_as_full_screen_section=&#8220;no&#8220; type=&#8220;full_width&#8220; text_align=&#8220;left&#8220; background_animation=&#8220;none&#8220; css_animation=&#8220;&#8220;][vc_column][vc_empty_space][\/vc_column][\/vc_row][vc_row row_type=&#8220;row&#8220; use_row_as_full_screen_section=&#8220;no&#8220; type=&#8220;full_width&#8220; text_align=&#8220;left&#8220; background_animation=&#8220;none&#8220; css_animation=&#8220;&#8220;][vc_column width=&#8220;5\/6&#8243;][vc_column_text]<\/p>\n<ul>\n<li style=\"text-align: left\"><a href=\"https:\/\/fs.kswe.ch\/spo\/five_oclock_dance\/\"><span style=\"color: #800000\">zur\u00fcck<\/span><\/a><\/li>\n<\/ul>\n<p>[\/vc_column_text][\/vc_column][vc_column width=&#8220;1\/6&#8243;][\/vc_column][\/vc_row][vc_row row_type=&#8220;row&#8220; use_row_as_full_screen_section=&#8220;no&#8220; type=&#8220;full_width&#8220; text_align=&#8220;left&#8220; background_animation=&#8220;none&#8220; css_animation=&#8220;&#8220;][vc_column][vc_empty_space height=&#8220;12px&#8220;][vc_separator type=&#8220;normal&#8220; border_style=&#8220;&#8220;][vc_empty_space][\/vc_column][\/vc_row][vc_row row_type=&#8220;row&#8220; use_row_as_full_screen_section=&#8220;no&#8220; type=&#8220;full_width&#8220; text_align=&#8220;left&#8220; background_animation=&#8220;none&#8220; css_animation=&#8220;&#8220;][vc_column][vc_column_text]Bildergalerie[\/vc_column_text][\/vc_column][\/vc_row][vc_row row_type=&#8220;row&#8220; use_row_as_full_screen_section=&#8220;no&#8220; type=&#8220;full_width&#8220; text_align=&#8220;left&#8220; background_animation=&#8220;none&#8220; css_animation=&#8220;&#8220;][vc_column][vc_empty_space][\/vc_column][\/vc_row][vc_row row_type=&#8220;row&#8220; use_row_as_full_screen_section=&#8220;no&#8220; type=&#8220;full_width&#8220; text_align=&#8220;left&#8220; background_animation=&#8220;none&#8220; css_animation=&#8220;&#8220;][vc_column][vc_gallery type=&#8220;image_grid&#8220; images=&#8220;4788,4789,4790,4791,4792,4793,4794,4795,4796,4797,4798,4799,4800,4801,4802,4803,4804,4805,4806,4807,4808,4809,4810,4811,4812,4813,4814,4815,4816,4817,4818,4819,4820,4821,4822,4823,4824,4825,4826,4827,4828,4829,4830,4831,4832,4833,4834,4835,4836,4837,4838,4839,4840,4841,4842,4843,4844,4845,4846,4847,4848,4849,4850,4851,4852,4853,4854,4855,4856,4857,4858,4859,4860&#8243; img_size=&#8220;full&#8220; onclick=&#8220;&#8220; column_number=&#8220;0&#8243; grayscale=&#8220;no&#8220; space_between_images=&#8220;no&#8220;][\/vc_column][\/vc_row][vc_row row_type=&#8220;row&#8220; use_row_as_full_screen_section=&#8220;no&#8220; type=&#8220;full_width&#8220; text_align=&#8220;left&#8220; background_animation=&#8220;none&#8220; css_animation=&#8220;&#8220;][vc_column][vc_column_text][\/vc_column_text][\/vc_column][\/vc_row]<\/p>\n<\/div>","protected":false},"excerpt":{"rendered":"<p>[vc_row row_type=&#8220;row&#8220; use_row_as_full_screen_section=&#8220;no&#8220; type=&#8220;full_width&#8220; text_align=&#8220;left&#8220; background_animation=&#8220;none&#8220; css_animation=&#8220;&#8220;][vc_column width=&#8220;2\/3&#8243;][vc_column_text]Five o&#8217;Clock Dance 2016 [\/vc_column_text][\/vc_column][vc_column width=&#8220;1\/3&#8243;][\/vc_column][\/vc_row][vc_row row_type=&#8220;row&#8220; use_row_as_full_screen_section=&#8220;no&#8220; type=&#8220;full_width&#8220; text_align=&#8220;left&#8220; background_animation=&#8220;none&#8220; css_animation=&#8220;&#8220;][vc_column][vc_empty_space][\/vc_column][\/vc_row][vc_row row_type=&#8220;row&#8220; use_row_as_full_screen_section=&#8220;no&#8220; type=&#8220;full_width&#8220; text_align=&#8220;left&#8220; background_animation=&#8220;none&#8220; css_animation=&#8220;&#8220;][vc_column][vc_column_text] Mittwoch 30. M\u00e4rz 2016, 16.45h. in der Halle B h\u00e4ngen rote T\u00fccher und Luftringe bereit, daneben tanzen Sch\u00fcler\/innen mit Golfschl\u00e4gern,&#8230;<\/p>\n","protected":false},"author":10,"featured_media":0,"parent":0,"menu_order":0,"comment_status":"closed","ping_status":"closed","template":"","meta":{"footnotes":""},"class_list":["post-4737","page","type-page","status-publish","hentry"],"_links":{"self":[{"href":"https:\/\/fs.kswe.ch\/spo\/wp-json\/wp\/v2\/pages\/4737","targetHints":{"allow":["GET"]}}],"collection":[{"href":"https:\/\/fs.kswe.ch\/spo\/wp-json\/wp\/v2\/pages"}],"about":[{"href":"https:\/\/fs.kswe.ch\/spo\/wp-json\/wp\/v2\/types\/page"}],"author":[{"embeddable":true,"href":"https:\/\/fs.kswe.ch\/spo\/wp-json\/wp\/v2\/users\/10"}],"replies":[{"embeddable":true,"href":"https:\/\/fs.kswe.ch\/spo\/wp-json\/wp\/v2\/comments?post=4737"}],"version-history":[{"count":7,"href":"https:\/\/fs.kswe.ch\/spo\/wp-json\/wp\/v2\/pages\/4737\/revisions"}],"predecessor-version":[{"id":4932,"href":"https:\/\/fs.kswe.ch\/spo\/wp-json\/wp\/v2\/pages\/4737\/revisions\/4932"}],"wp:attachment":[{"href":"https:\/\/fs.kswe.ch\/spo\/wp-json\/wp\/v2\/media?parent=4737"}],"curies":[{"name":"wp","href":"https:\/\/api.w.org\/{rel}","templated":true}]}}