{"id":4732,"date":"2019-02-17T00:54:04","date_gmt":"2019-02-16T23:54:04","guid":{"rendered":"https:\/\/fs.kswe.ch\/spo\/?page_id=4732"},"modified":"2019-02-17T01:31:24","modified_gmt":"2019-02-17T00:31:24","slug":"fiveoclockdance17","status":"publish","type":"page","link":"https:\/\/fs.kswe.ch\/spo\/fiveoclockdance17\/","title":{"rendered":"FiveOClockDance17"},"content":{"rendered":"<div class=\"wpb-content-wrapper\"><p>[vc_row row_type=&#8220;row&#8220; use_row_as_full_screen_section=&#8220;no&#8220; type=&#8220;full_width&#8220; text_align=&#8220;left&#8220; background_animation=&#8220;none&#8220; css_animation=&#8220;&#8220;][vc_column width=&#8220;2\/3&#8243;][vc_column_text]<em><strong>Five o&#8217;Clock Dance 2017<br \/>\n<\/strong><\/em>[\/vc_column_text][\/vc_column][vc_column width=&#8220;1\/3&#8243;][\/vc_column][\/vc_row][vc_row row_type=&#8220;row&#8220; use_row_as_full_screen_section=&#8220;no&#8220; type=&#8220;full_width&#8220; text_align=&#8220;left&#8220; background_animation=&#8220;none&#8220; css_animation=&#8220;&#8220;][vc_column][vc_empty_space][\/vc_column][\/vc_row][vc_row row_type=&#8220;row&#8220; use_row_as_full_screen_section=&#8220;no&#8220; type=&#8220;full_width&#8220; text_align=&#8220;left&#8220; background_animation=&#8220;none&#8220; css_animation=&#8220;&#8220;][vc_column][vc_column_text]<\/p>\n<p align=\"left\">Vergangenen Mittwoch, am 1. Februar 2017, verwandelte sich um 17 Uhr die Halle B erneut in eine grosse Showb\u00fchne mit vollen Zuschauerreihen und einer bis zum Rande gef\u00fcllten Galerie. Die Nervosit\u00e4t der T\u00e4nzer und T\u00e4nzerinnen stieg wohl gleichzeitig mit der zunehmenden Anzahl an eintreffenden G\u00e4sten&#8230;<\/p>\n<p align=\"left\">Unsere Sch\u00fclerinnen und Sch\u00fcler &#8211; letztere leider auf der B\u00fchne (noch?) stark in der Unterzahl- bewiesen am \u201eFive o&#8217;clock dance&#8220;, wieviel Freude Tanz und Akrobatik bereiten und begeisterten mit dem breit gef\u00e4cherten Programm das Publikum. Dieses wurde durch die animierenden Rhythmen richtig mitgerissen: Sie unterst\u00fctzten die Girls beim Rope Skipping genauso mit kr\u00e4ftigem Applaus wie diejenigen beim Streetdance, Salsa, Rock&#8217;n&#8217;roll oder Jumpstyle. Die Stimmung in der Halle war grossartig. Ruhig wurde es jeweils nur, wenn das Publikum den in 5m H\u00f6he elegant schwebenden Turnerinnen und dem einzigen Turner am Vertikaltuch zuschauten und dabei den Atem anhielten&#8230;<\/p>\n<p>&nbsp;<\/p>\n<p>In den Sporthallen und im Mehrzweckraum der Kanti Wettingen werden \u00fcber Monate in den Freifachkursen und im Grundlagen- sowie Erg\u00e4nzungsfach Sport fleissig an t\u00e4nzerischen Einlagen, akrobatischen Figuren und anderen Choreographien ge\u00fcbt. Damit diese Vielfalt an Tanz und Bewegung auch vor einem gr\u00f6sseren, interessierten Publikum gezeigt werden kann, hat die Fachschaft Sport vor drei Jahren den \u201eFive o&#8217;clock dance&#8220; ins Leben gerufen. Dass dieser Event sehr grossen Anklang findet, haben sowohl die vollen Zuschauerreihen als auch die \u00fcber 100 teilnehmenden Sch\u00fcler und Sch\u00fclerinnen gezeigt. Beim grossen, spontan gemeinsam getanzten Finale waren sie alle voller Freude \u00fcber den gelungenen Auftritt, w\u00e4hrend sie die hervorragende Stimmung in der Halle zusammen mit dem laut klatschenden Publikum genossen.<\/p>\n<p>&nbsp;<\/p>\n<p>Beim dritten \u201eFive o\u2019clock dance\u201c mit dabei waren die Sch\u00fclerinnen und Sch\u00fcler des Erg\u00e4nzungsfaches Sport mit der Performance &#8222;Movie Night&#8220; (Manuela Jehle), der Wahlsport Rock&#8217;n&#8217;Roll (Barbara Humbel), das Freifach Vertikaltuch inkl. Luftring (Andrea Baumeler), das Freifach Tanzen Mittlere (Livia Fricker) und Fortgeschrittene mit der School Dance Award- Gruppe &#8222;All around&#8220; (Manuela Jehle), die Frauen der Sportabteilungen G1CHI (Nadja Wernli), G2FG (Simone Zuberb\u00fchler) und \u00a0F3CD (Sabine Fl\u00fcck).<\/p>\n<p>&nbsp;<\/p>\n<p>Die Fachschaft Sport gratuliert allen T\u00e4nzerinnen und T\u00e4nzern zu ihrem gelungenen Auftritt und dankt den zahlreichen Sch\u00fclerinnen und Sch\u00fclern, Lehrpersonen, Angeh\u00f6rigen und weiteren Tanz Interessierten f\u00fcr ihr Erscheinen. Wir freuen uns bereits auf die n\u00e4chste Ausgabe des \u201eFive o\u2019clock dance\u201c!<\/p>\n<p>&nbsp;<\/p>\n<p>Text: Manuela Jehle<\/p>\n<p>Photos: Simone Zuberb\u00fchler[\/vc_column_text][\/vc_column][\/vc_row][vc_row row_type=&#8220;row&#8220; use_row_as_full_screen_section=&#8220;no&#8220; type=&#8220;full_width&#8220; text_align=&#8220;left&#8220; background_animation=&#8220;none&#8220; css_animation=&#8220;&#8220;][vc_column][vc_empty_space][\/vc_column][\/vc_row][vc_row row_type=&#8220;row&#8220; use_row_as_full_screen_section=&#8220;no&#8220; type=&#8220;full_width&#8220; text_align=&#8220;left&#8220; background_animation=&#8220;none&#8220; css_animation=&#8220;&#8220;][vc_column width=&#8220;5\/6&#8243;][vc_column_text]<\/p>\n<ul>\n<li style=\"text-align: left\"><a href=\"https:\/\/fs.kswe.ch\/spo\/five_oclock_dance\/\"><span style=\"color: #800000\">zur\u00fcck<\/span><\/a><\/li>\n<\/ul>\n<p>[\/vc_column_text][\/vc_column][vc_column width=&#8220;1\/6&#8243;][\/vc_column][\/vc_row][vc_row row_type=&#8220;row&#8220; use_row_as_full_screen_section=&#8220;no&#8220; type=&#8220;full_width&#8220; text_align=&#8220;left&#8220; background_animation=&#8220;none&#8220; css_animation=&#8220;&#8220;][vc_column][vc_empty_space height=&#8220;12px&#8220;][vc_separator type=&#8220;normal&#8220; border_style=&#8220;&#8220;][vc_empty_space][\/vc_column][\/vc_row][vc_row row_type=&#8220;row&#8220; use_row_as_full_screen_section=&#8220;no&#8220; type=&#8220;full_width&#8220; text_align=&#8220;left&#8220; background_animation=&#8220;none&#8220; css_animation=&#8220;&#8220;][vc_column][vc_column_text]Bildergalerie[\/vc_column_text][\/vc_column][\/vc_row][vc_row row_type=&#8220;row&#8220; use_row_as_full_screen_section=&#8220;no&#8220; type=&#8220;full_width&#8220; text_align=&#8220;left&#8220; background_animation=&#8220;none&#8220; css_animation=&#8220;&#8220;][vc_column][vc_empty_space][\/vc_column][\/vc_row][vc_row row_type=&#8220;row&#8220; use_row_as_full_screen_section=&#8220;no&#8220; type=&#8220;full_width&#8220; text_align=&#8220;left&#8220; background_animation=&#8220;none&#8220; css_animation=&#8220;&#8220;][vc_column][vc_gallery type=&#8220;image_grid&#8220; images=&#8220;4862,4863,4864,4865,4866,4867,4868,4869,4870,4871,4872,4873,4874,4875,4876,4877,4878,4879,4880,4881,4882,4883,4884,4885,4886,4887,4888,4889,4890,4891,4892,4893,4894,4895,4896,4897,4898,4899,4900,4901,4902,4903,4904,4905,4906,4907,4908,4909,4911,4912,4913,4914,4915,4916,4917,4918,4919,4920,4921,4922,4923,4924,4925,4926,4927,4928,4929&#8243; img_size=&#8220;full&#8220; onclick=&#8220;&#8220; column_number=&#8220;0&#8243; grayscale=&#8220;no&#8220; space_between_images=&#8220;no&#8220;][\/vc_column][\/vc_row]<\/p>\n<\/div>","protected":false},"excerpt":{"rendered":"<p>[vc_row row_type=&#8220;row&#8220; use_row_as_full_screen_section=&#8220;no&#8220; type=&#8220;full_width&#8220; text_align=&#8220;left&#8220; background_animation=&#8220;none&#8220; css_animation=&#8220;&#8220;][vc_column width=&#8220;2\/3&#8243;][vc_column_text]Five o&#8217;Clock Dance 2017 [\/vc_column_text][\/vc_column][vc_column width=&#8220;1\/3&#8243;][\/vc_column][\/vc_row][vc_row row_type=&#8220;row&#8220; use_row_as_full_screen_section=&#8220;no&#8220; type=&#8220;full_width&#8220; text_align=&#8220;left&#8220; background_animation=&#8220;none&#8220; css_animation=&#8220;&#8220;][vc_column][vc_empty_space][\/vc_column][\/vc_row][vc_row row_type=&#8220;row&#8220; use_row_as_full_screen_section=&#8220;no&#8220; type=&#8220;full_width&#8220; text_align=&#8220;left&#8220; background_animation=&#8220;none&#8220; css_animation=&#8220;&#8220;][vc_column][vc_column_text] Vergangenen Mittwoch, am 1. Februar 2017, verwandelte sich um 17 Uhr die Halle B erneut in eine grosse Showb\u00fchne mit&#8230;<\/p>\n","protected":false},"author":10,"featured_media":0,"parent":0,"menu_order":0,"comment_status":"closed","ping_status":"closed","template":"","meta":{"footnotes":""},"class_list":["post-4732","page","type-page","status-publish","hentry"],"_links":{"self":[{"href":"https:\/\/fs.kswe.ch\/spo\/wp-json\/wp\/v2\/pages\/4732","targetHints":{"allow":["GET"]}}],"collection":[{"href":"https:\/\/fs.kswe.ch\/spo\/wp-json\/wp\/v2\/pages"}],"about":[{"href":"https:\/\/fs.kswe.ch\/spo\/wp-json\/wp\/v2\/types\/page"}],"author":[{"embeddable":true,"href":"https:\/\/fs.kswe.ch\/spo\/wp-json\/wp\/v2\/users\/10"}],"replies":[{"embeddable":true,"href":"https:\/\/fs.kswe.ch\/spo\/wp-json\/wp\/v2\/comments?post=4732"}],"version-history":[{"count":5,"href":"https:\/\/fs.kswe.ch\/spo\/wp-json\/wp\/v2\/pages\/4732\/revisions"}],"predecessor-version":[{"id":4934,"href":"https:\/\/fs.kswe.ch\/spo\/wp-json\/wp\/v2\/pages\/4732\/revisions\/4934"}],"wp:attachment":[{"href":"https:\/\/fs.kswe.ch\/spo\/wp-json\/wp\/v2\/media?parent=4732"}],"curies":[{"name":"wp","href":"https:\/\/api.w.org\/{rel}","templated":true}]}}