{"id":4583,"date":"2019-02-16T23:41:16","date_gmt":"2019-02-16T22:41:16","guid":{"rendered":"https:\/\/fs.kswe.ch\/spo\/?page_id=4583"},"modified":"2024-08-25T20:24:09","modified_gmt":"2024-08-25T18:24:09","slug":"schooldanceaward12","status":"publish","type":"page","link":"https:\/\/fs.kswe.ch\/spo\/schooldanceaward12\/","title":{"rendered":"SchoolDanceAward12"},"content":{"rendered":"<div class=\"wpb-content-wrapper\"><p>[vc_row row_type=&#8220;row&#8220; use_row_as_full_screen_section=&#8220;no&#8220; type=&#8220;full_width&#8220; text_align=&#8220;left&#8220; background_animation=&#8220;none&#8220; css_animation=&#8220;&#8220;][vc_column width=&#8220;2\/3&#8243;][vc_column_text]<em><strong>School Dance Award 2012<br \/>\n<\/strong><\/em>[\/vc_column_text][\/vc_column][vc_column width=&#8220;1\/3&#8243;][\/vc_column][\/vc_row][vc_row row_type=&#8220;row&#8220; use_row_as_full_screen_section=&#8220;no&#8220; type=&#8220;full_width&#8220; text_align=&#8220;left&#8220; background_animation=&#8220;none&#8220; css_animation=&#8220;&#8220;][vc_column][vc_empty_space][\/vc_column][\/vc_row][vc_row row_type=&#8220;row&#8220; use_row_as_full_screen_section=&#8220;no&#8220; type=&#8220;full_width&#8220; text_align=&#8220;left&#8220; background_animation=&#8220;none&#8220; css_animation=&#8220;&#8220;][vc_column][vc_column_text css=&#8220;&#8220;]Der allj\u00e4hrliche School Dance Award verbindet in der ganzen Nordwestschweiz Sch\u00fcler mit einer gemeinsamen Leidenschaft: Tanzen. Mit schrillen Outfits, modischen Accessoires und eindr\u00fccklichen Tanzschritten versuchen jedes Jahr 200 Sch\u00fclerinnen und Sch\u00fcler in ca. 16 Gruppen, eine professionelle Jury von ihren Leistungen zu \u00fcberzeugen.<\/p>\n<p>&nbsp;<\/p>\n<p>Unter dem Namen \u201eStage Control\u201c hat sich dieses Jahr ein Gruppe von 9 Tanzbegeisterten Sch\u00fclerinnen und Sch\u00fclern der Kanti Wettingen zum Ziel gesetzt, den School Dance Award zu gewinnen. Die Schwierigkeit bestand zun\u00e4chst darin, sich auf ein Konzept zu einigen, denn wir vier Jungs kommen alle vom Bereich Breakdance und trainieren unter dem Namen Salvation Crew ebenfalls an der Kanti Wettingen, w\u00e4hrend die Ladies lieber Jazz und Hip Hop tanzen. Die L\u00f6sung sah dann so aus: die verschiedenen Stilrichtungen und F\u00e4higkeiten sollen unter einen Hut gebracht werden. So mussten die f\u00fcnf T\u00e4nzerinnen komplizierte Breakdance-Schritte lernen, w\u00e4hrend wir T\u00e4nzer unsere ersten Erfahrungen in Paartanz machten. Die Choreographien entwickelten einzelne unserer Mitglieder, welche Experten auf dem jeweiligen Gebiet waren. W\u00e4hrend die meisten Breakdance- Choreos von Thanh, dem Leiter der Salvation Crew stammen, waren die Parts der Frauen die geistige Frucht von Alexandras Einf\u00e4llen und der Robodance-Teil war meine Idee. Schlussendlich entstand ein grosser Mix an verschiedenen Styles, Formationen und Gags wie die Darstellung eines Levels aus dem ber\u00fchmten Klassier \u201eSuper Mario\u201c von Nintendo, aber auch \u201eAkrobatikeinlagen und roboter\u00e4hnlichen Elementen\u201c (Aargauer Zeitung, 28.01.12)<\/p>\n<p>&nbsp;<\/p>\n<p>Am 20.01.12 reisten wir dann endlich nach Aarau, wo uns bereits viele bekannte Gesichter und Namen wie Kanti Baden, Kanti Wohlen und Berufsschule Baden (letztj\u00e4hrige Gewinner) erwarteten. Wir hatten das Gl\u00fcck, dass wir in der Kategorie Sek II ziemlich bald auftreten durften und nicht durch die Auftritte der anderen Gruppen verunsichert wurden. Denn auch die anderen Crews hatten allerlei Beeindruckendes zu zeigen, so dass wir am Schluss sehr unsicher waren, ob wir \u00fcberhaupt einen Platz auf dem Podest bekommen w\u00fcrden. Schlussendlich mussten unsere Nerven gar die Verk\u00fcndigung von zwei 3. Pl\u00e4tzen ertragen, bevor die Alte Kanti Aarau unter dem Stichwort \u201eGenie\u201c zum zweiten gek\u00fcrt wurde und zum Schluss das Publikum die Moderatorin dazu anfeuerte, den Namen \u201eStage Control\u201c \u00fcber die Lippen zu bringen&#8230; Wir durften uns mit gutem Gewissen als eine relativ gute Gruppe einstufen, doch dass wir gewinnen w\u00fcrden, h\u00e4tte niemand von uns wirklich zu erwarten gewagt.<\/p>\n<p>&nbsp;<\/p>\n<p>Durch diesen Sieg an der kantonalen Ausscheidung, durch den wir unter anderem an der Aargauer Sportgala auftreten d\u00fcrfen, konnten wir eine Woche sp\u00e4ter am nordwestschweizer Finale gegen die Kantone BS, BL, SO und BE antreten. Dieses Mal bildeten wir jedoch das Schlusslicht der Tanzauff\u00fchrungen und mussten uns die gesamte Konkurrenz ansehen, was ziemlich nervenzehrend war, auch wenn dann die eigene Situation besser einzusch\u00e4tzen war. Letztendlich durften wir auch am nordwestschweizer Finale den Pokal, diesmal von Regierungsrat Alex H\u00fcrzeler pers\u00f6nlich \u00fcberreicht, in die Hand nehmen und so einen Doppelsieg f\u00fcr die Kanti Wettingen erreichen.<\/p>\n<p>&nbsp;<\/p>\n<p>Eine Aufnahme von unserem Auftritt am Finale ist unter folgendem Link zu sehen:<\/p>\n<p><a href=\"http:\/\/www.youtube.com\/watch?v=c2st9nrcJas\"><strong>http:\/\/www.youtube.com\/watch?v=c2st9nrcJas<\/strong><\/a><\/p>\n<p>&nbsp;<\/p>\n<p>An dieser Stelle m\u00f6chte ich mich bei der Fachschaft Sport, insbesondere unserer Betreuerin Simone Zuberb\u00fchler, der Administration und im Allgemeinen der Kantonsschule Wettingen bedanken, die uns unterst\u00fctzt und R\u00e4umlichkeiten zur Verf\u00fcgung gestellt hat.<\/p>\n<p>&nbsp;<\/p>\n<p>Ganz besonderer Dank geht jedoch an alle Mitglieder von Stage Control, f\u00fcr die Erm\u00f6glichung dieses Projekts, f\u00fcr die Erinnerungen und Erlebnisse, und die neu gefundene Familie.<\/p>\n<p>&nbsp;<\/p>\n<p>Daniela Trebo, G4C<br \/>\nLisa Alfare, G3C<br \/>\nAlexandra St\u00fcckelberger, G2A<br \/>\nMara Jenni, G1B<br \/>\nYe Si Chung, G3D<br \/>\nJoshua Weiss, G3G<br \/>\nDonat Hess, G2I<\/p>\n<p>&nbsp;<\/p>\n<p>und meine Wenigkeit,<\/p>\n<p>Joel Tapernoux, G4E[\/vc_column_text][\/vc_column][\/vc_row][vc_row row_type=&#8220;row&#8220; use_row_as_full_screen_section=&#8220;no&#8220; type=&#8220;full_width&#8220; text_align=&#8220;left&#8220; background_animation=&#8220;none&#8220; css_animation=&#8220;&#8220;][vc_column][vc_empty_space][\/vc_column][\/vc_row][vc_row row_type=&#8220;row&#8220; use_row_as_full_screen_section=&#8220;no&#8220; type=&#8220;full_width&#8220; text_align=&#8220;left&#8220; background_animation=&#8220;none&#8220; css_animation=&#8220;&#8220;][vc_column width=&#8220;5\/6&#8243;][vc_column_text]<\/p>\n<ul>\n<li style=\"text-align: left\"><a href=\"https:\/\/fs.kswe.ch\/spo\/schooldanceaward\/\"><span style=\"color: #800000\">zur\u00fcck<\/span><\/a><\/li>\n<\/ul>\n<p>[\/vc_column_text][\/vc_column][vc_column width=&#8220;1\/6&#8243;][\/vc_column][\/vc_row][vc_row row_type=&#8220;row&#8220; use_row_as_full_screen_section=&#8220;no&#8220; type=&#8220;full_width&#8220; text_align=&#8220;left&#8220; background_animation=&#8220;none&#8220; css_animation=&#8220;&#8220;][vc_column][vc_empty_space height=&#8220;12px&#8220;][vc_separator type=&#8220;normal&#8220; border_style=&#8220;&#8220;][vc_empty_space][\/vc_column][\/vc_row][vc_row row_type=&#8220;row&#8220; use_row_as_full_screen_section=&#8220;no&#8220; type=&#8220;full_width&#8220; text_align=&#8220;left&#8220; background_animation=&#8220;none&#8220; css_animation=&#8220;&#8220;][vc_column][vc_column_text]Bildergalerie[\/vc_column_text][\/vc_column][\/vc_row][vc_row row_type=&#8220;row&#8220; use_row_as_full_screen_section=&#8220;no&#8220; type=&#8220;full_width&#8220; text_align=&#8220;left&#8220; background_animation=&#8220;none&#8220; css_animation=&#8220;&#8220;][vc_column][vc_empty_space][\/vc_column][\/vc_row][vc_row row_type=&#8220;row&#8220; use_row_as_full_screen_section=&#8220;no&#8220; type=&#8220;full_width&#8220; text_align=&#8220;left&#8220; background_animation=&#8220;none&#8220; css_animation=&#8220;&#8220;][vc_column][vc_gallery type=&#8220;image_grid&#8220; images=&#8220;4680,4679,4678,4658,4657,4681,4677,4676,4675,4674,4673,4672,4671,4670,4669,4668,4667,4666,4665,4664,4663,4662,4661,4660,4659&#8243; img_size=&#8220;full&#8220; onclick=&#8220;&#8220; column_number=&#8220;0&#8243; grayscale=&#8220;no&#8220; space_between_images=&#8220;no&#8220;][\/vc_column][\/vc_row]<\/p>\n<\/div>","protected":false},"excerpt":{"rendered":"<p>[vc_row row_type=&#8220;row&#8220; use_row_as_full_screen_section=&#8220;no&#8220; type=&#8220;full_width&#8220; text_align=&#8220;left&#8220; background_animation=&#8220;none&#8220; css_animation=&#8220;&#8220;][vc_column width=&#8220;2\/3&#8243;][vc_column_text]School Dance Award 2012 [\/vc_column_text][\/vc_column][vc_column width=&#8220;1\/3&#8243;][\/vc_column][\/vc_row][vc_row row_type=&#8220;row&#8220; use_row_as_full_screen_section=&#8220;no&#8220; type=&#8220;full_width&#8220; text_align=&#8220;left&#8220; background_animation=&#8220;none&#8220; css_animation=&#8220;&#8220;][vc_column][vc_empty_space][\/vc_column][\/vc_row][vc_row row_type=&#8220;row&#8220; use_row_as_full_screen_section=&#8220;no&#8220; type=&#8220;full_width&#8220; text_align=&#8220;left&#8220; background_animation=&#8220;none&#8220; css_animation=&#8220;&#8220;][vc_column][vc_column_text css=&#8220;&#8220;]Der allj\u00e4hrliche School Dance Award verbindet in der ganzen Nordwestschweiz Sch\u00fcler mit einer gemeinsamen Leidenschaft: Tanzen. Mit schrillen Outfits, modischen&#8230;<\/p>\n","protected":false},"author":10,"featured_media":0,"parent":0,"menu_order":0,"comment_status":"closed","ping_status":"closed","template":"","meta":{"footnotes":""},"class_list":["post-4583","page","type-page","status-publish","hentry"],"_links":{"self":[{"href":"https:\/\/fs.kswe.ch\/spo\/wp-json\/wp\/v2\/pages\/4583","targetHints":{"allow":["GET"]}}],"collection":[{"href":"https:\/\/fs.kswe.ch\/spo\/wp-json\/wp\/v2\/pages"}],"about":[{"href":"https:\/\/fs.kswe.ch\/spo\/wp-json\/wp\/v2\/types\/page"}],"author":[{"embeddable":true,"href":"https:\/\/fs.kswe.ch\/spo\/wp-json\/wp\/v2\/users\/10"}],"replies":[{"embeddable":true,"href":"https:\/\/fs.kswe.ch\/spo\/wp-json\/wp\/v2\/comments?post=4583"}],"version-history":[{"count":11,"href":"https:\/\/fs.kswe.ch\/spo\/wp-json\/wp\/v2\/pages\/4583\/revisions"}],"predecessor-version":[{"id":13842,"href":"https:\/\/fs.kswe.ch\/spo\/wp-json\/wp\/v2\/pages\/4583\/revisions\/13842"}],"wp:attachment":[{"href":"https:\/\/fs.kswe.ch\/spo\/wp-json\/wp\/v2\/media?parent=4583"}],"curies":[{"name":"wp","href":"https:\/\/api.w.org\/{rel}","templated":true}]}}