{"id":4535,"date":"2019-02-16T22:43:19","date_gmt":"2019-02-16T21:43:19","guid":{"rendered":"https:\/\/fs.kswe.ch\/spo\/?page_id=4535"},"modified":"2019-02-17T17:51:50","modified_gmt":"2019-02-17T16:51:50","slug":"frauenlauf17","status":"publish","type":"page","link":"https:\/\/fs.kswe.ch\/spo\/frauenlauf17\/","title":{"rendered":"Frauenlauf17"},"content":{"rendered":"<div class=\"wpb-content-wrapper\"><p>[vc_row row_type=&#8220;row&#8220; use_row_as_full_screen_section=&#8220;no&#8220; type=&#8220;full_width&#8220; text_align=&#8220;left&#8220; background_animation=&#8220;none&#8220; css_animation=&#8220;&#8220;][vc_column width=&#8220;2\/3&#8243;][vc_column_text]<em><strong>Frauenlauf 2017<\/strong><\/em>[\/vc_column_text][\/vc_column][vc_column width=&#8220;1\/3&#8243;][\/vc_column][\/vc_row][vc_row row_type=&#8220;row&#8220; use_row_as_full_screen_section=&#8220;no&#8220; type=&#8220;full_width&#8220; text_align=&#8220;left&#8220; background_animation=&#8220;none&#8220; css_animation=&#8220;&#8220;][vc_column][vc_empty_space][\/vc_column][\/vc_row][vc_row row_type=&#8220;row&#8220; use_row_as_full_screen_section=&#8220;no&#8220; type=&#8220;full_width&#8220; text_align=&#8220;left&#8220; background_animation=&#8220;none&#8220; css_animation=&#8220;&#8220;][vc_column][vc_column_text]Etwas nerv\u00f6s, aber voller Vorfreude standen auch dieses Jahr (Sonntag 11.6.17) wiederum 60 Teilnehmerinnen der Kantonsschule Wettingen (freiwillig!) am Frauenlauf in Bern am Start. Fast ein Drittel dieser L\u00e4uferinnen nahm am Vormittag die 10km-Strecke in Angriff, w\u00e4hrend die Restlichen um die Mittagszeit auf der 5km-Strecke der Hitze trotzten. Es war wirklich heiss &#8211; nicht nur der sommerlichen Temperaturen wegen, sondern besonders \u201eheiss\u201c und sehr erfreulich war auch der 1. Platz in der neu eingef\u00fchrten Teamwertung auf der 5km Strecke! Somit durften die 5 schnellsten L\u00e4uferinnen der KSWE nicht nur wundersch\u00f6ne Erinnerungen an den gesamten Event, sondern auch eine Gold-Medaille mit nach Hause nehmen.<\/p>\n<p>&nbsp;<\/p>\n<p>Eine unvergessliche und besondere Erinnerung an den 31. Frauenlauf werden auch die drei KSWE-Sch\u00fclerinnen haben, die von einem Kamerateam des SRF von der Start- bis \u00fcber die Ziellinie auf der 10km-Rennstrecke begleitet wurden, um im SRF Sportpanorama am Abend einen\u00a0<span style=\"color: #800000\"><a style=\"color: #800000\" href=\"https:\/\/www.srf.ch\/play\/tv\/sportpanorama\/video\/fabienne-schlumpf-gewinnt-frauenlauf-in-bern?id=1df69785-6a2a-426a-9d13-0cfcff665701\" target=\"_blank\" rel=\"noopener\"><strong>Beitrag<\/strong><\/a><\/span>\u00a0\u00fcber diesen grossartigen Sportanlass mit \u00fcber 14&#8217;000 L\u00e4uferinnen zu senden. Als eine der gr\u00f6ssten teilnehmenden Gruppen ist die \u201eKanti Wettingen\u201c bestimmt nicht nur dem SRF positiv aufgefallen, sondern hat sich mit den einheitlichen Kanti-Shirts, den strahlenden Gesichter im Ziel und den tollen Leistungen einmal mehr von der besten Seite gezeigt. Daf\u00fcr m\u00f6chten wir uns bei allen Sch\u00fclerinnen herzlich bedanken und gleichzeitig nochmals allen zum erfolgreichen Lauf herzlich gratulieren. Bis im n\u00e4chsten Jahr&#8230;!<\/p>\n<p>&nbsp;<\/p>\n<p>Text: Sabine Fl\u00fcck und Manuela Jehle[\/vc_column_text][\/vc_column][\/vc_row][vc_row row_type=&#8220;row&#8220; use_row_as_full_screen_section=&#8220;no&#8220; type=&#8220;full_width&#8220; text_align=&#8220;left&#8220; background_animation=&#8220;none&#8220; css_animation=&#8220;&#8220;][vc_column][vc_empty_space][\/vc_column][\/vc_row][vc_row row_type=&#8220;row&#8220; use_row_as_full_screen_section=&#8220;no&#8220; type=&#8220;full_width&#8220; text_align=&#8220;left&#8220; background_animation=&#8220;none&#8220; css_animation=&#8220;&#8220;][vc_column width=&#8220;5\/6&#8243;][vc_column_text]<\/p>\n<ul>\n<li style=\"text-align: left\"><a href=\"https:\/\/fs.kswe.ch\/spo\/frauenlauf\/\"><span style=\"color: #800000\">zur\u00fcck<\/span><\/a><\/li>\n<\/ul>\n<p>[\/vc_column_text][\/vc_column][vc_column width=&#8220;1\/6&#8243;][\/vc_column][\/vc_row][vc_row row_type=&#8220;row&#8220; use_row_as_full_screen_section=&#8220;no&#8220; type=&#8220;full_width&#8220; text_align=&#8220;left&#8220; background_animation=&#8220;none&#8220; css_animation=&#8220;&#8220;][vc_column][vc_empty_space height=&#8220;12px&#8220;][vc_separator type=&#8220;normal&#8220; border_style=&#8220;&#8220;][vc_empty_space][\/vc_column][\/vc_row][vc_row row_type=&#8220;row&#8220; use_row_as_full_screen_section=&#8220;no&#8220; type=&#8220;full_width&#8220; text_align=&#8220;left&#8220; background_animation=&#8220;none&#8220; css_animation=&#8220;&#8220;][vc_column][vc_column_text]Bildergalerie[\/vc_column_text][\/vc_column][\/vc_row][vc_row row_type=&#8220;row&#8220; use_row_as_full_screen_section=&#8220;no&#8220; type=&#8220;full_width&#8220; text_align=&#8220;left&#8220; background_animation=&#8220;none&#8220; css_animation=&#8220;&#8220;][vc_column][vc_empty_space][\/vc_column][\/vc_row][vc_row row_type=&#8220;row&#8220; use_row_as_full_screen_section=&#8220;no&#8220; type=&#8220;full_width&#8220; text_align=&#8220;left&#8220; background_animation=&#8220;none&#8220; css_animation=&#8220;&#8220;][vc_column][vc_gallery type=&#8220;image_grid&#8220; images=&#8220;4545,4542,4543,4544&#8243; img_size=&#8220;full&#8220; onclick=&#8220;&#8220; column_number=&#8220;0&#8243; grayscale=&#8220;no&#8220; space_between_images=&#8220;no&#8220;][\/vc_column][\/vc_row]<\/p>\n<\/div>","protected":false},"excerpt":{"rendered":"<p>[vc_row row_type=&#8220;row&#8220; use_row_as_full_screen_section=&#8220;no&#8220; type=&#8220;full_width&#8220; text_align=&#8220;left&#8220; background_animation=&#8220;none&#8220; css_animation=&#8220;&#8220;][vc_column width=&#8220;2\/3&#8243;][vc_column_text]Frauenlauf 2017[\/vc_column_text][\/vc_column][vc_column width=&#8220;1\/3&#8243;][\/vc_column][\/vc_row][vc_row row_type=&#8220;row&#8220; use_row_as_full_screen_section=&#8220;no&#8220; type=&#8220;full_width&#8220; text_align=&#8220;left&#8220; background_animation=&#8220;none&#8220; css_animation=&#8220;&#8220;][vc_column][vc_empty_space][\/vc_column][\/vc_row][vc_row row_type=&#8220;row&#8220; use_row_as_full_screen_section=&#8220;no&#8220; type=&#8220;full_width&#8220; text_align=&#8220;left&#8220; background_animation=&#8220;none&#8220; css_animation=&#8220;&#8220;][vc_column][vc_column_text]Etwas nerv\u00f6s, aber voller Vorfreude standen auch dieses Jahr (Sonntag 11.6.17) wiederum 60 Teilnehmerinnen der Kantonsschule Wettingen (freiwillig!) am Frauenlauf in Bern am Start&#8230;.<\/p>\n","protected":false},"author":10,"featured_media":0,"parent":0,"menu_order":0,"comment_status":"closed","ping_status":"closed","template":"","meta":{"footnotes":""},"class_list":["post-4535","page","type-page","status-publish","hentry"],"_links":{"self":[{"href":"https:\/\/fs.kswe.ch\/spo\/wp-json\/wp\/v2\/pages\/4535","targetHints":{"allow":["GET"]}}],"collection":[{"href":"https:\/\/fs.kswe.ch\/spo\/wp-json\/wp\/v2\/pages"}],"about":[{"href":"https:\/\/fs.kswe.ch\/spo\/wp-json\/wp\/v2\/types\/page"}],"author":[{"embeddable":true,"href":"https:\/\/fs.kswe.ch\/spo\/wp-json\/wp\/v2\/users\/10"}],"replies":[{"embeddable":true,"href":"https:\/\/fs.kswe.ch\/spo\/wp-json\/wp\/v2\/comments?post=4535"}],"version-history":[{"count":6,"href":"https:\/\/fs.kswe.ch\/spo\/wp-json\/wp\/v2\/pages\/4535\/revisions"}],"predecessor-version":[{"id":4980,"href":"https:\/\/fs.kswe.ch\/spo\/wp-json\/wp\/v2\/pages\/4535\/revisions\/4980"}],"wp:attachment":[{"href":"https:\/\/fs.kswe.ch\/spo\/wp-json\/wp\/v2\/media?parent=4535"}],"curies":[{"name":"wp","href":"https:\/\/api.w.org\/{rel}","templated":true}]}}