{"id":4521,"date":"2019-02-16T22:31:03","date_gmt":"2019-02-16T21:31:03","guid":{"rendered":"https:\/\/fs.kswe.ch\/spo\/?page_id=4521"},"modified":"2019-02-17T17:54:06","modified_gmt":"2019-02-17T16:54:06","slug":"frauenlauf18","status":"publish","type":"page","link":"https:\/\/fs.kswe.ch\/spo\/frauenlauf18\/","title":{"rendered":"Frauenlauf18"},"content":{"rendered":"<div class=\"wpb-content-wrapper\"><p>[vc_row row_type=&#8220;row&#8220; use_row_as_full_screen_section=&#8220;no&#8220; type=&#8220;full_width&#8220; text_align=&#8220;left&#8220; background_animation=&#8220;none&#8220; css_animation=&#8220;&#8220;][vc_column width=&#8220;2\/3&#8243;][vc_column_text]<em><strong>Frauenlauf 2018<br \/>\n<\/strong><\/em>[\/vc_column_text][\/vc_column][vc_column width=&#8220;1\/3&#8243;][\/vc_column][\/vc_row][vc_row row_type=&#8220;row&#8220; use_row_as_full_screen_section=&#8220;no&#8220; type=&#8220;full_width&#8220; text_align=&#8220;left&#8220; background_animation=&#8220;none&#8220; css_animation=&#8220;&#8220;][vc_column][vc_empty_space][\/vc_column][\/vc_row][vc_row row_type=&#8220;row&#8220; use_row_as_full_screen_section=&#8220;no&#8220; type=&#8220;full_width&#8220; text_align=&#8220;left&#8220; background_animation=&#8220;none&#8220; css_animation=&#8220;&#8220;][vc_column][vc_column_text]<strong>1. Rang KSWE!<\/strong> &#8211; Erfolgreiche Titelverteidigung in der Teamwertung!<\/p>\n<p>&nbsp;<\/p>\n<p>Bei sommerlichen Temperaturen absolvierten am Sonntag, 10. Juni 2018, insgesamt 51 Sch\u00fclerinnen der Kanti Wettingen die 5 bzw. 10km lange Laufstrecke in Bern &#8211; und dies mit bestechenden Leistungen in beiden Disziplinen.<\/p>\n<p>&nbsp;<\/p>\n<p>Beim Frauenlauf steht jedoch nebst der Laufzeit auch die gesamte Atmosph\u00e4re &#8211; z.B. der musikalische Support der Bands auf der ganzen Strecke &#8211; und das Erlebnis mit den 14&#8217;000 weiteren Teilnehmerinnen im Zentrum. Und trotzdem, die Sekunden, Minuten und R\u00e4nge z\u00e4hlen letztlich doch ganz viel. Aus diesem Engagement und Durchhaltewillen der KSWE-L\u00e4uferinnen resultierte bei der Teamwertung im 5km-Lauf ein unglaublicher 1. Platz unter 57 Teams! Zudem, g\u00e4be es auch beim 10km-Lauf ein Vergleich unter den Teams, w\u00e4re die KSWE wohl auch dort ganz an der Spitze zu finden. Da bleibt uns nur eins: Ganz grosses Bravo an alle Girls und Frauen der Kanti Wettingen! Ein spezieller Applaus geb\u00fchrt Jasmin Frei, G2A, welche mit einer beeindruckenden Zeit von 20:24min in ihrer Kategorie (U18) gar den 2. Platz belegen konnte und damit auch f\u00fcr die Teamwertung schon mal einen perfekten Grundstein legte.<\/p>\n<p>&nbsp;<\/p>\n<p>Das Ziel f\u00fcrs n\u00e4chste Jahr ist klar: Alle guten Dinge sind drei&#8230; Und vielleicht gelingt es, mit noch mehr Sch\u00fclerinnen das Team Kanti Wettingen zu bilden&#8230; Die Zeichen stehen schon mal gut.<\/p>\n<p>&nbsp;<\/p>\n<p>Text &amp; Fotos: Manuela Jehle[\/vc_column_text][\/vc_column][\/vc_row][vc_row row_type=&#8220;row&#8220; use_row_as_full_screen_section=&#8220;no&#8220; type=&#8220;full_width&#8220; text_align=&#8220;left&#8220; background_animation=&#8220;none&#8220; css_animation=&#8220;&#8220;][vc_column][vc_empty_space][\/vc_column][\/vc_row][vc_row row_type=&#8220;row&#8220; use_row_as_full_screen_section=&#8220;no&#8220; type=&#8220;full_width&#8220; text_align=&#8220;left&#8220; background_animation=&#8220;none&#8220; css_animation=&#8220;&#8220;][vc_column width=&#8220;5\/6&#8243;][vc_column_text]<\/p>\n<ul>\n<li style=\"text-align: left\"><a href=\"https:\/\/fs.kswe.ch\/spo\/frauenlauf\/\"><span style=\"color: #800000\">zur\u00fcck<\/span><\/a><\/li>\n<\/ul>\n<p>[\/vc_column_text][\/vc_column][vc_column width=&#8220;1\/6&#8243;][\/vc_column][\/vc_row][vc_row row_type=&#8220;row&#8220; use_row_as_full_screen_section=&#8220;no&#8220; type=&#8220;full_width&#8220; text_align=&#8220;left&#8220; background_animation=&#8220;none&#8220; css_animation=&#8220;&#8220;][vc_column][vc_empty_space height=&#8220;12px&#8220;][vc_separator type=&#8220;normal&#8220; border_style=&#8220;&#8220;][vc_empty_space][\/vc_column][\/vc_row][vc_row row_type=&#8220;row&#8220; use_row_as_full_screen_section=&#8220;no&#8220; type=&#8220;full_width&#8220; text_align=&#8220;left&#8220; background_animation=&#8220;none&#8220; css_animation=&#8220;&#8220;][vc_column][vc_column_text]Bildergalerie[\/vc_column_text][\/vc_column][\/vc_row][vc_row row_type=&#8220;row&#8220; use_row_as_full_screen_section=&#8220;no&#8220; type=&#8220;full_width&#8220; text_align=&#8220;left&#8220; background_animation=&#8220;none&#8220; css_animation=&#8220;&#8220;][vc_column][vc_empty_space][\/vc_column][\/vc_row][vc_row row_type=&#8220;row&#8220; use_row_as_full_screen_section=&#8220;no&#8220; type=&#8220;full_width&#8220; text_align=&#8220;left&#8220; background_animation=&#8220;none&#8220; css_animation=&#8220;&#8220;][vc_column][vc_gallery type=&#8220;image_grid&#8220; images=&#8220;4526,4527,4529,4528&#8243; img_size=&#8220;full&#8220; onclick=&#8220;&#8220; column_number=&#8220;0&#8243; grayscale=&#8220;no&#8220; space_between_images=&#8220;no&#8220;][\/vc_column][\/vc_row]<\/p>\n<\/div>","protected":false},"excerpt":{"rendered":"<p>[vc_row row_type=&#8220;row&#8220; use_row_as_full_screen_section=&#8220;no&#8220; type=&#8220;full_width&#8220; text_align=&#8220;left&#8220; background_animation=&#8220;none&#8220; css_animation=&#8220;&#8220;][vc_column width=&#8220;2\/3&#8243;][vc_column_text]Frauenlauf 2018 [\/vc_column_text][\/vc_column][vc_column width=&#8220;1\/3&#8243;][\/vc_column][\/vc_row][vc_row row_type=&#8220;row&#8220; use_row_as_full_screen_section=&#8220;no&#8220; type=&#8220;full_width&#8220; text_align=&#8220;left&#8220; background_animation=&#8220;none&#8220; css_animation=&#8220;&#8220;][vc_column][vc_empty_space][\/vc_column][\/vc_row][vc_row row_type=&#8220;row&#8220; use_row_as_full_screen_section=&#8220;no&#8220; type=&#8220;full_width&#8220; text_align=&#8220;left&#8220; background_animation=&#8220;none&#8220; css_animation=&#8220;&#8220;][vc_column][vc_column_text]1. Rang KSWE! &#8211; Erfolgreiche Titelverteidigung in der Teamwertung! &nbsp; Bei sommerlichen Temperaturen absolvierten am Sonntag, 10. Juni 2018, insgesamt 51 Sch\u00fclerinnen der&#8230;<\/p>\n","protected":false},"author":10,"featured_media":0,"parent":0,"menu_order":0,"comment_status":"closed","ping_status":"closed","template":"","meta":{"footnotes":""},"class_list":["post-4521","page","type-page","status-publish","hentry"],"_links":{"self":[{"href":"https:\/\/fs.kswe.ch\/spo\/wp-json\/wp\/v2\/pages\/4521","targetHints":{"allow":["GET"]}}],"collection":[{"href":"https:\/\/fs.kswe.ch\/spo\/wp-json\/wp\/v2\/pages"}],"about":[{"href":"https:\/\/fs.kswe.ch\/spo\/wp-json\/wp\/v2\/types\/page"}],"author":[{"embeddable":true,"href":"https:\/\/fs.kswe.ch\/spo\/wp-json\/wp\/v2\/users\/10"}],"replies":[{"embeddable":true,"href":"https:\/\/fs.kswe.ch\/spo\/wp-json\/wp\/v2\/comments?post=4521"}],"version-history":[{"count":5,"href":"https:\/\/fs.kswe.ch\/spo\/wp-json\/wp\/v2\/pages\/4521\/revisions"}],"predecessor-version":[{"id":4981,"href":"https:\/\/fs.kswe.ch\/spo\/wp-json\/wp\/v2\/pages\/4521\/revisions\/4981"}],"wp:attachment":[{"href":"https:\/\/fs.kswe.ch\/spo\/wp-json\/wp\/v2\/media?parent=4521"}],"curies":[{"name":"wp","href":"https:\/\/api.w.org\/{rel}","templated":true}]}}