{"id":4413,"date":"2019-02-16T21:42:11","date_gmt":"2019-02-16T20:42:11","guid":{"rendered":"https:\/\/fs.kswe.ch\/spo\/?page_id=4413"},"modified":"2019-06-16T01:42:04","modified_gmt":"2019-06-15T23:42:04","slug":"volleynight18","status":"publish","type":"page","link":"https:\/\/fs.kswe.ch\/spo\/volleynight18\/","title":{"rendered":"Volleynight18"},"content":{"rendered":"<div class=\"wpb-content-wrapper\"><p>[vc_row row_type=&#8220;row&#8220; use_row_as_full_screen_section=&#8220;no&#8220; type=&#8220;full_width&#8220; text_align=&#8220;left&#8220; background_animation=&#8220;none&#8220; css_animation=&#8220;&#8220;][vc_column][vc_empty_space height=&#8220;24px&#8220;][vc_column_text]<em><strong>Volleynight 2018<br \/>\n<\/strong><\/em>[\/vc_column_text][\/vc_column][\/vc_row][vc_row row_type=&#8220;row&#8220; use_row_as_full_screen_section=&#8220;no&#8220; type=&#8220;full_width&#8220; text_align=&#8220;left&#8220; background_animation=&#8220;none&#8220; css_animation=&#8220;&#8220;][vc_column][vc_empty_space][\/vc_column][\/vc_row][vc_row row_type=&#8220;row&#8220; use_row_as_full_screen_section=&#8220;no&#8220; type=&#8220;full_width&#8220; text_align=&#8220;left&#8220; background_animation=&#8220;none&#8220; css_animation=&#8220;&#8220;][vc_column][vc_column_text]Am Freitag vor den Weihnachtsferien fand wie jedes Jahr die Volleynight statt. F\u00fcr viele Sch\u00fcler und Sch\u00fclerinnen ein sportlicher H\u00f6hepunkt vor den Festtagen. Auch dieses Jahr meldeten sich wieder 42 motivierte Teams f\u00fcr das Turnier an, ca. 400 Sch\u00fcler und Sch\u00fclerinnen, welche bis Mitternacht um Punkte rangen. Nach 147 Spielen standen die Sieger fest. In der Kategorie Frauen konnte das Team \u201eHmmm\u201c bestehend aus Sch\u00fclerinnen der Klassen G4G\/H\/I\/D das Turnier f\u00fcr sich entscheiden, in der Kategorie Mixed ging das Team \u201eSmash\u201c mit Sch\u00fcler und Sch\u00fclerinnen der Klassen G4I\/G\/H\/G2E\/G1B als Sieger hervor!<\/p>\n<p>&nbsp;<\/p>\n<p>Einmal mehr war die Volleynight 2018 ein gelungener Anlass, der das Jahr an der Kantonsschule Wettingen mit bester Stimmung abrundete. Die Fachschaft Sport bedankt sich bei allen Teilnehmern ganz herzlich f\u00fcr die gute Stimmung und die tolle Motivation bis in die fr\u00fchen Morgenstunden &#8211; wir freuen uns bereits jetzt auf den n\u00e4chstj\u00e4hrigen Event!<\/p>\n<p>&nbsp;<\/p>\n<p>Wir gratulieren allen Siegerteams ganz herzlich zum Erfolg!<\/p>\n<p>&nbsp;<\/p>\n<p>Text: Rico Hirschb\u00fchl<\/p>\n<p>Photos: Martin Rizek[\/vc_column_text][\/vc_column][\/vc_row][vc_row row_type=&#8220;row&#8220; use_row_as_full_screen_section=&#8220;no&#8220; type=&#8220;full_width&#8220; text_align=&#8220;left&#8220; background_animation=&#8220;none&#8220; css_animation=&#8220;&#8220;][vc_column][vc_empty_space][vc_separator type=&#8220;normal&#8220; border_style=&#8220;&#8220;][\/vc_column][\/vc_row][vc_row row_type=&#8220;row&#8220; use_row_as_full_screen_section=&#8220;no&#8220; type=&#8220;full_width&#8220; text_align=&#8220;left&#8220; background_animation=&#8220;none&#8220; css_animation=&#8220;&#8220;][vc_column width=&#8220;5\/6&#8243;][vc_column_text]<\/p>\n<ul>\n<li><a href=\"https:\/\/fs.kswe.ch\/spo\/wp-content\/uploads\/sites\/9\/2019\/02\/Volleynight2018_Rangliste.pdf\"><span style=\"color: #800000\">Rangliste<\/span><\/a><\/li>\n<\/ul>\n<p>[\/vc_column_text][\/vc_column][vc_column width=&#8220;1\/6&#8243;][vc_column_text]<\/p>\n<ul>\n<li style=\"text-align: right\"><a href=\"https:\/\/fs.kswe.ch\/spo\/volleynight\/\"><span style=\"color: #800000\">zur\u00fcck<\/span><\/a><\/li>\n<\/ul>\n<p>[\/vc_column_text][\/vc_column][\/vc_row][vc_row row_type=&#8220;row&#8220; use_row_as_full_screen_section=&#8220;no&#8220; type=&#8220;full_width&#8220; text_align=&#8220;left&#8220; background_animation=&#8220;none&#8220; css_animation=&#8220;&#8220;][vc_column][vc_empty_space height=&#8220;12px&#8220;][vc_separator type=&#8220;normal&#8220; border_style=&#8220;&#8220;][vc_empty_space][\/vc_column][\/vc_row][vc_row row_type=&#8220;row&#8220; use_row_as_full_screen_section=&#8220;no&#8220; type=&#8220;full_width&#8220; text_align=&#8220;left&#8220; background_animation=&#8220;none&#8220; css_animation=&#8220;&#8220;][vc_column][vc_column_text]Bildergalerie[\/vc_column_text][\/vc_column][\/vc_row][vc_row row_type=&#8220;row&#8220; use_row_as_full_screen_section=&#8220;no&#8220; type=&#8220;full_width&#8220; text_align=&#8220;left&#8220; background_animation=&#8220;none&#8220; css_animation=&#8220;&#8220;][vc_column][vc_empty_space][\/vc_column][\/vc_row][vc_row row_type=&#8220;row&#8220; use_row_as_full_screen_section=&#8220;no&#8220; type=&#8220;full_width&#8220; text_align=&#8220;left&#8220; background_animation=&#8220;none&#8220; css_animation=&#8220;&#8220;][vc_column][vc_gallery type=&#8220;image_grid&#8220; images=&#8220;5286,5284,5283,5282,5287,5285,5279,5281,5280,5233,5234,5235,5236,5237,5238,5239,5240,5241,5242,5243,5244,5245,5247,5248,5249,5250,5251,5252,5253,5254,5255,5256,5257,5258,5259,5260,5261,5262,5263,5264,5265,5266,5267,5268,5269,5270,5271,5272,5273,5274,5275,5276,5277,5278&#8243; img_size=&#8220;full&#8220; onclick=&#8220;&#8220; column_number=&#8220;0&#8243; grayscale=&#8220;no&#8220; space_between_images=&#8220;no&#8220;][\/vc_column][\/vc_row]<\/p>\n<\/div>","protected":false},"excerpt":{"rendered":"<p>[vc_row row_type=&#8220;row&#8220; use_row_as_full_screen_section=&#8220;no&#8220; type=&#8220;full_width&#8220; text_align=&#8220;left&#8220; background_animation=&#8220;none&#8220; css_animation=&#8220;&#8220;][vc_column][vc_empty_space height=&#8220;24px&#8220;][vc_column_text]Volleynight 2018 [\/vc_column_text][\/vc_column][\/vc_row][vc_row row_type=&#8220;row&#8220; use_row_as_full_screen_section=&#8220;no&#8220; type=&#8220;full_width&#8220; text_align=&#8220;left&#8220; background_animation=&#8220;none&#8220; css_animation=&#8220;&#8220;][vc_column][vc_empty_space][\/vc_column][\/vc_row][vc_row row_type=&#8220;row&#8220; use_row_as_full_screen_section=&#8220;no&#8220; type=&#8220;full_width&#8220; text_align=&#8220;left&#8220; background_animation=&#8220;none&#8220; css_animation=&#8220;&#8220;][vc_column][vc_column_text]Am Freitag vor den Weihnachtsferien fand wie jedes Jahr die Volleynight statt. F\u00fcr viele Sch\u00fcler und Sch\u00fclerinnen ein sportlicher H\u00f6hepunkt vor den Festtagen. Auch&#8230;<\/p>\n","protected":false},"author":10,"featured_media":0,"parent":0,"menu_order":0,"comment_status":"closed","ping_status":"closed","template":"","meta":{"footnotes":""},"class_list":["post-4413","page","type-page","status-publish","hentry"],"_links":{"self":[{"href":"https:\/\/fs.kswe.ch\/spo\/wp-json\/wp\/v2\/pages\/4413","targetHints":{"allow":["GET"]}}],"collection":[{"href":"https:\/\/fs.kswe.ch\/spo\/wp-json\/wp\/v2\/pages"}],"about":[{"href":"https:\/\/fs.kswe.ch\/spo\/wp-json\/wp\/v2\/types\/page"}],"author":[{"embeddable":true,"href":"https:\/\/fs.kswe.ch\/spo\/wp-json\/wp\/v2\/users\/10"}],"replies":[{"embeddable":true,"href":"https:\/\/fs.kswe.ch\/spo\/wp-json\/wp\/v2\/comments?post=4413"}],"version-history":[{"count":17,"href":"https:\/\/fs.kswe.ch\/spo\/wp-json\/wp\/v2\/pages\/4413\/revisions"}],"predecessor-version":[{"id":8700,"href":"https:\/\/fs.kswe.ch\/spo\/wp-json\/wp\/v2\/pages\/4413\/revisions\/8700"}],"wp:attachment":[{"href":"https:\/\/fs.kswe.ch\/spo\/wp-json\/wp\/v2\/media?parent=4413"}],"curies":[{"name":"wp","href":"https:\/\/api.w.org\/{rel}","templated":true}]}}