{"id":3465,"date":"2019-02-10T15:02:02","date_gmt":"2019-02-10T14:02:02","guid":{"rendered":"https:\/\/fs.kswe.ch\/spo\/?page_id=3465"},"modified":"2019-02-10T15:08:24","modified_gmt":"2019-02-10T14:08:24","slug":"sporttag08","status":"publish","type":"page","link":"https:\/\/fs.kswe.ch\/spo\/sporttag08\/","title":{"rendered":"Sporttag08"},"content":{"rendered":"<div class=\"wpb-content-wrapper\"><p>[vc_row row_type=&#8220;row&#8220; use_row_as_full_screen_section=&#8220;no&#8220; type=&#8220;full_width&#8220; text_align=&#8220;left&#8220; background_animation=&#8220;none&#8220; css_animation=&#8220;&#8220;][vc_column width=&#8220;2\/3&#8243;][vc_column_text]<em><strong>Sporttag 2008<\/strong><\/em>[\/vc_column_text][\/vc_column][vc_column width=&#8220;1\/3&#8243;][\/vc_column][\/vc_row][vc_row row_type=&#8220;row&#8220; use_row_as_full_screen_section=&#8220;no&#8220; type=&#8220;full_width&#8220; text_align=&#8220;left&#8220; background_animation=&#8220;none&#8220; css_animation=&#8220;&#8220;][vc_column][vc_empty_space][\/vc_column][\/vc_row][vc_row row_type=&#8220;row&#8220; use_row_as_full_screen_section=&#8220;no&#8220; type=&#8220;full_width&#8220; text_align=&#8220;left&#8220; background_animation=&#8220;none&#8220; css_animation=&#8220;&#8220;][vc_column][vc_column_text]Am 27. Juni fand bei strahlend sch\u00f6nem Wetter der allj\u00e4hrliche Sporttag der Kantonsschule Wettingen statt. Passend zur Europameisterschaft drehte sich in diesem Jahr alles ums Thema Fussball. So konnten sich die 700 Sch\u00fclerinnen und Sch\u00fcler im ersten Teil bei verschiedenen Posten, wie Kegeln, Dribbling oder Jonglieren, messen. Beim zweiten Teil wurde dann die Teamf\u00e4higkeit der Mannschaften auf die Probe gestellt. In mehreren Fussballturnieren konnten die Teams gegeneinander antreten. Es wurde mit vollem Einsatz um die Tore gek\u00e4mpft und die Gruppen lieferten sich spannende Kopf-an-Kopf-Rennen. Die Turniere fanden auf dem Sportplatz, den Wiesen und auch auf dem Beach-Volleyballfeld, welches kurzer Hand zum Fussballfeld umfunktioniert wurde, statt.<\/p>\n<p>&nbsp;<\/p>\n<p>\u00dcber den Mittag durften sich die Sportler und Sportlerinnen sowie auch die Helfer \u00fcber eine feine Verpflegung freuen, welche von der Mensa wie immer p\u00fcnktlich offeriert wurde. Auch der k\u00fchle Tee war bei 23 Grad eine beliebte Erfrischung. Die Stimmung war w\u00e4hrend des ganzen Tages sehr heiter und ausgelassen, die Sch\u00fcler und Sch\u00fclerinnen waren mit vollem Einsatz dabei und auch die Lehrpersonen und Helfer bem\u00fchten sich, den Sporttag als unvergesslichen Anlass zu gestalten. So ging der Sportevent reibungslos \u00fcber die B\u00fchne.<\/p>\n<p>&nbsp;<\/p>\n<p>Am Ende fand auf der grossen Wiese die Siegerehrung statt und die bestplatzierten Teams wurden f\u00fcr ihre hervorragenden Leistungen mit tollen Preisen belohnt. Der Sporttag war auch in diesem Jahr wieder einmal ein voller Erfolg und wird sicherlich der gesamten Sch\u00fclerschaft positiv in Erinnerung bleiben.<\/p>\n<p>&nbsp;<\/p>\n<p>Samira Kerdiou[\/vc_column_text][\/vc_column][\/vc_row][vc_row row_type=&#8220;row&#8220; use_row_as_full_screen_section=&#8220;no&#8220; type=&#8220;full_width&#8220; text_align=&#8220;left&#8220; background_animation=&#8220;none&#8220; css_animation=&#8220;&#8220;][vc_column][vc_empty_space][vc_separator type=&#8220;normal&#8220; border_style=&#8220;&#8220;][\/vc_column][\/vc_row][vc_row row_type=&#8220;row&#8220; use_row_as_full_screen_section=&#8220;no&#8220; type=&#8220;full_width&#8220; text_align=&#8220;left&#8220; background_animation=&#8220;none&#8220; css_animation=&#8220;&#8220;][vc_column width=&#8220;5\/6&#8243;][vc_column_text]<\/p>\n<ul>\n<li><a href=\"https:\/\/fs.kswe.ch\/spo\/wp-content\/uploads\/sites\/9\/2019\/02\/Ranglisten2008.pdf\"><span style=\"color: #800000\">Ranglisten<\/span><\/a><\/li>\n<\/ul>\n<p>[\/vc_column_text][\/vc_column][vc_column width=&#8220;1\/6&#8243;][vc_column_text]<\/p>\n<ul>\n<li style=\"text-align: right\"><a href=\"https:\/\/fs.kswe.ch\/spo\/sporttag\/\"><span style=\"color: #800000\">zur\u00fcck<\/span><\/a><\/li>\n<\/ul>\n<p>[\/vc_column_text][\/vc_column][\/vc_row][vc_row row_type=&#8220;row&#8220; use_row_as_full_screen_section=&#8220;no&#8220; type=&#8220;full_width&#8220; text_align=&#8220;left&#8220; background_animation=&#8220;none&#8220; css_animation=&#8220;&#8220;][vc_column][vc_empty_space height=&#8220;12px&#8220;][vc_separator type=&#8220;normal&#8220; border_style=&#8220;&#8220;][vc_empty_space][\/vc_column][\/vc_row][vc_row row_type=&#8220;row&#8220; use_row_as_full_screen_section=&#8220;no&#8220; type=&#8220;full_width&#8220; text_align=&#8220;left&#8220; background_animation=&#8220;none&#8220; css_animation=&#8220;&#8220;][vc_column][vc_column_text]Bildergalerie[\/vc_column_text][\/vc_column][\/vc_row][vc_row row_type=&#8220;row&#8220; use_row_as_full_screen_section=&#8220;no&#8220; type=&#8220;full_width&#8220; text_align=&#8220;left&#8220; background_animation=&#8220;none&#8220; css_animation=&#8220;&#8220;][vc_column][vc_empty_space][\/vc_column][\/vc_row][vc_row row_type=&#8220;row&#8220; use_row_as_full_screen_section=&#8220;no&#8220; type=&#8220;full_width&#8220; text_align=&#8220;left&#8220; background_animation=&#8220;none&#8220; css_animation=&#8220;&#8220;][vc_column][vc_gallery type=&#8220;image_grid&#8220; images=&#8220;3360,3361,3362,3363,3364,3365,3366,3367,3368,3369,3370,3371,3372,3373,3374,3375,3376,3377,3378,3379,3380,3381,3382,3383,3384,3385,3386,3387,3388,3389,3390,3391,3392,3393,3394,3395,3396,3397,3398,3399,3400,3401,3402,3403,3404,3405,3406,3407,3408,3409,3410,3411,3412,3413,3414,3415,3416,3417,3418,3419,3420,3421,3422,3423,3424,3425,3426,3427,3428,3429,3430,3431,3433,3434,3435,3436,3437,3438,3439,3440,3441,3442&#8243; img_size=&#8220;full&#8220; onclick=&#8220;&#8220; column_number=&#8220;0&#8243; grayscale=&#8220;no&#8220; space_between_images=&#8220;no&#8220;][\/vc_column][\/vc_row]<\/p>\n<\/div>","protected":false},"excerpt":{"rendered":"<p>[vc_row row_type=&#8220;row&#8220; use_row_as_full_screen_section=&#8220;no&#8220; type=&#8220;full_width&#8220; text_align=&#8220;left&#8220; background_animation=&#8220;none&#8220; css_animation=&#8220;&#8220;][vc_column width=&#8220;2\/3&#8243;][vc_column_text]Sporttag 2008[\/vc_column_text][\/vc_column][vc_column width=&#8220;1\/3&#8243;][\/vc_column][\/vc_row][vc_row row_type=&#8220;row&#8220; use_row_as_full_screen_section=&#8220;no&#8220; type=&#8220;full_width&#8220; text_align=&#8220;left&#8220; background_animation=&#8220;none&#8220; css_animation=&#8220;&#8220;][vc_column][vc_empty_space][\/vc_column][\/vc_row][vc_row row_type=&#8220;row&#8220; use_row_as_full_screen_section=&#8220;no&#8220; type=&#8220;full_width&#8220; text_align=&#8220;left&#8220; background_animation=&#8220;none&#8220; css_animation=&#8220;&#8220;][vc_column][vc_column_text]Am 27. Juni fand bei strahlend sch\u00f6nem Wetter der allj\u00e4hrliche Sporttag der Kantonsschule Wettingen statt. Passend zur Europameisterschaft drehte sich in diesem Jahr alles&#8230;<\/p>\n","protected":false},"author":10,"featured_media":0,"parent":0,"menu_order":0,"comment_status":"closed","ping_status":"closed","template":"","meta":{"footnotes":""},"class_list":["post-3465","page","type-page","status-publish","hentry"],"_links":{"self":[{"href":"https:\/\/fs.kswe.ch\/spo\/wp-json\/wp\/v2\/pages\/3465","targetHints":{"allow":["GET"]}}],"collection":[{"href":"https:\/\/fs.kswe.ch\/spo\/wp-json\/wp\/v2\/pages"}],"about":[{"href":"https:\/\/fs.kswe.ch\/spo\/wp-json\/wp\/v2\/types\/page"}],"author":[{"embeddable":true,"href":"https:\/\/fs.kswe.ch\/spo\/wp-json\/wp\/v2\/users\/10"}],"replies":[{"embeddable":true,"href":"https:\/\/fs.kswe.ch\/spo\/wp-json\/wp\/v2\/comments?post=3465"}],"version-history":[{"count":3,"href":"https:\/\/fs.kswe.ch\/spo\/wp-json\/wp\/v2\/pages\/3465\/revisions"}],"predecessor-version":[{"id":3471,"href":"https:\/\/fs.kswe.ch\/spo\/wp-json\/wp\/v2\/pages\/3465\/revisions\/3471"}],"wp:attachment":[{"href":"https:\/\/fs.kswe.ch\/spo\/wp-json\/wp\/v2\/media?parent=3465"}],"curies":[{"name":"wp","href":"https:\/\/api.w.org\/{rel}","templated":true}]}}